{"id":1429,"date":"2020-08-30T12:09:29","date_gmt":"2020-08-30T12:09:29","guid":{"rendered":"http:\/\/healthtourismcenterturkey.com\/?page_id=1429"},"modified":"2020-11-27T15:45:29","modified_gmt":"2020-11-27T15:45:29","slug":"bebeklerde-goz-muayenesi","status":"publish","type":"page","link":"https:\/\/healthtourismcenterturkey.com\/en\/goz-ameliyatlari\/goz-tetkikleri\/bebeklerde-goz-muayenesi\/","title":{"rendered":"EYE EXAMINATION IN INFANTS"},"content":{"rendered":"<div class=\"row pt-80\">\n<div class=\"col-12 col-lg-6\">\n<h2 class=\"font__family-montserrat font__size-28 line__height-32 text-uppercase mb-35\"><\/h2>\n<p class=\"brk-dark-font-color font__size-16 font__weight-normal line__height-26 mb-10\"><span style=\"font-size: 14pt;\">Eye examination in newborn babies is one of the basic examinations for the solution of\ncongenital eye problems, which is necessary for early diagnosis and treatment.<\/span><\/p>\n<h2 class=\"brk-dark-font-color font__size-16 font__weight-normal line__height-26\"><span class=\"font__weight-light\">WHEN SHOULD EYE EXAMINATION BE PERFORMED IN NEWBORN BABIES?<\/span><\/h2>\n<p class=\"brk-dark-font-color font__size-16 font__weight-normal line__height-26 mb-10\"><span style=\"font-size: 14pt;\">It is recommended that eye examination in newborn babies be done within a few months\nfrom birth. Performing an eye examination in the first 6 months is important in terms of\nearly diagnosis and treatment of any eye disorders.<\/span><\/p>\n<h2 class=\"brk-dark-font-color font__size-16 font__weight-normal line__height-26\"><span class=\"font__weight-light\">EYE DISEASES THAT MAY OCCUR FROM BIRTH AND AFTER BIRTH<\/span><\/h2>\n<p class=\"brk-dark-font-color font__size-16 font__weight-normal line__height-26\"><span style=\"font-size: 14pt;\">Congenital cataracts<\/span><\/p>\n<p class=\"brk-dark-font-color font__size-16 font__weight-normal line__height-26\"><span style=\"font-size: 14pt;\">Strabismus<\/span><\/p>\n<p class=\"brk-dark-font-color font__size-16 font__weight-normal line__height-26\"><span style=\"font-size: 14pt;\">Eyelid deformities<\/span><\/p>\n<p class=\"brk-dark-font-color font__size-16 font__weight-normal line__height-26\"><span style=\"font-size: 14pt;\">Blocked tear duct<\/span><\/p>\n<p class=\"brk-dark-font-color font__size-16 font__weight-normal line__height-26\"><span style=\"font-size: 14pt;\">Ocular hypertension<\/span><\/p>\n<p class=\"brk-dark-font-color font__size-16 font__weight-normal line__height-26 mb-20\"><span style=\"font-size: 14pt;\">Amblyopia<\/span><\/p>\n<p class=\"brk-dark-font-color font__size-16 font__weight-normal line__height-26 mb-10\"><span style=\"font-size: 14pt;\">In case of these diseases, the treatments should be carried out periodically. In addition, if\nthe baby was born prematurely, it is important to provide eye exam within the first two\nmonths in terms of keeping probable retinopathy of prematurity (ROP) under control.<\/span><\/p>\n<\/div>\n<div class=\"col-12 col-lg-6\"><img loading=\"lazy\" decoding=\"async\" class=\"alignnone size-full wp-image-1607\" src=\"http:\/\/healthtourismcenterturkey.com\/wp-content\/uploads\/2020\/09\/585x678_2-9-1.jpg\" alt=\"\" width=\"585\" height=\"678\" srcset=\"https:\/\/healthtourismcenterturkey.com\/wp-content\/uploads\/2020\/09\/585x678_2-9-1.jpg 585w, https:\/\/healthtourismcenterturkey.com\/wp-content\/uploads\/2020\/09\/585x678_2-9-1-259x300.jpg 259w\" sizes=\"(max-width: 585px) 100vw, 585px\" \/><\/div>\n<\/div>\n<div class=\"overflow-hid position-static position-lg-relative pb-100\">\n<p class=\"brk-dark-font-color font__size-16 font__weight-normal line__height-26 mb-10\"><span style=\"font-size: 14pt;\">Blocked tear duct is one of the most common ailments, especially in infants. It can cause\nburring and watering in the eye. Generally, it can be relieved by itself in the first year, but\neye drops and warm compress may be applied if necessary and with recommendations\nof the ophthalmologist. However, in some cases, a small operation may be required. The\nneed may derive from the increase in intraocular blood pressure, which can also cause\nwatering in the eye. Ocular hypertension is an urgent situation and an ophthalmologist\ncheck is required as soon as possible.<\/span><\/p>\n<h2 class=\"brk-dark-font-color font__size-16 font__weight-normal line__height-26\"><span class=\"font__weight-light\" style=\"font-size: 18pt;\">IN CASE YOU SEE ONE OF THE FOLLOWING EYE SITUATIONS IN YOUR BABY OR\nYOUR CHILD<\/span><\/h2>\n<p class=\"brk-dark-font-color font__size-16 font__weight-normal line__height-26\"><span style=\"font-size: 14pt;\">Inability to track objects with eyes in babies aged 4-5 months and over.<\/span><\/p>\n<p class=\"brk-dark-font-color font__size-16 font__weight-normal line__height-26\"><span style=\"font-size: 14pt;\">Family history of amblyopia or eye disorder<\/span><\/p>\n<p class=\"brk-dark-font-color font__size-16 font__weight-normal line__height-26\"><span style=\"font-size: 14pt;\">Observing trembling in the eye,<\/span><\/p>\n<p class=\"brk-dark-font-color font__size-16 font__weight-normal line__height-26\"><span style=\"font-size: 14pt;\">A lighter than normal, hazy gray or white colored appearance of the pupil<\/span><\/p>\n<p class=\"brk-dark-font-color font__size-16 font__weight-normal line__height-26\"><span style=\"font-size: 14pt;\">Observing that the babies frequently rubbing their eyes,<\/span><\/p>\n<p class=\"brk-dark-font-color font__size-16 font__weight-normal line__height-26 mb-20\"><span style=\"font-size: 14pt;\">Burred or watery eyes<\/span><\/p>\n<p class=\"brk-dark-font-color font__size-16 font__weight-normal line__height-26 mb-10\"><span style=\"font-size: 14pt;\">In premature births, ophthalmology examination plays an important role in early diagnosis\nin terms of the health of our babies and children.<\/span><\/p>\n<\/div>","protected":false},"excerpt":{"rendered":"<p>Yenido\u011fan bebeklerde g\u00f6z muayenesi, erken te\u015fhis ve tedavi a\u00e7\u0131s\u0131ndan gerekli olan, bebekte do\u011fu\u015ftan (konjenital) olu\u015fabilecek sorunlar\u0131n \u00e7\u00f6z\u00fcm\u00fc i\u00e7in temel muayenelerden biridir. Yenido\u011fan bebekten topuk kan\u0131n\u0131n al\u0131nmas\u0131, i\u015fitme kontrol\u00fc i\u00e7in i\u015fitme testinin yap\u0131lmas\u0131 gibi g\u00f6z muayenesi de yap\u0131lmas\u0131 gereken temel kontrollerden biridir. YEN\u0130 DO\u011eAN BEBEKLERDE G\u00d6Z MUAYENES\u0130 NE ZAMAN YAPILMALIDIR? Yenido\u011fan bebeklerde g\u00f6z muayenesi do\u011fumdan itibaren [&hellip;]<\/p>","protected":false},"author":2,"featured_media":0,"parent":1299,"menu_order":0,"comment_status":"closed","ping_status":"closed","template":"","meta":{"footnotes":""},"class_list":["post-1429","page","type-page","status-publish","hentry"],"acf":[],"_links":{"self":[{"href":"https:\/\/healthtourismcenterturkey.com\/en\/wp-json\/wp\/v2\/pages\/1429"}],"collection":[{"href":"https:\/\/healthtourismcenterturkey.com\/en\/wp-json\/wp\/v2\/pages"}],"about":[{"href":"https:\/\/healthtourismcenterturkey.com\/en\/wp-json\/wp\/v2\/types\/page"}],"author":[{"embeddable":true,"href":"https:\/\/healthtourismcenterturkey.com\/en\/wp-json\/wp\/v2\/users\/2"}],"replies":[{"embeddable":true,"href":"https:\/\/healthtourismcenterturkey.com\/en\/wp-json\/wp\/v2\/comments?post=1429"}],"version-history":[{"count":5,"href":"https:\/\/healthtourismcenterturkey.com\/en\/wp-json\/wp\/v2\/pages\/1429\/revisions"}],"predecessor-version":[{"id":2067,"href":"https:\/\/healthtourismcenterturkey.com\/en\/wp-json\/wp\/v2\/pages\/1429\/revisions\/2067"}],"up":[{"embeddable":true,"href":"https:\/\/healthtourismcenterturkey.com\/en\/wp-json\/wp\/v2\/pages\/1299"}],"wp:attachment":[{"href":"https:\/\/healthtourismcenterturkey.com\/en\/wp-json\/wp\/v2\/media?parent=1429"}],"curies":[{"name":"wp","href":"https:\/\/api.w.org\/{rel}","templated":true}]}}