{"id":1419,"date":"2020-08-30T12:07:27","date_gmt":"2020-08-30T12:07:27","guid":{"rendered":"http:\/\/healthtourismcenterturkey.com\/?page_id=1419"},"modified":"2020-12-14T17:26:05","modified_gmt":"2020-12-14T17:26:05","slug":"bilgisayarli-gorme-alani","status":"publish","type":"page","link":"https:\/\/healthtourismcenterturkey.com\/en\/goz-ameliyatlari\/goz-tetkikleri\/bilgisayarli-gorme-alani\/","title":{"rendered":"What is Computer Vision Field (BGA)"},"content":{"rendered":"<div class=\"e-icerik\" data-deger=\"14\">\n<h2>What is Computer Vision Field (BGA) Test?<\/h2>\n<p><span style=\"font-size: 14pt;\">The field of vision means everything you get. With the Computerized Visual Field (BGA) test, full entertainment focused vision (central) and side vision (peripheral) are evaluated. For this test, it is important in the diagnosis of glaucoma, retina and many neurological eye diseases. Glaucoma is an eye disease that usually occurs with the increase in the area of the eye and can cause slow, painless and permanent vision loss. Computerized tools are used to perform the test and to draw up the expert vision plan applying the test. Pupils are not enlarged to perform this test. The test takes about 10-20 minutes per eye. The Computerized Visual Field Test is also called \"Perimetry\".<\/span><\/p>\n<p>&nbsp;<\/p>\n<h1 class=\"section-title section-titleh2\"><img loading=\"lazy\" decoding=\"async\" class=\"alignnone size-full wp-image-2093\" src=\"https:\/\/healthtourismcenterturkey.com\/wp-content\/uploads\/2020\/12\/BGAmakinasi.jpg\" alt=\"\" width=\"250\" height=\"279\" \/><\/h1>\n<\/div>","protected":false},"excerpt":{"rendered":"<p>Bilgisayarl\u0131 G\u00f6rme Alan\u0131(BGA) Testi Nedir?, G\u00f6rme alan\u0131, g\u00f6rd\u00fc\u011f\u00fcn\u00fcz her\u015fey demektir.\u00a0Bilgisayarl\u0131 G\u00f6rme Alan\u0131 (BGA) testi\u00a0ile tam kar\u015f\u0131ya odaklanm\u0131\u015f g\u00f6rme (merkezi) hem de yan g\u00f6rme (periferik) de\u011ferlendirilir. Bu test ba\u015fta\u00a0glokom (g\u00f6z tansiyonu)\u00a0olmak \u00fczere\u00a0retina kaynakl\u0131 ve n\u00f6rolojik pek \u00e7ok g\u00f6z hastal\u0131\u011f\u0131n\u0131n te\u015fhisinde \u00f6nemlidir.\u00a0Glokom, genellikle g\u00f6z i\u00e7inde bas\u0131nc\u0131n artmas\u0131yla olu\u015fan bir g\u00f6z hastal\u0131\u011f\u0131 olup yava\u015f, ac\u0131s\u0131z ve kal\u0131c\u0131\u00a0g\u00f6rme kayb\u0131na [&hellip;]<\/p>","protected":false},"author":2,"featured_media":0,"parent":1299,"menu_order":0,"comment_status":"closed","ping_status":"closed","template":"","meta":{"footnotes":""},"class_list":["post-1419","page","type-page","status-publish","hentry"],"acf":[],"_links":{"self":[{"href":"https:\/\/healthtourismcenterturkey.com\/en\/wp-json\/wp\/v2\/pages\/1419"}],"collection":[{"href":"https:\/\/healthtourismcenterturkey.com\/en\/wp-json\/wp\/v2\/pages"}],"about":[{"href":"https:\/\/healthtourismcenterturkey.com\/en\/wp-json\/wp\/v2\/types\/page"}],"author":[{"embeddable":true,"href":"https:\/\/healthtourismcenterturkey.com\/en\/wp-json\/wp\/v2\/users\/2"}],"replies":[{"embeddable":true,"href":"https:\/\/healthtourismcenterturkey.com\/en\/wp-json\/wp\/v2\/comments?post=1419"}],"version-history":[{"count":4,"href":"https:\/\/healthtourismcenterturkey.com\/en\/wp-json\/wp\/v2\/pages\/1419\/revisions"}],"predecessor-version":[{"id":2095,"href":"https:\/\/healthtourismcenterturkey.com\/en\/wp-json\/wp\/v2\/pages\/1419\/revisions\/2095"}],"up":[{"embeddable":true,"href":"https:\/\/healthtourismcenterturkey.com\/en\/wp-json\/wp\/v2\/pages\/1299"}],"wp:attachment":[{"href":"https:\/\/healthtourismcenterturkey.com\/en\/wp-json\/wp\/v2\/media?parent=1419"}],"curies":[{"name":"wp","href":"https:\/\/api.w.org\/{rel}","templated":true}]}}