{"id":1417,"date":"2020-08-30T12:06:39","date_gmt":"2020-08-30T12:06:39","guid":{"rendered":"http:\/\/healthtourismcenterturkey.com\/?page_id=1417"},"modified":"2020-11-25T20:08:21","modified_gmt":"2020-11-25T20:08:21","slug":"optik-kohorens-tomografi","status":"publish","type":"page","link":"https:\/\/healthtourismcenterturkey.com\/en\/optik-kohorens-tomografi\/","title":{"rendered":"OPTICAL COHORENS TOMOGRAPHY"},"content":{"rendered":"<div class=\"row pt-80\">\n<div class=\"col-12 col-lg-6\">\n<h2 class=\"font__family-montserrat font__size-28 line__height-32 text-uppercase mb-35\"><\/h2>\n<p class=\"brk-dark-font-color font__size-16 font__weight-normal line__height-26 mb-10\"><span style=\"font-size: 14pt;\">Optical Coherence Tomography, otherwise known as OCT, is an advanced crosssectional imaging method used to examine and measure intraocular structures.<\/span><\/p>\n<p class=\"brk-dark-font-color font__size-16 font__weight-normal line__height-26 mb-10\"><span style=\"font-size: 14pt;\">Although the working principle of Optical Coherence Tomography (OCT) is similar to the\nultrasound applications applied to the eye, unlike the sound waves used in ultrasound,\nspectrofotmetric light of 820 nanometer wavelength is used in OCT.<\/span><\/p>\n<p class=\"brk-dark-font-color font__size-16 font__weight-normal line__height-26 mb-10\"><span style=\"font-size: 14pt;\">Because the speed of light is about 1 million times faster than the speed of sound, the\nOCT's lower resolution of 10 nanometers provides more efficient results than the 100\nnanometer resolution of ultrasound.<\/span><\/p>\n<p class=\"brk-dark-font-color font__size-16 font__weight-normal line__height-26 mb-10\"><span style=\"font-size: 14pt;\">Unlike ultrasonography, OCT can be applied to the non-dilated pupil and there is no need\nfor eye drops and contact to the eye.<\/span><\/p>\n<h2 class=\"brk-dark-font-color font__size-16 font__weight-normal line__height-26\"><span class=\"font__weight-light\">MEASUREMENT WITH OPTICAL COHERENS TOMOGRAPHY<\/span><\/h2>\n<p class=\"brk-dark-font-color font__size-16 font__weight-normal line__height-26 mb-10\"><span style=\"font-size: 14pt;\">In Optical Coherence Tomography, the delay times of the reflection of the light emanating\nfrom the light center are measured. In particular, it allows detailed analysis of the optic\nnerve, retina and macula. Optical Coherence Tomography is widely used for the diagnosis\nof age-related macular degeneration due to systemic diseases and the condition of the\ndisease. If you wish, you can take a look at the age-related macular degeneration (AMD)\narticle published in a different title on our website.<\/span><\/p>\n<\/div>\n<div class=\"col-12 col-lg-6\"><img loading=\"lazy\" decoding=\"async\" class=\"alignnone size-full wp-image-1639\" src=\"http:\/\/healthtourismcenterturkey.com\/wp-content\/uploads\/2020\/09\/585x678_2-12-1.jpg\" alt=\"\" width=\"585\" height=\"678\" srcset=\"https:\/\/healthtourismcenterturkey.com\/wp-content\/uploads\/2020\/09\/585x678_2-12-1.jpg 585w, https:\/\/healthtourismcenterturkey.com\/wp-content\/uploads\/2020\/09\/585x678_2-12-1-259x300.jpg 259w\" sizes=\"(max-width: 585px) 100vw, 585px\" \/><\/div>\n<\/div>\n<div class=\"overflow-hid position-static position-lg-relative pb-100\">\n<p class=\"brk-dark-font-color font__size-16 font__weight-normal line__height-26 mb-10\"><span style=\"font-size: 14pt;\">For OCT devices with a longer wavelength light center for the front of the eye. This advanced method can provide higher resolution images and measurements of cornea, iris and intraocular instruments and lenses.<\/span><\/p>\n<\/div>","protected":false},"excerpt":{"rendered":"<p>K\u0131sa ad\u0131 ile OCT ile ifade edilen Optik Koherens Tomografisi, g\u00f6z i\u00e7i yap\u0131lar\u0131 muayene etmek ve \u00f6l\u00e7mek i\u00e7in kullan\u0131lan geli\u015fmi\u015f bir kesit g\u00f6r\u00fcnt\u00fcleme y\u00f6ntemidir. Optik Koherens Tomografisi (OCT) \u00e7al\u0131\u015fma prensibi, g\u00f6zde uygulanan ultrason uygulamalar\u0131na benzer olmakla birlikte, ultrasonda kullan\u0131lan ses dalgalar\u0131n\u0131n aksine OCT\u2019de 820 nanometre dalga boyutunda spektrofotmetrik \u0131\u015f\u0131k kullan\u0131lmaktad\u0131r. I\u015f\u0131k h\u0131z\u0131, ses h\u0131z\u0131ndan yakla\u015f\u0131k [&hellip;]<\/p>","protected":false},"author":2,"featured_media":0,"parent":0,"menu_order":0,"comment_status":"closed","ping_status":"closed","template":"","meta":{"footnotes":""},"class_list":["post-1417","page","type-page","status-publish","hentry"],"acf":[],"_links":{"self":[{"href":"https:\/\/healthtourismcenterturkey.com\/en\/wp-json\/wp\/v2\/pages\/1417"}],"collection":[{"href":"https:\/\/healthtourismcenterturkey.com\/en\/wp-json\/wp\/v2\/pages"}],"about":[{"href":"https:\/\/healthtourismcenterturkey.com\/en\/wp-json\/wp\/v2\/types\/page"}],"author":[{"embeddable":true,"href":"https:\/\/healthtourismcenterturkey.com\/en\/wp-json\/wp\/v2\/users\/2"}],"replies":[{"embeddable":true,"href":"https:\/\/healthtourismcenterturkey.com\/en\/wp-json\/wp\/v2\/comments?post=1417"}],"version-history":[{"count":3,"href":"https:\/\/healthtourismcenterturkey.com\/en\/wp-json\/wp\/v2\/pages\/1417\/revisions"}],"predecessor-version":[{"id":2059,"href":"https:\/\/healthtourismcenterturkey.com\/en\/wp-json\/wp\/v2\/pages\/1417\/revisions\/2059"}],"wp:attachment":[{"href":"https:\/\/healthtourismcenterturkey.com\/en\/wp-json\/wp\/v2\/media?parent=1417"}],"curies":[{"name":"wp","href":"https:\/\/api.w.org\/{rel}","templated":true}]}}