{"id":1409,"date":"2020-08-30T12:04:21","date_gmt":"2020-08-30T12:04:21","guid":{"rendered":"http:\/\/healthtourismcenterturkey.com\/?page_id=1409"},"modified":"2020-11-25T19:47:35","modified_gmt":"2020-11-25T19:47:35","slug":"goz-cevresi-uygulamalari","status":"publish","type":"page","link":"https:\/\/healthtourismcenterturkey.com\/en\/goz-ameliyatlari\/goz-cevresi-estetigi\/goz-cevresi-uygulamalari\/","title":{"rendered":"EYE CONTOUR APPLICATIONS"},"content":{"rendered":"<div class=\"row pt-80\">\n<div class=\"col-12 col-lg-6\">\n<p class=\"brk-dark-font-color font__size-16 font__weight-normal line__height-26 mb-10\"><span style=\"font-size: 14pt;\">Eyes are one of the most important organs in our body. In addition to looking at the world\nclearly, beauty of the eyes and the eye contour is also important. When it comes to eye\nbeauty, it includes not only the inner part of the eye, but also the lids of the eye, the\nsurrounding areas and the outer part of the eye. Existing wrinkles can be reduced greatly\nwith drug applications.<\/span><\/p>\n<h1 class=\"brk-dark-font-color font__size-16 font__weight-normal line__height-26\"><span class=\"font__weight-light\">EYE CONTOUR APPLICATIONS SHOULD BE MADE BY EXPERT DOCTORS<\/span><\/h1>\n<p class=\"brk-dark-font-color font__size-16 font__weight-normal line__height-26 mb-10\"><span style=\"font-size: 14pt;\">The drug used in the treatment is actually a toxin produced by anaerobic (oxygen-free\nbreathing) bacteria and interrupts neuromuscular transmission. If the dosage is not\nadjusted well, it can cause serious health problems. For this reason physicians who know\nthe anatomical, nervous and vascular system structure of the eye best, should perform\ndrug applications. It is possible to remove eye wrinkles with the right dose and by the\nright hands.<\/span><\/p>\n<h1 class=\"brk-dark-font-color font__size-16 font__weight-normal line__height-26\"><span class=\"font__weight-light\">HAVE A BEAUTIFUL LOOK WITH EYE CONTOUR AESTHETICS<\/span><\/h1>\n<p class=\"brk-dark-font-color font__size-16 font__weight-normal line__height-26 mb-10\"><span style=\"font-size: 14pt;\">Drugs are frequently used for wrinkles in the appearance of crow's feet, especially on the\nouter part of the eye. These wrinkles may be caused by excessive use of mimic, intensive\neye muscle activity or a trauma. Thanks to aesthetics, this wrinkle problem in the outer\npart of the eye can be eliminated.<\/span><\/p>\n<\/div>\n<\/div>\n<div class=\"col-12 col-lg-6\"><img loading=\"lazy\" decoding=\"async\" class=\"alignnone size-full wp-image-1597\" src=\"http:\/\/healthtourismcenterturkey.com\/wp-content\/uploads\/2020\/09\/585x678_2-5-1.jpg\" alt=\"\" width=\"585\" height=\"678\" srcset=\"https:\/\/healthtourismcenterturkey.com\/wp-content\/uploads\/2020\/09\/585x678_2-5-1.jpg 585w, https:\/\/healthtourismcenterturkey.com\/wp-content\/uploads\/2020\/09\/585x678_2-5-1-259x300.jpg 259w\" sizes=\"(max-width: 585px) 100vw, 585px\" \/><\/div>\n<div class=\"overflow-hid position-static position-lg-relative pb-100\">\n<p class=\"brk-dark-font-color font__size-16 font__weight-normal line__height-26 mb-10\">\n<\/div>","protected":false},"excerpt":{"rendered":"<p>G\u00f6zlerimiz kulland\u0131\u011f\u0131m\u0131z duyu organlar\u0131ndan g\u00f6rme i\u015flevi sebebi ile en \u00f6nemlilerinden bir tanesi. D\u00fcnyaya net bakabilmenin yan\u0131 s\u0131ra g\u00fczel bir g\u00f6z g\u00fczelli\u011fi de \u00f6nemli hususlardan. G\u00f6z g\u00fczelli\u011fi denildi\u011finde sadece g\u00f6z\u00fcn i\u00e7 k\u0131sm\u0131 de\u011fil, g\u00f6z\u00fcn kapaklar\u0131, \u00e7evre b\u00f6lgeleri, g\u00f6z\u00fcn d\u0131\u015f k\u0131sm\u0131n\u0131 da kapsamaktad\u0131r. \u00d6zellikle g\u00f6z \u00e7evresi ila\u00e7 uygulamalar\u0131 ile varolan \u00e7izgiler ve k\u0131r\u0131\u015f\u0131kl\u0131klardan b\u00fcy\u00fck oranda azalt\u0131lmakta ve [&hellip;]<\/p>","protected":false},"author":2,"featured_media":0,"parent":1294,"menu_order":0,"comment_status":"closed","ping_status":"closed","template":"","meta":{"footnotes":""},"class_list":["post-1409","page","type-page","status-publish","hentry"],"acf":[],"_links":{"self":[{"href":"https:\/\/healthtourismcenterturkey.com\/en\/wp-json\/wp\/v2\/pages\/1409"}],"collection":[{"href":"https:\/\/healthtourismcenterturkey.com\/en\/wp-json\/wp\/v2\/pages"}],"about":[{"href":"https:\/\/healthtourismcenterturkey.com\/en\/wp-json\/wp\/v2\/types\/page"}],"author":[{"embeddable":true,"href":"https:\/\/healthtourismcenterturkey.com\/en\/wp-json\/wp\/v2\/users\/2"}],"replies":[{"embeddable":true,"href":"https:\/\/healthtourismcenterturkey.com\/en\/wp-json\/wp\/v2\/comments?post=1409"}],"version-history":[{"count":4,"href":"https:\/\/healthtourismcenterturkey.com\/en\/wp-json\/wp\/v2\/pages\/1409\/revisions"}],"predecessor-version":[{"id":2051,"href":"https:\/\/healthtourismcenterturkey.com\/en\/wp-json\/wp\/v2\/pages\/1409\/revisions\/2051"}],"up":[{"embeddable":true,"href":"https:\/\/healthtourismcenterturkey.com\/en\/wp-json\/wp\/v2\/pages\/1294"}],"wp:attachment":[{"href":"https:\/\/healthtourismcenterturkey.com\/en\/wp-json\/wp\/v2\/media?parent=1409"}],"curies":[{"name":"wp","href":"https:\/\/api.w.org\/{rel}","templated":true}]}}