{"id":1407,"date":"2020-08-30T12:03:56","date_gmt":"2020-08-30T12:03:56","guid":{"rendered":"http:\/\/healthtourismcenterturkey.com\/?page_id=1407"},"modified":"2020-11-25T19:42:20","modified_gmt":"2020-11-25T19:42:20","slug":"goz-alti-morluklari","status":"publish","type":"page","link":"https:\/\/healthtourismcenterturkey.com\/en\/goz-ameliyatlari\/goz-cevresi-estetigi\/goz-alti-morluklari\/","title":{"rendered":"Dark Circles Under the Eyes"},"content":{"rendered":"<div class=\"row pt-80\">\n<div class=\"col-12 col-lg-6\">\n<h2 class=\"font__family-montserrat font__size-28 line__height-32 text-uppercase mb-35\"><\/h2>\n<p class=\"brk-dark-font-color font__size-16 font__weight-normal line__height-26 mb-10\"><span style=\"font-size: 14pt;\">Dark circles can be caused by increased pigmentation under the eyes and the thinness of\nthe skin under the eyes. Dark circles can be seen at any age and can generally cause\naesthetic concerns in women. Dark circles can make the person seem unhappy, older\nand insecure..<\/span><\/p>\n<h1 class=\"brk-dark-font-color font__size-16 font__weight-normal line__height-26\"><span class=\"font__weight-light\">PRIMARY CAUSES OF DARK CIRCLES UNDER THE EYES<\/span><\/h1>\n<p class=\"brk-dark-font-color font__size-16 font__weight-normal line__height-26 mb-10\"><span style=\"font-size: 14pt;\">The formation of a dark appearance with the increase in color pigmentation on the skin:\nThis is especially caused by allergic reactions and atopic dermatitis (eczema). Since nasal\ncongestion will cause dilatation in the eye vessels, dark circles under the eyes may\nincrease. Dark circles may be more noticeable in individuals with darker skin color. In\naddition, nevus of Ota is among the causes of dark circles.<\/span><\/p>\n<p class=\"brk-dark-font-color font__size-16 font__weight-normal line__height-26 mb-10\"><span style=\"font-size: 14pt;\">Thinning of the skin on the muscle tissue under the eyes: With the absence of a fat layer\njust under the skin, the veins in the skin muscle structure may become prominent and\ncause dark circles. Dark circles are widely seen in cases of anemia and fatigue.<\/span><\/p>\n<p class=\"brk-dark-font-color font__size-16 font__weight-normal line__height-26 mb-10\"><span style=\"font-size: 14pt;\">Sagging skin: If the skin loses its elasticity, it causes dark circles under the eyes.<\/span><\/p>\n<\/div>\n<div class=\"col-12 col-lg-6\"><img loading=\"lazy\" decoding=\"async\" class=\"alignnone size-full wp-image-1595\" src=\"http:\/\/healthtourismcenterturkey.com\/wp-content\/uploads\/2020\/09\/585x678_2-4-1.jpg\" alt=\"\" width=\"585\" height=\"678\" srcset=\"https:\/\/healthtourismcenterturkey.com\/wp-content\/uploads\/2020\/09\/585x678_2-4-1.jpg 585w, https:\/\/healthtourismcenterturkey.com\/wp-content\/uploads\/2020\/09\/585x678_2-4-1-259x300.jpg 259w\" sizes=\"(max-width: 585px) 100vw, 585px\" \/><\/div>\n<\/div>\n<div class=\"overflow-hid position-static position-lg-relative pb-100\">\n<p class=\"brk-dark-font-color font__size-16 font__weight-normal line__height-26 mb-10\"><span style=\"font-size: 14pt;\">Tear groove becoming more prominent than usual: It is a condition that can develop due\nto aging. The tissues under the eyes can be deformed due to aging.<\/span><\/p>\n<h1 class=\"brk-dark-font-color font__size-16 font__weight-normal line__height-26\"><span class=\"font__weight-light\">HOW TO FIGHT AGAINST DARK CIRCLES UNDER THE EYES?<\/span><\/h1>\n<p class=\"brk-dark-font-color font__size-16 font__weight-normal line__height-26 mb-10\"><span style=\"font-size: 14pt;\">Laser treatments, chemical applications, filling applications and surgical applications are\napplied in the treatment of dark circles under the eyes.<\/span><\/p>\n<p class=\"brk-dark-font-color font__size-16 font__weight-normal line__height-26 mb-10\"><span style=\"font-size: 14pt;\">Spot reduction can be achieved with under-eye laser applications. Laser methods are\nused to reduce the vascularity and strengthen the skin's collagen structure.<\/span><\/p>\n<p class=\"brk-dark-font-color font__size-16 font__weight-normal line__height-26 mb-10\"><span style=\"font-size: 14pt;\">Color correction and skin renewal applications can be performed with chemical\napplications.<\/span><\/p>\n<p class=\"brk-dark-font-color font__size-16 font__weight-normal line__height-26 mb-10\"><span style=\"font-size: 14pt;\">The most commonly used substance in filling treatment is hyaluronic acid. Replacement\ntherapy is applied in case of fat loss of under the eye.<\/span><\/p>\n<p class=\"brk-dark-font-color font__size-16 font__weight-normal line__height-26 mb-10\"><span style=\"font-size: 14pt;\">Surgical applications are among the treatment methods of dark under-eye circles.<\/span><\/p>\n<\/div>","protected":false},"excerpt":{"rendered":"<p>G\u00f6z alt\u0131 derisinin normalden koyu g\u00f6r\u00fcnt\u00fc durumu isim olarak g\u00f6z alt\u0131 morlu\u011fu olarak ifade edilmektedir. G\u00f6z alt\u0131nda y\u00fckselen pigmentasyon (deride h\u00fccrelerin renk yap\u0131m\u0131n\u0131 art\u0131rmas\u0131) ve g\u00f6z alt\u0131 derisinin inceli\u011fi ile olu\u015fabilir. G\u00f6z alt\u0131 morlu\u011fu her ya\u015fta g\u00f6r\u00fclebilen, genel olarak kad\u0131nlarda estetik kayg\u0131 yaratabilen bir durumdur. Ki\u015fiyi ya\u015f\u0131ndan daha ileri ya\u015flarda, mutsuz ve \u00f6zg\u00fcvenden yoksunmu\u015f gibi [&hellip;]<\/p>","protected":false},"author":2,"featured_media":0,"parent":1294,"menu_order":0,"comment_status":"closed","ping_status":"closed","template":"","meta":{"footnotes":""},"class_list":["post-1407","page","type-page","status-publish","hentry"],"acf":[],"_links":{"self":[{"href":"https:\/\/healthtourismcenterturkey.com\/en\/wp-json\/wp\/v2\/pages\/1407"}],"collection":[{"href":"https:\/\/healthtourismcenterturkey.com\/en\/wp-json\/wp\/v2\/pages"}],"about":[{"href":"https:\/\/healthtourismcenterturkey.com\/en\/wp-json\/wp\/v2\/types\/page"}],"author":[{"embeddable":true,"href":"https:\/\/healthtourismcenterturkey.com\/en\/wp-json\/wp\/v2\/users\/2"}],"replies":[{"embeddable":true,"href":"https:\/\/healthtourismcenterturkey.com\/en\/wp-json\/wp\/v2\/comments?post=1407"}],"version-history":[{"count":4,"href":"https:\/\/healthtourismcenterturkey.com\/en\/wp-json\/wp\/v2\/pages\/1407\/revisions"}],"predecessor-version":[{"id":2049,"href":"https:\/\/healthtourismcenterturkey.com\/en\/wp-json\/wp\/v2\/pages\/1407\/revisions\/2049"}],"up":[{"embeddable":true,"href":"https:\/\/healthtourismcenterturkey.com\/en\/wp-json\/wp\/v2\/pages\/1294"}],"wp:attachment":[{"href":"https:\/\/healthtourismcenterturkey.com\/en\/wp-json\/wp\/v2\/media?parent=1407"}],"curies":[{"name":"wp","href":"https:\/\/api.w.org\/{rel}","templated":true}]}}