{"id":1405,"date":"2020-08-30T12:03:39","date_gmt":"2020-08-30T12:03:39","guid":{"rendered":"http:\/\/healthtourismcenterturkey.com\/?page_id=1405"},"modified":"2022-03-24T18:54:55","modified_gmt":"2022-03-24T18:54:55","slug":"ameliyatsiz-goz-cevresi-estetigi","status":"publish","type":"page","link":"https:\/\/healthtourismcenterturkey.com\/en\/goz-ameliyatlari\/goz-cevresi-estetigi\/ameliyatsiz-goz-cevresi-estetigi\/","title":{"rendered":"Non-Surgical Eye Contour Treatment"},"content":{"rendered":"<div class=\"row pt-80\">\n<div class=\"col-12 col-lg-6\">\n<h2 class=\"font__family-montserrat font__size-28 line__height-32 text-uppercase mb-35\"><\/h2>\n<p class=\"brk-dark-font-color font__size-16 font__weight-normal line__height-26 mb-10\"><span style=\"font-size: 14pt;\">Our eyes are undoubtedly one of our most precious organs. The health of the skin around\nthe eyes is as important as the health of our eyes. Because the skin around the eyes is\nthinner and more delicate than the skin in other parts of the face.<\/span><\/p>\n<p class=\"brk-dark-font-color font__size-16 font__weight-normal line__height-26 mb-10\"><span style=\"font-size: 14pt;\">It is necessary to pay attention to creams, masks and other mixtures applied around the\neyes because they can damage the eye contour, which is not very resistant to wrinkles\nand wearing. A mixture that is beneficial for other parts of the face can be risky when\napplied to the eye contour.<\/span><\/p>\n<p class=\"brk-dark-font-color font__size-16 font__weight-normal line__height-26 mb-10\"><span style=\"font-size: 14pt;\">It is inevitable that the skin around the eyes will wrinkle due to aging, smoking, alcohol\nand other damaging habits, lifestyle and stress. As we age, our skin becomes thinner,\nloses its moisture and elasticity and wrinkles begin to appear. Wrinkles around the eyes,\nseen especially when smiling and laughing, become permanent after a while. The main\nfactor that causes wrinkles is collagen deficiency. With the reduction of collagen, wrinkles\nbegin to become prominent and permanent. We should pay special attention to the eye\narea while doing make-up removal, drying the skin, peeling, skin care, and mask\napplication.<\/span><\/p>\n<p class=\"brk-dark-font-color font__size-16 font__weight-normal line__height-26 mb-10\"><span style=\"font-size: 14pt;\">It is inevitable that the skin around the eyes will wrinkle due to aging, smoking, alcohol\nand other damaging habits, lifestyle and stress. As we age, our skin becomes thinner,\nloses its moisture and elasticity and wrinkles begin to appear. Wrinkles around the eyes,\nseen especially when smiling and laughing, become permanent after a while. The main\nfactor that causes wrinkles is collagen deficiency. With the reduction of collagen, wrinkles\nbegin to become prominent and permanent. We should pay special attention to the eye\narea while doing make-up removal, drying the skin, peeling, skin care, and mask\napplication.<\/span><\/p>\n<\/div>\n<div class=\"col-12 col-lg-6\"><img loading=\"lazy\" decoding=\"async\" class=\"alignnone  wp-image-2189\" src=\"https:\/\/healthtourismcenterturkey.com\/wp-content\/uploads\/2022\/03\/giz-alti-torbasi-estetigi.jpg\" alt=\"\" width=\"1085\" height=\"723\" srcset=\"https:\/\/healthtourismcenterturkey.com\/wp-content\/uploads\/2022\/03\/giz-alti-torbasi-estetigi.jpg 1200w, https:\/\/healthtourismcenterturkey.com\/wp-content\/uploads\/2022\/03\/giz-alti-torbasi-estetigi-300x200.jpg 300w, https:\/\/healthtourismcenterturkey.com\/wp-content\/uploads\/2022\/03\/giz-alti-torbasi-estetigi-1024x683.jpg 1024w, https:\/\/healthtourismcenterturkey.com\/wp-content\/uploads\/2022\/03\/giz-alti-torbasi-estetigi-768x512.jpg 768w\" sizes=\"(max-width: 1085px) 100vw, 1085px\" \/><\/div>\n<\/div>\n<div class=\"overflow-hid position-static position-lg-relative pb-100\">\n<p class=\"brk-dark-font-color font__size-16 font__weight-normal line__height-26 mb-10\"><span style=\"font-size: 14pt;\">Once the skin around the eyes is destroyed, it is almost impossible to restore it to its\nformer, tight and fresh form. Therefore, it is necessary to reduce the aging and wearing\nprocess of the skin around the eyes as much as possible, and to pay more attention to\nthe eye contour care. It may be possible to nourish the skin with non-irritating, soft\nformula creams, oil-free moisturizers, or natural creams prepared at home. Regular life\nand adequate sleep are essential factors to fight against skin aging.<\/span><\/p>\n<h1 class=\"brk-dark-font-color font__size-16 font__weight-normal line__height-26\"><span class=\"font__weight-light\">\u00a0HOW TO FIGHT AGAINST DARK CIRCLES UNDER THE EYES?<\/span><\/h1>\n<p class=\"brk-dark-font-color font__size-16 font__weight-normal line__height-26 mb-10\"><span style=\"font-size: 14pt;\">Keeping the eye contour moist and using specific eye contour lotions are the main\nprecautions we can take. Before the wrinkles get deeper and become permanent you can\napply a healthy diet and make it a habit to consume fresh vegetables, fruits and\nsupplementary foods with antioxidants at least to slow down the wrinkling process.\nVitamins and minerals are beneficiary for the skin to recover and maintain its elasticity\nlonger. It is inevitable to get old and experience deformations due to aging. The important\nthing is not about aging itself, but aging well. It is possible to control the breakage around\nand under the eyes with exercises you can do for the eye area. The first thing to do in\nfavor of tightening the muscles and keeping the collagen tense and alive is exercise.\nIf you go to bed late and sleep insufficiently, it means that you prevent the release of\nhormones that are secreted throughout the night and regenerate body cells. Know that\nthe first area to be affected by this will be the eye contour.\nThis results in not only as wrinkles around the eyes, but also as dark circles and bags\nunder the eyes. Washing the face with cold water during the day has a refreshing effect\non the eye contour. Drinking water and healthy liquids helps to maintain skin health and\nbeauty. When the skin does not get enough water, it loses its elasticity, dries, its pores\nwiden and wrinkles. By learning to breathe correctly and integrating it into your life, you\ncan get enough oxygen and keep your skin healthy and fresh for many years. The biggest\ncause of the wrinkles is actually the sun's rays. The best way to be protected from the\nsun's rays that trigger free radicals is not to be outside when the rays are upright. If you\nhave to go out in the sun, it is necessary to use sun creams and sun-glasses.<\/span><\/p>\n<h1 class=\"brk-dark-font-color font__size-16 font__weight-normal line__height-26\"><span class=\"font__weight-light\">MASK FOR THE EYE AREA<\/span><\/h1>\n<p class=\"brk-dark-font-color font__size-16 font__weight-normal line__height-26 mb-10\"><span style=\"font-size: 14pt;\">G\u00f6z \u00e7evresi cildi hayli ince oldu\u011fu i\u00e7in \u00e7abuk tahri\u015f olur ve kolay k\u0131r\u0131\u015fmaya yatk\u0131nd\u0131r. Evde haz\u0131rlanan cilt maskelerinin \u00e7o\u011fu g\u00f6z \u00e7evresi cildine zarar verece\u011finden, bu b\u00f6lgede kullan\u0131lmas\u0131 \u00f6nerilmez. S\u00f6zgelimi limon ile haz\u0131rlanm\u0131\u015f maskeler g\u00f6z alt\u0131 ve \u00e7evresine s\u00fcr\u00fcld\u00fc\u011f\u00fcnde limonun kurutucu ve geren etkisiyle cilde rahats\u0131zl\u0131k ve zarar verir, g\u00f6z \u00e7evresi k\u0131r\u0131\u015f\u0131kl\u0131klar\u0131n olu\u015fumunu h\u0131zland\u0131r\u0131r. G\u00f6z \u00e7evresi k\u0131r\u0131\u015f\u0131kl\u0131klar\u0131n\u0131n g\u00f6r\u00fcn\u00fcm\u00fcn\u00fc azaltmak ve yeni k\u0131r\u0131\u015f\u0131kl\u0131klar\u0131n belirmesini geciktirmek i\u00e7in bu b\u00f6lgelere \u00f6zel do\u011fal bak\u0131m maskeleri haz\u0131rlayabilirsiniz. Bizim \u00f6nerimiz kolajen i\u00e7eri\u011finden dolay\u0131 \u201cyumurta ak\u0131 maske\u201ddir. T\u00fcm y\u00fcze uygulanabilmesi ve kolay haz\u0131rlan\u0131\u015f\u0131 avantajlar\u0131d\u0131r.S\u0131k\u0131l\u0131k Veren Yumurta Ak\u0131 Maskesi: Protein y\u00f6n\u00fcnden hayli zengin olan yumurta ak\u0131 cilde besler ve s\u0131k\u0131la\u015ft\u0131r\u0131r. Ayr\u0131ca k\u0131r\u0131\u015f\u0131kl\u0131klar\u0131n g\u00f6r\u00fcn\u00fcm\u00fcnde azalma olu\u015fturur.<\/span><\/p>\n<p class=\"brk-dark-font-color font__size-16 font__weight-normal line__height-26 mb-10\"><span style=\"font-size: 14pt;\">1 adet yumurta ak\u0131, d\u0131\u015f k\u0131sm\u0131 soyulmu\u015f 1 \u00e7orba ka\u015f\u0131\u011f\u0131 dolusu incecik rendelenmi\u015f havu\u00e7 ve 1 \u00e7ay ka\u015f\u0131\u011f\u0131 aloe vera ya\u011f\u0131n\u0131 bir kase i\u00e7inde kar\u0131\u015ft\u0131r\u0131n. Haz\u0131rlad\u0131\u011f\u0131n\u0131z kar\u0131\u015f\u0131m\u0131 temiz cilde masajla yedirin, 20-30 dakika kadar bekleyin ve y\u00fcz\u00fcn\u00fcz\u00fc so\u011fuk suyla y\u0131kay\u0131n.\u0130lk uygulamada dahi hissedece\u011finiz s\u0131k\u0131la\u015fma sizi \u015fa\u015f\u0131rtacak. Maskeyi sadece g\u00f6z \u00e7evresi cildinizde de\u011fil, t\u00fcm y\u00fcz\u00fcn\u00fczde kullanabilirsiniz. Haftada 1-2 kez rahatl\u0131kla uygulayabilece\u011finiz bir maskedir.<\/span><\/p>\n<\/div>","protected":false},"excerpt":{"rendered":"<p>G\u00f6zlerimiz en de\u011ferli organlar\u0131m\u0131zdan birisi \u015f\u00fcphesiz. Hem duygular\u0131n ve ruhun, hem de sa\u011fl\u0131kl\u0131 olu\u015fun aynas\u0131 olan g\u00f6zlerimizin sa\u011fl\u0131\u011f\u0131 kadar, g\u00f6z \u00e7evresindeki cilt de son derece \u00f6nemlidir. Zira g\u00f6z \u00e7evresindeki deri, y\u00fcz\u00fcn di\u011fer b\u00f6lgelerindeki deriden daha ince ve narindir. K\u0131r\u0131\u015f\u0131kl\u0131klara ve y\u0131pranmalara kar\u015f\u0131 daha dayan\u0131ks\u0131z olan g\u00f6z \u00e7evresine s\u00fcr\u00fclen krem, maske ve di\u011fer kar\u0131\u015f\u0131mlara son derece [&hellip;]<\/p>","protected":false},"author":2,"featured_media":0,"parent":1294,"menu_order":0,"comment_status":"closed","ping_status":"closed","template":"","meta":{"footnotes":""},"class_list":["post-1405","page","type-page","status-publish","hentry"],"acf":[],"_links":{"self":[{"href":"https:\/\/healthtourismcenterturkey.com\/en\/wp-json\/wp\/v2\/pages\/1405"}],"collection":[{"href":"https:\/\/healthtourismcenterturkey.com\/en\/wp-json\/wp\/v2\/pages"}],"about":[{"href":"https:\/\/healthtourismcenterturkey.com\/en\/wp-json\/wp\/v2\/types\/page"}],"author":[{"embeddable":true,"href":"https:\/\/healthtourismcenterturkey.com\/en\/wp-json\/wp\/v2\/users\/2"}],"replies":[{"embeddable":true,"href":"https:\/\/healthtourismcenterturkey.com\/en\/wp-json\/wp\/v2\/comments?post=1405"}],"version-history":[{"count":4,"href":"https:\/\/healthtourismcenterturkey.com\/en\/wp-json\/wp\/v2\/pages\/1405\/revisions"}],"predecessor-version":[{"id":2190,"href":"https:\/\/healthtourismcenterturkey.com\/en\/wp-json\/wp\/v2\/pages\/1405\/revisions\/2190"}],"up":[{"embeddable":true,"href":"https:\/\/healthtourismcenterturkey.com\/en\/wp-json\/wp\/v2\/pages\/1294"}],"wp:attachment":[{"href":"https:\/\/healthtourismcenterturkey.com\/en\/wp-json\/wp\/v2\/media?parent=1405"}],"curies":[{"name":"wp","href":"https:\/\/api.w.org\/{rel}","templated":true}]}}