{"id":1378,"date":"2020-08-30T11:02:05","date_gmt":"2020-08-30T11:02:05","guid":{"rendered":"http:\/\/healthtourismcenterturkey.com\/?page_id=1378"},"modified":"2020-11-25T19:06:35","modified_gmt":"2020-11-25T19:06:35","slug":"goz-beyazinda-sari-leke","status":"publish","type":"page","link":"https:\/\/healthtourismcenterturkey.com\/en\/goz-ameliyatlari\/goz-hastaliklari\/goz-beyazinda-sari-leke\/","title":{"rendered":"Pinguecula"},"content":{"rendered":"<p>&nbsp;<\/p>\n<div class=\"col-12 col-lg-6\">\n<p><span style=\"font-size: 14pt;\">A pinguecula is a benign growth that develops on your eye. These growths occur on the\nconjunctiva, which is the thin layer of tissue that covers the white part of your eye. You\ncan get pingueculae at any age, but they\u2019re mainly found in middle-aged and elderly\npeople.<\/span><\/p>\n<h2>\u00a0Symptoms of Pinguecula<\/h2>\n<p><span style=\"font-size: 14pt;\">Patients apply to an ophthalmologist when they realize a yellow spot on the white of the\neye. Complaints of the patients with a pinguecula are burning and stinging sensations.\nPatients might also have aesthetic concerns.<\/span><\/p>\n<h2>\u00a0Differences between Pinguecula and Pterygium<\/h2>\n<p><span style=\"font-size: 14pt;\">Pinguecula is accumulation of conjunctival tissue at the nasal or temporal junction of the\nsclera and cornea. Pterygium is conjunctival tissue that becomes vascularized, invades\nthe cornea, and may decrease vision.<\/span><\/p>\n<h2>\u00a0Treatment of Pinguecula<\/h2>\n<p><span style=\"font-size: 14pt;\">If the yellow spot in the white of the eye is just developing, it is treated with eye drops to\nreduce the stinging and burning sensation. In cases where a pinguecula grows, the mass\ncan be removed from the eye with a surgery.<\/span><\/p>\n<p>&nbsp;<\/p>\n<\/div>\n<div class=\"col-12 col-lg-6\"><img loading=\"lazy\" decoding=\"async\" class=\"alignnone size-full wp-image-1589\" src=\"http:\/\/healthtourismcenterturkey.com\/wp-content\/uploads\/2020\/09\/585x678_2-1-1.jpg\" alt=\"\" width=\"585\" height=\"678\" srcset=\"https:\/\/healthtourismcenterturkey.com\/wp-content\/uploads\/2020\/09\/585x678_2-1-1.jpg 585w, https:\/\/healthtourismcenterturkey.com\/wp-content\/uploads\/2020\/09\/585x678_2-1-1-259x300.jpg 259w\" sizes=\"(max-width: 585px) 100vw, 585px\" \/><\/div>","protected":false},"excerpt":{"rendered":"<p>&nbsp; G\u00f6z beyaz\u0131 \u00fczerinde genellikle burun taraf\u0131ndan g\u00f6r\u00fclen ve halk aras\u0131nda g\u00f6z beyaz\u0131nda sar\u0131 leke olarak ifade edilen rahats\u0131zl\u0131\u011fa Latincede pinguekula ad\u0131 verilmektedir. \u0130nsanlar\u0131 hem estetik hemde yanma, batma \u015fikayetleri ile rahats\u0131z eden g\u00f6z beyaz\u0131nda sar\u0131 leke pinguekula rahats\u0131zl\u0131\u011f\u0131, g\u00f6z\u00fcn \u00f6n y\u00fcz\u00fcnde ya\u011f birikmesi ve ya\u011f dokusu olu\u015fumuna ba\u011fl\u0131 bir rahats\u0131zl\u0131kt\u0131r. \u00a0G\u00f6z Beyaz\u0131nda Sar\u0131 Leke [&hellip;]<\/p>","protected":false},"author":2,"featured_media":0,"parent":1292,"menu_order":0,"comment_status":"closed","ping_status":"closed","template":"","meta":{"footnotes":""},"class_list":["post-1378","page","type-page","status-publish","hentry"],"acf":[],"_links":{"self":[{"href":"https:\/\/healthtourismcenterturkey.com\/en\/wp-json\/wp\/v2\/pages\/1378"}],"collection":[{"href":"https:\/\/healthtourismcenterturkey.com\/en\/wp-json\/wp\/v2\/pages"}],"about":[{"href":"https:\/\/healthtourismcenterturkey.com\/en\/wp-json\/wp\/v2\/types\/page"}],"author":[{"embeddable":true,"href":"https:\/\/healthtourismcenterturkey.com\/en\/wp-json\/wp\/v2\/users\/2"}],"replies":[{"embeddable":true,"href":"https:\/\/healthtourismcenterturkey.com\/en\/wp-json\/wp\/v2\/comments?post=1378"}],"version-history":[{"count":4,"href":"https:\/\/healthtourismcenterturkey.com\/en\/wp-json\/wp\/v2\/pages\/1378\/revisions"}],"predecessor-version":[{"id":2043,"href":"https:\/\/healthtourismcenterturkey.com\/en\/wp-json\/wp\/v2\/pages\/1378\/revisions\/2043"}],"up":[{"embeddable":true,"href":"https:\/\/healthtourismcenterturkey.com\/en\/wp-json\/wp\/v2\/pages\/1292"}],"wp:attachment":[{"href":"https:\/\/healthtourismcenterturkey.com\/en\/wp-json\/wp\/v2\/media?parent=1378"}],"curies":[{"name":"wp","href":"https:\/\/api.w.org\/{rel}","templated":true}]}}