{"id":1376,"date":"2020-08-30T11:01:36","date_gmt":"2020-08-30T11:01:36","guid":{"rendered":"http:\/\/healthtourismcenterturkey.com\/?page_id=1376"},"modified":"2020-11-25T19:01:51","modified_gmt":"2020-11-25T19:01:51","slug":"goz-tembelligi","status":"publish","type":"page","link":"https:\/\/healthtourismcenterturkey.com\/en\/goz-ameliyatlari\/goz-hastaliklari\/goz-tembelligi\/","title":{"rendered":"Lazy Eye Syndrome (Amblyopia)"},"content":{"rendered":"<div class=\"col-12 col-lg-6\">\n<p><span style=\"font-size: 14pt;\">Although treatment for lazy eye syndrome is possible, it is a disease that can result in\npermanent vision loss. It is most commonly seen in the patients with advanced hyperopia\ndue to genetic congenital problems . That the patient is not regularly examined until the\nage of 8 is the biggest factor in favor of this syndrome. It is ideal to be examined once\nafter birth, once at the age of 2, and once at the age of 5.<\/span><\/p>\n<p><span style=\"font-size: 14pt;\">Congenital cataracts, congenital ptosis (droopy eyelid), and congenital strabismus that\nare likely to cause lazy eye syndrome can be prevented with an examination of the\nnewborn. If diseases are detected and their treatments are arranged, lazy eye syndrome\ncan be prevented. The harmony between the movements of both eyes and the\nmovements of eyes individually should be investigated with a pediatric eye exam at the\nage of 2. In particular, signs of strabismus may indicate advanced hyperopia. Its\ntreatment gives very successful results.<\/span><\/p>\n<p><span style=\"font-size: 14pt;\">In a pediatric exam at the age of 5, as the child adapts to all kinds of eye examinations,\nrefractive errors (myopia, hyperopia, astigmatism) can be detected more\ncomprehensively. Then, its treatment can be regulated. Thus, the child becomes ready for\npre-school education. The treatment is crucial since the learning is perceived vastly with\nour visual sense. After the age of 8, the treatments for amblyopia are very limited. The\ntreatments may not always be successful<\/span><\/p>\n<p><\/br>\n<\/div>\n<div class=\"col-12 col-lg-6\"><img loading=\"lazy\" decoding=\"async\" class=\"alignnone size-full wp-image-1587\" src=\"http:\/\/healthtourismcenterturkey.com\/wp-content\/uploads\/2020\/09\/585x678_2-14.jpg\" alt=\"\" width=\"585\" height=\"678\" srcset=\"https:\/\/healthtourismcenterturkey.com\/wp-content\/uploads\/2020\/09\/585x678_2-14.jpg 585w, https:\/\/healthtourismcenterturkey.com\/wp-content\/uploads\/2020\/09\/585x678_2-14-259x300.jpg 259w\" sizes=\"(max-width: 585px) 100vw, 585px\" \/><\/div>\n<p><\/br><\/br><\/p>","protected":false},"excerpt":{"rendered":"<p>G\u00f6z tembelli\u011fi; tedavisi m\u00fcmk\u00fcn oldu\u011fu halde kal\u0131c\u0131 g\u00f6rme kay\u0131plar\u0131yla sonu\u00e7land\u0131\u011f\u0131n\u0131 g\u00f6rd\u00fc\u011f\u00fcm\u00fcz bir hastal\u0131kt\u0131r. En s\u0131k genetik olarak do\u011fumsal ileri hipermetropi durumunda g\u00f6r\u00fcl\u00fcr. \u00c7ocu\u011fun d\u00fczenli olarak muayenelerinin 8 ya\u015f\u0131na kadar yap\u0131lmam\u0131\u015f olmas\u0131 en b\u00fcy\u00fck etkendir. Do\u011fumdan sonra bir kez, 2 ya\u015f\u0131nda bir kez ve yine 5 ya\u015f\u0131nda bir kez muayene yap\u0131lmas\u0131 idealdir. Yeni do\u011fan muayenede g\u00f6z [&hellip;]<\/p>","protected":false},"author":2,"featured_media":0,"parent":1292,"menu_order":0,"comment_status":"closed","ping_status":"closed","template":"","meta":{"footnotes":""},"class_list":["post-1376","page","type-page","status-publish","hentry"],"acf":[],"_links":{"self":[{"href":"https:\/\/healthtourismcenterturkey.com\/en\/wp-json\/wp\/v2\/pages\/1376"}],"collection":[{"href":"https:\/\/healthtourismcenterturkey.com\/en\/wp-json\/wp\/v2\/pages"}],"about":[{"href":"https:\/\/healthtourismcenterturkey.com\/en\/wp-json\/wp\/v2\/types\/page"}],"author":[{"embeddable":true,"href":"https:\/\/healthtourismcenterturkey.com\/en\/wp-json\/wp\/v2\/users\/2"}],"replies":[{"embeddable":true,"href":"https:\/\/healthtourismcenterturkey.com\/en\/wp-json\/wp\/v2\/comments?post=1376"}],"version-history":[{"count":4,"href":"https:\/\/healthtourismcenterturkey.com\/en\/wp-json\/wp\/v2\/pages\/1376\/revisions"}],"predecessor-version":[{"id":2041,"href":"https:\/\/healthtourismcenterturkey.com\/en\/wp-json\/wp\/v2\/pages\/1376\/revisions\/2041"}],"up":[{"embeddable":true,"href":"https:\/\/healthtourismcenterturkey.com\/en\/wp-json\/wp\/v2\/pages\/1292"}],"wp:attachment":[{"href":"https:\/\/healthtourismcenterturkey.com\/en\/wp-json\/wp\/v2\/media?parent=1376"}],"curies":[{"name":"wp","href":"https:\/\/api.w.org\/{rel}","templated":true}]}}