{"id":1371,"date":"2020-08-30T10:57:52","date_gmt":"2020-08-30T10:57:52","guid":{"rendered":"http:\/\/healthtourismcenterturkey.com\/?page_id=1371"},"modified":"2020-09-12T17:11:45","modified_gmt":"2020-09-12T17:11:45","slug":"bebeklerde-katarakt","status":"publish","type":"page","link":"https:\/\/healthtourismcenterturkey.com\/en\/goz-ameliyatlari\/goz-hastaliklari\/bebeklerde-katarakt\/","title":{"rendered":"CATARACT TREATMENT IN INFANTS"},"content":{"rendered":"<div class=\"row pt-80\">\n<div class=\"col-12 col-lg-6\">\n<h1 class=\"font__family-montserrat font__size-28 line__height-32 text-uppercase mb-35\"><\/h1>\n<p class=\"brk-dark-font-color font__size-16 font__weight-normal line__height-26 mb-10\"><span style=\"font-size: 14pt;\">The pupil is the name given to the black part in the middle of the colored part of the eye.\nIn all healthy infants, children and adults the pupil is black. If the pupil has different colors\nsuch as white, gray, yellow, and etc. it may be an indication of important eye diseases.<\/span><\/p>\n<h3 class=\"brk-dark-font-color font__size-16 font__weight-normal line__height-26\"><span class=\"font__weight-light\">Diseases Cause White Spots in the Pupil in Infants and Children?<\/span><\/h3>\n<p class=\"brk-dark-font-color font__size-16 font__weight-normal line__height-26 mb-10\"><span style=\"font-size: 14pt;\">White pupillary reflex in babies and children can occur due to various eye diseases.\nCataracts are the most common conditions among the causes of white pupillary reflex in\nbabies and children. The other reasons to be considered are eye tumors, eye infections,\ndevelopmental disorders and other factors.<\/span><\/p>\n<h1 class=\"brk-dark-font-color font__size-16 font__weight-normal line__height-26\"><span class=\"font__weight-light\">Cataracts in Babies and Children<\/span><\/h1>\n<p class=\"brk-dark-font-color font__size-16 font__weight-normal line__height-26 mb-10\"><span style=\"font-size: 14pt;\">There is a type of cataract called congenital cataracts that are observed in babies from\nbirth. Apart from this type of cataracts, they can also develop due to various trauma\nsituations and metabolic problems. If not diagnosed early, it can cause vision loss,\nuncontrolled eye movements and strabismus.<\/span><\/p>\n<p>&nbsp;<\/p>\n<h1 class=\"brk-dark-font-color font__size-16 font__weight-normal line__height-26\"><span class=\"font__weight-light\">Eye Tumors in Babies and Children<\/span><\/h1>\n<p class=\"brk-dark-font-color font__size-16 font__weight-normal line__height-26 mb-10\"><span style=\"font-size: 14pt;\">In addition to many eye tumors, malignant eye tumors called retinoblastoma can also be\nthe cause of white eye.<\/span><\/p>\n<h1 class=\"brk-dark-font-color font__size-16 font__weight-normal line__height-26\"><span class=\"font__weight-light\">Pupillary Infections<\/span><\/h1>\n<p class=\"brk-dark-font-color font__size-16 font__weight-normal line__height-26 mb-10\"><span style=\"font-size: 14pt;\">Infections caused by various pathogens (viruses, bacteria, parasites) can cause the pupil\nto whiten.<\/span><\/p>\n<\/div>\n<div class=\"col-12 col-lg-6\"><img loading=\"lazy\" decoding=\"async\" class=\"alignnone size-full wp-image-1585\" src=\"http:\/\/healthtourismcenterturkey.com\/wp-content\/uploads\/2020\/09\/585x678_20.jpg\" alt=\"\" width=\"585\" height=\"678\" srcset=\"https:\/\/healthtourismcenterturkey.com\/wp-content\/uploads\/2020\/09\/585x678_20.jpg 585w, https:\/\/healthtourismcenterturkey.com\/wp-content\/uploads\/2020\/09\/585x678_20-259x300.jpg 259w\" sizes=\"(max-width: 585px) 100vw, 585px\" \/><\/div>\n<\/div>\n<div class=\"overflow-hid position-static position-lg-relative pb-100\">\n<p>&nbsp;<\/p>\n<h1 class=\"brk-dark-font-color font__size-16 font__weight-normal line__height-26\"><span class=\"font__weight-light\">Developmental Disorders in Babies and Children<\/span><\/h1>\n<p class=\"brk-dark-font-color font__size-16 font__weight-normal line__height-26 mb-10\"><span style=\"font-size: 14pt;\">The eyes are formed and develops during pregnancy. Drugs used during pregnancy,\nmetabolic problems, premature birth, and similar conditions can cause serious anomalies\nin the eyes.<\/span><\/p>\n<h1 class=\"brk-dark-font-color font__size-16 font__weight-normal line__height-26\"><span class=\"font__weight-light\">Other Causes of White Pupillary Reflex in Infants and Children<\/span><\/h1>\n<p class=\"brk-dark-font-color font__size-16 font__weight-normal line__height-26 mb-10\"><span style=\"font-size: 14pt;\">Nerve layer problems, eye vessels, intraocular bleeding, and many other conditions can\ncause the pupil to white pupillary reflex<\/span><\/p>\n<\/div>\n<p>&nbsp;<\/p>","protected":false},"excerpt":{"rendered":"<p>G\u00f6z bebe\u011fi, g\u00f6z\u00fcn renkli k\u0131sm\u0131n\u0131n ortas\u0131ndaki siyah k\u0131sma verilen isimdir. Sa\u011fl\u0131kl\u0131 t\u00fcm bebeklerde, \u00e7ocuklarda ve yeti\u015fkinlerde g\u00f6z bebe\u011fi siyah renktedir. G\u00f6zbebe\u011finin farkl\u0131 renkler olan beyaz, gri ve sar\u0131 vb. renklere d\u00f6n\u00fc\u015fmesi bebek ve \u00e7ocuklarda \u00f6nemli g\u00f6z hastal\u0131klar\u0131n\u0131n habercisi olabilir. Bebeklerde ve \u00c7ocuklarda G\u00f6z Bebe\u011fi Beyazl\u0131\u011f\u0131 Hangi Hastal\u0131klarda Olu\u015fur? Bebeklerde ve \u00e7ocuklarda g\u00f6z bebe\u011fi beyazl\u0131\u011f\u0131 \u00e7e\u015fitli [&hellip;]<\/p>","protected":false},"author":2,"featured_media":0,"parent":1292,"menu_order":0,"comment_status":"closed","ping_status":"closed","template":"","meta":{"footnotes":""},"class_list":["post-1371","page","type-page","status-publish","hentry"],"acf":[],"_links":{"self":[{"href":"https:\/\/healthtourismcenterturkey.com\/en\/wp-json\/wp\/v2\/pages\/1371"}],"collection":[{"href":"https:\/\/healthtourismcenterturkey.com\/en\/wp-json\/wp\/v2\/pages"}],"about":[{"href":"https:\/\/healthtourismcenterturkey.com\/en\/wp-json\/wp\/v2\/types\/page"}],"author":[{"embeddable":true,"href":"https:\/\/healthtourismcenterturkey.com\/en\/wp-json\/wp\/v2\/users\/2"}],"replies":[{"embeddable":true,"href":"https:\/\/healthtourismcenterturkey.com\/en\/wp-json\/wp\/v2\/comments?post=1371"}],"version-history":[{"count":10,"href":"https:\/\/healthtourismcenterturkey.com\/en\/wp-json\/wp\/v2\/pages\/1371\/revisions"}],"predecessor-version":[{"id":1867,"href":"https:\/\/healthtourismcenterturkey.com\/en\/wp-json\/wp\/v2\/pages\/1371\/revisions\/1867"}],"up":[{"embeddable":true,"href":"https:\/\/healthtourismcenterturkey.com\/en\/wp-json\/wp\/v2\/pages\/1292"}],"wp:attachment":[{"href":"https:\/\/healthtourismcenterturkey.com\/en\/wp-json\/wp\/v2\/media?parent=1371"}],"curies":[{"name":"wp","href":"https:\/\/api.w.org\/{rel}","templated":true}]}}