{"id":1367,"date":"2020-08-30T10:54:25","date_gmt":"2020-08-30T10:54:25","guid":{"rendered":"http:\/\/healthtourismcenterturkey.com\/?page_id=1367"},"modified":"2020-09-12T17:06:50","modified_gmt":"2020-09-12T17:06:50","slug":"renk-korlugu","status":"publish","type":"page","link":"https:\/\/healthtourismcenterturkey.com\/en\/goz-ameliyatlari\/goz-hastaliklari\/renk-korlugu\/","title":{"rendered":"COLOR BLINDNESS"},"content":{"rendered":"<div class=\"row pt-80\">\n<div class=\"col-12 col-lg-6\">\n<div class=\"row pt-80\">\n<div class=\"col-12 col-lg-6\">\n<h1 class=\"font__family-montserrat font__size-28 line__height-32 text-uppercase mb-35\"><span class=\"font__weight-light\">COLOR BLINDNESS TREATMENT<\/span><\/h1>\n<p class=\"brk-dark-font-color font__size-16 font__weight-normal line__height-26 mb-10\"><span style=\"font-size: 14pt;\">Color blindness, otherwise called Daltonism, occurs in cone photoreceptors in the retina.\nColor blindness test process consists of colored plates, aka Ishihara plates, which\ncontain a number among dots, randomized in size and color. Color blindness can be\ndiagnosed if individuals cannot read the numbers and figures on the plates. This test is\nthe most widely used method in the diagnosis of color blindness.<\/span><\/p>\n<p class=\"brk-dark-font-color font__size-16 font__weight-normal line__height-26 mb-10\"><span style=\"font-size: 14pt;\">The test in which individuals read plates composed of numbers and objects written in different colors is called a color blindness test. If individuals are unable to read the numbers and shapes on the plates, they may be diagnosed with color blindness. The most commonly used method for diagnosing color blindness is the color blindness test conducted with physical displays, as mentioned above.<\/span><\/p>\n<h1>Causes of Color Blindness<\/h1>\n<p class=\"brk-dark-font-color font__size-16 font__weight-normal line__height-26 mb-10\"><span style=\"font-size: 14pt;\">Color blindness, which is estimated to be found in approximately 170-180 million people\naround the world, is a disorder characterized by the absence or scarcity of pigment\nparticles that should be in the visual center of the brain. The individuals with color\nblindness may not be able to distinguish one or more colors. Color blindness is a genetic\ncondition.<\/span><\/p>\n<h1>Types of Color Blindness<\/h1>\n<h3>Color blindness can be divided in different groups;<\/h3>\n<ol>\n<li class=\"brk-dark-font-color font__size-16 font__weight-normal line__height-26\"><span class=\"font__weight-light\" style=\"font-size: 14pt;\">\u201cProtonopia\" : red color blindness due to red cone photoreceptors,<\/span><\/li>\n<li class=\"brk-dark-font-color font__size-16 font__weight-normal line__height-26\"><span class=\"font__weight-light\" style=\"font-size: 14pt;\">\u201cDeuteranopia\u201d : red color blindness due to green cone photoreceptors,<\/span><\/li>\n<li class=\"brk-dark-font-color font__size-16 font__weight-normal line__height-26\"><span class=\"font__weight-light\" style=\"font-size: 14pt;\">\u201cTritonopia\" : red color blindness due to blue cone photoreceptors,<\/span><\/li>\n<\/ol>\n<\/div>\n<div class=\"col-12 col-lg-6\"><img loading=\"lazy\" decoding=\"async\" class=\"alignnone size-full wp-image-1558\" src=\"http:\/\/healthtourismcenterturkey.com\/wp-content\/uploads\/2020\/09\/585x678_2-19.jpg\" alt=\"\" width=\"585\" height=\"678\" srcset=\"https:\/\/healthtourismcenterturkey.com\/wp-content\/uploads\/2020\/09\/585x678_2-19.jpg 585w, https:\/\/healthtourismcenterturkey.com\/wp-content\/uploads\/2020\/09\/585x678_2-19-259x300.jpg 259w\" sizes=\"(max-width: 585px) 100vw, 585px\" \/><\/div>\n<\/div>\n<div class=\"overflow-hid position-static position-lg-relative pb-10\">\n<p class=\"brk-dark-font-color font__size-16 font__weight-normal line__height-26\"><span style=\"font-size: 14pt;\">These color blindness types indicate partial color blindness. However, in cases of\nmonochromatic color blindness, complete color blindness can be mentioned, and when\npeople are completely color blind, they cannot distinguish colors from each other under\nany circumstances (except for black and white).<\/span><\/p>\n<\/div>\n<\/div>\n<p>&nbsp;<\/p>\n<\/div>","protected":false},"excerpt":{"rendered":"<p>RENK K\u00d6RL\u00dc\u011e\u00dc TEDAV\u0130S\u0130 Renk k\u00f6rl\u00fc\u011f\u00fc testi, bireylerde renk k\u00f6rl\u00fc\u011f\u00fc varl\u0131\u011f\u0131n\u0131n tespiti amac\u0131 ile kullan\u0131lan teste verilen isimdir. Latince ad\u0131 daltonizm olan Renk k\u00f6rl\u00fc\u011f\u00fc, g\u00f6z\u00fcn a\u011f tabakas\u0131 olan retinada konik resept\u00f6rlerde olu\u015fmaktad\u0131r. Farkl\u0131 renklerle yaz\u0131lm\u0131\u015f say\u0131 ve nesnelerden olu\u015fan levhalar\u0131 ki\u015filerin okumas\u0131n\u0131n yap\u0131ld\u0131\u011f\u0131 teste renk k\u00f6rl\u00fc\u011f\u00fc testi denmektedir. Bireyler levhalardaki say\u0131lar\u0131 ve \u015fekilleri okuyamad\u0131klar\u0131 takdirde renk [&hellip;]<\/p>","protected":false},"author":2,"featured_media":0,"parent":1292,"menu_order":0,"comment_status":"closed","ping_status":"closed","template":"","meta":{"footnotes":""},"class_list":["post-1367","page","type-page","status-publish","hentry"],"acf":[],"_links":{"self":[{"href":"https:\/\/healthtourismcenterturkey.com\/en\/wp-json\/wp\/v2\/pages\/1367"}],"collection":[{"href":"https:\/\/healthtourismcenterturkey.com\/en\/wp-json\/wp\/v2\/pages"}],"about":[{"href":"https:\/\/healthtourismcenterturkey.com\/en\/wp-json\/wp\/v2\/types\/page"}],"author":[{"embeddable":true,"href":"https:\/\/healthtourismcenterturkey.com\/en\/wp-json\/wp\/v2\/users\/2"}],"replies":[{"embeddable":true,"href":"https:\/\/healthtourismcenterturkey.com\/en\/wp-json\/wp\/v2\/comments?post=1367"}],"version-history":[{"count":13,"href":"https:\/\/healthtourismcenterturkey.com\/en\/wp-json\/wp\/v2\/pages\/1367\/revisions"}],"predecessor-version":[{"id":1861,"href":"https:\/\/healthtourismcenterturkey.com\/en\/wp-json\/wp\/v2\/pages\/1367\/revisions\/1861"}],"up":[{"embeddable":true,"href":"https:\/\/healthtourismcenterturkey.com\/en\/wp-json\/wp\/v2\/pages\/1292"}],"wp:attachment":[{"href":"https:\/\/healthtourismcenterturkey.com\/en\/wp-json\/wp\/v2\/media?parent=1367"}],"curies":[{"name":"wp","href":"https:\/\/api.w.org\/{rel}","templated":true}]}}