{"id":1363,"date":"2020-08-30T10:16:07","date_gmt":"2020-08-30T10:16:07","guid":{"rendered":"http:\/\/healthtourismcenterturkey.com\/?page_id=1363"},"modified":"2020-09-12T17:02:41","modified_gmt":"2020-09-12T17:02:41","slug":"pterjium","status":"publish","type":"page","link":"https:\/\/healthtourismcenterturkey.com\/en\/goz-ameliyatlari\/goz-hastaliklari\/pterjium\/","title":{"rendered":"PTERYGIUM"},"content":{"rendered":"<div class=\"col-12 col-lg-6\">\n<h1 class=\"font__family-montserrat font__size-28 line__height-32 text-uppercase mb-35\"><span class=\"font__weight-light\">PTERYGIUM TREATMENT<\/span><\/h1>\n<p class=\"brk-dark-font-color font__size-16 font__weight-normal line__height-26 mb-10\"><span style=\"font-size: 14pt;\">Pterygium, otherwise known as surfer's eye, is a condition characterized by a pink, fleshy, wedge-shaped growth on the white part of the eyeball. Pterygium, which is seen more frequently in men than women, is more common in individuals who work outdoors and are exposed to ultraviolet rays.<\/span><\/p>\n<p><img loading=\"lazy\" decoding=\"async\" class=\"alignnone size-full wp-image-1552\" src=\"http:\/\/healthtourismcenterturkey.com\/wp-content\/uploads\/2020\/09\/585x678_2-17.jpg\" alt=\"\" width=\"585\" height=\"678\" srcset=\"https:\/\/healthtourismcenterturkey.com\/wp-content\/uploads\/2020\/09\/585x678_2-17.jpg 585w, https:\/\/healthtourismcenterturkey.com\/wp-content\/uploads\/2020\/09\/585x678_2-17-259x300.jpg 259w\" sizes=\"(max-width: 585px) 100vw, 585px\" \/><\/p>\n<h1>Symptoms of Pterygium<\/h1>\n<p class=\"brk-dark-font-color font__size-16 font__weight-normal line__height-26 mb-10\"><span style=\"font-size: 14pt;\">A pterygium doesn\u2019t always cause symptoms. When it does, the symptoms are usually mild. Common symptoms include redness, blurred vision, and eye irritation. You might also feel a burning sensation or itchiness. If a pterygium grows large enough to cover your cornea, it can interfere with your vision. Thick or larger pterygium can also cause you to feel like you have a foreign object in your eye. You might not be able to continue wearing contact lenses when you have a pterygium due to discomfort.<\/span><\/p>\n<p>&nbsp;<\/p>\n<h1>Growth on the eye is not just an aesthetic problem.<\/h1>\n<p class=\"brk-dark-font-color font__size-16 font__weight-normal line__height-26 mb-10\"><span style=\"font-size: 14pt;\">Growth on the eyes should not be considered only as an aesthetic problem. In cases\nwhere pterygium progression is not treated, it can stick on the cornea and cause\ndeformation on the it. This may lead to the progression of astigmatism characterized by\nblurred vision.<\/span><\/p>\n<p>&nbsp;<\/p>\n<h1>Pterygium Treatment<\/h1>\n<p class=\"brk-dark-font-color font__size-16 font__weight-normal line__height-26\"><span style=\"font-size: 14pt;\">Pterygium is a surgically treatable disease. Surgical treatment should be performed\nespecially in cases of progressive pterygium that appears on the corneal surface.<\/span><\/p>\n<\/div>\n<div class=\"col-12 col-lg-6\"><\/div>\n<div><\/div>\n<p>&nbsp;<\/p>","protected":false},"excerpt":{"rendered":"<p>PTERJ\u0130UM TEDAV\u0130S\u0130 \u00dclkemizde yayg\u0131n olarak g\u00f6zlenen ve \u00fclkemizde \u201cmelek kanad\u0131\u201d, yurt d\u0131\u015f\u0131nda \u201cs\u00f6rf\u00e7\u00fc g\u00f6z\u00fc\u201d olarak bilinen ve halk aras\u0131nda g\u00f6zde et b\u00fcy\u00fcmesi ya da g\u00f6zde et y\u00fcr\u00fcmesi olarak ifade edilen hastal\u0131\u011f\u0131n latince ad\u0131 pterjium dur. Erkeklerde kad\u0131nlara g\u00f6re daha s\u0131kl\u0131kla g\u00f6r\u00fclebilen pterjium hastal\u0131\u011f\u0131, a\u00e7\u0131k havada \u00e7al\u0131\u015fan ve ultraviyole \u0131\u015f\u0131nlarla maruz kalan bireylerde daha s\u0131kl\u0131kla g\u00f6r\u00fclmektedir. [&hellip;]<\/p>","protected":false},"author":2,"featured_media":0,"parent":1292,"menu_order":0,"comment_status":"closed","ping_status":"closed","template":"","meta":{"footnotes":""},"class_list":["post-1363","page","type-page","status-publish","hentry"],"acf":[],"_links":{"self":[{"href":"https:\/\/healthtourismcenterturkey.com\/en\/wp-json\/wp\/v2\/pages\/1363"}],"collection":[{"href":"https:\/\/healthtourismcenterturkey.com\/en\/wp-json\/wp\/v2\/pages"}],"about":[{"href":"https:\/\/healthtourismcenterturkey.com\/en\/wp-json\/wp\/v2\/types\/page"}],"author":[{"embeddable":true,"href":"https:\/\/healthtourismcenterturkey.com\/en\/wp-json\/wp\/v2\/users\/2"}],"replies":[{"embeddable":true,"href":"https:\/\/healthtourismcenterturkey.com\/en\/wp-json\/wp\/v2\/comments?post=1363"}],"version-history":[{"count":8,"href":"https:\/\/healthtourismcenterturkey.com\/en\/wp-json\/wp\/v2\/pages\/1363\/revisions"}],"predecessor-version":[{"id":1858,"href":"https:\/\/healthtourismcenterturkey.com\/en\/wp-json\/wp\/v2\/pages\/1363\/revisions\/1858"}],"up":[{"embeddable":true,"href":"https:\/\/healthtourismcenterturkey.com\/en\/wp-json\/wp\/v2\/pages\/1292"}],"wp:attachment":[{"href":"https:\/\/healthtourismcenterturkey.com\/en\/wp-json\/wp\/v2\/media?parent=1363"}],"curies":[{"name":"wp","href":"https:\/\/api.w.org\/{rel}","templated":true}]}}