{"id":1361,"date":"2020-08-30T10:15:25","date_gmt":"2020-08-30T10:15:25","guid":{"rendered":"http:\/\/healthtourismcenterturkey.com\/?page_id=1361"},"modified":"2020-09-12T16:59:09","modified_gmt":"2020-09-12T16:59:09","slug":"sasilik","status":"publish","type":"page","link":"https:\/\/healthtourismcenterturkey.com\/en\/goz-ameliyatlari\/goz-hastaliklari\/sasilik\/","title":{"rendered":"STRABISMUS"},"content":{"rendered":"<div class=\"row pt-80\">\n<div class=\"col-12 col-lg-6\">\n<h1 class=\"font__family-montserrat font__size-28 line__height-32 text-uppercase mb-35\"><span class=\"font__weight-light\">STRABISMUS TREATMENT<\/span><\/h1>\n<p class=\"brk-dark-font-color font__size-16 font__weight-normal line__height-26 mb-10\"><span style=\"font-size: 14pt;\">Although eyes are our organs of vision, it has a more complex network, vein and muscle\nstructure when compared to other organs. There are 6 muscles for each eye that enable our\neyes to move in horizontal and vertical axis.<\/span><\/p>\n<p class=\"brk-dark-font-color font__size-16 font__weight-normal line__height-26 mb-10\"><span style=\"font-size: 14pt;\">Strabismus can be expressed as the condition where two eyes are at different points, not in\nparallel. The reason is that the muscles controlling the eye in the outer part of the eyes are\nmechanically less or more powerful.<\/span><\/p>\n<p class=\"brk-dark-font-color font__size-16 font__weight-normal line__height-26 mb-10\"><span style=\"font-size: 14pt;\">Strabismus, also known as crossed eyes in common language, is referred to as \"Strabismus\" in Latin.<\/span><\/p>\n<h2 class=\"brk-dark-font-color font__size-16 font__weight-normal line__height-26\"><span class=\"font__weight-light\">Anatomical Classification of Strabismus<\/span><\/h2>\n<p class=\"brk-dark-font-color font__size-16 font__weight-normal line__height-26 mb-10\"><span style=\"font-size: 14pt;\">Strabismus can be temporary or permanent. Sometimes, strabismus is on one eye,\nsometimes is on both eyes. In order to make a classification, one eye is taken as reference,<\/span><\/p>\n<ul>\n<li class=\"brk-dark-font-color font__size-16 font__weight-normal line__height-26\"><span class=\"font__weight-light\" style=\"font-size: 14pt;\">\u00a0Esotropia is a form of strabismus in which one or both eyes turns inward.<\/span><\/li>\n<li class=\"brk-dark-font-color font__size-16 font__weight-normal line__height-26\"><span class=\"font__weight-light\" style=\"font-size: 14pt;\">\u00a0Exotropia is a form of strabismus where the eyes are deviated outward.<\/span><\/li>\n<li class=\"brk-dark-font-color font__size-16 font__weight-normal line__height-26\"><span class=\"font__weight-light\" style=\"font-size: 14pt;\">\u00a0Hhypotropia is a condition of misalignment of the eyes (strabismus), whereby the visual axis of one eye is higher than the fellow fixating eye.<\/span><\/li>\n<li class=\"brk-dark-font-color font__size-16 font__weight-normal line__height-26\"><span class=\"font__weight-light\" style=\"font-size: 14pt;\">\u00a0In hypertropia, referred to as hypertropia in Latin, one eye is positioned higher than the reference eye.<\/span><\/li>\n<\/ul>\n<\/div>\n<\/div>\n<div class=\"col-12 col-lg-6\"><\/div>\n<div><img loading=\"lazy\" decoding=\"async\" class=\"alignnone size-full wp-image-1549\" src=\"http:\/\/healthtourismcenterturkey.com\/wp-content\/uploads\/2020\/09\/585x678_2-16.jpg\" alt=\"\" width=\"585\" height=\"678\" srcset=\"https:\/\/healthtourismcenterturkey.com\/wp-content\/uploads\/2020\/09\/585x678_2-16.jpg 585w, https:\/\/healthtourismcenterturkey.com\/wp-content\/uploads\/2020\/09\/585x678_2-16-259x300.jpg 259w\" sizes=\"(max-width: 585px) 100vw, 585px\" \/><\/div>\n<div class=\"overflow-hid position-static position-lg-relative pb-100\">\n<h2 class=\"brk-dark-font-color font__size-16 font__weight-normal line__height-26\"><span class=\"font__weight-light\">Causes of Strabismus<\/span><\/h2>\n<h3 class=\"brk-dark-font-color font__size-16 font__weight-normal line__height-26 mb-10\">Strabismus does not occur due to a single cause; it can develop from multiple factors. To briefly mention the causes:<\/h3>\n<ul>\n<li class=\"brk-dark-font-color font__size-16 font__weight-normal line__height-26\"><span class=\"font__weight-light\" style=\"font-size: 14pt;\">\u00a0Prenatal problems, problems at birth<\/span><\/li>\n<li class=\"brk-dark-font-color font__size-16 font__weight-normal line__height-26\"><span class=\"font__weight-light\" style=\"font-size: 14pt;\">\u00a0Genetic predisposition<\/span><\/li>\n<li class=\"brk-dark-font-color font__size-16 font__weight-normal line__height-26\"><span class=\"font__weight-light\" style=\"font-size: 14pt;\">\u00a0Medical conditions in childhood<\/span><\/li>\n<li class=\"brk-dark-font-color font__size-16 font__weight-normal line__height-26\"><span class=\"font__weight-light\" style=\"font-size: 14pt;\">\u00a0Eye disorders should be checked out in 2-3 year old and older children who have\nstrabismus. In addition, strabismus may result from fever-related diseases, falling,\nsurgeries or any accident.<\/span><\/li>\n<li class=\"brk-dark-font-color font__size-16 font__weight-normal line__height-26\"><span class=\"font__weight-light\" style=\"font-size: 14pt;\">\u00a0Accidents and head trauma may lead paralysis developed in the brain\u2019s optical center.\nThis can affect eye muscles and cause strabismus.<\/span><\/li>\n<li class=\"brk-dark-font-color font__size-16 font__weight-normal line__height-26 mb-30\"><span class=\"font__weight-light\" style=\"font-size: 14pt;\">\u00a0Uncontrolled high blood pressure and high blood sugar levels may damage the brains\u2019s\noptical center.<\/span><\/li>\n<\/ul>\n<h2><span class=\"font__weight-light\">\u00a0Symptoms of Strabismus:<\/span><\/h2>\n<ul>\n<li class=\"brk-dark-font-color font__size-16 font__weight-normal line__height-26 mb-10\"><span style=\"font-size: 14pt;\">\u00a0Disruption of the existing symmetry between the eyes.<\/span><\/li>\n<li class=\"brk-dark-font-color font__size-16 font__weight-normal line__height-26\"><span class=\"font__weight-light\" style=\"font-size: 14pt;\">\u00a0Watering eyes in high frequency or at irregular intervals.<\/span><\/li>\n<li class=\"brk-dark-font-color font__size-16 font__weight-normal line__height-26\"><span class=\"font__weight-light\" style=\"font-size: 14pt;\">\u00a0Pain in the eye and the brain<\/span><\/li>\n<li class=\"brk-dark-font-color font__size-16 font__weight-normal line__height-26\"><span class=\"font__weight-light\" style=\"font-size: 14pt;\">\u00a0In general, the occurrence of double vision of objects or the decrease or disappearance\nof 3D (three-dimensional) vision.<\/span><\/li>\n<li class=\"brk-dark-font-color font__size-16 font__weight-normal line__height-26\"><span class=\"font__weight-light\" style=\"font-size: 14pt;\">\u00a0Blurry vision is the most common symptom of strabismus.<\/span><\/li>\n<li class=\"brk-dark-font-color font__size-16 font__weight-normal line__height-26 mb-20\"><span class=\"font__weight-light\" style=\"font-size: 14pt;\">\u00a0Nesneleri ve bireyleri flu ve bulan\u0131k g\u00f6rme \u015fa\u015f\u0131l\u0131k belirtileri aras\u0131nda en s\u0131k rastlanan belirtilerdir<\/span><\/li>\n<\/ul>\n<h2 class=\"brk-dark-font-color font__size-16 font__weight-normal line__height-26\"><span class=\"font__weight-light\">Types of Strabismus<\/span><\/h2>\n<p class=\"brk-dark-font-color font__size-16 font__weight-normal line__height-26 mb-10\"><span style=\"font-size: 14pt;\">Considering the types of strabismus seen in the society, the most common ones can be\nclassified as congenital strabismus, hidden strabismus condition, strabismus caused by\nrefractive errors in the eye, strabismus caused by paralysis, strabismus in adults and\nspecial strabismus conditions.<\/span><\/p>\n<h2 class=\"brk-dark-font-color font__size-16 font__weight-normal line__height-26\"><span class=\"font__weight-light\">Congenital Strabismus<\/span><\/h2>\n<p class=\"brk-dark-font-color font__size-16 font__weight-normal line__height-26\"><span style=\"font-size: 14pt;\">Congenital Strabismus usually starts within the first months of birth and becomes\nprominent within a year. Regular ophthalmologist controls become important in terms of\ntreatment and early diagnosis. Within the first months after birth, congenital strabismus\ncan be diagnosed with a detailed eye examination performed by an ophthalmologist.\nPeriodic check-up may be requested.<\/span><\/p>\n<p class=\"brk-dark-font-color font__size-16 font__weight-normal line__height-26 mb-10\"><span style=\"font-size: 14pt;\">Since low and moderate hypermetropia can be generally observed in babies, we\nrecommend that families to take their babies to an ophthalmologist to make an\nexamination as soon as when they notice strabismus in their children.<\/span><\/p>\n<h2 class=\"brk-dark-font-color font__size-16 font__weight-normal line__height-26\"><span class=\"font__weight-light\">Strabismus Caused by Refractive Defects<\/span><\/h2>\n<p class=\"brk-dark-font-color font__size-16 font__weight-normal line__height-26 mb-10\"><span style=\"font-size: 14pt;\">It generally starts at the age of 1-2, depending on the refractive error in the eye. It is a\ntype of strabismus common in children with severe hyperopia. In this condition, the\nstrabismus can be eliminated completely or partially. Strabismus may start all of a\nsudden. Falling or high fever may result in strabismus.<\/span><\/p>\n<h2 class=\"brk-dark-font-color font__size-16 font__weight-normal line__height-26\"><span class=\"font__weight-light\">Hidden Strabismus<\/span><\/h2>\n<p class=\"brk-dark-font-color font__size-16 font__weight-normal line__height-26 mb-10\"><span style=\"font-size: 14pt;\">It is a type of strabismus that can be physically observed externally by closing one of the\neyes. It is a very common type of strabismus in Turkey. When both eyes are open, this\ntype of strabismus can only be distinguished by an ophthalmologist. Patient complaints\nare more intense if the patient also has refractive eye defects. In particular, headache\nwhile reading is the most frequently reported complaint by the patients with strabismus.<\/span><\/p>\n<h2 class=\"brk-dark-font-color font__size-16 font__weight-normal line__height-26\"><span class=\"font__weight-light\">Strabismus Caused by Paralysis<\/span><\/h2>\n<p class=\"brk-dark-font-color font__size-16 font__weight-normal line__height-26 mb-10\"><span style=\"font-size: 14pt;\">Difficult labour, trauma or high fever experienced in infancy, multiple sclerosis (MS) and\nsimilar diseases affecting the nervous system, intracranial tumors and cysts may be the\ncauses of strabismus. In such cases, when the brain\u2019s optical center is damaged, patients\ngenerally complain about double vision. Strabismus caused by a temporary paralysis in\nyoung ages can be permanent in adolescence and adulthood.<\/span><\/p>\n<h2 class=\"brk-dark-font-color font__size-16 font__weight-normal line__height-26\"><span class=\"font__weight-light\">Strabismus in Adults<\/span><\/h2>\n<p class=\"brk-dark-font-color font__size-16 font__weight-normal line__height-26 mb-10\"><span style=\"font-size: 14pt;\">Strabismus occurred in adolescence and adulthood is generally observed as exotropia. It\nmay occur due to the excessive or the deficient work of the outer muscles that provide\nthe inner movement of the eye.<\/span><\/p>\n<h2 class=\"brk-dark-font-color font__size-16 font__weight-normal line__height-26\"><span class=\"font__weight-light\">Special Types of Strabismus<\/span><\/h2>\n<p class=\"brk-dark-font-color font__size-16 font__weight-normal line__height-26 mb-10\"><span style=\"font-size: 14pt;\">Sometimes, functional (functional) disorders in the muscles may be encountered with birth. Amblyopia is an issue to be considered in strabismus due to functional reasons.<\/span><\/p>\n<\/div>\n<p><\/br><\/br><\/p>","protected":false},"excerpt":{"rendered":"<p>\u015eA\u015eILIK TEDAV\u0130S\u0130 G\u00f6z, g\u00f6rme organ\u0131m\u0131z olmakla birlikte v\u00fccudumuzun geneline bak\u0131ld\u0131\u011f\u0131nda daha karma\u015f\u0131k bir a\u011f, damar ve kas yap\u0131s\u0131n\u0131 sahiptir. G\u00f6z d\u0131\u015f\u0131nda her g\u00f6z i\u00e7in bulunan 6 kas g\u00f6z\u00fcm\u00fcz\u00fcn yatay ve dikey eksende hareketi sa\u011flamaktad\u0131r. \u015ea\u015f\u0131l\u0131k ise, iki g\u00f6z\u00fcn d\u00fczlemsel olarak farkl\u0131 noktada olan, paralel durumda olmad\u0131klar\u0131 durum olarak ifade edilebilmektedir. Sebebi ise, her iki g\u00f6zde [&hellip;]<\/p>","protected":false},"author":2,"featured_media":0,"parent":1292,"menu_order":0,"comment_status":"closed","ping_status":"closed","template":"","meta":{"footnotes":""},"class_list":["post-1361","page","type-page","status-publish","hentry"],"acf":[],"_links":{"self":[{"href":"https:\/\/healthtourismcenterturkey.com\/en\/wp-json\/wp\/v2\/pages\/1361"}],"collection":[{"href":"https:\/\/healthtourismcenterturkey.com\/en\/wp-json\/wp\/v2\/pages"}],"about":[{"href":"https:\/\/healthtourismcenterturkey.com\/en\/wp-json\/wp\/v2\/types\/page"}],"author":[{"embeddable":true,"href":"https:\/\/healthtourismcenterturkey.com\/en\/wp-json\/wp\/v2\/users\/2"}],"replies":[{"embeddable":true,"href":"https:\/\/healthtourismcenterturkey.com\/en\/wp-json\/wp\/v2\/comments?post=1361"}],"version-history":[{"count":6,"href":"https:\/\/healthtourismcenterturkey.com\/en\/wp-json\/wp\/v2\/pages\/1361\/revisions"}],"predecessor-version":[{"id":1853,"href":"https:\/\/healthtourismcenterturkey.com\/en\/wp-json\/wp\/v2\/pages\/1361\/revisions\/1853"}],"up":[{"embeddable":true,"href":"https:\/\/healthtourismcenterturkey.com\/en\/wp-json\/wp\/v2\/pages\/1292"}],"wp:attachment":[{"href":"https:\/\/healthtourismcenterturkey.com\/en\/wp-json\/wp\/v2\/media?parent=1361"}],"curies":[{"name":"wp","href":"https:\/\/api.w.org\/{rel}","templated":true}]}}