{"id":1359,"date":"2020-08-30T10:15:11","date_gmt":"2020-08-30T10:15:11","guid":{"rendered":"http:\/\/healthtourismcenterturkey.com\/?page_id=1359"},"modified":"2020-09-04T22:33:54","modified_gmt":"2020-09-04T22:33:54","slug":"arpacik","status":"publish","type":"page","link":"https:\/\/healthtourismcenterturkey.com\/en\/goz-ameliyatlari\/goz-hastaliklari\/arpacik\/","title":{"rendered":"EYE STYE"},"content":{"rendered":"<div class=\"col-12 col-lg-6\">\n<div class=\"col-12 col-lg-6\">\n<h1 class=\"font__family-montserrat font__size-28 line__height-32 text-uppercase mb-35\"><span class=\"font__weight-light\">EYE STYE TREATMENT<\/span><\/h1>\n<p class=\"brk-dark-font-color font__size-16 font__weight-normal line__height-26 mb-10\"><span style=\"font-size: 14pt;\">There are oil-producing glands called meibomian, zeis, and moll near the eyelash roots on\nthe eyelids. Infection of these glands is called a stye, also known as hordeleum.<\/span><\/p>\n<p>&nbsp;<\/p>\n<h2 class=\"brk-dark-font-color font__size-16 font__weight-normal line__height-26\"><span class=\"font__weight-light\">Why Does A Stye Occur?<\/span><\/h2>\n<p class=\"brk-dark-font-color font__size-16 font__weight-normal line__height-26 mb-10\"><span style=\"font-size: 14pt;\">One of the most common types of bacteria that cause stye infections is S. Aureus. This\ntype of infection is seen more often when the body resistance is low, immune system is\nweakened, and when there are hormonal changes in the body.<\/span><\/p>\n<h2 class=\"brk-dark-font-color font__size-16 font__weight-normal line__height-26\"><span class=\"font__weight-light\">How Is Stye Treatment Performed?<\/span><\/h2>\n<p class=\"brk-dark-font-color font__size-16 font__weight-normal line__height-26\"><span style=\"font-size: 14pt;\">Style treatment is commonly performed with antibiotic pomade and antibiotic drops. It is\nnecessary to apply a hot compress 3 times a day for 10 minutes. In rare cases, when the\ninfection grows and causes tissue inflammation, oral systemic antibiotics and antiinflammatory medication may be required.<\/span><\/p>\n<\/div>\n<\/div>\n<div class=\"col-12 col-lg-6\"><\/div>\n<div><img loading=\"lazy\" decoding=\"async\" class=\"alignnone wp-image-1546\" src=\"http:\/\/healthtourismcenterturkey.com\/wp-content\/uploads\/2020\/09\/585x678_2-15.jpg\" alt=\"\" width=\"516\" height=\"598\" srcset=\"https:\/\/healthtourismcenterturkey.com\/wp-content\/uploads\/2020\/09\/585x678_2-15.jpg 585w, https:\/\/healthtourismcenterturkey.com\/wp-content\/uploads\/2020\/09\/585x678_2-15-259x300.jpg 259w\" sizes=\"(max-width: 516px) 100vw, 516px\" \/><\/div>\n<div><\/div>\n<p><\/br><\/br><\/p>","protected":false},"excerpt":{"rendered":"<p>ARPACIK TEDAV\u0130S\u0130 G\u00f6z kapaklar\u0131nda kirpik k\u00f6klerine yak\u0131n meibomian, zeis, moll olarak adland\u0131r\u0131lan ya\u011f \u00fcreten (sebase) bezler yer almaktad\u0131r. Bunlar\u0131n bakteriler taraf\u0131ndan enfekte olmas\u0131 sonucunda olu\u015fan enfeksiyona latince ad\u0131 hordeleum olan arpac\u0131k ad\u0131 verilmektedir. &nbsp; Arpac\u0131k Neden Olu\u015fur? Arpac\u0131k olu\u015fmas\u0131n\u0131n nedenini yaz\u0131m\u0131z\u0131n ba\u015f\u0131nda bakteri kaynakl\u0131 oldu\u011fundan bahsetmi\u015ftik. Arpac\u0131k enfeksiyonlar\u0131ndan en s\u0131k sebep olan bakteri t\u00fcrlerinden biri [&hellip;]<\/p>","protected":false},"author":2,"featured_media":0,"parent":1292,"menu_order":0,"comment_status":"closed","ping_status":"closed","template":"","meta":{"footnotes":""},"class_list":["post-1359","page","type-page","status-publish","hentry"],"acf":[],"_links":{"self":[{"href":"https:\/\/healthtourismcenterturkey.com\/en\/wp-json\/wp\/v2\/pages\/1359"}],"collection":[{"href":"https:\/\/healthtourismcenterturkey.com\/en\/wp-json\/wp\/v2\/pages"}],"about":[{"href":"https:\/\/healthtourismcenterturkey.com\/en\/wp-json\/wp\/v2\/types\/page"}],"author":[{"embeddable":true,"href":"https:\/\/healthtourismcenterturkey.com\/en\/wp-json\/wp\/v2\/users\/2"}],"replies":[{"embeddable":true,"href":"https:\/\/healthtourismcenterturkey.com\/en\/wp-json\/wp\/v2\/comments?post=1359"}],"version-history":[{"count":6,"href":"https:\/\/healthtourismcenterturkey.com\/en\/wp-json\/wp\/v2\/pages\/1359\/revisions"}],"predecessor-version":[{"id":1791,"href":"https:\/\/healthtourismcenterturkey.com\/en\/wp-json\/wp\/v2\/pages\/1359\/revisions\/1791"}],"up":[{"embeddable":true,"href":"https:\/\/healthtourismcenterturkey.com\/en\/wp-json\/wp\/v2\/pages\/1292"}],"wp:attachment":[{"href":"https:\/\/healthtourismcenterturkey.com\/en\/wp-json\/wp\/v2\/media?parent=1359"}],"curies":[{"name":"wp","href":"https:\/\/api.w.org\/{rel}","templated":true}]}}