{"id":1357,"date":"2020-08-30T10:14:51","date_gmt":"2020-08-30T10:14:51","guid":{"rendered":"http:\/\/healthtourismcenterturkey.com\/?page_id=1357"},"modified":"2022-03-24T18:50:55","modified_gmt":"2022-03-24T18:50:55","slug":"afaki-goz-hastaligi","status":"publish","type":"page","link":"https:\/\/healthtourismcenterturkey.com\/en\/goz-ameliyatlari\/goz-hastaliklari\/afaki-goz-hastaligi\/","title":{"rendered":"Aphakia"},"content":{"rendered":"<div class=\"col-12 col-lg-6\">\n<h1 class=\"font__family-montserrat font__size-28 line__height-32 text-uppercase mb-35\"><span class=\"font__weight-light\">APHAKIA TREATMENT<\/span><\/h1>\n<p class=\"brk-dark-font-color font__size-16 font__weight-normal line__height-26 mb-10\"><span style=\"font-size: 14pt;\">Aphakia is expressed as the absence of the crystalline lens in the eye. Aphakia is an eye\ndisorder which is characterized by the absence of the lens that can be observed in one or\nboth eyes.<\/span><\/p>\n<h2 class=\"brk-dark-font-color font__size-16 font__weight-normal line__height-26\"><span class=\"font__weight-light\">What are the Causes of Aphakia?<\/span><\/h2>\n<p><span style=\"font-size: 14pt;\">Hereditary transmission is among the causes of aphakia. Apart from this, eye ulcers can\noccur as a result of a foreign substance penetrating the eye, or any surgical operation\nperformed on the eye.<\/span><\/p>\n<p><img loading=\"lazy\" decoding=\"async\" class=\"alignnone size-full wp-image-2186\" src=\"https:\/\/healthtourismcenterturkey.com\/wp-content\/uploads\/2022\/03\/AFAKI-GOZ-HASTALIGI.jpg\" alt=\"\" width=\"748\" height=\"500\" srcset=\"https:\/\/healthtourismcenterturkey.com\/wp-content\/uploads\/2022\/03\/AFAKI-GOZ-HASTALIGI.jpg 748w, https:\/\/healthtourismcenterturkey.com\/wp-content\/uploads\/2022\/03\/AFAKI-GOZ-HASTALIGI-300x201.jpg 300w\" sizes=\"(max-width: 748px) 100vw, 748px\" \/><\/p>\n<p>&nbsp;<\/p>\n<h2 class=\"brk-dark-font-color font__size-16 font__weight-normal line__height-26\"><span class=\"font__weight-light\">What are the Symptoms of Aphakia?<\/span><\/h2>\n<p class=\"brk-dark-font-color font__size-16 font__weight-normal line__height-26\"><span style=\"font-size: 14pt;\">One of the most important symptoms of aphakia is Glaucoma disease, which is\ncharacterized by the inability to overcome the intraocular fluid pressure. In addition,\npatients talk about their inability to focus their eyes and inability to see near during eye\nexamination.<\/span><\/p>\n<h2 class=\"brk-dark-font-color font__size-16 font__weight-normal line__height-26\"><span class=\"font__weight-light\">How to Treat Aphakia?<\/span><\/h2>\n<p class=\"brk-dark-font-color font__size-16 font__weight-normal line__height-26\"><span style=\"font-size: 14pt;\">For the treatment of aphakia, a diagnosis is made by a specialist in ophthalmology.\nAfterwards, the treatment process is carried out with the ophthalmologist's\nrecommendation of personalized glasses or lenses.<\/span><\/p>\n<\/div>\n<div class=\"col-12 col-lg-6\"><\/div>\n<p>&nbsp;<\/p>","protected":false},"excerpt":{"rendered":"<p>AFAK\u0130 G\u00d6Z HASTALI\u011eI TEDAV\u0130S\u0130 Afaki g\u00f6z hastal\u0131\u011f\u0131, genel oftalmoloji kitaplar\u0131nda yer alan g\u00f6z terimleri s\u00f6zl\u00fcklerinde Kristalin lensin yoklu\u011fu olarak ifade edilmektedir. G\u00f6z rahats\u0131zl\u0131klar\u0131ndan biri olan afaki g\u00f6z hastal\u0131\u011f\u0131, g\u00f6zlerden birinde ya da her ikisinde birden g\u00f6zlemlenebilen, g\u00f6z merce\u011finin bulunmamas\u0131 ile karakterize bir sa\u011fl\u0131k sorunudur. Afaki G\u00f6z Hastal\u0131\u011f\u0131 Sebepleri Nelerdir? Afaki g\u00f6z hastal\u0131\u011f\u0131n\u0131n sebepleri aras\u0131nda \u00f6ncelikli [&hellip;]<\/p>","protected":false},"author":2,"featured_media":0,"parent":1292,"menu_order":0,"comment_status":"closed","ping_status":"closed","template":"","meta":{"footnotes":""},"class_list":["post-1357","page","type-page","status-publish","hentry"],"acf":[],"_links":{"self":[{"href":"https:\/\/healthtourismcenterturkey.com\/en\/wp-json\/wp\/v2\/pages\/1357"}],"collection":[{"href":"https:\/\/healthtourismcenterturkey.com\/en\/wp-json\/wp\/v2\/pages"}],"about":[{"href":"https:\/\/healthtourismcenterturkey.com\/en\/wp-json\/wp\/v2\/types\/page"}],"author":[{"embeddable":true,"href":"https:\/\/healthtourismcenterturkey.com\/en\/wp-json\/wp\/v2\/users\/2"}],"replies":[{"embeddable":true,"href":"https:\/\/healthtourismcenterturkey.com\/en\/wp-json\/wp\/v2\/comments?post=1357"}],"version-history":[{"count":9,"href":"https:\/\/healthtourismcenterturkey.com\/en\/wp-json\/wp\/v2\/pages\/1357\/revisions"}],"predecessor-version":[{"id":2188,"href":"https:\/\/healthtourismcenterturkey.com\/en\/wp-json\/wp\/v2\/pages\/1357\/revisions\/2188"}],"up":[{"embeddable":true,"href":"https:\/\/healthtourismcenterturkey.com\/en\/wp-json\/wp\/v2\/pages\/1292"}],"wp:attachment":[{"href":"https:\/\/healthtourismcenterturkey.com\/en\/wp-json\/wp\/v2\/media?parent=1357"}],"curies":[{"name":"wp","href":"https:\/\/api.w.org\/{rel}","templated":true}]}}