{"id":1355,"date":"2020-08-30T10:14:09","date_gmt":"2020-08-30T10:14:09","guid":{"rendered":"http:\/\/healthtourismcenterturkey.com\/?page_id=1355"},"modified":"2020-11-25T18:24:07","modified_gmt":"2020-11-25T18:24:07","slug":"goz-kurulugu","status":"publish","type":"page","link":"https:\/\/healthtourismcenterturkey.com\/en\/goz-ameliyatlari\/goz-hastaliklari\/goz-kurulugu\/","title":{"rendered":"DRY EYE TREATMENT"},"content":{"rendered":"<div class=\"row pt-80\">\n<div class=\"col-12 col-lg-6\">\n<h1 class=\"font__family-montserrat font__size-28 line__height-32 text-uppercase mb-35\"><span class=\"font__weight-light\">Dry Eye Treatment<\/span><\/h1>\n<p class=\"brk-dark-font-color font__size-16 font__weight-normal line__height-26 mb-10\"><span style=\"font-size: 14pt;\">Dry eye syndrome, also known as dry eye, is the name of the disorder caused by\ninadequate production of tears, insufficient quality of tears, and tears\u2019 inability to form a\ngood quality layer on the eye. Dry eye disease is a condition whose incidence has\nincreased especially with the development of the industrial society. An ophthalmologist's\nexamination is required for the diagnosis and treatment of dry eye disease.<\/span><\/p>\n<h2 class=\"brk-dark-font-color font__size-16 font__weight-normal line__height-26\"><span class=\"font__weight-light\">Dry Eye and Tears<\/span><\/h2>\n<p class=\"brk-dark-font-color font__size-16 font__weight-normal line__height-26 mb-10\"><span style=\"font-size: 14pt;\">Tears are composed of 97.8% water, 0.9% sodium chloride and 0.4% protein. They have\nsame osmotic pressure as body fluids (globulin, albumin, etc.). They provide moisture for\neyes. Eyes are washed regularly with tears. In addition, they are crucial to prevent any\ninfection that may occur on eye surface, and prevents the particles adhere to eye.<\/span><\/p>\n<h2 class=\"brk-dark-font-color font__size-16 font__weight-normal line__height-26\"><span class=\"font__weight-light\">How Does Dry Eye Develop?<\/span><\/h2>\n<p class=\"brk-dark-font-color font__size-16 font__weight-normal line__height-26\"><span style=\"font-size: 14pt;\">In today's society, both the effect of greenhouse gases, the poor quality of the air we\nbreathe, and the adverse health conditions created by ourselves, our tear gland cannot\nperform a qualified eye wash. Dry eye syndrome is a disorder that is more common in\nelderly people and in individuals who work intensively at their desk. It is more common in\nwomen after menopause. Dry eye caused by vitamin A deficiency is observed in\nunderdeveloped countries.<\/span><\/p>\n<\/div>\n<\/div>\n<div class=\"col-12 col-lg-6\"><\/div>\n<div><img loading=\"lazy\" decoding=\"async\" class=\"alignnone size-full wp-image-1543\" src=\"http:\/\/healthtourismcenterturkey.com\/wp-content\/uploads\/2020\/09\/585x678_2-13.jpg\" alt=\"\" width=\"585\" height=\"678\" srcset=\"https:\/\/healthtourismcenterturkey.com\/wp-content\/uploads\/2020\/09\/585x678_2-13.jpg 585w, https:\/\/healthtourismcenterturkey.com\/wp-content\/uploads\/2020\/09\/585x678_2-13-259x300.jpg 259w\" sizes=\"(max-width: 585px) 100vw, 585px\" \/><\/div>\n<div><\/div>\n<div class=\"overflow-hid position-static position-lg-relative pb-100\">\n<p class=\"brk-dark-font-color font__size-16 font__weight-normal line__height-26 mb-30\"><span style=\"font-size: 14pt;\">In addition, the use of drugs such as antihistamines, beta-blockers and diuretics can\ncause the development of dry eye.<\/span><\/p>\n<h2 class=\"brk-dark-font-color font__size-16 font__weight-normal line__height-26\"><span class=\"font__weight-light\">Symptoms of Dry Eye Syndrome:<\/span><\/h2>\n<h3 class=\"brk-dark-font-color font__size-16 font__weight-normal line__height-26 mb-10\">Dry eye syndrome has obvious symptoms that can be understood by patients.<\/h3>\n<ul>\n<li class=\"brk-dark-font-color font__size-16 font__weight-normal line__height-26\"><span class=\"font__weight-light\" style=\"font-size: 14pt;\">\u00a0Development of a stinging sensation and burning sensation<\/span><\/li>\n<li class=\"brk-dark-font-color font__size-16 font__weight-normal line__height-26\"><span class=\"font__weight-light\" style=\"font-size: 14pt;\">\u00a0Having a viscous and dense fluid in and around the eye<\/span><\/li>\n<li class=\"brk-dark-font-color font__size-16 font__weight-normal line__height-26\"><span class=\"font__weight-light\" style=\"font-size: 14pt;\">\u00a0Redness of the eye<\/span><\/li>\n<li class=\"brk-dark-font-color font__size-16 font__weight-normal line__height-26\"><span class=\"font__weight-light\" style=\"font-size: 14pt;\">\u00a0If contact lenses are used, increased sensation of stinging when using lenses<\/span><\/li>\n<li class=\"brk-dark-font-color font__size-16 font__weight-normal line__height-26 mb-10\"><span class=\"font__weight-light\" style=\"font-size: 14pt;\">\u00a0At times, feeling of excessive watering and tiredness<\/span><\/li>\n<\/ul>\n<p>&nbsp;<\/p>\n<p class=\"brk-dark-font-color font__size-16 font__weight-normal line__height-26 mb-10\"><span style=\"font-size: 14pt;\">Dry eye is measured with the Schirmer test. The Schirmer test can be performed by an\nophthalmologist. An ophthalmologist's control is essential for a complete diagnosis of dry\neye.<\/span><\/p>\n<h2 class=\"brk-dark-font-color font__size-16 font__weight-normal line__height-26\"><span class=\"font__weight-light\">Treatment of Dry Eye Disease<\/span><\/h2>\n<p class=\"brk-dark-font-color font__size-16 font__weight-normal line__height-26 mb-10\"><span style=\"font-size: 14pt;\">The most commonly used method for treating dry eye is artificial tear drops. These eye\ndrops are products with the same osmotic pressure as tears and mimic tears in the eye.\nThis way, the intraocular is reached to the desired density and moist environment as in\ntear drops. The choice of artificial tears should be determined by your ophthalmologist in\naccordance with your individual characteristics and the condition of your disease. Dosage\nand frequency are also be determined by your physician.\nAmong alternative methods is the obstruction of the channel which leads to the nose. In\naddition, the dry eye patient must protect himself from environmental factors such as air\nconditioning, stove, and smoking. Please contact Health Tourism Center for the diagnosis\nand treatment of dry eye syndrome.<\/span><\/p>\n<\/div>\n<p>&nbsp;<\/p>","protected":false},"excerpt":{"rendered":"<p>G\u00d6Z KURULU\u011eU TEDAV\u0130S\u0130 Kuru g\u00f6z sendromu ya da di\u011fer ad\u0131yla G\u00f6z kurulu\u011fu g\u00f6z ya\u015f\u0131n\u0131n yeterli \u00fcretilememesi, g\u00f6zya\u015f\u0131n\u0131n yeterli kalitede olmay\u0131\u015f\u0131 ile g\u00f6z \u00fczerinde nitelik bir tabaka olu\u015fturamay\u0131\u015f\u0131 sonucu olu\u015fan rahats\u0131zl\u0131\u011f\u0131n ad\u0131d\u0131r. Kuru g\u00f6z rahats\u0131zl\u0131\u011f\u0131 \u00f6zellikle end\u00fcstriyel toplumun geli\u015fimi ile birlikte insidans\u0131 (g\u00f6r\u00fclme s\u0131kl\u0131\u011f\u0131) artm\u0131\u015f olan bir rahats\u0131zl\u0131kt\u0131r. Kuru g\u00f6z hastal\u0131\u011f\u0131n\u0131n te\u015fhisi ve tedavisi i\u00e7in bir [&hellip;]<\/p>","protected":false},"author":2,"featured_media":0,"parent":1292,"menu_order":0,"comment_status":"closed","ping_status":"closed","template":"","meta":{"footnotes":""},"class_list":["post-1355","page","type-page","status-publish","hentry"],"acf":[],"_links":{"self":[{"href":"https:\/\/healthtourismcenterturkey.com\/en\/wp-json\/wp\/v2\/pages\/1355"}],"collection":[{"href":"https:\/\/healthtourismcenterturkey.com\/en\/wp-json\/wp\/v2\/pages"}],"about":[{"href":"https:\/\/healthtourismcenterturkey.com\/en\/wp-json\/wp\/v2\/types\/page"}],"author":[{"embeddable":true,"href":"https:\/\/healthtourismcenterturkey.com\/en\/wp-json\/wp\/v2\/users\/2"}],"replies":[{"embeddable":true,"href":"https:\/\/healthtourismcenterturkey.com\/en\/wp-json\/wp\/v2\/comments?post=1355"}],"version-history":[{"count":6,"href":"https:\/\/healthtourismcenterturkey.com\/en\/wp-json\/wp\/v2\/pages\/1355\/revisions"}],"predecessor-version":[{"id":2039,"href":"https:\/\/healthtourismcenterturkey.com\/en\/wp-json\/wp\/v2\/pages\/1355\/revisions\/2039"}],"up":[{"embeddable":true,"href":"https:\/\/healthtourismcenterturkey.com\/en\/wp-json\/wp\/v2\/pages\/1292"}],"wp:attachment":[{"href":"https:\/\/healthtourismcenterturkey.com\/en\/wp-json\/wp\/v2\/media?parent=1355"}],"curies":[{"name":"wp","href":"https:\/\/api.w.org\/{rel}","templated":true}]}}