{"id":1353,"date":"2020-08-30T10:13:50","date_gmt":"2020-08-30T10:13:50","guid":{"rendered":"http:\/\/healthtourismcenterturkey.com\/?page_id=1353"},"modified":"2022-03-24T18:49:22","modified_gmt":"2022-03-24T18:49:22","slug":"konjonktivit","status":"publish","type":"page","link":"https:\/\/healthtourismcenterturkey.com\/en\/goz-ameliyatlari\/goz-hastaliklari\/konjonktivit\/","title":{"rendered":"CONJONCTIVIT"},"content":{"rendered":"<div class=\"row pt-80\">\n<div class=\"col-12 col-lg-6\">\n<h1 class=\"font__family-montserrat font__size-28 line__height-32 text-uppercase mb-35\"><span class=\"font__weight-light\">CONJONCTIVIT TREATMENT<\/span><\/h1>\n<p class=\"brk-dark-font-color font__size-16 font__weight-normal line__height-26 mb-10\"><span style=\"font-size: 14pt;\">Eye<\/span><span style=\"font-size: 14pt;\"> The thin membrane consisting of the mucosa that connects the eyelids to the eyeball and\ncovers the back of the eyelids and the anterior part of the eyeball is called conjunctiva.\nInflammation of conjunctiva is called conjunctivitis.<\/span><\/p>\n<p class=\"brk-dark-font-color font__size-16 font__weight-normal line__height-26 mb-10\"><span style=\"font-size: 14pt;\">The white part of the eye is called the sclera, and the conjunctival layer covers the sclera\nas a thin membrane.<\/span><\/p>\n<p class=\"brk-dark-font-color font__size-16 font__weight-normal line__height-26 mb-10\"><span style=\"font-size: 14pt;\">The layer seen as the white part of the eye is called the sclera, and the conjunctiva layer covers the sclera as a thin membrane.<\/span><\/p>\n<p class=\"brk-dark-font-color font__size-16 font__weight-normal line__height-26 mb-10\"><span style=\"font-size: 14pt;\">One of the most important causes of eye rashes is conjunctival inflammation, namely\nconjunctivitis.<\/span><\/p>\n<h2 class=\"brk-dark-font-color font__size-16 font__weight-normal line__height-26\"><span class=\"font__weight-light\">What are the Causes of Conjunctivitis?<\/span><\/h2>\n<p class=\"brk-dark-font-color font__size-16 font__weight-normal line__height-26 mb-10\"><span style=\"font-size: 14pt;\">Conjunctivitis can occur due to bacteria, viruses, allergies or poor living conditions (air\npollution). Due to the fact that the conjunctiva is a thin layer, it may be reddened by the\neffect of each of the reasons listed above. In general, conjunctivitis caused by infection\nleads redness in the eyes and mattery discharge with the presence of an acute infection.\nIn this case, an ophthalmologist's examination is necessary to prevent progression of the\ndisease and start treatment.<\/span><\/p>\n<\/div>\n<\/div>\n<div><img loading=\"lazy\" decoding=\"async\" class=\"alignnone  wp-image-2183\" src=\"https:\/\/healthtourismcenterturkey.com\/wp-content\/uploads\/2022\/03\/konjonktivitler.jpg\" alt=\"\" width=\"480\" height=\"480\" srcset=\"https:\/\/healthtourismcenterturkey.com\/wp-content\/uploads\/2022\/03\/konjonktivitler.jpg 340w, https:\/\/healthtourismcenterturkey.com\/wp-content\/uploads\/2022\/03\/konjonktivitler-300x300.jpg 300w, https:\/\/healthtourismcenterturkey.com\/wp-content\/uploads\/2022\/03\/konjonktivitler-150x150.jpg 150w\" sizes=\"(max-width: 480px) 100vw, 480px\" \/><\/div>\n<div><\/div>\n<div class=\"overflow-hid position-static position-lg-relative pb-100\">\n<p class=\"brk-dark-font-color font__size-16 font__weight-normal line__height-26 mb-10\"><span style=\"font-size: 14pt;\">While some of the viral conjunctivitis cause symptoms only in the eyes and some also\nshow symptoms in the throat and nose. Watery discharge is more common in\nconjunctivitis caused by viruses. Bacterial and viral conjunctivitis can infect other\nindividuals by mutual use of personal items. In conjunctivitis caused by an allergic\nreaction itching occurs besides watering and redness. Cigarette smoke and air pollution\ncan be stated as other causes of conjunctivitis.<\/span><\/p>\n<p class=\"brk-dark-font-color font__size-16 font__weight-normal line__height-26 mb-30\"><span style=\"font-size: 14pt;\">Conjunctiva faces many environmental factors due to its location. Various mechanisms of\nour body protect the conjunctiva and eye surface. The aqueous layer of tears dilutes the\nexisting infection in the eye. Continuous mechanical cleaning process is carried out\ntowards the tear ducts with a pumping action of the tear ducts. On the other hand,\nmicrobial cleansing is provided by the lysozyme and antibodies (IgA and IgG) in tears.<\/span><\/p>\n<h3 class=\"brk-dark-font-color font__size-16 font__weight-normal line__height-26\">Brief review of the general symptoms of conjunctivitis;<\/h3>\n<ul>\n<li class=\"brk-dark-font-color font__size-16 font__weight-normal line__height-26\"><span style=\"font-size: 14pt;\">\u00a0Feeling the presence of foreign substances in the eye<\/span><\/li>\n<li class=\"brk-dark-font-color font__size-16 font__weight-normal line__height-26\"><span style=\"font-size: 14pt;\">\u00a0Irritation and burning in the eye<\/span><\/li>\n<li class=\"brk-dark-font-color font__size-16 font__weight-normal line__height-26\"><span style=\"font-size: 14pt;\">\u00a0A feeling of fullness around the eyes<\/span><\/li>\n<li class=\"brk-dark-font-color font__size-16 font__weight-normal line__height-26\"><span style=\"font-size: 14pt;\">\u00a0Itching and photophobia<\/span><\/li>\n<li class=\"brk-dark-font-color font__size-16 font__weight-normal line__height-26 mb-30\"><span style=\"font-size: 14pt;\">\u00a0Watery or mattery discharge in conjunctivitis caused by infection<br \/>\n<\/span><\/li>\n<\/ul>\n<p><span style=\"font-size: 14pt;\">Distinctive features of conjunctivitis types;<\/span><\/p>\n<ul>\n<li class=\"brk-dark-font-color font__size-16 font__weight-normal line__height-26\"><span style=\"font-size: 14pt;\">\u00a0Itching symptom is minimal in viral, bacterial and chlamydial infections, while severe in\nallergic conjunctivitis.<\/span><\/li>\n<li class=\"brk-dark-font-color font__size-16 font__weight-normal line__height-26\"><span style=\"font-size: 14pt;\">\u00a0Watery eyes are more often in viral conjunctivitis, moderate in bacterial and allergic\nconjunctivitis<\/span><\/li>\n<li class=\"brk-dark-font-color font__size-16 font__weight-normal line__height-26\"><span style=\"font-size: 14pt;\">\u00a0Sore throat and fever are sometimes observed in viral and bacterial conjunctivitis, but\nnot in allergic conjunctivitis.<\/span><\/li>\n<li class=\"brk-dark-font-color font__size-16 font__weight-normal line__height-26\"><span style=\"font-size: 14pt;\">\u00a0Itching and photophobia<\/span><\/li>\n<li class=\"brk-dark-font-color font__size-16 font__weight-normal line__height-26 mb-30\"><span style=\"font-size: 14pt;\">\u00a0Watery or mattery discharge in conjunctivitis caused by infection<\/span><\/li>\n<\/ul>\n<h2 class=\"brk-dark-font-color font__size-16 font__weight-normal line__height-26\"><span class=\"font__weight-light\">Conjunctivitis Treatment<\/span><\/h2>\n<p class=\"brk-dark-font-color font__size-16 font__weight-normal line__height-26 mb-10\"><span style=\"font-size: 14pt;\">Different treatment plans are determined by ophthalmologists depending on different\ncauses of conjunctivitis . In conjunctivitis caused by bacterial infections, topical\napplication and immediate eye drops are preferred. However, in advanced bacterial\nconjunctivitis, the ophthalmologist may prescribe a systemic oral or parenteral antibiotic.\nOn the other hand, in allergic conjunctivitis, antihistaminic or corticosteroid\neye drops are preferred by physicians.<\/span><\/p>\n<\/div>\n<p>&nbsp;<\/p>","protected":false},"excerpt":{"rendered":"<p>KONJONKT\u0130V\u0130T TEDAV\u0130S\u0130 G\u00f6z kapaklar\u0131n\u0131 g\u00f6z yuvarla\u011f\u0131na ba\u011flayan ve g\u00f6z kapaklar\u0131n\u0131n arka y\u00fcz\u00fc ile g\u00f6z yuvarla\u011f\u0131n\u0131n \u00f6n k\u0131sm\u0131n\u0131 \u00f6rten mukozadan ibaret ince zara latincede konjonktiva, bu ince zar\u0131n farkl\u0131 infeksiyon, alerji vb. sebeplerden iltihaplanmas\u0131na konjonktivit ad\u0131 verilmektedir. Konjonktiva, kapaklar\u0131n serbest kenar\u0131nda deri ile birle\u015fir. G\u00f6z kapaklar\u0131n\u0131n serbest kenar\u0131ndan ba\u015flayan konjonktiva, \u00fcst kapakta yukar\u0131ya ve alt kapakta [&hellip;]<\/p>","protected":false},"author":2,"featured_media":0,"parent":1292,"menu_order":0,"comment_status":"closed","ping_status":"closed","template":"","meta":{"footnotes":""},"class_list":["post-1353","page","type-page","status-publish","hentry"],"acf":[],"_links":{"self":[{"href":"https:\/\/healthtourismcenterturkey.com\/en\/wp-json\/wp\/v2\/pages\/1353"}],"collection":[{"href":"https:\/\/healthtourismcenterturkey.com\/en\/wp-json\/wp\/v2\/pages"}],"about":[{"href":"https:\/\/healthtourismcenterturkey.com\/en\/wp-json\/wp\/v2\/types\/page"}],"author":[{"embeddable":true,"href":"https:\/\/healthtourismcenterturkey.com\/en\/wp-json\/wp\/v2\/users\/2"}],"replies":[{"embeddable":true,"href":"https:\/\/healthtourismcenterturkey.com\/en\/wp-json\/wp\/v2\/comments?post=1353"}],"version-history":[{"count":9,"href":"https:\/\/healthtourismcenterturkey.com\/en\/wp-json\/wp\/v2\/pages\/1353\/revisions"}],"predecessor-version":[{"id":2185,"href":"https:\/\/healthtourismcenterturkey.com\/en\/wp-json\/wp\/v2\/pages\/1353\/revisions\/2185"}],"up":[{"embeddable":true,"href":"https:\/\/healthtourismcenterturkey.com\/en\/wp-json\/wp\/v2\/pages\/1292"}],"wp:attachment":[{"href":"https:\/\/healthtourismcenterturkey.com\/en\/wp-json\/wp\/v2\/media?parent=1353"}],"curies":[{"name":"wp","href":"https:\/\/api.w.org\/{rel}","templated":true}]}}