{"id":1351,"date":"2020-08-30T10:13:15","date_gmt":"2020-08-30T10:13:15","guid":{"rendered":"http:\/\/healthtourismcenterturkey.com\/?page_id=1351"},"modified":"2022-03-24T18:48:01","modified_gmt":"2022-03-24T18:48:01","slug":"glokom-hfds","status":"publish","type":"page","link":"https:\/\/healthtourismcenterturkey.com\/en\/goz-ameliyatlari\/goz-hastaliklari\/glokom-hfds\/","title":{"rendered":"GLAUCOMA  HFDS"},"content":{"rendered":"<h3 class=\"font__family-montserrat font__size-28 line__height-32 text-uppercase mb-35\"><span class=\"font__weight-light\">A NEW METHOD IN GLAUCOMA TREATMENT: HFDS (HIGH FREQUENCY DEEP\nSCLEROTOMY)\u00a0<\/span><\/h3>\n<h3><span class=\"font__weight-bold\">HFDS (High Frequency Deep Sclerotomy)<\/span><\/h3>\n<p><span style=\"font-size: 14pt;\">Glaucoma is defined as progressive damage to the optic nerve following high intraocular\nfluid pressure, and that if it is not treated, it can cause vision loss and blindness.\nGlaucoma, which can be seen at any age, is more common at the age of 40 and over.\nGlaucoma can be treated safely and comfortably in Health Tourism Center Turkey.<\/span><\/p>\n<p>&nbsp;<\/p>\n<p><img loading=\"lazy\" decoding=\"async\" class=\"alignnone size-full wp-image-2181\" src=\"https:\/\/healthtourismcenterturkey.com\/wp-content\/uploads\/2022\/03\/glokom.jpg\" alt=\"\" width=\"700\" height=\"425\" srcset=\"https:\/\/healthtourismcenterturkey.com\/wp-content\/uploads\/2022\/03\/glokom.jpg 700w, https:\/\/healthtourismcenterturkey.com\/wp-content\/uploads\/2022\/03\/glokom-300x182.jpg 300w\" sizes=\"(max-width: 700px) 100vw, 700px\" \/><\/p>\n<h3><span class=\"font__weight-bold\">IMPORTANT DISEASE<\/span><\/h3>\n<p><span style=\"font-size: 14pt;\">Glaucoma is an important eye disease that can result in blindness. High eye pressure\ndestroys the visual nerve in time and impairs the eyesight of the patients and results in\nblindness if not treated. Unfortunately, patients do not feel these visual field defects until the last period. Early diagnosis and early initiation of treatment are very important in terms of vision level and vision quality of patients.<\/span><\/p>\n<p>&nbsp;<\/p>\n<h3><span class=\"font__weight-bold\">COMPLICATION RISK<\/span><\/h3>\n<p><span style=\"font-size: 14pt;\">The treatment of eye pressure was first started with eye drops. Intraocular pressure is\neffectively reduced with HFDS, a newly developed method. This method reduces or\ncompletely eliminates the patient's dependence on eye pressure drops. In addition, the\nrisk of complications is very low compared to eye pressure surgeries. The method is very\nsatisfactory for both patients and ophthalmologists due to the fact that the complication\nrate of the method is much lower than other procedures and its effectiveness is quite\nstrong. We apply this treatment to the patients in our clinics.<\/span><\/p>\n<p>&nbsp;<\/p>","protected":false},"excerpt":{"rendered":"<p>G\u00d6Z TANS\u0130YONU &#8211; GLOKOM TEDAV\u0130S\u0130NDE YEN\u0130 B\u0130R Y\u00d6NTEM :\u00a0 HFDS (High Frequency Deep Sklerotomy) Glokomun g\u00f6z i\u00e7i s\u0131v\u0131 bas\u0131n\u00e7 y\u00fcksekli\u011fini takiben g\u00f6rme sinirinde meydana gelen ilerleyici hasar olarak tan\u0131mland\u0131\u011f\u0131n\u0131, tedavi edilmedi\u011fi taktirde g\u00f6rme kayb\u0131 ve k\u00f6rl\u00fc\u011fe neden olabilice\u011fini s\u00f6yleyen \u00d6zel Net G\u00f6z Cerrahi T\u0131p Merkezi&#8217;nden G\u00f6z Hastal\u0131klar\u0131 Uzman\u0131 Op. Dr. Mehmet Mercan, her ya\u015fta g\u00f6r\u00fclebilen [&hellip;]<\/p>","protected":false},"author":2,"featured_media":0,"parent":1292,"menu_order":0,"comment_status":"closed","ping_status":"closed","template":"","meta":{"footnotes":""},"class_list":["post-1351","page","type-page","status-publish","hentry"],"acf":[],"_links":{"self":[{"href":"https:\/\/healthtourismcenterturkey.com\/en\/wp-json\/wp\/v2\/pages\/1351"}],"collection":[{"href":"https:\/\/healthtourismcenterturkey.com\/en\/wp-json\/wp\/v2\/pages"}],"about":[{"href":"https:\/\/healthtourismcenterturkey.com\/en\/wp-json\/wp\/v2\/types\/page"}],"author":[{"embeddable":true,"href":"https:\/\/healthtourismcenterturkey.com\/en\/wp-json\/wp\/v2\/users\/2"}],"replies":[{"embeddable":true,"href":"https:\/\/healthtourismcenterturkey.com\/en\/wp-json\/wp\/v2\/comments?post=1351"}],"version-history":[{"count":7,"href":"https:\/\/healthtourismcenterturkey.com\/en\/wp-json\/wp\/v2\/pages\/1351\/revisions"}],"predecessor-version":[{"id":2182,"href":"https:\/\/healthtourismcenterturkey.com\/en\/wp-json\/wp\/v2\/pages\/1351\/revisions\/2182"}],"up":[{"embeddable":true,"href":"https:\/\/healthtourismcenterturkey.com\/en\/wp-json\/wp\/v2\/pages\/1292"}],"wp:attachment":[{"href":"https:\/\/healthtourismcenterturkey.com\/en\/wp-json\/wp\/v2\/media?parent=1351"}],"curies":[{"name":"wp","href":"https:\/\/api.w.org\/{rel}","templated":true}]}}