{"id":1347,"date":"2020-08-30T10:11:55","date_gmt":"2020-08-30T10:11:55","guid":{"rendered":"http:\/\/healthtourismcenterturkey.com\/?page_id=1347"},"modified":"2020-09-04T22:22:40","modified_gmt":"2020-09-04T22:22:40","slug":"retina-cerrahisi-vitrektomi","status":"publish","type":"page","link":"https:\/\/healthtourismcenterturkey.com\/en\/goz-ameliyatlari\/goz-hastaliklari\/retina-cerrahisi-vitrektomi\/","title":{"rendered":"Virectomy - Retinal Surgery"},"content":{"rendered":"<div class=\"main-wrapper\">\n<p>&nbsp;<\/p>\n<div class=\"brk-bg-light-dark-2 bg-cover bg-norepeat bg-position_bottom-center pt-80 pb-80 lazyloaded\">\n<div class=\"container\">\n<div class=\"row pt-80\">\n<div class=\"col-12 col-lg-6\">\n<h1 class=\"font__family-montserrat font__size-28 line__height-32 text-uppercase mb-35\"><span class=\"font__weight-light\">Posterior Vitreous Detachment (PVD)<\/span><\/h1>\n<h2 class=\"brk-dark-font-color font__size-16 font__weight-normal line__height-26\"><span class=\"font__weight-bold\">\u00a0Posterior Vitreous Detachment<\/span><\/h2>\n<p class=\"brk-dark-font-color font__size-16 font__weight-normal line__height-26 mb-10\"><span style=\"font-size: 14pt;\">The inside of the eyeball is filled with a transparent gel-like substsance called \u201cvitreous\".\nAs we get older, the vitreous fluid loses its gely form and starts to shrink. Due to this\nshrinkage, the vitreous separates from the posterior wall of the eye. This separation is\ncalled \"Posterior Vitreous Detachment (PVD)\u201c. PVD usually occurs in old ages, after eye\ninjuries, in high myopia, in some hereditary diseases, and in people who previously had\neye surgeries.<\/span><\/p>\n<h2 class=\"brk-dark-font-color font__size-16 font__weight-normal line__height-26\"><span class=\"font__weight-bold\">What are the symptoms of Posterior Vitreous Detachment (PVD)?<\/span><\/h2>\n<p class=\"brk-dark-font-color font__size-16 font__weight-normal line__height-26 mb-10\"><span style=\"font-size: 14pt;\">\u2022 Floating spots, particles, spider webs, especially noticed when looking at white, bright\nsurfaces<\/span><br \/>\n<span style=\"font-size: 14pt;\">\u2022 Flashes of light (may be visible when the eye is open or closed)<\/span><\/p>\n<p class=\"brk-dark-font-color font__size-16 font__weight-normal line__height-26 mb-10\"><span style=\"font-size: 14pt;\">Posterior Vitreous Detachment is not the same as retinal detachment caused by tears and\nholes in the retina. However, the risk of rupture and retinal detachment increases slightly\nduring the formation of Posterior Vitreous Detachment, and especially in the first 12\nmonths after it occurs. Therefore, a patient with symptoms of Posterior Vitreous\nDetachment must have a retinal examination.<\/span><\/p>\n<p class=\"brk-dark-font-color font__size-16 font__weight-normal line__height-26 mb-10\"><span style=\"font-size: 14pt;\">If retinal detachment has occurred and not treated within a short time, it may result in\nvision loss. Therefore, it is important to know the symptoms of retinal detachment. These\nsymptoms are:<\/span><\/p>\n<\/div>\n<\/div>\n<\/div>\n<\/div>\n<p>&nbsp;<\/p>\n<\/div>\n<div class=\"col-12 col-lg-6\"><\/div>\n<div><img loading=\"lazy\" decoding=\"async\" class=\"alignnone size-full wp-image-1535\" src=\"http:\/\/healthtourismcenterturkey.com\/wp-content\/uploads\/2020\/09\/585x678_2-11.jpg\" alt=\"\" width=\"585\" height=\"678\" srcset=\"https:\/\/healthtourismcenterturkey.com\/wp-content\/uploads\/2020\/09\/585x678_2-11.jpg 585w, https:\/\/healthtourismcenterturkey.com\/wp-content\/uploads\/2020\/09\/585x678_2-11-259x300.jpg 259w\" sizes=\"(max-width: 585px) 100vw, 585px\" \/><\/div>\n<div><\/div>\n<div class=\"main-wrapper\">\n<p>&nbsp;<\/p>\n<div class=\"brk-bg-light-dark-2 bg-cover bg-norepeat bg-position_bottom-center pt-80 pb-80 lazyloaded\">\n<div class=\"container\">\n<div class=\"row pt-80\">\n<div class=\"col-12 col-lg-12\">\n<p class=\"brk-dark-font-color font__size-16 font__weight-normal line__height-26 mb-10\"><span style=\"font-size: 14pt;\">\u2022 Flashes of light are felt when the eye is open or closed (as in Posterior Vitreous\nDetachment)<\/span><br \/>\n<span style=\"font-size: 14pt;\">\u2022 The sudden increase of floaters<\/span><br \/>\n<span style=\"font-size: 14pt;\">\u2022 Gray-black screen developing from any direction in the visual field<\/span><br \/>\n<span style=\"font-size: 14pt;\">\u2022 Blur or vision loss that does not pass with blinking.<\/span><\/p>\n<p class=\"brk-dark-font-color font__size-16 font__weight-normal line__height-26 mb-10\"><span style=\"font-size: 14pt;\">If one or more of the above symptoms are present, a retinal examination should be taken\nimmediately.<\/span><\/p>\n<h2 class=\"brk-dark-font-color font__size-16 font__weight-normal line__height-26\"><span class=\"font__weight-bold\">RETINAL DETACHMENT<\/span><\/h2>\n<p class=\"brk-dark-font-color font__size-16 font__weight-normal line__height-26 mb-10\"><span style=\"font-size: 14pt;\">As a result of the shrinkage of the vitreous fluid filling the inside of the eyeball, this gel-like\nliquid is separated from the posterior wall of the eyeball. This condition is called Posterior\nVitreous Detachment. During the formation of Posterior Vitreous Detachment, tears and\nholes may occur in the retina in some cases. The symptoms of retinal tears are almost the\nsame as in the Posterior Vitreous Detachment mentioned in the previous section. After\nthe retinal tear occurs, intraocular fluid passes through the tear between the retina and\nthe underlying wall and causes a disease called \"retinal detachment\".<\/span><\/p>\n<h2 class=\"brk-dark-font-color font__size-16 font__weight-normal line__height-26\"><span class=\"font__weight-bold\">What Are the Symptoms of Retinal Detachment?<\/span><\/h2>\n<p class=\"brk-dark-font-color font__size-16 font__weight-normal line__height-26 mb-10\"><span style=\"font-size: 14pt;\">Retinal detachment is a disease that need to be treated urgently since it can result in\nvision loss. Therefore, its symptoms are important. These symptoms are:<\/span><\/p>\n<p class=\"brk-dark-font-color font__size-16 font__weight-normal line__height-26 mb-10\"><span style=\"font-size: 14pt;\">\u2022 Flashes of light are felt when the eye is open or closed (as in Posterior Vitreous\nDetachment)<\/span><br \/>\n<span style=\"font-size: 14pt;\">\u2022 The sudden increase of floaters<\/span><br \/>\n<span style=\"font-size: 14pt;\">\u2022 Gray-black screen developing from any direction in the visual field<\/span><br \/>\n<span style=\"font-size: 14pt;\">\u2022 Blur or vision loss that does not pass with blinking.<\/span><\/p>\n<p class=\"brk-dark-font-color font__size-16 font__weight-normal line__height-26 mb-10\"><span style=\"font-size: 14pt;\">If one or more of the above symptoms are present, a retinal examination should be taken\nimmediately.<\/span><\/p>\n<p class=\"brk-dark-font-color font__size-16 font__weight-normal line__height-26 mb-10\"><span style=\"font-size: 14pt;\">It is extremely important to detect retinal rupture early and treat it before retinal\ndetachment develops. Symptoms of retinal tears are flashes of light and floaters. If these\nsymptoms occur, a retinal examination should be performed urgently.<\/span><\/p>\n<h2 class=\"brk-dark-font-color font__size-16 font__weight-normal line__height-26\"><span class=\"font__weight-bold\">What is the Treatment of Retinal Tears?<\/span><\/h2>\n<p class=\"brk-dark-font-color font__size-16 font__weight-normal line__height-26 mb-10\"><span style=\"font-size: 14pt;\">If retinal detachment has developed, a surgical treatment is required. The surgery method\nis determined depending on the number, size, location, shape and duration of the retinal\ntears.<\/span><\/p>\n<h1 class=\"brk-dark-font-color font__size-16 font__weight-normal line__height-26\"><span class=\"font__weight-bold\">Treatment of Retinal Tear with Laser<\/span><\/h1>\n<h2 class=\"brk-dark-font-color font__size-16 font__weight-normal line__height-26\"><span class=\"font__weight-bold\">TREATMENT OF RETINAL TEARS WITH LASER<\/span><\/h2>\n<p class=\"brk-dark-font-color font__size-16 font__weight-normal line__height-26 mb-10\"><span style=\"font-size: 14pt;\">If retinal detachment has developed, a surgical treatment is required. The surgery method\nis determined depending on the number, size, location, shape and duration of the retinal\ntears.<\/span><\/p>\n<h3 class=\"brk-dark-font-color font__size-16 font__weight-normal line__height-26\"><span class=\"font__weight-bold\" style=\"font-size: 14pt;\">SCLERAL BUCKLING METHOD<\/span><\/h3>\n<p><span style=\"font-size: 14pt;\">It is the oldest method used to treat Retinal Detachment. To coincide with the retinal tear\narea, a piece of hard silicone is placed on the outer wall of the eyeball, and the retinal tear\nis closed from the outside with this application. When the retinal tear is closed with this\nexternal application, retinal detachment fluid (fluid accumulating under the retina) is\nabsorbed by the eye in a short time and healing is completed.<\/span><\/p>\n<h2 class=\"brk-dark-font-color font__size-16 font__weight-normal line__height-26\"><span class=\"font__weight-bold\" style=\"font-size: 14pt;\">VITRECTOMY<\/span><\/h2>\n<p class=\"brk-dark-font-color font__size-16 font__weight-normal line__height-26 mb-10\"><span style=\"font-size: 14pt;\">If there are many tears and holes that cause retinal detachment, if they are large, if their\nlocation is different from the usual, if the tears cannot be detected, if there are other\naccompanying diseases (such as intraocular bleeding) or if some time has passed after\ntears occured, vitrectomy may be the correct treatment option. In vitrectomy surgery,\nretinal detachment is intervened through the eye. For this purpose, small holes are\nopened in the eyeball, the vitreous fluid is cleaned with the help of some cuts and\naspirating probes and light sources. The fluid accumulated under the retina is aspirated,\ntears are closed, laser treatment is applied. At the end of the surgery, it is necessary to\ngive a buffer substance into the eye to adhere the torn area and to maintain the success\nof the treatment. This buffer substance can be air and similar gases, or silicone oil. After\nthe operation, the patient should use protective eye drops for a while and lie down by keeping the head in a certain position.<\/span><\/p>\n<\/div>\n<\/div>\n<div class=\"col-md-5\"><\/div>\n<\/div>\n<\/div>\n<p>&nbsp;<\/p>\n<\/div>\n<footer class=\"brk-footer position-relative brk-library-rendered\" data-brk-library=\"component__footer\">\n<div class=\"brk-footer__wrapper pt-50 rendered\"><\/div>\n<\/footer>","protected":false},"excerpt":{"rendered":"<p>&nbsp; V\u0130TREKTOM\u0130 &#8211; RET\u0130NA CERRAH\u0130S\u0130 \u00a0Arka Vitreus Dekolman\u0131 G\u00f6zk\u00fcresinin i\u00e7i, ad\u0131na \u201cvitreus\u201d denen saydam bir jel-s\u0131v\u0131 ile doludur. S\u0131kl\u0131kla, ya\u015f\u0131n ilerlemesi ile birlikte, vitreus s\u0131v\u0131s\u0131 jel k\u0131vam\u0131n\u0131 kaybeder ve b\u00fcz\u00fc\u015f\u00fcr. Bu b\u00fcz\u00fc\u015fmeyle birlikte vitreus, g\u00f6z\u00fcn arka duvar\u0131ndan ayr\u0131l\u0131r. Bu ayr\u0131lma olay\u0131na \u201carka vitreus dekolman\u0131\u201d ad\u0131 verilir. Arka vitreus dekolman\u0131, ilerleyen ya\u015f\u0131n yan\u0131 s\u0131ra, g\u00f6ze al\u0131nan [&hellip;]<\/p>","protected":false},"author":2,"featured_media":0,"parent":1292,"menu_order":0,"comment_status":"closed","ping_status":"closed","template":"","meta":{"footnotes":""},"class_list":["post-1347","page","type-page","status-publish","hentry"],"acf":[],"_links":{"self":[{"href":"https:\/\/healthtourismcenterturkey.com\/en\/wp-json\/wp\/v2\/pages\/1347"}],"collection":[{"href":"https:\/\/healthtourismcenterturkey.com\/en\/wp-json\/wp\/v2\/pages"}],"about":[{"href":"https:\/\/healthtourismcenterturkey.com\/en\/wp-json\/wp\/v2\/types\/page"}],"author":[{"embeddable":true,"href":"https:\/\/healthtourismcenterturkey.com\/en\/wp-json\/wp\/v2\/users\/2"}],"replies":[{"embeddable":true,"href":"https:\/\/healthtourismcenterturkey.com\/en\/wp-json\/wp\/v2\/comments?post=1347"}],"version-history":[{"count":5,"href":"https:\/\/healthtourismcenterturkey.com\/en\/wp-json\/wp\/v2\/pages\/1347\/revisions"}],"predecessor-version":[{"id":1773,"href":"https:\/\/healthtourismcenterturkey.com\/en\/wp-json\/wp\/v2\/pages\/1347\/revisions\/1773"}],"up":[{"embeddable":true,"href":"https:\/\/healthtourismcenterturkey.com\/en\/wp-json\/wp\/v2\/pages\/1292"}],"wp:attachment":[{"href":"https:\/\/healthtourismcenterturkey.com\/en\/wp-json\/wp\/v2\/media?parent=1347"}],"curies":[{"name":"wp","href":"https:\/\/api.w.org\/{rel}","templated":true}]}}