{"id":1340,"date":"2020-08-30T10:09:56","date_gmt":"2020-08-30T10:09:56","guid":{"rendered":"http:\/\/healthtourismcenterturkey.com\/?page_id=1340"},"modified":"2020-09-04T21:53:55","modified_gmt":"2020-09-04T21:53:55","slug":"astigmat","status":"publish","type":"page","link":"https:\/\/healthtourismcenterturkey.com\/en\/goz-ameliyatlari\/goz-hastaliklari\/astigmat\/","title":{"rendered":"ASTIGMATISM"},"content":{"rendered":"<div class=\"row pt-80\">\n<div class=\"col-12 col-lg-6\">\n<h1 class=\"font__family-montserrat font__size-28 line__height-32 text-uppercase mb-35\"><span class=\"font__weight-light\">ASTIGMATISM TREATMENT<\/span><\/h1>\n<p class=\"brk-dark-font-color font__size-16 font__weight-normal line__height-26 mb-10\"><span style=\"font-size: 14pt;\">Astigmatism is caused by the cornea with irregular shape. The cornea is spherical in nonastigmatic eyes. The image of the object in astigmatic eyes does not fall on the macula\n(yellow spot). Part of the image of the object falls behind the macula and another part falls\nin front of the macula. Therefore, blurred vision occurs.<\/span><\/p>\n<p class=\"brk-dark-font-color font__size-16 font__weight-normal line__height-26 mb-10\"><span style=\"font-size: 14pt;\">In non-astigmatic eyes, the focus is one. The focus is more than one in eyes with\nastigmatism. Therefore, the image becomes confused, blurred. The image of the object in\nnon-astigmatic eyes literally falls on the macula. Thus, clear vision is provided.\nAstigmatism is congenital. Genetic factors are the main cause for astigmatism. Although\nit usually increases at the growing ages of a human being, it stops after the age of 18.<\/span><\/p>\n<p class=\"brk-dark-font-color font__size-16 font__weight-normal line__height-26 mb-10\"><span style=\"font-size: 14pt;\">Rare causes of astigmatism: Traumatic injuries of the cornea, droopy eyelid, viral eye\ninfections, pterygium disease, and surgical application.<\/span><\/p>\n<h2 class=\"brk-dark-font-color font__size-16 font__weight-normal line__height-26\"><span class=\"font__weight-light\">\u00a0Things to Consider<\/span><\/h2>\n<p class=\"brk-dark-font-color font__size-16 font__weight-normal line__height-26 mb-10\"><span style=\"font-size: 14pt;\">If treatment is not started between the ages of 5-8 in patients with advanced astigmatism\nin early childhood, it may result in permanent amblyopia. For the same reason,\nstrabismus is also possible. Generally, the development of Keratoconus (KC) disease\nduring adolescence and youth should not be overlooked in patients with astigmatism. If\nkeratoconus disease is not treated, it causes severe vision loss.<\/span><\/p>\n<\/div>\n<div class=\"col-12 col-lg-6\"><img loading=\"lazy\" decoding=\"async\" class=\"alignnone size-full wp-image-1529\" src=\"http:\/\/healthtourismcenterturkey.com\/wp-content\/uploads\/2020\/09\/585x678_2-9.jpg\" alt=\"\" width=\"585\" height=\"678\" srcset=\"https:\/\/healthtourismcenterturkey.com\/wp-content\/uploads\/2020\/09\/585x678_2-9.jpg 585w, https:\/\/healthtourismcenterturkey.com\/wp-content\/uploads\/2020\/09\/585x678_2-9-259x300.jpg 259w\" sizes=\"(max-width: 585px) 100vw, 585px\" \/><\/div>\n<\/div>\n<p><\/br><\/br><\/p>\n<div class=\"overflow-hid position-static position-lg-relative pb-100\">\n<p class=\"brk-dark-font-color font__size-16 font__weight-normal line__height-26 mb-10\"><span style=\"font-size: 14pt;\">Individuals with astigmatism can have a few symptoms before treatment or after an\ninsufficient treatment;<\/span><\/p>\n<ul>\n<li class=\"brk-dark-font-color font__size-16 font__weight-normal line__height-26\"><span class=\"font__weight-light\" style=\"font-size: 14pt;\">\u00a0Blurred vision. Both distance vision and near vision are impaired.<\/span><\/li>\n<li class=\"brk-dark-font-color font__size-16 font__weight-normal line__height-26\"><span class=\"font__weight-light\" style=\"font-size: 14pt;\">\u00a0Skipping lines while reading<\/span><\/li>\n<li class=\"brk-dark-font-color font__size-16 font__weight-normal line__height-26\"><span class=\"font__weight-light\" style=\"font-size: 14pt;\">\u00a0Squinting the eyes<\/span><\/li>\n<li class=\"brk-dark-font-color font__size-16 font__weight-normal line__height-26\"><span class=\"font__weight-light\" style=\"font-size: 14pt;\">\u00a0The need to get closer to TV, books, computers, and etc.<\/span><\/li>\n<li class=\"brk-dark-font-color font__size-16 font__weight-normal line__height-26\"><span class=\"font__weight-light\" style=\"font-size: 14pt;\">\u00a0Night vision is worse than day vision.<\/span><\/li>\n<\/ul>\n<\/div>\n<p>&nbsp;<\/p>","protected":false},"excerpt":{"rendered":"<p>AST\u0130GMAT TEDAV\u0130S\u0130 Astigmat; g\u00f6z\u00fcn \u00f6n saydam tabakas\u0131 (kornea)\u2019n\u0131n ehipzoid olmas\u0131 halidir. Astigmat olmayan g\u00f6zlerde bu tabaka (kornea) k\u00fcreseldir. Astigmatl\u0131 g\u00f6zlerde bak\u0131lan objenin g\u00f6r\u00fcnt\u00fcs\u00fc makulaya (sar\u0131 nokta) d\u00fc\u015fmez. Objenin g\u00f6r\u00fcnt\u00fcs\u00fcn\u00fcn bir k\u0131sm\u0131 makula arkas\u0131na, bir di\u011fer k\u0131sm\u0131 ise makula \u00f6n\u00fcne d\u00fc\u015fer. Bu nedenle bulan\u0131k, flu g\u00f6r\u00fc\u015f olur. Astigmat olmayan g\u00f6zlerde odak noktas\u0131 bir tanedir. Astigmatl\u0131 g\u00f6zlerde [&hellip;]<\/p>","protected":false},"author":2,"featured_media":0,"parent":1292,"menu_order":0,"comment_status":"closed","ping_status":"closed","template":"","meta":{"footnotes":""},"class_list":["post-1340","page","type-page","status-publish","hentry"],"acf":[],"_links":{"self":[{"href":"https:\/\/healthtourismcenterturkey.com\/en\/wp-json\/wp\/v2\/pages\/1340"}],"collection":[{"href":"https:\/\/healthtourismcenterturkey.com\/en\/wp-json\/wp\/v2\/pages"}],"about":[{"href":"https:\/\/healthtourismcenterturkey.com\/en\/wp-json\/wp\/v2\/types\/page"}],"author":[{"embeddable":true,"href":"https:\/\/healthtourismcenterturkey.com\/en\/wp-json\/wp\/v2\/users\/2"}],"replies":[{"embeddable":true,"href":"https:\/\/healthtourismcenterturkey.com\/en\/wp-json\/wp\/v2\/comments?post=1340"}],"version-history":[{"count":8,"href":"https:\/\/healthtourismcenterturkey.com\/en\/wp-json\/wp\/v2\/pages\/1340\/revisions"}],"predecessor-version":[{"id":1763,"href":"https:\/\/healthtourismcenterturkey.com\/en\/wp-json\/wp\/v2\/pages\/1340\/revisions\/1763"}],"up":[{"embeddable":true,"href":"https:\/\/healthtourismcenterturkey.com\/en\/wp-json\/wp\/v2\/pages\/1292"}],"wp:attachment":[{"href":"https:\/\/healthtourismcenterturkey.com\/en\/wp-json\/wp\/v2\/media?parent=1340"}],"curies":[{"name":"wp","href":"https:\/\/api.w.org\/{rel}","templated":true}]}}