{"id":1337,"date":"2020-08-30T10:09:15","date_gmt":"2020-08-30T10:09:15","guid":{"rendered":"http:\/\/healthtourismcenterturkey.com\/?page_id=1337"},"modified":"2022-03-24T18:45:24","modified_gmt":"2022-03-24T18:45:24","slug":"hipermetrop","status":"publish","type":"page","link":"https:\/\/healthtourismcenterturkey.com\/en\/goz-ameliyatlari\/goz-hastaliklari\/hipermetrop\/","title":{"rendered":"HYPEROPIA"},"content":{"rendered":"<div class=\"row pt-80\">\n<div class=\"col-12 col-lg-6\">\n<h1 class=\"font__family-montserrat font__size-28 line__height-32 text-uppercase mb-35\"><span class=\"font__weight-light\">HYPEROPIA TREATMENT<\/span><\/h1>\n<p class=\"brk-dark-font-color font__size-16 font__weight-normal line__height-26 mb-10\"><span style=\"font-size: 14pt;\">Hyperopia is a condition of the eye in which light is focused behind, instead of on\nthe retina with accommodation being at rest. But, due to this accommodative effort for\ndistant vision, people may complain asthenopic symptoms while constant reading. Some\nhypermetropes can see clear at distance, but near vision may be blurred due to\ninsufficient accommodation. For this reason, this defect is referred as farsightedness. If\nthe hypermetropia is high, there will be defective vision for both distance and near<\/span><\/p>\n<h2 class=\"brk-dark-font-color font__size-16 font__weight-normal line__height-26\"><span class=\"font__weight-light\">\u00a0What are the Types of Hyperopia?<\/span><\/h2>\n<p class=\"brk-dark-font-color font__size-16 font__weight-normal line__height-26 mb-10\"><span style=\"font-size: 14pt;\">If we classify the types of hyperopia in general, three clinical types can be mentioned;\nAxial hyperopia, Curvature hyperopia, Refractive hyperopia<\/span><\/p>\n<h3 class=\"brk-dark-font-color font__size-16 font__weight-normal line__height-26\"><span class=\"font__weight-light\">1 - Axial Hyperopia<\/span><\/h3>\n<p class=\"brk-dark-font-color font__size-16 font__weight-normal line__height-26 mb-10\"><span style=\"font-size: 14pt;\">The most common type is axial hyperopia. The anterior-posterior axis of the eye is smaller\nthan normal. A shortness of 1 millimeter in the anteroposterior axis can cause\napproximately 3 diopters of hyperopia.<\/span><\/p>\n<p class=\"brk-dark-font-color font__size-16 font__weight-normal line__height-26 mb-10\"><span style=\"font-size: 14pt;\">The anterior-posterior axis of the eye is 17.9-18 mm at birth in boys and 17.7-17.8 mm in\ngirls, reaches 23.2 millimeters in boys at the age of 3 and 22.5 millimeters in girls. Then,\nuntil the age of 15, the elongation of the anterior-posterior axis shows a much less\nincrease speed than the first years and generally stops at these ages. It is observed that\nthe growth of the eyeball in the first years after birth is much faster.<\/span><\/p>\n<p class=\"brk-dark-font-color font__size-16 font__weight-normal line__height-26 mb-10\"><span style=\"font-size: 14pt;\">Depending on the genetic predisposition in some people, eyeball elongation may not\noccur as normal. In these cases, axial hypermetropia is observed.<\/span><\/p>\n<\/div>\n<\/div>\n<div class=\"col-12 col-lg-6\"><\/div>\n<div><img loading=\"lazy\" decoding=\"async\" class=\"alignnone size-full wp-image-2177\" src=\"https:\/\/healthtourismcenterturkey.com\/wp-content\/uploads\/2022\/03\/hipermetrop.jpg\" alt=\"\" width=\"900\" height=\"451\" srcset=\"https:\/\/healthtourismcenterturkey.com\/wp-content\/uploads\/2022\/03\/hipermetrop.jpg 900w, https:\/\/healthtourismcenterturkey.com\/wp-content\/uploads\/2022\/03\/hipermetrop-300x150.jpg 300w, https:\/\/healthtourismcenterturkey.com\/wp-content\/uploads\/2022\/03\/hipermetrop-768x385.jpg 768w\" sizes=\"(max-width: 900px) 100vw, 900px\" \/><\/div>\n<p>&nbsp;<\/p>\n<div class=\"overflow-hid position-static position-lg-relative pb-100\">\n<h3 class=\"brk-dark-font-color font__size-16 font__weight-normal line__height-26\"><span class=\"font__weight-light\">2 - Curvature Hyperopia<\/span><\/h3>\n<p class=\"brk-dark-font-color font__size-16 font__weight-normal line__height-26 mb-10\"><span style=\"font-size: 14pt;\">Corneal curvature decreases and hyperopia is observed on the patients with corneal\nplana disorder. This type of hyperopia is called curvature hyperopia. 1 millimeter excess in\nthe cornea radius causes approximately 6 diopters of hyperopia.<\/span><\/p>\n<h3 class=\"brk-dark-font-color font__size-16 font__weight-normal line__height-26\"><span class=\"font__weight-light\">3 - Refractive Hyperopia<\/span><\/h3>\n<p class=\"brk-dark-font-color font__size-16 font__weight-normal line__height-26 mb-10\"><span style=\"font-size: 14pt;\">One of the causes of hyperopia is the decrease in the refraction of the lens. By observing\nthe development of the natural lens of the eye, the weight of the natural lens is 65\nmilligrams at birth, is doubled in a year, and triples in eighty years. The natural lens of a\nnewborn baby is spherical and its refraction is approximately 42.7 diopters. When the\nnewborn baby is 1 year old, the lens flattens and reduces its refraction. Physiological\nflattening of the lens increases the tendency to refractive hyperopia of elderly people. In\naddition, hypermetropia is observed in individuals with systemic diseases such as\ndiabetes due to the decrease in lens refraction.<\/span><\/p>\n<\/div>\n<p>&nbsp;<\/p>","protected":false},"excerpt":{"rendered":"<p>H\u0130PERMETROP TEDAV\u0130S\u0130 G\u00f6z\u00fcn k\u0131r\u0131lma kusurlar\u0131ndan biri olan hipermetrop, g\u00f6z\u00fcn optik eksenine gelen \u0131\u015f\u0131nlar\u0131n retinan\u0131n arkas\u0131nda odakla\u015fmas\u0131yla olu\u015fan k\u0131r\u0131lma kusurunun ismidir. Odakla\u015fma arkada oldu\u011fundan ve retina \u00fczerinde ancak da\u011f\u0131l\u0131m \u00e7emberi olu\u015ftu\u011fundan g\u00f6r\u00fcnt\u00fc bulan\u0131kt\u0131r. Sizlerde hipermetrop nedir, hipermetrop t\u00fcrleri nelerdir gibi aramalarla sitemize ula\u015ft\u0131ysan\u0131z bu yaz\u0131m\u0131z ile hipermetrop ile ilgili ayr\u0131nt\u0131l\u0131 bilgi edinebilirsiniz. \u00a0Hipermetrop T\u00fcrleri Nelerdir? Hipermetropinin [&hellip;]<\/p>","protected":false},"author":2,"featured_media":0,"parent":1292,"menu_order":0,"comment_status":"closed","ping_status":"closed","template":"","meta":{"footnotes":""},"class_list":["post-1337","page","type-page","status-publish","hentry"],"acf":[],"_links":{"self":[{"href":"https:\/\/healthtourismcenterturkey.com\/en\/wp-json\/wp\/v2\/pages\/1337"}],"collection":[{"href":"https:\/\/healthtourismcenterturkey.com\/en\/wp-json\/wp\/v2\/pages"}],"about":[{"href":"https:\/\/healthtourismcenterturkey.com\/en\/wp-json\/wp\/v2\/types\/page"}],"author":[{"embeddable":true,"href":"https:\/\/healthtourismcenterturkey.com\/en\/wp-json\/wp\/v2\/users\/2"}],"replies":[{"embeddable":true,"href":"https:\/\/healthtourismcenterturkey.com\/en\/wp-json\/wp\/v2\/comments?post=1337"}],"version-history":[{"count":6,"href":"https:\/\/healthtourismcenterturkey.com\/en\/wp-json\/wp\/v2\/pages\/1337\/revisions"}],"predecessor-version":[{"id":2178,"href":"https:\/\/healthtourismcenterturkey.com\/en\/wp-json\/wp\/v2\/pages\/1337\/revisions\/2178"}],"up":[{"embeddable":true,"href":"https:\/\/healthtourismcenterturkey.com\/en\/wp-json\/wp\/v2\/pages\/1292"}],"wp:attachment":[{"href":"https:\/\/healthtourismcenterturkey.com\/en\/wp-json\/wp\/v2\/media?parent=1337"}],"curies":[{"name":"wp","href":"https:\/\/api.w.org\/{rel}","templated":true}]}}