{"id":1333,"date":"2020-08-30T10:08:06","date_gmt":"2020-08-30T10:08:06","guid":{"rendered":"http:\/\/healthtourismcenterturkey.com\/?page_id=1333"},"modified":"2022-03-24T18:44:06","modified_gmt":"2022-03-24T18:44:06","slug":"miyop","status":"publish","type":"page","link":"https:\/\/healthtourismcenterturkey.com\/en\/goz-ameliyatlari\/goz-hastaliklari\/miyop\/","title":{"rendered":"MYOPIA"},"content":{"rendered":"<div class=\"row pt-80\">\n<div class=\"col-12 col-lg-6\">\n<h1 class=\"font__family-montserrat font__size-28 line__height-32 text-uppercase mb-35\"><span class=\"font__weight-light\">MYOPIA TREATMENT<\/span><\/h1>\n<p class=\"brk-dark-font-color font__size-16 font__weight-normal line__height-26 mb-10\"><span style=\"font-size: 14pt;\">Myopia (nearsightedness) is an ocular disorder in which the optical power of the eye is\ntoo strong for the corresponding axial length. Light rays from an object at infinity entering\na non-accommodating myopic eye are converged too strongly and focus in front of the\nretina. This causes distant objects to blurry while close objects appear normal.<\/span><\/p>\n<\/div>\n<p><img loading=\"lazy\" decoding=\"async\" class=\"alignnone size-full wp-image-2174\" src=\"https:\/\/healthtourismcenterturkey.com\/wp-content\/uploads\/2022\/03\/miyop-nedir-belirtileri-nelerdir-30.jpg\" alt=\"\" width=\"505\" height=\"315\" srcset=\"https:\/\/healthtourismcenterturkey.com\/wp-content\/uploads\/2022\/03\/miyop-nedir-belirtileri-nelerdir-30.jpg 505w, https:\/\/healthtourismcenterturkey.com\/wp-content\/uploads\/2022\/03\/miyop-nedir-belirtileri-nelerdir-30-300x187.jpg 300w\" sizes=\"(max-width: 505px) 100vw, 505px\" \/><\/p>\n<div class=\"col-12 col-lg-6\">\n<h2 class=\"brk-dark-font-color font__size-16 font__weight-normal line__height-26\"><span class=\"font__weight-light\">What are the Types of Myopia?<\/span><\/h2>\n<p class=\"brk-dark-font-color font__size-16 font__weight-normal line__height-26 mb-10\"><span style=\"font-size: 14pt;\">Myopia is seen in three types with a basic classification.<\/span><\/p>\n<h3 class=\"brk-dark-font-color font__size-16 font__weight-normal line__height-26\"><span class=\"font__weight-light\">1 \u2013 Curvature Myopia<\/span><\/h3>\n<p class=\"brk-dark-font-color font__size-16 font__weight-normal line__height-26 mb-10\"><span style=\"font-size: 14pt;\">Curvature myopia refers to a type of refractive error that develops when the cornea is\ncurved too much.<\/span><\/p>\n<h3 class=\"brk-dark-font-color font__size-16 font__weight-normal line__height-26\"><span class=\"font__weight-light\">2 - Refractive Myopia<\/span><\/h3>\n<p class=\"brk-dark-font-color font__size-16 font__weight-normal line__height-26 mb-10\"><span style=\"font-size: 14pt;\">Myopia may occur due to diabetes and metabolic disorders. The refractive index of the\nnatural lens of the eye may increase in the early stages of cataract which causes myopia.<\/span><\/p>\n<h3 class=\"brk-dark-font-color font__size-16 font__weight-normal line__height-26\"><span class=\"font__weight-light\">3 - Axial Myopia<\/span><\/h3>\n<p class=\"brk-dark-font-color font__size-16 font__weight-normal line__height-26 mb-10\"><span style=\"font-size: 14pt;\">When the anterior and posterior axes of the eye are longer than normal, the image is\nformed in front of the retina. It is the most common type of myopia. Axial myopia is\nexamined in two classes, simple and pathological.<\/span><\/p>\n<\/div>\n<\/div>\n<div class=\"col-12 col-lg-6\"><img loading=\"lazy\" decoding=\"async\" class=\"alignnone size-full wp-image-1525\" src=\"http:\/\/healthtourismcenterturkey.com\/wp-content\/uploads\/2020\/09\/585x678_2-8.jpg\" alt=\"\" width=\"585\" height=\"678\" srcset=\"https:\/\/healthtourismcenterturkey.com\/wp-content\/uploads\/2020\/09\/585x678_2-8.jpg 585w, https:\/\/healthtourismcenterturkey.com\/wp-content\/uploads\/2020\/09\/585x678_2-8-259x300.jpg 259w\" sizes=\"(max-width: 585px) 100vw, 585px\" \/><\/div>\n<div class=\"overflow-hid position-static position-lg-relative pb-100\">\n<h3 class=\"brk-dark-font-color font__size-16 font__weight-normal line__height-26\"><span class=\"font__weight-light\">4 \u2013 Simple Myopia<\/span><\/h3>\n<p class=\"brk-dark-font-color font__size-16 font__weight-normal line__height-26 mb-10\"><span style=\"font-size: 14pt;\">In simple myopia, the degree of myopia is less than 6 diopters. This type of myopia\nusually starts between the ages of 6 and 18. After myopia starts, it progresses for 3-4\nyears and then a pause may occur. Studies proved that the beginning age of myopia has\na key role on the progression of myopia. In most cases, the increase of myopia may\ncontinue for 3-4 years depending on the elongation of the anterior-posterior axis of the\neyeball. If there is a pause after that, it cannot be said it is absolute. However, as the\nelongation of the eyeball stops after the age of 21-22, the progression of simple myopia\nwill also stop.<\/span><\/p>\n<p class=\"brk-dark-font-color font__size-16 font__weight-normal line__height-26 mb-10\"><span style=\"font-size: 14pt;\">Genetic factors are known as an important cause of simple myopia. Generally, dominant\ngenetic transition in low myopia and recessive transition in moderate myopia are\nobserved. The first thing that draws attention in the eye examination is that the distance\nvision ability is very reduced. Distance visual acuity decreased in proportion to the degree\nof myopia.<\/span><\/p>\n<h3 class=\"brk-dark-font-color font__size-16 font__weight-normal line__height-26\"><span class=\"font__weight-light\">5 \u2013Pathological Myopia<\/span><\/h3>\n<p class=\"brk-dark-font-color font__size-16 font__weight-normal line__height-26 mb-10\"><span style=\"font-size: 14pt;\">Generally, these include myopia cases above 7 diopters. It can manifest itself with\ndifferent complications. The corneal curvature of the eye may be reduced. Due to the\nexcessive elongation of the anterior-posterior axis of the eyeball in the pupil, the retina\ncovers the nasal area of the pupil and the blood vessels exit from the optic nerve by\nmaking a fold from the nasal area. Pathological myopia can affect many regions of the eye.<\/span><\/p>\n<\/div>\n<p>&nbsp;<\/p>","protected":false},"excerpt":{"rendered":"<p>M\u0130YOP TEDAV\u0130S\u0130 G\u00f6z\u00fcn optik eksenine gelen \u0131\u015f\u0131n demetinin retina (a\u011f tabaka) \u00f6n\u00fcnde odakla\u015fmas\u0131na miyopi ad\u0131 verilmektedir. Halk aras\u0131nda miyopi, uza\u011f\u0131 iyi g\u00f6remeyen bireyler i\u00e7in kullan\u0131lmaktad\u0131r. I\u015f\u0131n demetinin g\u00f6z\u00fcn i\u00e7ine girdi\u011finde, a\u011f tabakan\u0131n \u00f6n\u00fcnde olu\u015fan g\u00f6r\u00fcnt\u00fcn\u00fcn ancak da\u011f\u0131l\u0131m \u00e7emberi retina \u00fcst\u00fcne d\u00fc\u015fece\u011finden ki\u015fi g\u00f6r\u00fcnt\u00fcy\u00fc bulan\u0131k olarak g\u00f6rmektedir. Miyop T\u00fcrleri Nelerdir? Miyopi temel s\u0131n\u0131fland\u0131rmada \u00fc\u00e7 t\u00fcrde klinik [&hellip;]<\/p>","protected":false},"author":2,"featured_media":0,"parent":1292,"menu_order":0,"comment_status":"closed","ping_status":"closed","template":"","meta":{"footnotes":""},"class_list":["post-1333","page","type-page","status-publish","hentry"],"acf":[],"_links":{"self":[{"href":"https:\/\/healthtourismcenterturkey.com\/en\/wp-json\/wp\/v2\/pages\/1333"}],"collection":[{"href":"https:\/\/healthtourismcenterturkey.com\/en\/wp-json\/wp\/v2\/pages"}],"about":[{"href":"https:\/\/healthtourismcenterturkey.com\/en\/wp-json\/wp\/v2\/types\/page"}],"author":[{"embeddable":true,"href":"https:\/\/healthtourismcenterturkey.com\/en\/wp-json\/wp\/v2\/users\/2"}],"replies":[{"embeddable":true,"href":"https:\/\/healthtourismcenterturkey.com\/en\/wp-json\/wp\/v2\/comments?post=1333"}],"version-history":[{"count":10,"href":"https:\/\/healthtourismcenterturkey.com\/en\/wp-json\/wp\/v2\/pages\/1333\/revisions"}],"predecessor-version":[{"id":2175,"href":"https:\/\/healthtourismcenterturkey.com\/en\/wp-json\/wp\/v2\/pages\/1333\/revisions\/2175"}],"up":[{"embeddable":true,"href":"https:\/\/healthtourismcenterturkey.com\/en\/wp-json\/wp\/v2\/pages\/1292"}],"wp:attachment":[{"href":"https:\/\/healthtourismcenterturkey.com\/en\/wp-json\/wp\/v2\/media?parent=1333"}],"curies":[{"name":"wp","href":"https:\/\/api.w.org\/{rel}","templated":true}]}}