{"id":1331,"date":"2020-08-30T10:07:41","date_gmt":"2020-08-30T10:07:41","guid":{"rendered":"http:\/\/healthtourismcenterturkey.com\/?page_id=1331"},"modified":"2020-11-25T16:41:18","modified_gmt":"2020-11-25T16:41:18","slug":"katarakt","status":"publish","type":"page","link":"https:\/\/healthtourismcenterturkey.com\/en\/goz-ameliyatlari\/goz-hastaliklari\/katarakt\/","title":{"rendered":"CATARACT"},"content":{"rendered":"<div class=\"row pt-80\">\n<div class=\"col-12 col-lg-6\">\n<h1 class=\"font__family-montserrat font__size-28 line__height-32 text-uppercase mb-35\"><span class=\"font__weight-light\">CATARACT SURGERY<\/span>\u00a0<span class=\"font__weight-bold\">CATARACT TREATMENT<\/span><\/h1>\n<p class=\"brk-dark-font-color font__size-16 font__weight-normal line__height-26 mb-10\"><span style=\"font-size: 14pt;\">Cataract is the loss of transparency of our eyes\u2019 natural lenses. It can be seen at any age.\nThe most common type appears as age-related cataracts after the age of 55. Since cataract\ntreatment is not possible with drugs, surgical operation (Phacoemulsification) or laser\noperation (Femtosecond Laser) is required.<\/span><\/p>\n<p class=\"brk-dark-font-color font__size-16 font__weight-normal line__height-26 mb-10\"><span style=\"font-size: 14pt;\">Cataract symptoms include blurred and hazy vision. Patients with cataract may feel like\nthey look through a dirty glass window, start to need eyeglasses. They might stop the need\nfor reading glasses by being able to see near. Light sensitivity is another symptom for\ncataract. In addition, some types of cataract can cause an increase in eye pressure and\ncause the development of glaucoma.<\/span><\/p>\n<p class=\"brk-dark-font-color font__size-16 font__weight-normal line__height-26 mb-10\"><span style=\"font-size: 14pt;\">Today, there are two types of technology-supported methods used in cataract surgery;<\/span><\/p>\n<h2 class=\"brk-dark-font-color font__size-16 font__weight-normal line__height-26\"><span class=\"font__weight-light\">\u00a0Phacoemulsification<\/span><\/h2>\n<p class=\"brk-dark-font-color font__size-16 font__weight-normal line__height-26 mb-10\"><span style=\"font-size: 14pt;\">Dry macular degeneration is a common eye disorder among people over 50. It causes\nblurred or reduced central vision, due to thinning of the macula.\nThe most commonly used method to treat this disorder works on the principle of melting\ncataract tissue with ultrasonic sound waves. With the Phacoemulsification technique,\napproximately 2.5 mm corneal incision is made in the eye and no stitches are made. It is\na method that requires an experienced surgeon.<\/span><\/p>\n<h2 class=\"brk-dark-font-color font__size-16 font__weight-normal line__height-26\"><span class=\"font__weight-light\">\u00a0Femtosecond Laser<\/span><\/h2>\n<p class=\"brk-dark-font-color font__size-16 font__weight-normal line__height-26\"><span style=\"font-size: 14pt;\">Since it is a new technological development, it is less common in developed countries in\nthe world. Technological developments and the experience gained by operator doctors\nshow us that Femtosecond Laser will become the priority choice in cataract treatment.<\/span><\/p>\n<\/div>\n<\/div>\n<div class=\"col-12 col-lg-6\"><\/div>\n<div><img loading=\"lazy\" decoding=\"async\" class=\"alignnone size-full wp-image-1523\" src=\"http:\/\/healthtourismcenterturkey.com\/wp-content\/uploads\/2020\/09\/585x678_2-7.jpg\" alt=\"\" width=\"585\" height=\"678\" srcset=\"https:\/\/healthtourismcenterturkey.com\/wp-content\/uploads\/2020\/09\/585x678_2-7.jpg 585w, https:\/\/healthtourismcenterturkey.com\/wp-content\/uploads\/2020\/09\/585x678_2-7-259x300.jpg 259w\" sizes=\"(max-width: 585px) 100vw, 585px\" \/><\/div>\n<div class=\"overflow-hid position-static position-lg-relative pb-100\">\n<p class=\"brk-dark-font-color font__size-16 font__weight-normal line__height-26 mb-10\"><span style=\"font-size: 14pt;\">Femtosecond Laser has some differences from the other techniques. In this technique,\nlaser incision is made instead of a blade incision. The surgeon does not need to open the\ncataract capsule. The capsule is opened smoothly with laser. Cataract tissue is divided\ninto pieces by laser (Fragmentation). In addition, since ultrasound energy is not used,\nthere is no risk of tissue damage. The disadvantage of this technique is that it is not\nsuitable for all types of eye and cannot be used at every cataract level.<\/span><\/p>\n<p class=\"brk-dark-font-color font__size-16 font__weight-normal line__height-26 mb-10\"><span style=\"font-size: 14pt;\">An important decision needs to be made before performing cataract operations, the\nselection of the artificial lens to be installed in place of the lens removed from the eye.\nMore than twenty thousand cataract operations have been performed in the last decade\nby the highly experience doctors of HealthTourismCenterTurkey. All lenses we use are\nFDA approved and CE certified.<\/span><\/p>\n<p class=\"brk-dark-font-color font__size-16 font__weight-normal line__height-26 mb-10\"><span style=\"font-size: 14pt;\">At HealthTourismCenterTurkey, over 20,000 cataract surgeries have been performed in approximately 10 years. All the lenses we use are FDA-approved and CE certified.<\/span><\/p>\n<p class=\"brk-dark-font-color font__size-16 font__weight-normal line__height-26 mb-10\"><span style=\"font-size: 14pt;\">The main goal in cataract surgery is to restore the patient's health. However, it is\nnecessary to determine the ideal type of lens for the patient\u2019s work and social life, daily\nactivities and hobbies. Distance and near vision problems can be eliminated without\nglasses by applying multifocal (bifocal, trifocal, multifocal) lenses .<\/span><\/p>\n<p class=\"brk-dark-font-color font__size-16 font__weight-normal line__height-26 mb-10\"><span style=\"font-size: 14pt;\">Choosing the ideal lens can facilitate daily life. For instance; The lenses that increase the\nquality of night vision are the lenses that we prefer especially for our patients who\nintensively drive at night. UV (Ultraviolet) filters are especially recommended for patients\nwho spend most of their days outdoors and are exposed to the sun. Anti-reflective filters\nare more important for the patients who works under light and with computers<\/span><\/p>\n<p class=\"brk-dark-font-color font__size-16 font__weight-normal line__height-26 mb-30\"><span style=\"font-size: 14pt;\">Since these lenses are placed inside the eye, meeting the patient's expectations\nbecomes a priority. This is just as important as removing cataracts.<\/span><\/p>\n<h2 class=\"brk-dark-font-color font__size-16 font__weight-normal line__height-26\"><span class=\"font__weight-bold\">PHACOEMULSIFICATION AND FEMTOSECOND LASER METHODS IN CATARACT\nOPERATIONS<\/span><\/h2>\n<p class=\"brk-dark-font-color font__size-16 font__weight-normal line__height-26 mb-10\"><span style=\"font-size: 14pt;\">Cataract surgeries are undoubtedly the most common surgical procedures applied to\npatients today. With the advancing technological possibilities, needle-free and seamless\nmethods are commonly used in cataract surgical procedures.<\/span><\/p>\n<h2 class=\"brk-dark-font-color font__size-16 font__weight-normal line__height-26\"><span class=\"font__weight-light\">PHACOEMULSIFICATION METHOD<\/span><\/h2>\n<p class=\"brk-dark-font-color font__size-16 font__weight-normal line__height-26 mb-10\"><span style=\"font-size: 14pt;\">The procedure is based on the principle of breaking up the hardened cataract lens using ultrasound (sound) waves and removing it from the eye with the help of fluid. It is important that this procedure is performed by physicians who have advanced their skills in advanced phacoemulsification techniques. The application does not require sutures, but 2.5 mm surgical incisions are made using a blade.<\/span><\/p>\n<h2 class=\"brk-dark-font-color font__size-16 font__weight-normal line__height-26\"><span class=\"font__weight-light\">LASER CATARACT SURGERY<\/span><\/h2>\n<p class=\"brk-dark-font-color font__size-16 font__weight-normal line__height-26 mb-10\"><span style=\"font-size: 14pt;\">In HealthTourismCenterTurkey, laser cataract surgeries are performed with great\nemphasis on patient safety and comfort. Femtosecond laser cataract devices are\ncomputer-aided systems with OCT (Ocular Coherence Tomography).<\/span><\/p>\n<p class=\"brk-dark-font-color font__size-16 font__weight-normal line__height-26 mb-10\"><span style=\"font-size: 14pt;\">Corneal incisions and incision of the lens capsule are made with laser systems. The\nfragmentation of the lens is achieved by laser cuts. Since patients are not exposed to\nultrasound vibrations, the structures of the eye other than cataracts are not adversely\naffected by the application. Tissue damage is not seen.<\/span><\/p>\n<h2 class=\"brk-dark-font-color font__size-16 font__weight-normal line__height-26\"><span class=\"font__weight-light\">WHICH LENS ARE USED IN CATARACT SURGERY?<\/span><\/h2>\n<p class=\"brk-dark-font-color font__size-16 font__weight-normal line__height-26 mb-10\"><span style=\"font-size: 14pt;\">Whether with Phacoemulsification or Femtosecond Laser applications, the dysfunctional\nnatural lens is removed from the eye and an artificial intraocular lens is placed instead.<\/span><\/p>\n<p class=\"brk-dark-font-color font__size-16 font__weight-normal line__height-26 mb-10\"><span style=\"font-size: 14pt;\">Lenses that allow us to see far distance only are called monofocal (single focal) lenses.\nBifocal lenses enable us to see distance and near. Trifocal lenses enable us to see far,\nmiddle and near distance. Bifocal and trifocal lens applications provide the opportunity to\nlive without glasses.<\/span><\/p>\n<p class=\"brk-dark-font-color font__size-16 font__weight-normal line__height-26 mb-10\"><span style=\"font-size: 14pt;\">The type of lens to be used is decided according to the eye structure and lifestyle of the patients.<\/span><\/p>\n<p class=\"brk-dark-font-color font__size-16 font__weight-normal line__height-26\"><span class=\"font__weight-bold\" style=\"font-size: 14pt;\">INTRAOCULAR LENSES USED IN CATARACT AND REFRACTIVE SURGERY AT HEALTH\nTOURISM CENTER TURKEY.<\/span><\/p>\n<p class=\"brk-dark-font-color font__size-16 font__weight-normal line__height-26\"><span style=\"font-size: 14pt;\">ZEISS CT-ASPHINA 603P MONOFOCAL<\/span><\/p>\n<p class=\"brk-dark-font-color font__size-16 font__weight-normal line__height-26\"><span style=\"font-size: 14pt;\">ZEISS CT-LUCIA 201P MONOFOCAL<\/span><\/p>\n<p class=\"brk-dark-font-color font__size-16 font__weight-normal line__height-26\"><span style=\"font-size: 14pt;\">ZEISS CT-ASPHINA 409MV MONOFOCAL COLORMATIC<\/span><\/p>\n<p class=\"brk-dark-font-color font__size-16 font__weight-normal line__height-26\"><span style=\"font-size: 14pt;\">ZEISS CT-LUCIA 601 PY MONOFOCAL COLORMATIC<\/span><\/p>\n<p class=\"brk-dark-font-color font__size-16 font__weight-normal line__height-26\"><span style=\"font-size: 14pt;\">ZEISS AT LISA 809 MP BIFOCAL<\/span><\/p>\n<p class=\"brk-dark-font-color font__size-16 font__weight-normal line__height-26\"><span style=\"font-size: 14pt;\">ZEISS AT LISA TRI 839 MP TRIFOCAL<\/span><\/p>\n<p class=\"brk-dark-font-color font__size-16 font__weight-normal line__height-26 mb-30\"><span style=\"font-size: 14pt;\">ZEIS AT TORBI BI-TORIC 709 MP BIFOCAL TORIC<\/span><\/p>\n<p class=\"brk-dark-font-color font__size-16 font__weight-normal line__height-26\"><span style=\"font-size: 14pt;\">ABBOTT SENSAR1 A1300 HYDROPHOBIC MONOBLOCK<\/span><\/p>\n<p class=\"brk-dark-font-color font__size-16 font__weight-normal line__height-26\"><span style=\"font-size: 14pt;\">ABBOTT TECNIS1 ZCB00 HYDROPHOBIC MONOBLOCK<\/span><\/p>\n<p class=\"brk-dark-font-color font__size-16 font__weight-normal line__height-26\"><span style=\"font-size: 14pt;\">ABBOTT TECNIS ZMBOO MULTIFOKAL ACRYLIC<\/span><\/p>\n<p class=\"brk-dark-font-color font__size-16 font__weight-normal line__height-26\"><span style=\"font-size: 14pt;\">ABBOTT TECNIS ZMTOO MULTIFOKAL TORIC ACRYLIC<\/span><\/p>\n<p class=\"brk-dark-font-color font__size-16 font__weight-normal line__height-26 mb-30\"><span style=\"font-size: 14pt;\">ABBOTT TECNIS ZCT150 MONOFOCAL ASPHERIC TORIC<\/span><\/p>\n<p class=\"brk-dark-font-color font__size-16 font__weight-normal line__height-26\"><span style=\"font-size: 14pt;\">ALCON SN60NF ACRYSOF IQ MONOFOCAL<\/span><\/p>\n<p class=\"brk-dark-font-color font__size-16 font__weight-normal line__height-26\"><span style=\"font-size: 14pt;\">ALCON SN6AD1 ACRYSOF IQ MULTIFOCAL RESTOR<\/span><\/p>\n<p class=\"brk-dark-font-color font__size-16 font__weight-normal line__height-26 mb-30\"><span style=\"font-size: 14pt;\">ALCON SND1TX ACRYSOF IQ MULTIFOCAL RESTOR TORIC<\/span><\/p>\n<p class=\"brk-dark-font-color font__size-16 font__weight-normal line__height-26\"><span style=\"font-size: 14pt;\">ACRIVAup REVIOL MFM611 MULTIFOKAL<\/span><\/p>\n<p class=\"brk-dark-font-color font__size-16 font__weight-normal line__height-26\"><span style=\"font-size: 14pt;\">ACRIVAUD REVIOL BBMFM611 MULTIFOKAL<\/span><\/p>\n<p class=\"brk-dark-font-color font__size-16 font__weight-normal line__height-26\"><span style=\"font-size: 14pt;\">ACRIVAUD UD613 MONOFOCAL<\/span><\/p>\n<p class=\"brk-dark-font-color font__size-16 font__weight-normal line__height-26 mb-30\"><span style=\"font-size: 14pt;\">ACRIVA BBUD613 MONOFOCAL<\/span><\/p>\n<p class=\"brk-dark-font-color font__size-16 font__weight-normal line__height-26\"><span style=\"font-size: 14pt;\">BIOTECH VISIONCARE EYECRYL DIHYS600ROH MULTIFOCAL<\/span><\/p>\n<p class=\"brk-dark-font-color font__size-16 font__weight-normal line__height-26\"><span style=\"font-size: 14pt;\">BIOTECH VISIONCARE EYECRYL ASHFY600 HYDROPHOBIC IOL<\/span><\/p>\n<p class=\"brk-dark-font-color font__size-16 font__weight-normal line__height-26\"><span style=\"font-size: 14pt;\">BIOTECH VISIONCARE EYECRYL PLUS600 HYDROPHILIC IOL<\/span><\/p>\n<\/div>\n<p>&nbsp;<\/p>","protected":false},"excerpt":{"rendered":"<p>KATARAKT CERRAH\u0130S\u0130\u00a0KATARAKT TEDAV\u0130S\u0130 Katarakt; g\u00f6z\u00fcm\u00fcz\u00fcn do\u011fal merce\u011finin (lens) saydaml\u0131\u011f\u0131n\u0131 yitirmesidir. Her ya\u015fta g\u00f6r\u00fclebilir. S\u0131kl\u0131kla g\u00f6r\u00fclen t\u00fcr\u00fc 55 ya\u015f\u0131ndan sonra ya\u015fa ba\u011fl\u0131 katarakt olarak kar\u015f\u0131m\u0131za \u00e7\u0131kar. Katarakt tedavisi ila\u00e7larla m\u00fcmk\u00fcn olmad\u0131\u011f\u0131ndan cerrahi (FAKOem\u00fclsifikason) operasyon veya Laser (Femtosecond Laser) operasyonu gereklidir. Bulan\u0131k g\u00f6rme, puslu g\u00f6rme, kirli bir cam\u0131n arkas\u0131ndan bak\u0131yormu\u015f hissi, G\u00f6zl\u00fck kullanma ihtiyac\u0131 olu\u015fmas\u0131, Yak\u0131n\u0131 g\u00f6remeyen [&hellip;]<\/p>","protected":false},"author":2,"featured_media":0,"parent":1292,"menu_order":0,"comment_status":"closed","ping_status":"closed","template":"","meta":{"footnotes":""},"class_list":["post-1331","page","type-page","status-publish","hentry"],"acf":[],"_links":{"self":[{"href":"https:\/\/healthtourismcenterturkey.com\/en\/wp-json\/wp\/v2\/pages\/1331"}],"collection":[{"href":"https:\/\/healthtourismcenterturkey.com\/en\/wp-json\/wp\/v2\/pages"}],"about":[{"href":"https:\/\/healthtourismcenterturkey.com\/en\/wp-json\/wp\/v2\/types\/page"}],"author":[{"embeddable":true,"href":"https:\/\/healthtourismcenterturkey.com\/en\/wp-json\/wp\/v2\/users\/2"}],"replies":[{"embeddable":true,"href":"https:\/\/healthtourismcenterturkey.com\/en\/wp-json\/wp\/v2\/comments?post=1331"}],"version-history":[{"count":8,"href":"https:\/\/healthtourismcenterturkey.com\/en\/wp-json\/wp\/v2\/pages\/1331\/revisions"}],"predecessor-version":[{"id":2036,"href":"https:\/\/healthtourismcenterturkey.com\/en\/wp-json\/wp\/v2\/pages\/1331\/revisions\/2036"}],"up":[{"embeddable":true,"href":"https:\/\/healthtourismcenterturkey.com\/en\/wp-json\/wp\/v2\/pages\/1292"}],"wp:attachment":[{"href":"https:\/\/healthtourismcenterturkey.com\/en\/wp-json\/wp\/v2\/media?parent=1331"}],"curies":[{"name":"wp","href":"https:\/\/api.w.org\/{rel}","templated":true}]}}