{"id":1328,"date":"2020-08-30T10:06:17","date_gmt":"2020-08-30T10:06:17","guid":{"rendered":"http:\/\/healthtourismcenterturkey.com\/?page_id=1328"},"modified":"2020-09-03T12:18:17","modified_gmt":"2020-09-03T12:18:17","slug":"wavefront-i-design-topo-guided","status":"publish","type":"page","link":"https:\/\/healthtourismcenterturkey.com\/en\/goz-ameliyatlari\/lazer-tedavileri\/wavefront-i-design-topo-guided\/","title":{"rendered":"WAVEFRONT, I-DESIGN, TOPO GUIDED"},"content":{"rendered":"<div class=\"brk-footer__wide-menu pt-20 pt-sm-15 pb-15 d-flex flex-wrap justify-content-between align-items-center\">\n<nav class=\"brk-footer-nav pt-10 pt-md-0\">\n<div class=\"col-12 col-lg-6\">\n<p class=\"brk-dark-font-color font__size-16 font__weight-normal line__height-26 mb-10\"><span style=\"font-size: 14pt;\"><strong>Refraktif laser<\/strong> It is frequently used in refractive laser applications such as myopia, astigmatism,\nhyperopia, and presbyopia vision correction laser applications.<\/span><\/p>\n<p class=\"brk-dark-font-color font__size-16 font__weight-normal line__height-26 mb-10\"><span style=\"font-size: 14pt;\">Wavefront, iDesign, Topo-Guided laser are the commercial names given by the\ncompanies that invented these personalized applications.<\/span><\/p>\n<p class=\"brk-dark-font-color font__size-16 font__weight-normal line__height-26 mb-10\"><span style=\"font-size: 14pt;\">While refractive laser applications are used to eliminate myopia, astigmatism, hyperopia,\nand presbyopia, these applications is used to remove micron-level roughness on the\ncornea which is called smoothing. The goal is to plan the treatment specific to the\npatient.<\/span><\/p>\n<p>&nbsp;<\/p>\n<\/div>\n<div class=\"col-12 col-lg-6\"><img loading=\"lazy\" decoding=\"async\" class=\"alignnone size-full wp-image-1518\" src=\"http:\/\/healthtourismcenterturkey.com\/wp-content\/uploads\/2020\/09\/585x678_2-6.jpg\" alt=\"\" width=\"585\" height=\"678\" srcset=\"https:\/\/healthtourismcenterturkey.com\/wp-content\/uploads\/2020\/09\/585x678_2-6.jpg 585w, https:\/\/healthtourismcenterturkey.com\/wp-content\/uploads\/2020\/09\/585x678_2-6-259x300.jpg 259w\" sizes=\"(max-width: 585px) 100vw, 585px\" \/><\/div>\n<\/nav>\n<\/div>\n<p>&nbsp;<\/p>","protected":false},"excerpt":{"rendered":"<p>Refraktif laser (miyop, astigmat, hipermetrop, presbiyop g\u00f6r\u00fc\u015f d\u00fczeltme lazer uygulamalar\u0131) uygulamalar\u0131nda s\u0131kl\u0131kla kullan\u0131lmaktad\u0131r. Wavefront, i-desing, topoguided lazer firmalar\u0131n\u0131n ki\u015fiye \u00f6zel tedavi uygulamalar\u0131na verdikleri isimlerdir. Bu yabanc\u0131 terimlerin halk aras\u0131nda anla\u015f\u0131labilir, pop\u00fcler kar\u015f\u0131l\u0131\u011f\u0131 \u201ckartal g\u00f6z\u201d veya \u201ckartal gibi g\u00f6rme\u201d olarak adland\u0131r\u0131l\u0131r. Bu tan\u0131mlamalar ger\u00e7e\u011fi tam olarak yans\u0131tamaz. \u00c7\u00fcnk\u00fc genetik olarak hi\u00e7bir insan kartal gibi g\u00f6remez. Bu [&hellip;]<\/p>","protected":false},"author":2,"featured_media":0,"parent":1290,"menu_order":0,"comment_status":"closed","ping_status":"closed","template":"","meta":{"footnotes":""},"class_list":["post-1328","page","type-page","status-publish","hentry"],"acf":[],"_links":{"self":[{"href":"https:\/\/healthtourismcenterturkey.com\/en\/wp-json\/wp\/v2\/pages\/1328"}],"collection":[{"href":"https:\/\/healthtourismcenterturkey.com\/en\/wp-json\/wp\/v2\/pages"}],"about":[{"href":"https:\/\/healthtourismcenterturkey.com\/en\/wp-json\/wp\/v2\/types\/page"}],"author":[{"embeddable":true,"href":"https:\/\/healthtourismcenterturkey.com\/en\/wp-json\/wp\/v2\/users\/2"}],"replies":[{"embeddable":true,"href":"https:\/\/healthtourismcenterturkey.com\/en\/wp-json\/wp\/v2\/comments?post=1328"}],"version-history":[{"count":7,"href":"https:\/\/healthtourismcenterturkey.com\/en\/wp-json\/wp\/v2\/pages\/1328\/revisions"}],"predecessor-version":[{"id":1671,"href":"https:\/\/healthtourismcenterturkey.com\/en\/wp-json\/wp\/v2\/pages\/1328\/revisions\/1671"}],"up":[{"embeddable":true,"href":"https:\/\/healthtourismcenterturkey.com\/en\/wp-json\/wp\/v2\/pages\/1290"}],"wp:attachment":[{"href":"https:\/\/healthtourismcenterturkey.com\/en\/wp-json\/wp\/v2\/media?parent=1328"}],"curies":[{"name":"wp","href":"https:\/\/api.w.org\/{rel}","templated":true}]}}