{"id":1322,"date":"2020-08-30T10:03:29","date_gmt":"2020-08-30T10:03:29","guid":{"rendered":"http:\/\/healthtourismcenterturkey.com\/?page_id=1322"},"modified":"2020-09-03T11:45:58","modified_gmt":"2020-09-03T11:45:58","slug":"no-touch","status":"publish","type":"page","link":"https:\/\/healthtourismcenterturkey.com\/en\/goz-ameliyatlari\/lazer-tedavileri\/no-touch\/","title":{"rendered":"No Touch"},"content":{"rendered":"<div class=\"col-12 col-lg-6\">\n<h1 class=\"font__family-montserrat font__size-28 line__height-32 text-uppercase mb-35\"><span class=\"font__weight-light\">NO TOUCH LASER APPLICATION<\/span><\/h1>\n<p class=\"brk-dark-font-color font__size-16 font__weight-normal line__height-26 mb-10\"><span style=\"font-size: 14pt;\">No incision is applied in the cornea. The laser is directly applied without removing the\nepithelial tissue of the cornea. Precision in the vision correction diminishes due to the\ndifferences between the thickness of the corneal epithelium of the patients.<\/span><\/p>\n<\/div>\n<p><img loading=\"lazy\" decoding=\"async\" class=\"alignnone size-full wp-image-1514\" src=\"http:\/\/healthtourismcenterturkey.com\/wp-content\/uploads\/2020\/09\/585x678_2-4.jpg\" alt=\"\" width=\"585\" height=\"678\" srcset=\"https:\/\/healthtourismcenterturkey.com\/wp-content\/uploads\/2020\/09\/585x678_2-4.jpg 585w, https:\/\/healthtourismcenterturkey.com\/wp-content\/uploads\/2020\/09\/585x678_2-4-259x300.jpg 259w\" sizes=\"(max-width: 585px) 100vw, 585px\" \/><\/p>\n<div class=\"col-12 col-lg-6\"><\/br><\/br><\/p>\n<h2 class=\"brk-dark-font-color font__size-16 font__weight-normal line__height-26\"><span class=\"font__weight-light\">\u00a0ADVANTAGES<\/span><\/h2>\n<ul>\n<li class=\"brk-dark-font-color font__size-16 font__weight-normal line__height-26\"><span style=\"font-size: 14pt;\">Budget friendly.<\/span><\/li>\n<li class=\"brk-dark-font-color font__size-16 font__weight-normal line__height-26\"><span style=\"font-size: 14pt;\">Can be applied to relatively thin corneas.<\/span><\/li>\n<li class=\"brk-dark-font-color font__size-16 font__weight-normal line__height-26\"><span style=\"font-size: 14pt;\">No risk of increasing intraocular pressure.<\/span><\/li>\n<li class=\"brk-dark-font-color font__size-16 font__weight-normal line__height-26\"><span style=\"font-size: 14pt;\">No damage on the corneal sensory nerves.<\/span><\/li>\n<li class=\"brk-dark-font-color font__size-16 font__weight-normal line__height-26\"><span style=\"font-size: 14pt;\">No risk for dry eye disease.<\/span><\/li>\n<li class=\"brk-dark-font-color font__size-16 font__weight-normal line__height-26 mb-10\"><span style=\"font-size: 14pt;\">Preserving the biomechanical integrity of the cornea.<\/span><\/li>\n<li class=\"brk-dark-font-color font__size-16 font__weight-normal line__height-26\"><span class=\"font__weight-light\" style=\"font-size: 14pt;\">DISADVANTAGES<\/span><\/li>\n<li class=\"brk-dark-font-color font__size-16 font__weight-normal line__height-26\"><span style=\"font-size: 14pt;\">Decreased corneal resistance, although biomechanical integrity is preserved.<\/span><\/li>\n<li class=\"brk-dark-font-color font__size-16 font__weight-normal line__height-26\"><span style=\"font-size: 14pt;\">Pain for 3-5 days after surgery, stinging, watering, visual deficiency complaints,\nworkforce loss, long period of time to return to social life<\/span><\/li>\n<li class=\"brk-dark-font-color font__size-16 font__weight-normal line__height-26\"><span style=\"font-size: 14pt;\">Patient satisfaction is low in low number myopia.<\/span><\/li>\n<li class=\"brk-dark-font-color font__size-16 font__weight-normal line__height-26\"><span style=\"font-size: 14pt;\">Risk of haze (clouding of the cornea) in myopia higher than 5.0.<\/span><\/li>\n<li class=\"brk-dark-font-color font__size-16 font__weight-normal line__height-26\"><span style=\"font-size: 14pt;\">Inability to make corrections on hyperopia and astigmatism higher than 2.<\/span><\/li>\n<li class=\"brk-dark-font-color font__size-16 font__weight-normal line__height-26\"><span style=\"font-size: 14pt;\">High risk of infection.<\/span><\/li>\n<li class=\"brk-dark-font-color font__size-16 font__weight-normal line__height-26 mb-10\"><span style=\"font-size: 14pt;\">It takes 3-4 weeks to have clear vision.<\/span><\/li>\n<\/ul>\n<\/div>\n<div class=\"col-12 col-lg-6\"><\/div>\n<p><\/br><\/br><\/br><\/p>","protected":false},"excerpt":{"rendered":"<p>NO TOUCH LASER UYGULAMASI Korneada herhangi bir kesi olu\u015fturulmaz. Kornean\u0131n en \u00fcst\u00fcndeki epitel doku kald\u0131r\u0131lmadan direk lazer uygulan\u0131r. Her hastada kornea epitelinin kal\u0131nl\u0131k da\u011f\u0131l\u0131m\u0131 ayn\u0131 olmad\u0131\u011f\u0131 i\u00e7in numara d\u00fczeltlmesinde hassasiyet \u00f6nemli d\u00fczeyde d\u00fc\u015f\u00fcrmektedir. \u00a0AVANTAJLARI &#8211; Maliyetinin d\u00fc\u015f\u00fck olmas\u0131. &#8211; Nispeten ince kornealara uygulanabilmesi. &#8211; G\u00f6z i\u00e7i bas\u0131nc\u0131n\u0131 artt\u0131rma riski olmamas\u0131. &#8211; Korneal duyu sinirlerine zarar [&hellip;]<\/p>","protected":false},"author":2,"featured_media":0,"parent":1290,"menu_order":0,"comment_status":"closed","ping_status":"closed","template":"","meta":{"footnotes":""},"class_list":["post-1322","page","type-page","status-publish","hentry"],"acf":[],"_links":{"self":[{"href":"https:\/\/healthtourismcenterturkey.com\/en\/wp-json\/wp\/v2\/pages\/1322"}],"collection":[{"href":"https:\/\/healthtourismcenterturkey.com\/en\/wp-json\/wp\/v2\/pages"}],"about":[{"href":"https:\/\/healthtourismcenterturkey.com\/en\/wp-json\/wp\/v2\/types\/page"}],"author":[{"embeddable":true,"href":"https:\/\/healthtourismcenterturkey.com\/en\/wp-json\/wp\/v2\/users\/2"}],"replies":[{"embeddable":true,"href":"https:\/\/healthtourismcenterturkey.com\/en\/wp-json\/wp\/v2\/comments?post=1322"}],"version-history":[{"count":5,"href":"https:\/\/healthtourismcenterturkey.com\/en\/wp-json\/wp\/v2\/pages\/1322\/revisions"}],"predecessor-version":[{"id":1657,"href":"https:\/\/healthtourismcenterturkey.com\/en\/wp-json\/wp\/v2\/pages\/1322\/revisions\/1657"}],"up":[{"embeddable":true,"href":"https:\/\/healthtourismcenterturkey.com\/en\/wp-json\/wp\/v2\/pages\/1290"}],"wp:attachment":[{"href":"https:\/\/healthtourismcenterturkey.com\/en\/wp-json\/wp\/v2\/media?parent=1322"}],"curies":[{"name":"wp","href":"https:\/\/api.w.org\/{rel}","templated":true}]}}