{"id":1318,"date":"2020-08-30T10:02:08","date_gmt":"2020-08-30T10:02:08","guid":{"rendered":"http:\/\/healthtourismcenterturkey.com\/?page_id=1318"},"modified":"2020-09-05T14:11:35","modified_gmt":"2020-09-05T14:11:35","slug":"lasik","status":"publish","type":"page","link":"https:\/\/healthtourismcenterturkey.com\/en\/goz-ameliyatlari\/lazer-tedavileri\/lasik\/","title":{"rendered":"Lasik"},"content":{"rendered":"<div class=\"col-12 col-lg-6\">\n<h1 class=\"font__family-montserrat font__size-28 line__height-32 text-uppercase mb-35\"><span class=\"font__weight-light\">LASIK APPLICATION<\/span><\/h1>\n<p class=\"brk-dark-font-color font__size-16 font__weight-normal line__height-26 mb-10\"><span style=\"font-size: 14pt;\">With the help of a microkeratome (MOTORIZED blade), a flap is removed from the\ncorneal tissue, resembling a can lid. Laser is applied to the tissue under the valve and the\nflap is closed. A flap is removed from the corneal tissue with the laser. A blade is not used.\nLaser is applied to the tissue under the valve and the flap is closed.<\/span><\/p>\n<p>&nbsp;<\/p>\n<h2 class=\"brk-dark-font-color font__size-16 font__weight-normal line__height-26\"><span class=\"font__weight-light\">ADVANTAGES<\/span><\/h2>\n<ul>\n<li class=\"brk-dark-font-color font__size-16 font__weight-normal line__height-26\"><span style=\"font-size: 14pt;\">\u00a0As soon as the laser application is completed, the patient has adequate vision.<\/span><\/li>\n<li class=\"brk-dark-font-color font__size-16 font__weight-normal line__height-26\"><span style=\"font-size: 14pt;\">\u00a0Pain, burning, and stinging are not seen or seen for a very short time.<\/span><\/li>\n<li class=\"brk-dark-font-color font__size-16 font__weight-normal line__height-26\"><span style=\"font-size: 14pt;\">\u00a0Prevention of workforce loss.<\/span><\/li>\n<li class=\"brk-dark-font-color font__size-16 font__weight-normal line__height-26 mb-10\"><span style=\"font-size: 14pt;\">\u00a0Corrections are possible for high diopters.<\/span><\/li>\n<\/ul>\n<h2>DISADVANTAGES<\/h2>\n<ul>\n<li class=\"brk-dark-font-color font__size-16 font__weight-normal line__height-26\"><span style=\"font-size: 14pt;\">\u00a0Inability to apply to thin corneas.<\/span><\/li>\n<li class=\"brk-dark-font-color font__size-16 font__weight-normal line__height-26\"><span style=\"font-size: 14pt;\">\u00a0Provides susceptibility to dry eye disease.<\/span><\/li>\n<li class=\"brk-dark-font-color font__size-16 font__weight-normal line__height-26\"><span style=\"font-size: 14pt;\">\u00a0Alterations on corneal biomechanics.<\/span><\/li>\n<li class=\"brk-dark-font-color font__size-16 font__weight-normal line__height-26\"><span style=\"font-size: 14pt;\">\u00a0Reducing the corneal resistance.<\/span><\/li>\n<li class=\"brk-dark-font-color font__size-16 font__weight-normal line__height-26 mb-10\"><span style=\"font-size: 14pt;\">\u00a0Temporary increase of intraocular pressure.<\/span><\/li>\n<\/ul>\n<p>&nbsp;<\/p>\n<\/div>\n<div class=\"col-12 col-lg-6\"><img loading=\"lazy\" decoding=\"async\" class=\"alignnone size-full wp-image-1511\" src=\"http:\/\/healthtourismcenterturkey.com\/wp-content\/uploads\/2020\/09\/585x678_2-3.jpg\" alt=\"\" width=\"585\" height=\"678\" srcset=\"https:\/\/healthtourismcenterturkey.com\/wp-content\/uploads\/2020\/09\/585x678_2-3.jpg 585w, https:\/\/healthtourismcenterturkey.com\/wp-content\/uploads\/2020\/09\/585x678_2-3-259x300.jpg 259w\" sizes=\"(max-width: 585px) 100vw, 585px\" \/><\/div>\n<div><\/div>\n<p>&nbsp;<\/p>","protected":false},"excerpt":{"rendered":"<p>LASIK UYGULAMASI Mikrokeratom (MOTOR\u0130ZE b\u0131\u00e7ak) yard\u0131m\u0131yla kornea dokusundan konserve kapa\u011f\u0131n\u0131 and\u0131r\u0131r bi\u00e7imde bir kapak\u00e7\u0131k (flap) kald\u0131r\u0131l\u0131r. Kapak\u00e7\u0131\u011f\u0131n alt\u0131ndaki dokuya Lazer uygulan\u0131r ve flap kapat\u0131l\u0131r. Kornea dokusundan bir kapak\u00e7\u0131k (flap) lazer ile kald\u0131r\u0131l\u0131r. B\u0131\u00e7ak kullan\u0131lmaz. Kapak\u00e7\u0131\u011f\u0131n alt\u0131ndaki dokuya Lazer uygulan\u0131r ve flap kapat\u0131l\u0131r. &nbsp; AVANTAJLARI \u00a0Laser uygulamas\u0131 biter bitmez hastan\u0131n yeterince iyi g\u00f6r\u00fcyor olmas\u0131. \u00a0A\u011fr\u0131, yanma [&hellip;]<\/p>","protected":false},"author":2,"featured_media":0,"parent":1290,"menu_order":0,"comment_status":"closed","ping_status":"closed","template":"","meta":{"footnotes":""},"class_list":["post-1318","page","type-page","status-publish","hentry"],"acf":[],"_links":{"self":[{"href":"https:\/\/healthtourismcenterturkey.com\/en\/wp-json\/wp\/v2\/pages\/1318"}],"collection":[{"href":"https:\/\/healthtourismcenterturkey.com\/en\/wp-json\/wp\/v2\/pages"}],"about":[{"href":"https:\/\/healthtourismcenterturkey.com\/en\/wp-json\/wp\/v2\/types\/page"}],"author":[{"embeddable":true,"href":"https:\/\/healthtourismcenterturkey.com\/en\/wp-json\/wp\/v2\/users\/2"}],"replies":[{"embeddable":true,"href":"https:\/\/healthtourismcenterturkey.com\/en\/wp-json\/wp\/v2\/comments?post=1318"}],"version-history":[{"count":9,"href":"https:\/\/healthtourismcenterturkey.com\/en\/wp-json\/wp\/v2\/pages\/1318\/revisions"}],"predecessor-version":[{"id":1797,"href":"https:\/\/healthtourismcenterturkey.com\/en\/wp-json\/wp\/v2\/pages\/1318\/revisions\/1797"}],"up":[{"embeddable":true,"href":"https:\/\/healthtourismcenterturkey.com\/en\/wp-json\/wp\/v2\/pages\/1290"}],"wp:attachment":[{"href":"https:\/\/healthtourismcenterturkey.com\/en\/wp-json\/wp\/v2\/media?parent=1318"}],"curies":[{"name":"wp","href":"https:\/\/api.w.org\/{rel}","templated":true}]}}