{"id":1315,"date":"2020-08-30T10:01:16","date_gmt":"2020-08-30T10:01:16","guid":{"rendered":"http:\/\/healthtourismcenterturkey.com\/?page_id=1315"},"modified":"2020-09-04T15:12:32","modified_gmt":"2020-09-04T15:12:32","slug":"excimer-lazer","status":"publish","type":"page","link":"https:\/\/healthtourismcenterturkey.com\/en\/goz-ameliyatlari\/lazer-tedavileri\/excimer-lazer\/","title":{"rendered":"Excimer Laser"},"content":{"rendered":"<div class=\"row pt-80\">\n<div class=\"col-12 col-lg-6\">\n<h1 class=\"font__family-montserrat font__size-28 line__height-32 text-uppercase mb-35\"><span class=\"font__weight-light\">EXCIMER LASER TREATMENT<\/span><\/h1>\n<p class=\"brk-dark-font-color font__size-16 font__weight-normal line__height-26 mb-10\"><span style=\"font-size: 14pt;\">Excimer Laser is a laser technology developed for the correction of myopia, hyperopia,\nand astigmatism through the cornea which is the outermost layer of the eye. Intraocular\nlens applications are alternative methods for people who are not suitable for Excimer Laser\ntreatment.<\/span><\/p>\n<h2 class=\"brk-dark-font-color font__size-16 font__weight-normal line__height-26\"><span class=\"font__weight-light\" style=\"font-size: 14pt;\">WHO IS ELIGIBLE FOR EXCIMER LASER EYE SURGERY?<\/span><\/h2>\n<p class=\"brk-dark-font-color font__size-16 font__weight-normal line__height-26 mb-10\"><span style=\"font-size: 14pt;\">Patients 18 years old and older, whose eye-glasses number has not changed more than 0.5\ndiopter in the last year, who have myopia up to 12 diopters (number), astigmatism up to 6\ndiopters (number), hyperopia up to 6 diopters. Corneal structure must be examined to\nmake sure a patient is eligible for Excimer Laser Surgery<\/span><\/p>\n<h2 class=\"brk-dark-font-color font__size-16 font__weight-normal line__height-26\"><span class=\"font__weight-light\" style=\"font-size: 14pt;\">PRE-EXAMINATIONS FOR EXCIMER LASER EYE SURGERY<\/span><\/h2>\n<p class=\"brk-dark-font-color font__size-16 font__weight-normal line__height-26 mb-10\"><span style=\"font-size: 14pt;\">Certain examinations and measurements are required before Excimer Laser Surgery.\nVisual acuity is measured with eye-glasses and contact lenses. Computerized eye exam is\nperformed to determine the exact eye numbers. Biomicroscopy: The eye is examined in\ndetail with a microscope. Cornea map examination and corneal thickness measurement are\nperformed with corneal topography. The level of small optical irregularities that impair\nvision quality called \u201caberrations\" are acquired with wavefront analysis . After measuring\nthe intraocular pressure and pupil width, dilated fundus examination (DFE) is performed\nby expanding the pupil to examine the retina (nerve) layer of the eye. Finally, dry eye test\nis performed to determine whether the eye produces enough tears to keep it moist. A\nSpecialist has the ultimate decision on the patient\u2019s eligibility for Excimer Laser Surgery\nand the operation phase is started.<\/span><\/p>\n<\/div>\n<\/div>\n<div class=\"col-12 col-lg-6\"><\/div>\n<div><img loading=\"lazy\" decoding=\"async\" class=\"alignnone wp-image-1505\" src=\"http:\/\/healthtourismcenterturkey.com\/wp-content\/uploads\/2020\/09\/585x678_2-1.jpg\" alt=\"\" width=\"519\" height=\"601\" srcset=\"https:\/\/healthtourismcenterturkey.com\/wp-content\/uploads\/2020\/09\/585x678_2-1.jpg 585w, https:\/\/healthtourismcenterturkey.com\/wp-content\/uploads\/2020\/09\/585x678_2-1-259x300.jpg 259w\" sizes=\"(max-width: 519px) 100vw, 519px\" \/><\/div>\n<div><\/div>\n<div class=\"overflow-hid position-static position-lg-relative pb-100\">\n<p>&nbsp;<\/p>\n<h1 class=\"brk-dark-font-color font__size-16 font__weight-normal line__height-26\"><span class=\"font__weight-light\">PRECAUTIONS AFTER EXCIMER LASER EYE SURGERY<\/span><\/h1>\n<p class=\"brk-dark-font-color font__size-16 font__weight-normal line__height-26 mb-10\"><span style=\"font-size: 14pt;\">It is important that you take the medication prescribed by your physician in a timely\nmanner and in the recommended dosage. Bandage is not applied after Excimer Laser\nSurgery. It is sufficient to wear your protective glasses for the specified time (usually 1\nday). After Excimer Laser Surgery, avoid having make-up, swimming, visiting sauna and\nsolarium and such activities for the period of time specified by your physician.<\/span><\/p>\n<\/div>\n<p>&nbsp;<\/p>","protected":false},"excerpt":{"rendered":"<p>EXCIMER LAZER TEDAV\u0130S\u0130 Excimer Lazer G\u00f6z\u00fcn en d\u0131\u015f tabakas\u0131 (kornea) \u00fczerinden miyop, hipermetrop, astigmat k\u0131rma kusurlar\u0131n\u0131n giderilmesi i\u00e7in geli\u015ftirilen lazer teknolojileridir. Excimer Lazer G\u00f6z \u00e7izdirme ameliyat\u0131 olarak bilinmektedir. Excimer Lazer tedavisine uygun bulunmayan ki\u015filerde alternatif y\u00f6ntem G\u00f6z \u0130\u00e7i Mercek uygulamalar\u0131d\u0131r. EXC\u0130MER LAZER AMEL\u0130YATI K\u0130MLERE UYGULANAB\u0130L\u0130R? 18 ya\u015f ve \u00fczeri, G\u00f6zl\u00fck dereceleri son 1 y\u0131lda 0,5 [&hellip;]<\/p>","protected":false},"author":2,"featured_media":0,"parent":1290,"menu_order":0,"comment_status":"closed","ping_status":"closed","template":"","meta":{"footnotes":""},"class_list":["post-1315","page","type-page","status-publish","hentry"],"acf":[],"_links":{"self":[{"href":"https:\/\/healthtourismcenterturkey.com\/en\/wp-json\/wp\/v2\/pages\/1315"}],"collection":[{"href":"https:\/\/healthtourismcenterturkey.com\/en\/wp-json\/wp\/v2\/pages"}],"about":[{"href":"https:\/\/healthtourismcenterturkey.com\/en\/wp-json\/wp\/v2\/types\/page"}],"author":[{"embeddable":true,"href":"https:\/\/healthtourismcenterturkey.com\/en\/wp-json\/wp\/v2\/users\/2"}],"replies":[{"embeddable":true,"href":"https:\/\/healthtourismcenterturkey.com\/en\/wp-json\/wp\/v2\/comments?post=1315"}],"version-history":[{"count":7,"href":"https:\/\/healthtourismcenterturkey.com\/en\/wp-json\/wp\/v2\/pages\/1315\/revisions"}],"predecessor-version":[{"id":1728,"href":"https:\/\/healthtourismcenterturkey.com\/en\/wp-json\/wp\/v2\/pages\/1315\/revisions\/1728"}],"up":[{"embeddable":true,"href":"https:\/\/healthtourismcenterturkey.com\/en\/wp-json\/wp\/v2\/pages\/1290"}],"wp:attachment":[{"href":"https:\/\/healthtourismcenterturkey.com\/en\/wp-json\/wp\/v2\/media?parent=1315"}],"curies":[{"name":"wp","href":"https:\/\/api.w.org\/{rel}","templated":true}]}}