{"id":1289,"date":"2020-08-30T10:00:55","date_gmt":"2020-08-30T10:00:55","guid":{"rendered":"http:\/\/healthtourismcenterturkey.com\/?page_id=1289"},"modified":"2020-09-03T11:32:11","modified_gmt":"2020-09-03T11:32:11","slug":"relex-smile","status":"publish","type":"page","link":"https:\/\/healthtourismcenterturkey.com\/en\/goz-ameliyatlari\/lazer-tedavileri\/relex-smile\/","title":{"rendered":"Relex Smile"},"content":{"rendered":"<h1 class=\"font__family-montserrat font__size-28 line__height-32 text-uppercase mb-35\"><span class=\"font__weight-bold\">SMILE<\/span>\u00a0<span class=\"font__weight-light\">BY ZEISS<\/span><\/h1>\n<p class=\"brk-dark-font-color font__size-16 font__weight-normal line__height-26 mb-30\"><span style=\"font-size: 14pt;\">BRIEF HISTORY OF LASER EYE SURGERY:\nCorneal Refractive Laser Eye Surgery has been one of the most popular eye treatment\nmethods. Its technology has been rapidly improved in last thirty years. Like in all other\nareas of technology, laser eye surgery techonology has been better shaped with the help\nof high demand of improvement. This techonology has offered three kinds of methods,\nPRK, LASIK, SMILE.<\/span><\/p>\n<p class=\"brk-dark-font-color font__size-16 font__weight-normal line__height-26 mb-30\"><span style=\"font-size: 14pt;\">PRK, is the first generation of laser eye surgeries which is a surface ablation surgery by\nthe usage of the excimer laser on cornea. PRK is affordable and still widely used in vision\ncorrection. Known as the second generation of laser vision correction methods, LASIK\nmakes it possible to reshape the cornea with the excimer laser. LASIK became one of the\nmost popular laser eye correction methods nowadays since its advantage on short\nhealing time after the flap surgery<\/span><\/p>\n<p class=\"brk-dark-font-color font__size-16 font__weight-normal line__height-26 mb-30\"><span style=\"font-size: 14pt;\">SMILE is the third generation of laser eye surgeries and is a technique of lenticular\nextraction with a small incision. SMILE redefined the traditional refractive surgeries by\nonly using femtosecond laser with minimal invasive flapless eye surgery technique. Laser\nvision correction had never been such advanced, sensitive and protective before SMILE\nwas invented. It appears that the future of laser vision correction lies in minimal invasive\ntechniques.<\/span><\/p>\n<p>&nbsp;<\/p>\n<p><img loading=\"lazy\" decoding=\"async\" class=\"alignnone size-full wp-image-1503\" src=\"http:\/\/healthtourismcenterturkey.com\/wp-content\/uploads\/2020\/09\/585x678_2.jpg\" alt=\"\" width=\"585\" height=\"678\" srcset=\"https:\/\/healthtourismcenterturkey.com\/wp-content\/uploads\/2020\/09\/585x678_2.jpg 585w, https:\/\/healthtourismcenterturkey.com\/wp-content\/uploads\/2020\/09\/585x678_2-259x300.jpg 259w\" sizes=\"(max-width: 585px) 100vw, 585px\" \/><\/p>\n<p>&nbsp;<\/p>\n<div class=\"col-12 col-sm-6 col-lg-4\">\n<div class=\"d-flex justify-content-center justify-content-sm-start align-items-center mt-15 mb-20 ml-1 ml-sm-3 ml-lg-4\">\n<p><span style=\"color: #3366ff;\"><strong><span style=\"font-size: 36pt;\">1.<\/span><\/strong><\/span><\/p>\n<h2 class=\"brk-dark-font-color font__family-montserrat font__size-14 text-uppercase line__height-24 letter-spacing-100\">GENERATION \u2013 PRK<br \/>\nSURFACE ABLATION<\/h2>\n<\/div>\n<p class=\"mb-15 text-center text-sm-left brk-dark-font-color opacity-80 font__family-roboto font__size-15 font__weight-light line__height-25 letter-spacing-20 ml-1 ml-sm-3 ml-lg-4\"><span style=\"font-size: 14pt;\">\u2022 Subepithelial Ablation<\/span><br \/>\n<span style=\"font-size: 14pt;\">\u2022 Excimer Laser Treatment<\/span><br \/>\n<span style=\"font-size: 14pt;\">\u2022 Longer Healing Time<\/span><br \/>\n<span style=\"font-size: 14pt;\">\u2022 Patient Discomfort<\/span><\/p>\n<\/div>\n<div class=\"col-12 col-sm-6 col-lg-4\">\n<div class=\"d-flex justify-content-center justify-content-sm-start align-items-center mt-15 mb-20 ml-1 ml-sm-3 ml-lg-4\">\n<p><span style=\"color: #3366ff;\"><strong><span style=\"font-size: 36pt;\">2.<\/span><\/strong><\/span><\/p>\n<h2 class=\"brk-dark-font-color font__family-montserrat font__size-14 text-uppercase line__height-24 letter-spacing-100\">Generation \u2013 LASIK<br \/>\nFLAP SURGERY<\/h2>\n<\/div>\n<p class=\"mb-15 text-center text-sm-left brk-dark-font-color opacity-80 font__family-roboto font__size-15 font__weight-light line__height-25 letter-spacing-20 ml-1 ml-sm-3 ml-lg-4\"><span style=\"font-size: 14pt;\">\u2022 Stromal Ablation<\/span><br \/>\n<span style=\"font-size: 14pt;\">\u2022 Combined with Excimer or Femtosecond Laser Treatment<\/span><br \/>\n<span style=\"font-size: 14pt;\">\u2022 Short Healing Time<\/span><br \/>\n<span style=\"font-size: 14pt;\">\u2022 Risks of Flap Complications<\/span><\/p>\n<\/div>\n<div class=\"col-12 col-sm-6 col-lg-4\">\n<div class=\"d-flex justify-content-center justify-content-sm-start align-items-center mt-15 mb-20 ml-1 ml-sm-3 ml-lg-4\">\n<p><span style=\"color: #3366ff;\"><strong><span style=\"font-size: 36pt;\">3.<\/span><\/strong><\/span><\/p>\n<h2 class=\"brk-dark-font-color font__family-montserrat font__size-14 text-uppercase line__height-24 letter-spacing-100\">GENERATION \u2013 SMILE<br \/>\nFLAPLESS SURGERY<\/h2>\n<\/div>\n<p class=\"mb-15 text-center text-sm-left brk-dark-font-color opacity-80 font__family-roboto font__size-15 font__weight-light line__height-25 letter-spacing-20 ml-1 ml-sm-3 ml-lg-4\"><span style=\"font-size: 14pt;\">\u2022 Lenticular Extraction in Stroma Tissue<\/span><br \/>\n<span style=\"font-size: 14pt;\">\u2022 Femtosecond Laser Treatment<\/span><br \/>\n<span style=\"font-size: 14pt;\">\u2022 Sensitive Treatment<\/span><br \/>\n<span style=\"font-size: 14pt;\">\u2022 No Flap Complications<\/span><\/p>\n<\/div>\n<p>&nbsp;<\/p>\n<div class=\"overflow-hid position-static position-lg-relative pb-40\">\n<h1 class=\"font__family-montserrat font__size-28 line__height-32 text-uppercase mb-35\"><span class=\"font__weight-bold\">SMILE\u00a0<\/span><span class=\"font__weight-light\">TECHNOLOGY<\/span><\/h1>\n<p class=\"brk-dark-font-color font__size-16 font__weight-normal line__height-26 mb-20\"><span style=\"font-size: 14pt;\">There are many advantages of lenticular extraction with a small incision. MinimalInvasive Flapless Surgery became possible for the first time with SMILE. Clinical\nprocedure is based on lenticular extraction technique which is extraction of the corneal\nstromal flap with a small incision. SMILE benefits on smaller side-cut by 80% compared\nto LASIK and on smaller cap-cut by 30%, which offers less risks for dry eye, infection,\nand epithelial in-growth. By barely touching the corneal flap, SMILE offers better biomechanic protection and stability.<\/span><\/p>\n<\/div>\n<div class=\"overflow-hid position-static position-lg-relative pb-40\">\n<\/br><\/br><\/p>\n<h1 class=\"font__family-montserrat font__size-28 line__height-32 text-uppercase mb-35\"><span class=\"font__weight-bold\">RELEX SMILE\u00a0<\/span><span class=\"font__weight-light\">BY ZEISS<\/span><\/h1>\n<p class=\"brk-dark-font-color font__size-16 font__weight-normal line__height-26 mb-20\"><span style=\"font-size: 14pt;\">Zeiss is the company that invented the first minimal-invasive flapless SMILE and named\nthe method ReLEx\u00ae SMILE. The development of SMILE indicates that the future of\nrefractive eye surgery iss based on minimal-invasive methods.\nNow it is the time to move on to the third generation of laser eye surgeries.<\/span><\/p>\n<p class=\"brk-dark-font-color font__size-16 font__weight-normal line__height-26 mb-20\"><span style=\"font-size: 14pt;\">ReLEx\u00ae SMILE is created for excellent performance. ReLEx\u00ae SMILE is applied with\nZEISS VisuMax\u00ae, a high-precision, revolutionary femtosecond laser, with a high level of\nreproducibility and predictability even in high corrections, with only one type of laser.\nWith its outstanding precision, exceptional speed and precise treatment approach, it is an\nideal platform for advanced corneal applications such as SMILE.<\/span><\/p>\n<\/div>\n<p>&nbsp;<\/br><\/br><\/br><\/p>","protected":false},"excerpt":{"rendered":"<p>SMILE\u00a0BY ZEISS LAZERLE G\u00d6RME D\u00dcZELTMEN\u0130N KISA B\u0130R TAR\u0130H\u00c7ES\u0130 : Korneal refraksiyon lazer ameliyat\u0131, otuz y\u0131l gibi k\u0131sa bir s\u00fcrede h\u0131zla geli\u015fmi\u015f olan ve g\u00f6rme bozuklu\u011funu tedavi etmek i\u00e7in kullan\u0131lan en yayg\u0131n y\u00f6ntemlerden biri. Hayat\u0131n di\u011fer alanlar\u0131nda oldu\u011fu gibi, bu alandaki ilerlemeler de s\u00fcrekli geli\u015fim iste\u011fiyle meydana geldi. Sekt\u00f6r, \u00fc\u00e7 nesil teknolojiyle \u015fekillendi: PRK, LASIK ve [&hellip;]<\/p>","protected":false},"author":2,"featured_media":0,"parent":1290,"menu_order":0,"comment_status":"closed","ping_status":"closed","template":"","meta":{"footnotes":""},"class_list":["post-1289","page","type-page","status-publish","hentry"],"acf":[],"_links":{"self":[{"href":"https:\/\/healthtourismcenterturkey.com\/en\/wp-json\/wp\/v2\/pages\/1289"}],"collection":[{"href":"https:\/\/healthtourismcenterturkey.com\/en\/wp-json\/wp\/v2\/pages"}],"about":[{"href":"https:\/\/healthtourismcenterturkey.com\/en\/wp-json\/wp\/v2\/types\/page"}],"author":[{"embeddable":true,"href":"https:\/\/healthtourismcenterturkey.com\/en\/wp-json\/wp\/v2\/users\/2"}],"replies":[{"embeddable":true,"href":"https:\/\/healthtourismcenterturkey.com\/en\/wp-json\/wp\/v2\/comments?post=1289"}],"version-history":[{"count":5,"href":"https:\/\/healthtourismcenterturkey.com\/en\/wp-json\/wp\/v2\/pages\/1289\/revisions"}],"predecessor-version":[{"id":1646,"href":"https:\/\/healthtourismcenterturkey.com\/en\/wp-json\/wp\/v2\/pages\/1289\/revisions\/1646"}],"up":[{"embeddable":true,"href":"https:\/\/healthtourismcenterturkey.com\/en\/wp-json\/wp\/v2\/pages\/1290"}],"wp:attachment":[{"href":"https:\/\/healthtourismcenterturkey.com\/en\/wp-json\/wp\/v2\/media?parent=1289"}],"curies":[{"name":"wp","href":"https:\/\/api.w.org\/{rel}","templated":true}]}}