{"id":1175,"date":"2020-08-02T12:32:14","date_gmt":"2020-08-02T12:32:14","guid":{"rendered":"http:\/\/healthtourismcenterturkey.com\/?page_id=1175"},"modified":"2020-09-20T18:10:12","modified_gmt":"2020-09-20T18:10:12","slug":"radyofrekans-tedavisi","status":"publish","type":"page","link":"https:\/\/healthtourismcenterturkey.com\/en\/plastik-cerrahi\/medikal-estetik\/radyofrekans-tedavisi\/","title":{"rendered":"Radiofrequency Treatment"},"content":{"rendered":"<h1 class=\"vc_custom_heading font-weight-bold letter-spacing-1 vc_custom_1545678184875\">What Is Radiofrequency? How Is It Operated?<\/h1>\n<p class=\"vc_custom_heading vc_custom_1545678199204\"><span style=\"font-size: 14pt;\">Fast, comfortable treatment, occurrence of no scars are reasons that made non-surgical skin tightening methods are getting popular that are preferred by patients who wish to improve their appearance. As a fresh technology, radiofrequency treatment has developed rapidly and became popular.<\/span><br \/>\n<span style=\"font-size: 14pt;\">Radiofrequency (RF) is a category in this spectrum and involves many common energy types that we use daily. These are, wifi signals, radio and TV signals, microwave owens and such. RF energy that is used in skin tightening, is a field of 450 kh found on the slower edge of radiofrequency spectrum. If we may put it into a bigger perspective, the wavelength in radiofrequency skin tightening method is 100 million times slower than visible light and 1 billion times slower than X-ray.<\/span><\/p>\n<div class=\"wpb_single_image wpb_content_element vc_align_left vc_custom_1545678344147\">\n<figure class=\"wpb_wrapper vc_figure\">\n<div class=\"vc_single_image-wrapper vc_box_border_grey\"><img loading=\"lazy\" decoding=\"async\" class=\"vc_single_image-img attachment-full\" src=\"https:\/\/www.estecapa.com\/wp-content\/uploads\/radyo-frekans.jpg\" sizes=\"(max-width: 1920px) 100vw, 1920px\" srcset=\"https:\/\/www.estecapa.com\/wp-content\/uploads\/radyo-frekans.jpg 1920w, https:\/\/www.estecapa.com\/wp-content\/uploads\/radyo-frekans-300x200.jpg 300w, https:\/\/www.estecapa.com\/wp-content\/uploads\/radyo-frekans-768x512.jpg 768w, https:\/\/www.estecapa.com\/wp-content\/uploads\/radyo-frekans-1024x683.jpg 1024w\" alt=\"\" width=\"1920\" height=\"1280\" data-no-retina=\"\" \/><\/div>\n<\/figure>\n<\/div>\n<p class=\"vc_custom_heading vc_custom_1545678209363\"><span style=\"font-size: 14pt;\">Radiofrequency (RF) is a category within this spectrum and encompasses many common types of energy that we use daily. These include energy types such as Wi-Fi signals, radio and TV waves, and microwaves. The RF energy used in skin tightening operates in the 450 kHz range, which is at the slower end of the radiofrequency spectrum. To put this into a broader perspective, the wavelength used in radiofrequency skin tightening is 100 million times slower than visible light and 1 billion times slower than an X-ray.<\/span><\/p>\n<div class=\"rt-separator element-one\" data-separator-width=\"100%\" data-separator-color=\"#000000\" data-separator-background=\"#ffffff\" data-separator-direction=\"center\">\n<div class=\"block\">\n<div class=\"gap\"><\/div>\n<div class=\"bar\"><\/div>\n<\/div>\n<\/div>\n<h1 class=\"vc_custom_heading font-weight-semibold vc_custom_1545678458737\">What Happens After Radiofrequency Treatment?<\/h1>\n<p class=\"vc_custom_heading vc_custom_1545678469488\"><span style=\"font-size: 14pt;\">\u2022 A visible tightening occurs on the facial area.<\/span><br \/>\n<span style=\"font-size: 14pt;\">\u2022 Sagging and wrinkles that are caused by aging, genetical disposition and eating habits are reduced.<\/span><br \/>\n<span style=\"font-size: 14pt;\">\u2022 Sagging eyebrows are lifted.<\/span><br \/>\n<span style=\"font-size: 14pt;\">\u2022 Skin pigments become alive and bright.<\/span><\/p>\n<div class=\"rt-separator element-one\" data-separator-width=\"100%\" data-separator-color=\"#000000\" data-separator-background=\"#ffffff\" data-separator-direction=\"center\">\n<div class=\"block\">\n<div class=\"gap\"><\/div>\n<div class=\"bar\"><\/div>\n<\/div>\n<\/div>\n<div class=\"vc_row wpb_row vc_inner vc_row-fluid vc_custom_1545478509233\">\n<div class=\"wpb_column vc_column_container vc_col-sm-12 vc_col-has-fill\">\n<div class=\"vc_column-inner vc_custom_1545478117371\">\n<div class=\"wpb_wrapper\">\n<h1 class=\"vc_custom_heading vc_custom_1545678531761\">Things to Consider<\/h1>\n<p class=\"vc_custom_heading vc_custom_1545678544597\"><span style=\"font-size: 14pt;\">\u2022 Special creams should be applied before radiofrequency treatment to release the pain to minimal.<\/span><br \/>\n<span style=\"font-size: 14pt;\">\u2022 There may be rashes on the skin for the first 4-5 hours.<\/span><br \/>\n<span style=\"font-size: 14pt;\">\u2022 by the end of the day, rashes will start to dissolve.<\/span><br \/>\n<span style=\"font-size: 14pt;\">\u2022 In the healing stage, creams recommended by the experts should be used.<\/span><br \/>\n<span style=\"font-size: 14pt;\">\u2022 Skin should be avoided water contact for the day radiofrequency treatment is operated. And make-up and cosmetics must not be used.<\/span><br \/>\n<span style=\"font-size: 14pt;\">\u2022 There may be rashes during and after the treatment. Drying and tightness on the skin may occur. It is very important to use special creams and antibiotic pomades that experts prescribe.<\/span><br \/>\n<span style=\"font-size: 14pt;\">\u2022 Direct sunlight should be avoided after treatment. Sunlight may reduce the affect of radioactive treatment to the minimum level and cause different harms.<\/span><br \/>\n<span style=\"font-size: 14pt;\">\u2022 There may be minimal amount of scab after treatment. They should not be removed. They will fall off in 3-4 days after treatment.<\/span><br \/>\n<span style=\"font-size: 14pt;\">\u2022 Paying attention to treatment sessions will seriously increase the success rate of the treatment.<\/span><\/p>\n<\/div>\n<\/div>\n<\/div>\n<\/div>\n<p><\/br><\/br><\/p>","protected":false},"excerpt":{"rendered":"<p>Radyofrekans Nedir? Nas\u0131l Yap\u0131l\u0131r? H\u0131zl\u0131, rahat tedavi, s\u0131f\u0131r aksama s\u00fcresi, konforlu ve yara izi olmamas\u0131 nedeniyle cerrahi olmadan cilt s\u0131k\u0131la\u015ft\u0131rma y\u00f6ntemleri, hastalar\u0131n, ameliyat ve iyile\u015fme i\u00e7in zaman kaybetmeden, g\u00f6r\u00fcn\u00fcmlerini ve \u00f6zg\u00fcvenlerini geli\u015ftirmeleri i\u00e7in pop\u00fcler bir yol haline gelmi\u015ftir. Yeni teknoloji olan Radyofrekans tedavisi de olduk\u00e7a h\u0131zl\u0131 bir geli\u015fim g\u00f6stererek kullan\u0131lmaya ba\u015flanm\u0131\u015ft\u0131r. Radyo frekans, saniyelik frekans [&hellip;]<\/p>","protected":false},"author":2,"featured_media":0,"parent":1112,"menu_order":0,"comment_status":"closed","ping_status":"closed","template":"","meta":{"footnotes":""},"class_list":["post-1175","page","type-page","status-publish","hentry"],"acf":[],"_links":{"self":[{"href":"https:\/\/healthtourismcenterturkey.com\/en\/wp-json\/wp\/v2\/pages\/1175"}],"collection":[{"href":"https:\/\/healthtourismcenterturkey.com\/en\/wp-json\/wp\/v2\/pages"}],"about":[{"href":"https:\/\/healthtourismcenterturkey.com\/en\/wp-json\/wp\/v2\/types\/page"}],"author":[{"embeddable":true,"href":"https:\/\/healthtourismcenterturkey.com\/en\/wp-json\/wp\/v2\/users\/2"}],"replies":[{"embeddable":true,"href":"https:\/\/healthtourismcenterturkey.com\/en\/wp-json\/wp\/v2\/comments?post=1175"}],"version-history":[{"count":3,"href":"https:\/\/healthtourismcenterturkey.com\/en\/wp-json\/wp\/v2\/pages\/1175\/revisions"}],"predecessor-version":[{"id":1908,"href":"https:\/\/healthtourismcenterturkey.com\/en\/wp-json\/wp\/v2\/pages\/1175\/revisions\/1908"}],"up":[{"embeddable":true,"href":"https:\/\/healthtourismcenterturkey.com\/en\/wp-json\/wp\/v2\/pages\/1112"}],"wp:attachment":[{"href":"https:\/\/healthtourismcenterturkey.com\/en\/wp-json\/wp\/v2\/media?parent=1175"}],"curies":[{"name":"wp","href":"https:\/\/api.w.org\/{rel}","templated":true}]}}