{"id":1173,"date":"2020-08-02T12:31:03","date_gmt":"2020-08-02T12:31:03","guid":{"rendered":"http:\/\/healthtourismcenterturkey.com\/?page_id=1173"},"modified":"2022-03-24T18:38:03","modified_gmt":"2022-03-24T18:38:03","slug":"prp-mezoterapi","status":"publish","type":"page","link":"https:\/\/healthtourismcenterturkey.com\/en\/plastik-cerrahi\/medikal-estetik\/prp-mezoterapi\/","title":{"rendered":"PRP (Mesotherapy)"},"content":{"rendered":"<h1 class=\"vc_custom_heading font-weight-bold letter-spacing-1 vc_custom_1545677622947\">What is Mesotherapy?<\/h1>\n<p class=\"vc_custom_heading vc_custom_1545677639787\"><span style=\"font-size: 14pt;\">Mesotherapy is an esthetic purpose medical process firstly developed by Dr. Michel Pistor in 1952. Homeopathic agents, pharmaceutical agents, vitamins and herbal extracts are applied subdermal and on skin.<\/span><\/p>\n<div class=\"wpb_single_image wpb_content_element vc_align_left vc_custom_1545477363046\">\n<div class=\"vc_single_image-wrapper vc_box_border_grey\"><img loading=\"lazy\" decoding=\"async\" class=\"alignnone size-full wp-image-2169\" src=\"https:\/\/healthtourismcenterturkey.com\/wp-content\/uploads\/2022\/03\/mezoterapi.jpg\" alt=\"\" width=\"760\" height=\"400\" srcset=\"https:\/\/healthtourismcenterturkey.com\/wp-content\/uploads\/2022\/03\/mezoterapi.jpg 760w, https:\/\/healthtourismcenterturkey.com\/wp-content\/uploads\/2022\/03\/mezoterapi-300x158.jpg 300w\" sizes=\"(max-width: 760px) 100vw, 760px\" \/><\/div>\n<\/div>\n<p>&nbsp;<\/p>\n<h1 class=\"vc_custom_heading font-weight-bold letter-spacing-1 vc_custom_1545677685447\">What are the Side Effects of Mesotherapy?<\/h1>\n<p class=\"vc_custom_heading vc_custom_1545677696247\"><span style=\"font-size: 14pt;\">There may be bruises on the injection area. Used substances do not mix with general circulation so these problems are temporary.<\/span><\/p>\n<div class=\"rt-separator element-one\" data-separator-width=\"100%\" data-separator-color=\"#000000\" data-separator-background=\"#ffffff\" data-separator-direction=\"center\">\n<div class=\"block\">\n<div class=\"gap\"><\/div>\n<div class=\"bar\"><\/div>\n<\/div>\n<\/div>\n<p>&nbsp;<\/p>\n<h1 class=\"vc_custom_heading font-weight-semibold vc_custom_1545678019593\">Field of Use for Mesotherapy<\/h1>\n<p class=\"vc_custom_heading vc_custom_1545678007242\"><span style=\"font-size: 14pt;\"><b>Cellulite Mesotherapy :<\/b><\/span><br \/>\n<span style=\"font-size: 14pt;\">Cellulite is the appearance of wavery skin that can be seen in all ages of men and women. Problem is usually related to hormonal lymph drainage issue. In cellulite treatment with mesotherapy it is possible to achieve well results for one time only in 4-10 weeks. If the patient protects the result with a diet, it is permanent.<\/span><br \/>\n<span style=\"font-size: 14pt;\">Substances that are injected with mesotherapy in subdermal levels to regulate blood and lymphatic circulation, resolves fat deposits and fixes solidified connective tissue. With this way, changes the apperance.<\/span><\/p>\n<p class=\"vc_custom_heading vc_custom_1545678034833\"><span style=\"font-size: 14pt;\"><b>Local lipoidosis:<\/b><\/span><br \/>\n<span style=\"font-size: 14pt;\">Mesotherapy is an alternative to liposuction to eliminate local lipoidosis in stomach, waist, arm and legs. It provides the burnt of fat tissue in the injected area.<\/span><\/p>\n<p class=\"vc_custom_heading vc_custom_1545678058598\"><span style=\"font-size: 14pt;\"><b>Scar Treatment:<\/b><\/span><br \/>\n<span style=\"font-size: 14pt;\">Scar is the tissue repair that occurs after skin lesion. While the tissue eliminates the damage, sometimes scar tissues may produce depending on the reaction on the area. 5-6 sessions of mesotherapy is applied on these areas with three weeks apart from each other.<\/span><\/p>\n<p class=\"vc_custom_heading vc_custom_1545678071597\"><span style=\"font-size: 14pt;\"><b>Skin Rejuvenation (Mesolift):<\/b><\/span><br \/>\n<span style=\"font-size: 14pt;\">Sun damage and collagen lost combines to damage the appearance of the skin. With mesotherapy, vitamins, antioxidants, connective tissue substance are infused to dermis. 2-4 sessions are applied in weekly schedules.<\/span><\/p>\n<p class=\"vc_custom_heading vc_custom_1545678082229\"><span style=\"font-size: 14pt;\">Mesolift is a highly effective anti-aging treatment. It stimulates collagen synthesis in the skin, leading to rejuvenation, tightening, and a radiant appearance.<\/span><\/p>\n<div class=\"rt-separator element-one\" data-separator-width=\"100%\" data-separator-color=\"#000000\" data-separator-background=\"#ffffff\" data-separator-direction=\"center\">\n<div class=\"block\">\n<p>&nbsp;<\/p>\n<h1 class=\"vc_custom_heading vc_custom_1545677868329\">On Which Cases Mesotherapy is Used?<\/h1>\n<p class=\"vc_custom_heading vc_custom_1545677813753\"><span style=\"font-size: 14pt;\">\u2022 Cellulite<\/span><br \/>\n<span style=\"font-size: 14pt;\">\u2022 Hair loss<\/span><br \/>\n<span style=\"font-size: 14pt;\">\u2022 Scar Revision (healing skin tissues)<\/span><br \/>\n<span style=\"font-size: 14pt;\">\u2022 Local lipoidosis<\/span><br \/>\n<span style=\"font-size: 14pt;\">\u2022 Skin issues related to puberty and pregnancy<\/span><\/p>\n<p>&nbsp;<\/p>\n<h1 class=\"vc_custom_heading vc_custom_1545677877111\">To Whom Mesotherapy is Not Advisable?<\/h1>\n<p class=\"vc_custom_heading vc_custom_1545677843113\"><span style=\"font-size: 14pt;\">\u2022 Pregnant women<\/span><br \/>\n<span style=\"font-size: 14pt;\">\u2022 People who suffered from stroke<\/span><br \/>\n<span style=\"font-size: 14pt;\">\u2022 People with diabetes mellitus<\/span><br \/>\n<span style=\"font-size: 14pt;\">\u2022 People with cancer<\/span><br \/>\n<span style=\"font-size: 14pt;\">\u2022 People with blood coagulation disorders<\/span><br \/>\n<span style=\"font-size: 14pt;\">\u2022 People with heart disease that requires multiple drug treatment are not suitable for mesotherapy.<\/span><\/p>\n<\/div>\n<\/div>\n<p>&nbsp;<\/p>","protected":false},"excerpt":{"rendered":"<p>Mezoterapi Nedir? Mezoterapi,ilk 1952 y\u0131l\u0131nda Dr.Michel Pistor taraf\u0131ndan geli\u015ftirilen estetik ama\u00e7l\u0131 t\u0131bbi bir i\u015flemdir. Homeopatik ajanlar, Farmas\u00f6tikal ajanlar, Vitamin, bitki ekstraktlar\u0131(\u00f6z\u00fctleri) Mikroenjeksiyon tekni\u011fiyle cilt ve cilt alt\u0131na uygulan\u0131r. &nbsp; Mezoterapi Nas\u0131l Etki Eder? Mezoterapide problemin oldu\u011fu b\u00f6lgeye uygun sol\u00fcsyonlar haz\u0131rlanarak i\u015flem uygulan\u0131r. Bu \u015fekilde o b\u00f6lgedeki kan dola\u015f\u0131m\u0131, lenfatik dola\u015f\u0131m ve imm\u00fcn cevap d\u00fczenlenir. &nbsp; [&hellip;]<\/p>","protected":false},"author":2,"featured_media":0,"parent":1112,"menu_order":0,"comment_status":"closed","ping_status":"closed","template":"","meta":{"footnotes":""},"class_list":["post-1173","page","type-page","status-publish","hentry"],"acf":[],"_links":{"self":[{"href":"https:\/\/healthtourismcenterturkey.com\/en\/wp-json\/wp\/v2\/pages\/1173"}],"collection":[{"href":"https:\/\/healthtourismcenterturkey.com\/en\/wp-json\/wp\/v2\/pages"}],"about":[{"href":"https:\/\/healthtourismcenterturkey.com\/en\/wp-json\/wp\/v2\/types\/page"}],"author":[{"embeddable":true,"href":"https:\/\/healthtourismcenterturkey.com\/en\/wp-json\/wp\/v2\/users\/2"}],"replies":[{"embeddable":true,"href":"https:\/\/healthtourismcenterturkey.com\/en\/wp-json\/wp\/v2\/comments?post=1173"}],"version-history":[{"count":5,"href":"https:\/\/healthtourismcenterturkey.com\/en\/wp-json\/wp\/v2\/pages\/1173\/revisions"}],"predecessor-version":[{"id":1310,"href":"https:\/\/healthtourismcenterturkey.com\/en\/wp-json\/wp\/v2\/pages\/1173\/revisions\/1310"}],"up":[{"embeddable":true,"href":"https:\/\/healthtourismcenterturkey.com\/en\/wp-json\/wp\/v2\/pages\/1112"}],"wp:attachment":[{"href":"https:\/\/healthtourismcenterturkey.com\/en\/wp-json\/wp\/v2\/media?parent=1173"}],"curies":[{"name":"wp","href":"https:\/\/api.w.org\/{rel}","templated":true}]}}