{"id":1171,"date":"2020-08-02T12:29:15","date_gmt":"2020-08-02T12:29:15","guid":{"rendered":"http:\/\/healthtourismcenterturkey.com\/?page_id=1171"},"modified":"2022-03-24T18:36:26","modified_gmt":"2022-03-24T18:36:26","slug":"lazer-epilasyon","status":"publish","type":"page","link":"https:\/\/healthtourismcenterturkey.com\/en\/plastik-cerrahi\/medikal-estetik\/lazer-epilasyon\/","title":{"rendered":"Laser Hair Removal"},"content":{"rendered":"<h1 class=\"vc_custom_heading font-weight-bold letter-spacing-1 vc_custom_1545674208600\">What Is Laser Epilation? How Is It Operated?<\/h1>\n<p class=\"vc_custom_heading vc_custom_1545674233904\"><span style=\"font-size: 14pt;\">With the shortest definition, it is a beauty operation to get rid of unwanted hair in our body. In this operation, that is carried out in beauty and esthetics facilities, hair roots are burnt with laser-ray and aimed to be never grown again. Everyone over development ages may use laser epilation. With various of laser machines available, the most widely used and effective ones are Alexandrite and Diode lasers.<\/span><br \/>\n<span style=\"font-size: 14pt;\">Laser epilation is a popular and permanent method used by both men and women to get rid of unwanted hair. Shaving, chemicals, wax, tweezers and epilators can\u2019t provide permanent solution. Laser epilation aims to block the regrowth of hair by destroying hair root with heat.<\/span><br \/>\n<span style=\"font-size: 14pt;\">Laser epilation is a severe work that requires expertise. It is advised to pay attention to hardware and equipment capabilities of the chosen medical facility that may well answer to different type of laser needs.<\/span><br \/>\n<span style=\"font-size: 14pt;\">Laser hair removal yields better results on dark hair compared to lighter hair. However, with the right device and proper application, effective results can also be achieved on lighter hair and fine fuzz.<\/span><br \/>\n<span style=\"font-size: 14pt;\">Before starting laser hair removal, it\u2019s important to investigate the underlying cause of hair growth. If the hair growth is due to hormonal factors, addressing this underlying issue should be the first step.<\/span><\/p>\n<div class=\"wpb_single_image wpb_content_element vc_align_left vc_custom_1545674299940\">\n<figure class=\"wpb_wrapper vc_figure\">\n<div class=\"vc_single_image-wrapper vc_box_border_grey\"><\/div>\n<\/figure>\n<\/div>\n<p>&nbsp;<\/p>\n<p><img loading=\"lazy\" decoding=\"async\" class=\"size-full wp-image-2167\" src=\"https:\/\/healthtourismcenterturkey.com\/wp-content\/uploads\/2022\/03\/lazer-epilasyon-estethica-2.jpg\" alt=\"\" width=\"1008\" height=\"672\" srcset=\"https:\/\/healthtourismcenterturkey.com\/wp-content\/uploads\/2022\/03\/lazer-epilasyon-estethica-2.jpg 1008w, https:\/\/healthtourismcenterturkey.com\/wp-content\/uploads\/2022\/03\/lazer-epilasyon-estethica-2-300x200.jpg 300w, https:\/\/healthtourismcenterturkey.com\/wp-content\/uploads\/2022\/03\/lazer-epilasyon-estethica-2-768x512.jpg 768w\" sizes=\"(max-width: 1008px) 100vw, 1008px\" \/><\/p>\n<p class=\"vc_custom_heading vc_custom_1545674333911\"><span style=\"font-size: 14pt;\"><b>Alexandrite Laser Epilation<\/b><\/span><br \/>\n<span style=\"font-size: 14pt;\">Effects the hair roots in subdermal to block hair to regrow in the applied area.<\/span><\/p>\n<p class=\"vc_custom_heading vc_custom_1545674364376\"><span style=\"font-size: 14pt;\"><b>Diode Laser Epilation<\/b><\/span><br \/>\n<span style=\"font-size: 14pt;\">Uses almost the same logic however, with the energy of longer wavelength, it is more advisable to people with dark skin tones. Operations are carried out in 4 to 9 sessions. All sessions must be completed to achieve a more permanent result.<\/span><\/p>\n<div class=\"rt-separator element-one\" data-separator-width=\"100%\" data-separator-color=\"#000000\" data-separator-background=\"#ffffff\" data-separator-direction=\"center\">\n<div class=\"block\">\n<div class=\"gap\"><\/div>\n<div class=\"bar\"><\/div>\n<\/div>\n<\/div>\n<div class=\"vc_row wpb_row vc_inner vc_row-fluid vc_custom_1545478509233\">\n<div class=\"wpb_column vc_column_container vc_col-sm-12 vc_col-has-fill\">\n<div class=\"vc_column-inner vc_custom_1545478117371\">\n<div class=\"wpb_wrapper\">\n<h1 class=\"vc_custom_heading vc_custom_1545674589730\">On Which Areas Laser Epilation Is Applicable?<\/h1>\n<p class=\"vc_custom_heading vc_custom_1545674448653\"><span style=\"font-size: 14pt;\">\u2022 Armpit<br \/>\n<\/span><span style=\"font-size: 14pt;\">\u2022 Genitals and buttocks<br \/>\n<\/span><span style=\"font-size: 14pt;\">\u2022 Leg<br \/>\n<\/span><span style=\"font-size: 14pt;\">\u2022 Arm<br \/>\n<\/span><span style=\"font-size: 14pt;\">\u2022 Face, mustache and side whiskers<\/span><\/p>\n<\/div>\n<\/div>\n<\/div>\n<\/div>\n<p>&nbsp;<\/p>","protected":false},"excerpt":{"rendered":"<p>Lazer Epilasyon Nedir? Nas\u0131l Yap\u0131l\u0131r? En k\u0131sa anlat\u0131m\u0131 ile v\u00fccudunuzdaki istenmeyen t\u00fcylerden kurtulman\u0131z i\u00e7in kal\u0131c\u0131 bir yol sa\u011flayan bir g\u00fczellik uygulamas\u0131d\u0131r. G\u00fczellik ve estetik merkezlerinde yap\u0131lan bu uygulamada k\u0131l k\u00f6kleri lazer \u0131\u015f\u0131\u011f\u0131 ile yak\u0131lmas\u0131 ve i\u015flem sonunda bir daha \u00e7\u0131kmamas\u0131 hedeflenir. Lazer epilasyona geli\u015fimini tamamlam\u0131\u015f herkes gidebilir. \u00c7e\u015fitli cinsleri olan lazer makinelerinden en yayg\u0131n ve [&hellip;]<\/p>","protected":false},"author":2,"featured_media":0,"parent":1112,"menu_order":0,"comment_status":"closed","ping_status":"closed","template":"","meta":{"footnotes":""},"class_list":["post-1171","page","type-page","status-publish","hentry"],"acf":[],"_links":{"self":[{"href":"https:\/\/healthtourismcenterturkey.com\/en\/wp-json\/wp\/v2\/pages\/1171"}],"collection":[{"href":"https:\/\/healthtourismcenterturkey.com\/en\/wp-json\/wp\/v2\/pages"}],"about":[{"href":"https:\/\/healthtourismcenterturkey.com\/en\/wp-json\/wp\/v2\/types\/page"}],"author":[{"embeddable":true,"href":"https:\/\/healthtourismcenterturkey.com\/en\/wp-json\/wp\/v2\/users\/2"}],"replies":[{"embeddable":true,"href":"https:\/\/healthtourismcenterturkey.com\/en\/wp-json\/wp\/v2\/comments?post=1171"}],"version-history":[{"count":5,"href":"https:\/\/healthtourismcenterturkey.com\/en\/wp-json\/wp\/v2\/pages\/1171\/revisions"}],"predecessor-version":[{"id":2168,"href":"https:\/\/healthtourismcenterturkey.com\/en\/wp-json\/wp\/v2\/pages\/1171\/revisions\/2168"}],"up":[{"embeddable":true,"href":"https:\/\/healthtourismcenterturkey.com\/en\/wp-json\/wp\/v2\/pages\/1112"}],"wp:attachment":[{"href":"https:\/\/healthtourismcenterturkey.com\/en\/wp-json\/wp\/v2\/media?parent=1171"}],"curies":[{"name":"wp","href":"https:\/\/api.w.org\/{rel}","templated":true}]}}