{"id":1169,"date":"2020-08-02T12:27:35","date_gmt":"2020-08-02T12:27:35","guid":{"rendered":"http:\/\/healthtourismcenterturkey.com\/?page_id=1169"},"modified":"2020-08-12T10:00:30","modified_gmt":"2020-08-12T10:00:30","slug":"kalici-makyaj","status":"publish","type":"page","link":"https:\/\/healthtourismcenterturkey.com\/en\/plastik-cerrahi\/medikal-estetik\/kalici-makyaj\/","title":{"rendered":"Permanent Makeup"},"content":{"rendered":"<h1 class=\"vc_custom_heading font-weight-bold letter-spacing-1 vc_custom_1545741799505\">Filling Applications<\/h1>\n<p class=\"vc_custom_heading vc_custom_1545741823104\"><span style=\"font-size: 14pt;\">Permanent makeup is \u201cthe art of implementing personally fit, unharmful pigments to the skin with micro-needles in micropigmentation application.\u201d<\/span><\/p>\n<div class=\"wpb_single_image wpb_content_element vc_align_left vc_custom_1545742399471\">\n<figure class=\"wpb_wrapper vc_figure\">\n<div class=\"vc_single_image-wrapper vc_box_border_grey\"><img loading=\"lazy\" decoding=\"async\" class=\"vc_single_image-img attachment-full\" src=\"https:\/\/www.estecapa.com\/wp-content\/uploads\/shutterstock_531825529.jpg\" sizes=\"(max-width: 1080px) 100vw, 1080px\" srcset=\"https:\/\/www.estecapa.com\/wp-content\/uploads\/shutterstock_531825529.jpg 1080w, https:\/\/www.estecapa.com\/wp-content\/uploads\/shutterstock_531825529-300x200.jpg 300w, https:\/\/www.estecapa.com\/wp-content\/uploads\/shutterstock_531825529-768x512.jpg 768w, https:\/\/www.estecapa.com\/wp-content\/uploads\/shutterstock_531825529-1024x683.jpg 1024w\" alt=\"\" width=\"1080\" height=\"720\" data-no-retina=\"\" \/><\/div>\n<\/figure>\n<\/div>\n<p class=\"vc_custom_heading vc_custom_1545741833214\"><span style=\"font-size: 14pt;\">Micropigmentation application is used for; eyebrows with hair by hair and tozz technique, hair, permanent dip-liner, permanent eyeliner, permanent blusher, 3D lip applications with scalp pigmentation method as well as areola correction and healing surgical scars. Aleora operation is performed on the disorder known as \u201calopesi\u201d and nipple cancer.<\/span><\/p>\n<div class=\"rt-separator element-one\" data-separator-width=\"100%\" data-separator-color=\"#000000\" data-separator-background=\"#ffffff\" data-separator-direction=\"center\">\n<div class=\"block\">\n<div class=\"gap\"><\/div>\n<div class=\"bar\"><\/div>\n<\/div>\n<\/div>\n<p><\/br><\/br><\/p>\n<h1 class=\"vc_custom_heading font-weight-semibold vc_custom_1545741897307\">What Should We Pay Attention to When We Have Permanent Makeup?<\/h1>\n<p class=\"vc_custom_heading vc_custom_1545741915252\"><span style=\"font-size: 14pt;\">\u2022 Which brand of dye is used?<\/span><br \/>\n<span style=\"font-size: 14pt;\">\u2022 Are allergic to chemicals in the products?<\/span><br \/>\n<span style=\"font-size: 14pt;\">\u2022 How hygienic is the environment?<\/span><br \/>\n<span style=\"font-size: 14pt;\">\u2022 Is the person an expert?<\/span><\/p>\n<div class=\"vc_row wpb_row vc_inner vc_row-fluid vc_custom_1545478509233\">\n<div class=\"wpb_column vc_column_container vc_col-sm-12 vc_col-has-fill\">\n<div class=\"vc_column-inner vc_custom_1545478117371\">\n<div class=\"wpb_wrapper\"><\/br><\/br><\/p>\n<h1 class=\"vc_custom_heading vc_custom_1545742142060\">What Should We Pay Attention to After Permanent Makeup?<\/h1>\n<p class=\"vc_custom_heading vc_custom_1545742131055\"><span style=\"font-size: 14pt;\">There are some points to pay attention, care to be followed and factors that affect the permanency of permanent makeup. There may be some swelling and bruises after the application, but do not worry. It will turn to normal after you apply some ice compress. Touching to the application area should be avoided for a while. Sunbathing and solarium should be avoided. In addition to this, sun-protection may be worn, and herpes cream should be used as a precaution. Salty food should be avoided after permanent lip makeup. Cosmetic products should be avoided. Crusts in the application area should not be torn apart or scratched. Also, crusts may fall as parts, falling areas should not be touched. You can apply chamomile tea with a gauze on the crusted area after cooling the tea on a fridge.<\/span><\/p>\n<\/div>\n<\/div>\n<\/div>\n<\/div>\n<div class=\"rt-separator element-one\" data-separator-width=\"100%\" data-separator-color=\"#000000\" data-separator-background=\"#ffffff\" data-separator-direction=\"center\">\n<div class=\"block\">\n<div class=\"gap\"><\/div>\n<div class=\"bar\"><\/div>\n<\/div>\n<\/div>\n<p><\/br><\/br><\/p>\n<h1 class=\"vc_custom_heading font-weight-semibold vc_custom_1545741975111\">To Whom Permanent Makeup Is Not Adviced?<\/h1>\n<p class=\"vc_custom_heading vc_custom_1545741986568\"><span style=\"font-size: 14pt;\">There are some certain situations that permanent makeup may definitely not be operated. As the body development is still not over it is not advised for people under 18. People with diabetes, pregnant or breastfeeding women, chemotherapy patients, women who use Roaccutane, women with ophthalmia, women with fungus, verruca or eczema, women with schizophrenia, allergy to pigments, women who had fractures on capillary vessels and women with mole are not advised to have permanent makeup.<\/span><\/p>\n<p><\/br><\/br><\/p>","protected":false},"excerpt":{"rendered":"<p>Kal\u0131c\u0131 Makyaj Neden Gerekli Kal\u0131c\u0131 makyaj &#8220;Mikropigmentasyon uygulamas\u0131 mikro i\u011fnelerle ki\u015fiye,uygun onun sa\u011fl\u0131\u011f\u0131na hi\u00e7 zarar vermeyen pigmentleri deriye yerle\u015ftirme sanat\u0131d\u0131r&#8221;. Mikropigmetasyon uygulamas\u0131n\u0131 k\u0131l tekni\u011fi ve tozz tekni\u011fi ka\u015f, scalp pigmentasyon y\u00f6ntemi ile sa\u00e7, kal\u0131c\u0131 dip-liner, kal\u0131c\u0131 eyeliner, kal\u0131c\u0131 all\u0131k, \u00fc\u00e7 b\u00f6yutlu dudak \u00e7al\u0131\u015fmas\u0131 uygulamalar\u0131n\u0131n yan\u0131 s\u0131ra meme ucu kay\u0131plar\u0131nda areola onar\u0131m\u0131 ve amelyat izlerini iyle\u015ftirmede [&hellip;]<\/p>","protected":false},"author":2,"featured_media":0,"parent":1112,"menu_order":0,"comment_status":"closed","ping_status":"closed","template":"","meta":{"footnotes":""},"class_list":["post-1169","page","type-page","status-publish","hentry"],"acf":[],"_links":{"self":[{"href":"https:\/\/healthtourismcenterturkey.com\/en\/wp-json\/wp\/v2\/pages\/1169"}],"collection":[{"href":"https:\/\/healthtourismcenterturkey.com\/en\/wp-json\/wp\/v2\/pages"}],"about":[{"href":"https:\/\/healthtourismcenterturkey.com\/en\/wp-json\/wp\/v2\/types\/page"}],"author":[{"embeddable":true,"href":"https:\/\/healthtourismcenterturkey.com\/en\/wp-json\/wp\/v2\/users\/2"}],"replies":[{"embeddable":true,"href":"https:\/\/healthtourismcenterturkey.com\/en\/wp-json\/wp\/v2\/comments?post=1169"}],"version-history":[{"count":3,"href":"https:\/\/healthtourismcenterturkey.com\/en\/wp-json\/wp\/v2\/pages\/1169\/revisions"}],"predecessor-version":[{"id":1279,"href":"https:\/\/healthtourismcenterturkey.com\/en\/wp-json\/wp\/v2\/pages\/1169\/revisions\/1279"}],"up":[{"embeddable":true,"href":"https:\/\/healthtourismcenterturkey.com\/en\/wp-json\/wp\/v2\/pages\/1112"}],"wp:attachment":[{"href":"https:\/\/healthtourismcenterturkey.com\/en\/wp-json\/wp\/v2\/media?parent=1169"}],"curies":[{"name":"wp","href":"https:\/\/api.w.org\/{rel}","templated":true}]}}