{"id":1167,"date":"2020-08-02T12:27:05","date_gmt":"2020-08-02T12:27:05","guid":{"rendered":"http:\/\/healthtourismcenterturkey.com\/?page_id=1167"},"modified":"2020-08-12T09:58:33","modified_gmt":"2020-08-12T09:58:33","slug":"dolgu","status":"publish","type":"page","link":"https:\/\/healthtourismcenterturkey.com\/en\/plastik-cerrahi\/medikal-estetik\/dolgu\/","title":{"rendered":"Filling Applications"},"content":{"rendered":"<h1 class=\"vc_custom_heading font-weight-bold letter-spacing-1 vc_custom_1545742547555\">Filling Applications<\/h1>\n<p class=\"vc_custom_heading vc_custom_1545742575274\"><span style=\"font-size: 14pt;\">Filling applications are one of the most preferred methods in medical aesthetics. And hyaluronic acid is the most popular filling material used in filling applications. As our skin gets older, collagen, elastin tissue and hyaluronic acid levels are decreased.<\/span><\/p>\n<div class=\"wpb_single_image wpb_content_element vc_align_left vc_custom_1545742892031\">\n<figure class=\"wpb_wrapper vc_figure\">\n<div class=\"vc_single_image-wrapper vc_box_border_grey\"><img loading=\"lazy\" decoding=\"async\" class=\"vc_single_image-img attachment-full\" src=\"https:\/\/www.estecapa.com\/wp-content\/uploads\/dolgu-uygulamas.jpg\" sizes=\"(max-width: 886px) 100vw, 886px\" srcset=\"\" alt=\"\" width=\"886\" height=\"720\" data-no-retina=\"\" data-srcset=\"\" \/><\/div>\n<\/figure>\n<\/div>\n<p class=\"vc_custom_heading vc_custom_1545742586931\"><span style=\"font-size: 14pt;\">In filling applications, hyaluronic acid is injected in subdermal with the help of tiny needles. Having the consistency of a jelly, hyaluronic acid increases the ability of the skin to keep water to provide density.<\/span><\/p>\n<div class=\"rt-separator element-one\" data-separator-width=\"100%\" data-separator-color=\"#000000\" data-separator-background=\"#ffffff\" data-separator-direction=\"center\">\n<div class=\"block\">\n<div class=\"gap\"><\/div>\n<div class=\"bar\"><\/div>\n<\/div>\n<\/div>\n<p>&nbsp;<\/p>\n<h1 class=\"vc_custom_heading font-weight-semibold vc_custom_1545742756164\">On What Purposes May the Filling Materials Be Used?<\/h1>\n<p class=\"vc_custom_heading vc_custom_1545742767900\"><span style=\"font-size: 14pt;\">\u2022 Filling materials are used for; Filling deep and thin wrinkles on the face,<\/span><br \/>\n<span style=\"font-size: 14pt;\">\u2022 Adding fullness and definition to lips,<\/span><br \/>\n<span style=\"font-size: 14pt;\">\u2022 Embodying cheek, chin, supraorbital area,<\/span><br \/>\n<span style=\"font-size: 14pt;\">\u2022 Removing deep scars caused by acne or other reasons.<\/span><\/p>\n<div class=\"rt-separator element-one\" data-separator-width=\"100%\" data-separator-color=\"#000000\" data-separator-background=\"#ffffff\" data-separator-direction=\"center\">\n<div class=\"block\">\n<div class=\"gap\"><\/div>\n<div class=\"bar\"><\/div>\n<\/div>\n<\/div>\n<div class=\"vc_row wpb_row vc_inner vc_row-fluid vc_custom_1545478509233\">\n<div class=\"wpb_column vc_column_container vc_col-sm-12 vc_col-has-fill\">\n<div class=\"vc_column-inner vc_custom_1545478117371\">\n<div class=\"wpb_wrapper\"><\/br><\/br><\/p>\n<h1 class=\"vc_custom_heading vc_custom_1545742919499\">What Are the Benefits of Hyaluronic Acid?<\/h1>\n<p class=\"vc_custom_heading vc_custom_1545742723237\"><span style=\"font-size: 14pt;\">\u2022 Helps keeping the skin smooth and flexible.<\/span><br \/>\n<span style=\"font-size: 14pt;\">\u2022 Helps preventing acne scars.<\/span><br \/>\n<span style=\"font-size: 14pt;\">\u2022 Provides restoration and flexibility on the lips. This feature helps to keep the skin young.<\/span><br \/>\n<span style=\"font-size: 14pt;\">\u2022 Helps the production and care of collagen fibers. Sufficiency of collagen results in the loss of flexibility of the skin.<\/span><br \/>\n<span style=\"font-size: 14pt;\">\u2022 At the same time, helps to fight against skin inflammation and irritation.<\/span><br \/>\n<span style=\"font-size: 14pt;\">\u2022 As the body gets older, mitosis rate gets slower and as a result, rejuvenation and regeneration process slows down. Hyaluronic acid helps to turn the situation for our benefit.<\/span><\/p>\n<\/div>\n<\/div>\n<\/div>\n<\/div>\n<div class=\"rt-separator element-one\" data-separator-width=\"100%\" data-separator-color=\"#000000\" data-separator-background=\"#ffffff\" data-separator-direction=\"center\">\n<div class=\"block\">\n<div class=\"gap\"><\/div>\n<div class=\"bar\"><\/div>\n<\/div>\n<\/div>\n<p>&nbsp;<\/p>\n<h1 class=\"vc_custom_heading font-weight-semibold vc_custom_1545742657488\">Light Filling<\/h1>\n<p class=\"vc_custom_heading vc_custom_1545742670290\"><span style=\"font-size: 14pt;\">Is a new treatment method among mesotherapy and filling techniques that is used to give the skin the ability to reflect light back.<\/span><\/p>\n<p class=\"vc_custom_heading vc_custom_1545742682273\"><span style=\"font-size: 14pt;\">It is a simple and effective method that takes place in 3 sessions that are 3-4 weeks apart from each other. Visible results are achieved with the first injection and ongoing sessions.<\/span><\/p>\n<div class=\"rt-separator element-one\" data-separator-width=\"100%\" data-separator-color=\"#000000\" data-separator-background=\"#ffffff\" data-separator-direction=\"center\">\n<div class=\"block\">\n<div class=\"gap\"><\/div>\n<div class=\"bar\"><\/div>\n<\/div>\n<\/div>\n<p>&nbsp;<\/p>\n<h1 class=\"vc_custom_heading font-weight-semibold vc_custom_1545742796624\">Which Areas is Filling Applied on?<\/h1>\n<p class=\"vc_custom_heading vc_custom_1545742808528\"><span style=\"font-size: 14pt;\">\u2022 Between the eyebrows,<\/span><br \/>\n<span style=\"font-size: 14pt;\">\u2022 Nasolabial area,<\/span><br \/>\n<span style=\"font-size: 14pt;\">\u2022 Horizontal lines above lips are the most common application areas.<\/span><br \/>\n<span style=\"font-size: 14pt;\">\u2022 Low molecular-weight fillings may be applied on the neck and back of the hand. Correction of nasal disorders are also possible with filling applications.<\/span><\/p>\n<p>&nbsp;<\/p>","protected":false},"excerpt":{"rendered":"<p>Dolgu Uygulamalar\u0131 Dolgu uygulamalar\u0131, Medikal Estetik alan\u0131nda en \u00e7ok kulan\u0131lan y\u00f6ntemlerden biridir. Hyal\u00fcronik asit ise dolgu uygulamalar\u0131nda en \u00e7ok ba\u015fvurulan dolgu maddesidir. Cildimiz ya\u015fland\u0131kca kolajen, elastin doku ve hyaluron\u0131k asit miktar\u0131nda azalma meydana gelir. Dolgu uygulamalar\u0131nda azalmakta olan hyaluronik asit, k\u00fc\u00e7\u00fck i\u011fneler yard\u0131m\u0131yla cilt alt\u0131ndaki problemli olan yerlere anjekte edilir.Jel k\u0131vam\u0131ndaki hyaluronik asit cildin su [&hellip;]<\/p>","protected":false},"author":2,"featured_media":0,"parent":1112,"menu_order":0,"comment_status":"closed","ping_status":"closed","template":"","meta":{"footnotes":""},"class_list":["post-1167","page","type-page","status-publish","hentry"],"acf":[],"_links":{"self":[{"href":"https:\/\/healthtourismcenterturkey.com\/en\/wp-json\/wp\/v2\/pages\/1167"}],"collection":[{"href":"https:\/\/healthtourismcenterturkey.com\/en\/wp-json\/wp\/v2\/pages"}],"about":[{"href":"https:\/\/healthtourismcenterturkey.com\/en\/wp-json\/wp\/v2\/types\/page"}],"author":[{"embeddable":true,"href":"https:\/\/healthtourismcenterturkey.com\/en\/wp-json\/wp\/v2\/users\/2"}],"replies":[{"embeddable":true,"href":"https:\/\/healthtourismcenterturkey.com\/en\/wp-json\/wp\/v2\/comments?post=1167"}],"version-history":[{"count":5,"href":"https:\/\/healthtourismcenterturkey.com\/en\/wp-json\/wp\/v2\/pages\/1167\/revisions"}],"predecessor-version":[{"id":1277,"href":"https:\/\/healthtourismcenterturkey.com\/en\/wp-json\/wp\/v2\/pages\/1167\/revisions\/1277"}],"up":[{"embeddable":true,"href":"https:\/\/healthtourismcenterturkey.com\/en\/wp-json\/wp\/v2\/pages\/1112"}],"wp:attachment":[{"href":"https:\/\/healthtourismcenterturkey.com\/en\/wp-json\/wp\/v2\/media?parent=1167"}],"curies":[{"name":"wp","href":"https:\/\/api.w.org\/{rel}","templated":true}]}}