{"id":1165,"date":"2020-08-02T12:26:22","date_gmt":"2020-08-02T12:26:22","guid":{"rendered":"http:\/\/healthtourismcenterturkey.com\/?page_id=1165"},"modified":"2022-03-24T18:41:31","modified_gmt":"2022-03-24T18:41:31","slug":"cilt-bakimi","status":"publish","type":"page","link":"https:\/\/healthtourismcenterturkey.com\/en\/plastik-cerrahi\/medikal-estetik\/cilt-bakimi\/","title":{"rendered":"Skin Care"},"content":{"rendered":"<h1 class=\"vc_custom_heading font-weight-bold letter-spacing-1 vc_custom_1545678184875\">How is Skin Care Performed?<\/h1>\n<p class=\"vc_custom_heading vc_custom_1545678199204\"><span style=\"font-size: 14pt;\">Method and material are two main factors of skin care. Because the product which will contact the skin in some way, should be obtained amongst the most quality options. In addition, providing the branded product, chemical components and methods of application are also important factors. This way effects of cream, lotion or oil, which will be applied on the skin, are controlled. Brands design these products to offer the healthiest effect.<\/span><\/p>\n<div class=\"wpb_single_image wpb_content_element vc_align_left vc_custom_1545678344147\">\n<figure class=\"wpb_wrapper vc_figure\">\n<div class=\"vc_single_image-wrapper vc_box_border_grey\"><\/div>\n<\/figure>\n<\/div>\n<p><span style=\"font-size: 14pt;\">Methods of application are also important. Because absorption of the product to skin, applying period and location are important elements.<\/span><\/p>\n<p>&nbsp;<\/p>\n<div class=\"rt-separator element-one\" data-separator-width=\"100%\" data-separator-color=\"#000000\" data-separator-background=\"#ffffff\" data-separator-direction=\"center\">\n<div class=\"block\">\n<div class=\"gap\"><img loading=\"lazy\" decoding=\"async\" class=\"alignnone size-full wp-image-2171\" src=\"https:\/\/healthtourismcenterturkey.com\/wp-content\/uploads\/2022\/03\/medikal-cilt-bakimi-1170x700-1.jpg\" alt=\"\" width=\"1170\" height=\"700\" srcset=\"https:\/\/healthtourismcenterturkey.com\/wp-content\/uploads\/2022\/03\/medikal-cilt-bakimi-1170x700-1.jpg 1170w, https:\/\/healthtourismcenterturkey.com\/wp-content\/uploads\/2022\/03\/medikal-cilt-bakimi-1170x700-1-300x179.jpg 300w, https:\/\/healthtourismcenterturkey.com\/wp-content\/uploads\/2022\/03\/medikal-cilt-bakimi-1170x700-1-1024x613.jpg 1024w, https:\/\/healthtourismcenterturkey.com\/wp-content\/uploads\/2022\/03\/medikal-cilt-bakimi-1170x700-1-768x459.jpg 768w\" sizes=\"(max-width: 1170px) 100vw, 1170px\" \/><\/div>\n<\/div>\n<\/div>\n<div class=\"vc_row wpb_row vc_inner vc_row-fluid vc_custom_1545478509233\">\n<div class=\"wpb_column vc_column_container vc_col-sm-12 vc_col-has-fill\">\n<div class=\"vc_column-inner vc_custom_1545478117371\">\n<div class=\"wpb_wrapper\">\n<h1 class=\"vc_custom_heading vc_custom_1545678544597\">Various Suggestions for Skin Care<\/h1>\n<p class=\"vc_custom_heading vc_custom_1545668422584\"><span style=\"font-size: 14pt;\">While it is necessary for a person to take care of him\/herself in the best way, eat healthy and stay active, women\u2019s sensitivity towards skin care is another point to take into consideration. For instance, to keep the pores open and to have a healthy skin, first activity that comes to mind is of course hygiene. Keeping your hygiene level high, helps protect the healthy skin and provides proper breathability because of the open pores.<\/span><\/p>\n<p class=\"vc_custom_heading vc_custom_1545668703876\"><span style=\"font-size: 14pt;\">In addition, staying away from chemical substances, avoiding harmful cosmetics are necessary for skin care and health. Therefore, it may be the best option to tend towards natural products.<\/span><\/p>\n<\/div>\n<h1 class=\"vc_custom_heading vc_custom_1545668502051\">Importance of Skin Care<\/h1>\n<\/div>\n<p class=\"vc_custom_heading vc_custom_1545668523779\"><span style=\"font-size: 14pt;\">Every person desire to be at their peak in appearance manner and this is mostly because getting appreciated for a healthy, strong and clean appearance. At this point of course, health and esthetics comes front. Most important element is having a young, alive and beautiful skin. To have all these, living healthy, taking care of one\u2019s own body, staying away from stress and internalization of beauty are necessary.<\/span><\/p>\n<p class=\"vc_custom_heading vc_custom_1545668574639\"><span style=\"font-size: 14pt;\">On the other hand, avoiding chemicals, cosmetic substances that are very harmful or will have different and bad effects on the skin for your skin health and care. It will be good for everyone to turn to more natural and healthier products.<\/span><\/p>\n<p>&nbsp;<\/p>\n<\/div>\n<\/div>\n<p><span style=\"font-size: 14pt;\">Sportive activities and fresh air also have great impact on skin beauty. By the help of oxygen and sweating, the skin will get rid of toxins. You may achieve a more healthy, young and beautiful skin.<\/span><\/p>\n<div class=\"rt-separator element-one\" data-separator-width=\"100%\" data-separator-color=\"#000000\" data-separator-background=\"#ffffff\" data-separator-direction=\"center\">\n<div class=\"block\"><\/div>\n<\/div>\n<p><img loading=\"lazy\" decoding=\"async\" class=\"alignnone size-full wp-image-1970\" src=\"https:\/\/healthtourismcenterturkey.com\/wp-content\/uploads\/2020\/09\/cilt-bakimi.jpg\" alt=\"\" width=\"500\" height=\"500\" srcset=\"https:\/\/healthtourismcenterturkey.com\/wp-content\/uploads\/2020\/09\/cilt-bakimi.jpg 500w, https:\/\/healthtourismcenterturkey.com\/wp-content\/uploads\/2020\/09\/cilt-bakimi-300x300.jpg 300w, https:\/\/healthtourismcenterturkey.com\/wp-content\/uploads\/2020\/09\/cilt-bakimi-150x150.jpg 150w\" sizes=\"(max-width: 500px) 100vw, 500px\" \/><\/p>\n<h1 class=\"vc_custom_heading font-weight-semibold vc_custom_1545476042201\">Various Suggestions for Skin Care<\/h1>\n<div class=\"rt-separator element-one\" data-separator-width=\"100%\" data-separator-color=\"#000000\" data-separator-background=\"#ffffff\" data-separator-direction=\"center\">\n<div class=\"block\"><span style=\"font-size: 14pt;\">While there are some aspects regarding the beauty of skin, in order to achieve a bright and healthy appearance, nutrition becomes prominent. Because vitamins and minerals are the main elements of skin care. This way, body will rejuvenate.<\/span><\/div>\n<\/div>\n<p>&nbsp;<\/p>","protected":false},"excerpt":{"rendered":"<p>Cilt Bak\u0131m\u0131 Nas\u0131l Yap\u0131l\u0131r? Cilt bak\u0131m\u0131n\u0131n yap\u0131lmas\u0131 esnas\u0131nda y\u00f6ntem ve malzeme, iki ana unsur olarak \u00f6n plana \u00e7\u0131kar. \u00c7\u00fcnk\u00fc cilde s\u00fcr\u00fclecek olan ya da bir \u015fekilde deri ile temas edecek olan \u00fcr\u00fcnlerin en iyi ve en kaliteli se\u00e7enekler aras\u0131ndan tercih edilmeleri gerekir. Bununla beraber bu \u00fcr\u00fcnlerin do\u011fru markalardan tedarik edilmesi, kimyasal i\u00e7erik bile\u015fenleri ve uygulama [&hellip;]<\/p>","protected":false},"author":2,"featured_media":0,"parent":1112,"menu_order":0,"comment_status":"closed","ping_status":"closed","template":"","meta":{"footnotes":""},"class_list":["post-1165","page","type-page","status-publish","hentry"],"acf":[],"_links":{"self":[{"href":"https:\/\/healthtourismcenterturkey.com\/en\/wp-json\/wp\/v2\/pages\/1165"}],"collection":[{"href":"https:\/\/healthtourismcenterturkey.com\/en\/wp-json\/wp\/v2\/pages"}],"about":[{"href":"https:\/\/healthtourismcenterturkey.com\/en\/wp-json\/wp\/v2\/types\/page"}],"author":[{"embeddable":true,"href":"https:\/\/healthtourismcenterturkey.com\/en\/wp-json\/wp\/v2\/users\/2"}],"replies":[{"embeddable":true,"href":"https:\/\/healthtourismcenterturkey.com\/en\/wp-json\/wp\/v2\/comments?post=1165"}],"version-history":[{"count":11,"href":"https:\/\/healthtourismcenterturkey.com\/en\/wp-json\/wp\/v2\/pages\/1165\/revisions"}],"predecessor-version":[{"id":2173,"href":"https:\/\/healthtourismcenterturkey.com\/en\/wp-json\/wp\/v2\/pages\/1165\/revisions\/2173"}],"up":[{"embeddable":true,"href":"https:\/\/healthtourismcenterturkey.com\/en\/wp-json\/wp\/v2\/pages\/1112"}],"wp:attachment":[{"href":"https:\/\/healthtourismcenterturkey.com\/en\/wp-json\/wp\/v2\/media?parent=1165"}],"curies":[{"name":"wp","href":"https:\/\/api.w.org\/{rel}","templated":true}]}}