{"id":1024,"date":"2020-07-30T18:20:07","date_gmt":"2020-07-30T18:20:07","guid":{"rendered":"http:\/\/healthtourismcenterturkey.com\/?page_id=1024"},"modified":"2022-03-24T19:04:29","modified_gmt":"2022-03-24T19:04:29","slug":"kas-ekimi","status":"publish","type":"page","link":"https:\/\/healthtourismcenterturkey.com\/en\/sac-ekimi\/kas-ekimi\/","title":{"rendered":"Eyebrow Transplant"},"content":{"rendered":"<h1 class=\"vc_custom_heading font-weight-bold letter-spacing-1 vc_custom_1545747716935\">What is Eyebrow Transplant? How is It Operated?<\/h1>\n<p class=\"vc_custom_heading vc_custom_1545747733750\"><span style=\"font-size: 14pt;\">Eyebrow transplant is among the most compelling procedures however, the result might be impressive when it is done by the experts.Hair transplant operation involves hair removal from an area of the body and planting onto eyebrow area. Healthy follicles are gathered from the donor area, usually from the back of the head, and transferred to form the eyebrow shape. Eyebrows have a significance as they shape the face. There may be many factors behind losing eyebrows, such as excessive bleeding, sickness,trauma, scarring and genetics.<\/span><\/p>\n<div class=\"wpb_single_image wpb_content_element vc_align_left vc_custom_1545748419467\">\n<figure class=\"wpb_wrapper vc_figure\">\n<div class=\"vc_single_image-wrapper vc_box_border_grey\"><img loading=\"lazy\" decoding=\"async\" class=\"alignnone size-full wp-image-2195\" src=\"https:\/\/healthtourismcenterturkey.com\/wp-content\/uploads\/2022\/03\/kas-ekimi-sonrasi-min.png\" alt=\"\" width=\"818\" height=\"400\" srcset=\"https:\/\/healthtourismcenterturkey.com\/wp-content\/uploads\/2022\/03\/kas-ekimi-sonrasi-min.png 818w, https:\/\/healthtourismcenterturkey.com\/wp-content\/uploads\/2022\/03\/kas-ekimi-sonrasi-min-300x147.png 300w, https:\/\/healthtourismcenterturkey.com\/wp-content\/uploads\/2022\/03\/kas-ekimi-sonrasi-min-768x376.png 768w\" sizes=\"(max-width: 818px) 100vw, 818px\" \/><\/div>\n<\/figure>\n<\/div>\n<p class=\"vc_custom_heading vc_custom_1545747747215\"><span style=\"font-size: 14pt;\">Eyebrow transplant operations have a process of design just as other hair root transplant operations. Designs are created especially depending on the outcome wished by the patient and discussed by the doctor and patient. If all the details are decided, general appearance is shown to the patient with details. Thus, the first phase will be over. Important point here is the connection between the doctor and the patient and sharing every detail.<\/span><\/p>\n<div class=\"rt-separator element-one\" data-separator-width=\"100%\" data-separator-color=\"#000000\" data-separator-background=\"#ffffff\" data-separator-direction=\"center\">\n<div class=\"block\">\n<div class=\"gap\"><\/div>\n<div class=\"bar\"><\/div>\n<\/div>\n<\/div>\n<p>&nbsp;<\/p>\n<h1 class=\"vc_custom_heading font-weight-semibold vc_custom_1545747767499\">Gathering Hair Roots<\/h1>\n<p class=\"vc_custom_heading vc_custom_1545747778763\"><span style=\"font-size: 14pt;\">Same as other hair transplant operations, hair root gathering is a part of eyebrow transplant. Therefore, while hair roots are analysed one by one and gathered delicately, they are gathered especially from the neck area. In hair transplant operations such as eyebrow, hair gathering area is usually neck and temporal sides. Neck is known as the most commonly used area in hair, beard and eyebrow transplant operations.<\/span><\/p>\n<div class=\"vc_row wpb_row vc_inner vc_row-fluid vc_custom_1545478509233\">\n<div class=\"wpb_column vc_column_container vc_col-sm-12 vc_col-has-fill\">\n<div class=\"vc_column-inner vc_custom_1545478117371\">\n<div class=\"wpb_wrapper\">\n<p>&nbsp;<\/p>\n<h1 class=\"vc_custom_heading vc_custom_1545749335907\">Is Modification Possible After Eyebrow Transplant Operations?<\/h1>\n<p class=\"vc_custom_heading vc_custom_1545747817115\"><span style=\"font-size: 14pt;\">Yes, patients may appeal to an expert within 12 days for a variety of modifications. If there are points where the hair is more than the patient desired or the wished appearance is not obtained because of hair deficiency, experts will have the chance to modify within 12 days. This period is determined by the effect of the operation and is not arbitrary. Saying that, while it might occur that the modification won't be possible on the 12th day for some patients, for others it may be possible to modify on the 15th day. . This process completely depends on the healing stage and how fast the body accepts the transplant.<\/span><\/p>\n<\/div>\n<\/div>\n<\/div>\n<\/div>\n<p class=\"vc_custom_heading vc_custom_1545747831403\"><span style=\"font-size: 14pt;\">The common method used in eyebrow transplantation is the FUE technique. During the application of this technique, a 0.7 mm needle is used. While this needle is inserted into the skin to create a hole, the hair follicle is placed into this hole. The only painful aspect here may be the insertion of the needle into the skin; however, since local anesthesia is administered at the beginning of the operation, no pain, discomfort, or soreness is felt during the procedures.<\/span><\/p>\n<div class=\"rt-separator element-one\" data-separator-width=\"100%\" data-separator-color=\"#000000\" data-separator-background=\"#ffffff\" data-separator-direction=\"center\">\n<div class=\"block\">\n<div class=\"gap\"><\/div>\n<div class=\"bar\"><\/div>\n<\/div>\n<\/div>\n<p>&nbsp;<\/p>\n<h1 class=\"vc_custom_heading font-weight-semibold vc_custom_1545747853291\">Loss of Planted Eyebrow, Shock Loss Phase<\/h1>\n<p class=\"vc_custom_heading vc_custom_1545747870851\"><span style=\"font-size: 14pt;\">Shock Loss phase occurs for every hair transplant operation. This phase is also valid for eyebrow transplant. A sudden hair loss occurs usually between 2nd and 6th weeks. Patients should not fear this and feel desperate. It is such that even all the transplanted hair might be lost on the shock loss phase. However, once 3 months have passed, hair roots will begin to regrow and eyebrows will start growing. Another point to consider is that the hair growing is observed between 3rd and 8th months depending on the patient. Meaning that while 3 month is valid for some patients, this process may take up to 8 months. Following year after the operation, eyebrows will return to normal and troubles will disappear.<\/span><\/p>\n<div class=\"rt-separator element-one\" data-separator-width=\"100%\" data-separator-color=\"#000000\" data-separator-background=\"#ffffff\" data-separator-direction=\"center\">\n<div class=\"block\">\n<div class=\"gap\"><\/div>\n<div class=\"bar\"><\/div>\n<\/div>\n<\/div>\n<p>&nbsp;<\/p>\n<h1 class=\"vc_custom_heading font-weight-semibold vc_custom_1545747907199\">How Long Do the Process Take?<\/h1>\n<p class=\"vc_custom_heading vc_custom_1545747915999\"><span style=\"font-size: 14pt;\">Eyebrow transplant applications are completed in a time depending on the condition of the patient, his\/her expectations and the decisions made. Generally taking between 2 and 4 hours, the application process might take longer or shorter considering the details that the patient wishes on the appearance. Another point to take into consideration is the time needed for the applications done by the expert.<\/span><\/p>\n<p>&nbsp;<\/p>","protected":false},"excerpt":{"rendered":"<p>Ka\u015f Ekimi Nedir? Nas\u0131l Yap\u0131l\u0131r? Ka\u015f Ekimi, estetik a\u00e7\u0131dan en zorlu prosed\u00fcrlerden biridir, ancak uzmanlar taraf\u0131ndan yap\u0131ld\u0131\u011f\u0131nda etkileyici bir sonu\u00e7 verebilir. Ka\u015f nakli cerrahisi, v\u00fccudun ba\u015fka bir k\u0131sm\u0131ndan sa\u00e7 almay\u0131 ve onu ka\u015f b\u00f6lgesine nakledilmesini i\u00e7erir. Sa\u011fl\u0131kl\u0131 folik\u00fcller don\u00f6r alan\u0131ndan, tipik olarak ba\u015f\u0131n arkas\u0131ndan toplan\u0131r ve istenen ka\u015f \u015feklini olu\u015fturmak \u00fczere transfer edilir. Ka\u015flar y\u00fcz\u00fc [&hellip;]<\/p>","protected":false},"author":2,"featured_media":0,"parent":1013,"menu_order":0,"comment_status":"closed","ping_status":"closed","template":"","meta":{"footnotes":""},"class_list":["post-1024","page","type-page","status-publish","hentry"],"acf":[],"_links":{"self":[{"href":"https:\/\/healthtourismcenterturkey.com\/en\/wp-json\/wp\/v2\/pages\/1024"}],"collection":[{"href":"https:\/\/healthtourismcenterturkey.com\/en\/wp-json\/wp\/v2\/pages"}],"about":[{"href":"https:\/\/healthtourismcenterturkey.com\/en\/wp-json\/wp\/v2\/types\/page"}],"author":[{"embeddable":true,"href":"https:\/\/healthtourismcenterturkey.com\/en\/wp-json\/wp\/v2\/users\/2"}],"replies":[{"embeddable":true,"href":"https:\/\/healthtourismcenterturkey.com\/en\/wp-json\/wp\/v2\/comments?post=1024"}],"version-history":[{"count":8,"href":"https:\/\/healthtourismcenterturkey.com\/en\/wp-json\/wp\/v2\/pages\/1024\/revisions"}],"predecessor-version":[{"id":2202,"href":"https:\/\/healthtourismcenterturkey.com\/en\/wp-json\/wp\/v2\/pages\/1024\/revisions\/2202"}],"up":[{"embeddable":true,"href":"https:\/\/healthtourismcenterturkey.com\/en\/wp-json\/wp\/v2\/pages\/1013"}],"wp:attachment":[{"href":"https:\/\/healthtourismcenterturkey.com\/en\/wp-json\/wp\/v2\/media?parent=1024"}],"curies":[{"name":"wp","href":"https:\/\/api.w.org\/{rel}","templated":true}]}}