{"id":1020,"date":"2020-07-30T18:19:34","date_gmt":"2020-07-30T18:19:34","guid":{"rendered":"http:\/\/healthtourismcenterturkey.com\/?page_id=1020"},"modified":"2022-03-24T19:04:12","modified_gmt":"2022-03-24T19:04:12","slug":"sakal-ekimi","status":"publish","type":"page","link":"https:\/\/healthtourismcenterturkey.com\/en\/sac-ekimi\/sakal-ekimi\/","title":{"rendered":"Beard Transplant"},"content":{"rendered":"<h1 class=\"vc_custom_heading font-weight-bold letter-spacing-1 vc_custom_1545750156204\">When is Beard Transplant Necessary?<\/h1>\n<p class=\"vc_custom_heading vc_custom_1545750208391\"><span style=\"font-size: 14pt;\">\u2022 Beard transplant might be operated when there are scars of acne or different types of damage on the face to cover these scars. Upper mentioned scars might develop in chin, cheeks, mustache or sideburn area. To remove the visibility of the scars are possible with this method.<\/span><br \/>\n<span style=\"font-size: 14pt;\">\u2022 Beard transplant operation is necessary when there is the occurrence of hair root loss. Hair root loss may be caused by environmental reasons as well as genetics. Laser epilation, needle hair removal, other surgical operations or burns might result in deformation in hair roots.<\/span><br \/>\n<span style=\"font-size: 14pt;\">\u2022 One might use the benefits of beard transplant not only to complete the areas where there is lack of hair but also to increase the density and volume of beard. Meaning that the only reason to have the operation is not to grow beard where there are no hair roots but also to increase the thickness and volume of the present beard area to create a better look.<\/span><\/p>\n<div class=\"wpb_single_image wpb_content_element vc_align_left vc_custom_1545750626109\">\n<figure class=\"wpb_wrapper vc_figure\">\n<div class=\"vc_single_image-wrapper vc_box_border_grey\"><img loading=\"lazy\" decoding=\"async\" class=\"alignnone size-full wp-image-2196\" src=\"https:\/\/healthtourismcenterturkey.com\/wp-content\/uploads\/2022\/03\/sakal-ekimi-oncesi-ve-sonrasi-min.png\" alt=\"\" width=\"800\" height=\"450\" srcset=\"https:\/\/healthtourismcenterturkey.com\/wp-content\/uploads\/2022\/03\/sakal-ekimi-oncesi-ve-sonrasi-min.png 800w, https:\/\/healthtourismcenterturkey.com\/wp-content\/uploads\/2022\/03\/sakal-ekimi-oncesi-ve-sonrasi-min-300x169.png 300w, https:\/\/healthtourismcenterturkey.com\/wp-content\/uploads\/2022\/03\/sakal-ekimi-oncesi-ve-sonrasi-min-768x432.png 768w\" sizes=\"(max-width: 800px) 100vw, 800px\" \/><\/div>\n<\/figure>\n<\/div>\n<p class=\"vc_custom_heading vc_custom_1545750220080\"><span style=\"font-size: 14pt;\">Beard transplant operations come into prominence during the recent years as an increasing demand. Providing a more charismatic and handsome look for men, well-turned and healthy beards are sometimes created with an extra help. These operations aimed to provide a solution to deficiency, improper or unhealthy beard conditions should be operated by experts. Because beard transplant is considered as a highly significant and sensitive operation as the preferred methods and used tools. Therefore, the level of experience, knowledge and other specializations of the operating staff should be proper.<\/span><\/p>\n<div class=\"rt-separator element-one\" data-separator-width=\"100%\" data-separator-color=\"#000000\" data-separator-background=\"#ffffff\" data-separator-direction=\"center\">\n<div class=\"block\">\n<div class=\"gap\"><\/div>\n<div class=\"bar\"><\/div>\n<\/div>\n<\/div>\n<p>&nbsp;<\/p>\n<h1 class=\"vc_custom_heading font-weight-semibold vc_custom_1545750237799\">Number of Roots Used During Beard Transplant<\/h1>\n<p class=\"vc_custom_heading vc_custom_1545750249151\"><span style=\"font-size: 14pt;\">It is obvious that the beard transplant operation may differ depending on the areas of the face it operated on. Information regarding the number of roots are listed as:<\/span><\/p>\n<p class=\"vc_custom_heading vc_custom_1545750271785\"><span style=\"font-size: 14pt;\">\u2022 350-500 hair roots are used in Mustache area<\/span><br \/>\n<span style=\"font-size: 14pt;\">\u2022 600-700 hair roots are used in chin area<\/span><br \/>\n<span style=\"font-size: 14pt;\">\u2022 200-250 hair roots are used in sideburn area<\/span><br \/>\n<span style=\"font-size: 14pt;\">\u2022 300-700 hair roots are used in cheek area<\/span><\/p>\n<div class=\"vc_row wpb_row vc_inner vc_row-fluid vc_custom_1545478509233\">\n<div class=\"wpb_column vc_column_container vc_col-sm-12 vc_col-has-fill\">\n<div class=\"vc_column-inner vc_custom_1545478117371\">\n<div class=\"wpb_wrapper\">\n<p>&nbsp;<\/p>\n<h1 class=\"vc_custom_heading vc_custom_1545750547162\">Important Points for Beard Transplant Operation<\/h1>\n<p class=\"vc_custom_heading vc_custom_1545750326219\"><span style=\"font-size: 14pt;\">\u2022 Local anesthesia and sedation are applied during beard transplant operations.<\/span><br \/>\n<span style=\"font-size: 14pt;\">\u2022 Beard transplant operations, depending on the sensivity of the operation, area and properties, take time between 2 and 5 hours.<\/span><br \/>\n<span style=\"font-size: 14pt;\">\u2022 Beard transplant operation is pain-free, and no discomfort will be felt.<\/span><br \/>\n<span style=\"font-size: 14pt;\">\u2022 Little fragments of scabs might be seen around the planted area after the operation. These scabs are normal and will heal in time.<\/span><br \/>\n<span style=\"font-size: 14pt;\">\u2022 Beard planted area must always be kept dry. One should avoid physical contact with the area, hand touch should be stopped for a period.<\/span><\/p>\n<\/div>\n<\/div>\n<\/div>\n<\/div>\n<p class=\"vc_custom_heading vc_custom_1545750359238\"><span style=\"font-size: 14pt;\">There are some elements in beard transplant just as in every medical operation which create the key part. Some points draw attention such as the post-operation actions and processes pre and during the operations. It is important to discuss these details with the patient and then start the operation process.<\/span><\/p>\n<div class=\"rt-separator element-one\" data-separator-width=\"100%\" data-separator-color=\"#000000\" data-separator-background=\"#ffffff\" data-separator-direction=\"center\">\n<div class=\"block\">\n<div class=\"gap\"><\/div>\n<div class=\"bar\"><\/div>\n<\/div>\n<\/div>\n<p>&nbsp;<\/p>\n<h1 class=\"vc_custom_heading font-weight-semibold vc_custom_1545750387199\">How is Beard Transplant Operated?<\/h1>\n<p class=\"vc_custom_heading vc_custom_1545750405928\"><span style=\"font-size: 14pt;\">Beard transplant operation, which is considered and wished to be acted upon by almost every man once in their life, is explained to the patient before the operation by the experts. This way, both sides will have the knowledge of consequences.<\/span><\/p>\n<p class=\"vc_custom_heading vc_custom_1545750426216\"><span style=\"font-size: 14pt;\">\u2022 Hair roots to be transplanted are gathered from a proper area. Hair root gathering is usually done from neck or temporal sides. To decide at this point, important point is the area of planting. Doctor decides to gather the hair roots from neck or temporal sides depending on the area of planting and the characteristics of hair in that area. The options are evaluated depending on which areas have the most common characteristics.<\/span><br \/>\n<span style=\"font-size: 14pt;\">\u2022 Hair transplant and beard transplant conflicts at one point. Requisition of both beard and hair transplant by the same person at different times may result in some conditions as the source of hair roots are is the same. For a person who firstly had beard transplant, and later requested hair transplant, deficiency of hair roots may occur. Therefore, it is important for the person who is requesting a beard transplant to share his ideas about hair transplant with the experts.<\/span><br \/>\n<span style=\"font-size: 14pt;\">\u2022 The point that requires the most attention in beard transplant operation is to properly set the angles of planted hair roots and color shades. This ensures a healthy and beautiful beard structure and it is obvious that the planted area will not result in an alien appearance. However, this process should be operated thoroughly by experienced and talented experts.<\/span><\/p>\n<div class=\"rt-separator element-one\" data-separator-width=\"100%\" data-separator-color=\"#000000\" data-separator-background=\"#ffffff\" data-separator-direction=\"center\">\n<div class=\"block\">\n<div class=\"gap\"><\/div>\n<div class=\"bar\"><\/div>\n<\/div>\n<\/div>\n<p>&nbsp;<\/p>\n<h1 class=\"vc_custom_heading font-weight-semibold vc_custom_1545750444079\">Post-Beard Transplant Operation Period<\/h1>\n<p class=\"vc_custom_heading vc_custom_1545750462771\"><span style=\"font-size: 14pt;\">After beard transplantation procedures, it is important to pay special attention to certain topics. This is because listening to the recommendations of experts after beard transplantation is crucial for achieving rapid and complete healing.<\/span><\/p>\n<p class=\"vc_custom_heading vc_custom_1545750479020\"><span style=\"font-size: 14pt;\">\u2022 Shaving must be avoided within the 10 days after the operation. Hence, taken into consideration the growing beard and working\/social environment, precautions should be taken.<\/span><br \/>\n<span style=\"font-size: 14pt;\">\u2022 The second day after the operation, some physical activities, providing they are not too demanding, might be carried out. The first day should be reserved for a full-rest and actions might be taken in order to return to normal life starting from the second day.<\/span><br \/>\n<span style=\"font-size: 14pt;\">\u2022 Scars will be visible for the first 4 or 5 days therefore healing process will not begin on these days.<\/span><br \/>\n<span style=\"font-size: 14pt;\">\u2022 It is regular for the planted hair roots to fall within 2 weeks. This should not cause anxiety. Because the beard will begin to grow back in 3 months.<\/span><br \/>\n<span style=\"font-size: 14pt;\">\u2022 Post-operation care applications should be carried out according to expert recommendations. Only this way it is possible to avoid infection and scars. No action that the doctor did not recommend should take place and things that contact should be avoided with must stay away from the face. This way a great healing process should take place.<\/span><\/p>\n<p>&nbsp;<\/p>","protected":false},"excerpt":{"rendered":"<p>Sakal Ekimi Nedir? Nas\u0131l Yap\u0131l\u0131r? \u2022 Y\u00fczde sivilcelerin izleri kald\u0131\u011f\u0131nda ya da farkl\u0131 tipte yara bere izleri oldu\u011funda, bu izlerin kapanmas\u0131 veya kamufle edilmesi maksad\u0131 ile sakal ekim i\u015flemleri uygulanabilir. S\u00f6z konusu izler \u00e7enede, yanaklarda, b\u0131y\u0131k b\u00f6lgesinde ya da favori b\u00f6lgesinde de olu\u015fabilir. Bu izlerin ortadan kald\u0131r\u0131lmas\u0131 bu \u015fekilde m\u00fcmk\u00fcnd\u00fcr. \u2022 K\u0131l k\u00f6k\u00fc kay\u0131plar\u0131n\u0131n olu\u015ftu\u011fu [&hellip;]<\/p>","protected":false},"author":2,"featured_media":0,"parent":1013,"menu_order":0,"comment_status":"closed","ping_status":"closed","template":"","meta":{"footnotes":""},"class_list":["post-1020","page","type-page","status-publish","hentry"],"acf":[],"_links":{"self":[{"href":"https:\/\/healthtourismcenterturkey.com\/en\/wp-json\/wp\/v2\/pages\/1020"}],"collection":[{"href":"https:\/\/healthtourismcenterturkey.com\/en\/wp-json\/wp\/v2\/pages"}],"about":[{"href":"https:\/\/healthtourismcenterturkey.com\/en\/wp-json\/wp\/v2\/types\/page"}],"author":[{"embeddable":true,"href":"https:\/\/healthtourismcenterturkey.com\/en\/wp-json\/wp\/v2\/users\/2"}],"replies":[{"embeddable":true,"href":"https:\/\/healthtourismcenterturkey.com\/en\/wp-json\/wp\/v2\/comments?post=1020"}],"version-history":[{"count":7,"href":"https:\/\/healthtourismcenterturkey.com\/en\/wp-json\/wp\/v2\/pages\/1020\/revisions"}],"predecessor-version":[{"id":2201,"href":"https:\/\/healthtourismcenterturkey.com\/en\/wp-json\/wp\/v2\/pages\/1020\/revisions\/2201"}],"up":[{"embeddable":true,"href":"https:\/\/healthtourismcenterturkey.com\/en\/wp-json\/wp\/v2\/pages\/1013"}],"wp:attachment":[{"href":"https:\/\/healthtourismcenterturkey.com\/en\/wp-json\/wp\/v2\/media?parent=1020"}],"curies":[{"name":"wp","href":"https:\/\/api.w.org\/{rel}","templated":true}]}}