{"id":1018,"date":"2020-07-30T18:19:08","date_gmt":"2020-07-30T18:19:08","guid":{"rendered":"http:\/\/healthtourismcenterturkey.com\/?page_id=1018"},"modified":"2022-03-24T19:03:55","modified_gmt":"2022-03-24T19:03:55","slug":"fue-sac-ekimi","status":"publish","type":"page","link":"https:\/\/healthtourismcenterturkey.com\/en\/sac-ekimi\/fue-sac-ekimi\/","title":{"rendered":"FUE Hair Transplant"},"content":{"rendered":"<h1 class=\"vc_custom_heading font-weight-bold letter-spacing-1 vc_custom_1545745661978\"><\/h1>\n<p class=\"vc_custom_heading vc_custom_1545744646914\"><span style=\"font-size: 14pt;\">It is a set of processes operated on people who suffered hair loss on different reasons, in order to gain natural looking, permanent and healthy hair. In hair transplant operations, a person\u2019s own healthy and natural hair is planted on the bald area. Hair gathered from the people who wishes to have hair transplanted, is gathered from areas that does not suffer from falling. Hair transplant provides the person with natural, permanent as if never fallen and original appearance.<\/span><\/p>\n<div class=\"wpb_single_image wpb_content_element vc_align_left vc_custom_1545744700976\">\n<figure class=\"wpb_wrapper vc_figure\">\n<div class=\"vc_single_image-wrapper vc_box_border_grey\"><img loading=\"lazy\" decoding=\"async\" class=\"alignnone size-full wp-image-2197\" src=\"https:\/\/healthtourismcenterturkey.com\/wp-content\/uploads\/2022\/03\/dhi-son-1200x675-1.png\" alt=\"\" width=\"1200\" height=\"675\" srcset=\"https:\/\/healthtourismcenterturkey.com\/wp-content\/uploads\/2022\/03\/dhi-son-1200x675-1.png 1200w, https:\/\/healthtourismcenterturkey.com\/wp-content\/uploads\/2022\/03\/dhi-son-1200x675-1-300x169.png 300w, https:\/\/healthtourismcenterturkey.com\/wp-content\/uploads\/2022\/03\/dhi-son-1200x675-1-1024x576.png 1024w, https:\/\/healthtourismcenterturkey.com\/wp-content\/uploads\/2022\/03\/dhi-son-1200x675-1-768x432.png 768w\" sizes=\"(max-width: 1200px) 100vw, 1200px\" \/><\/div>\n<\/figure>\n<\/div>\n<p class=\"vc_custom_heading vc_custom_1545744932174\"><span style=\"font-size: 14pt;\">In many places around the world, FUE method is preferred especially contemporarily. The main reason is the practicability of the application and the ratio of beneficial outcome to the general. While it is very difficult to achieve that kind of success in any other method, it is possible to grow natural looking and strong hair with the technological approaches and effective ways of FUE Method. Therefore, many people prefer FUE method. Experts recommend this method only certain circumstance that the technological and the technical basis is set properly.<\/span><\/p>\n<div class=\"rt-separator element-one\" data-separator-width=\"100%\" data-separator-color=\"#000000\" data-separator-background=\"#ffffff\" data-separator-direction=\"center\">\n<div class=\"block\">\n<div class=\"gap\"><\/div>\n<div class=\"bar\"><\/div>\n<\/div>\n<\/div>\n<p>&nbsp;<\/p>\n<h1 class=\"vc_custom_heading font-weight-semibold vc_custom_1545744952101\">Post-Operation Process<\/h1>\n<p class=\"vc_custom_heading vc_custom_1545744966325\"><span style=\"font-size: 14pt;\">Initially implanted hair falls by the end of the first month. Following the implant date, 2nd or 3rd month hair starts to grow. Therefore, one should not get desperate and should keep taking care of the hair. Maybe the most significant stage on this process is this. The process will be compromised if the person loses motivation and hope once the implanted hair begins to fall. Whereas, the person should know that hair loss in the first stage is completely normal and should take precautions accordingly.\nThe hair will be noticeably voluminous 6 months after the operation, once the shock loss is past, if the all process is handled properly. It will take between 1 and 1,5 years for the hair to find itself and become completely fine. As the hair roots belong to the same person, there won't be any color or style differences. Providing that the hair implant won't be visible.<\/span><br \/>\n<span style=\"font-size: 14pt;\">T\u00fcm i\u015flemler ba\u015far\u0131 ile y\u00f6netildi\u011fi takdirde, ilk d\u00f6k\u00fclmelerin de atlat\u0131lmas\u0131 ile beraber, tedavinin \u00fczerinden 6 ay ge\u00e7tikten sonra sa\u00e7lar\u0131n dolgun ve hacimli olmaya ba\u015flamas\u0131 fark edilir. Sa\u00e7\u0131n kendini bulmas\u0131 ve tamamen iyi bir hal almas\u0131 ise 1 ila 1,5 y\u0131l aras\u0131nda olacakt\u0131r. Sa\u00e7 k\u00f6kleri, ki\u015finin kendisine ait oldu\u011fu i\u00e7in renk ya da tarz olarak farkl\u0131l\u0131k g\u00f6zlemlenmez. B\u00f6ylelikle de d\u0131\u015far\u0131dan bak\u0131ld\u0131\u011f\u0131nda sa\u00e7 ekiminin yap\u0131ld\u0131\u011f\u0131 bile belli olmayacakt\u0131r.<\/span><\/p>\n<div class=\"vc_row wpb_row vc_inner vc_row-fluid vc_custom_1545478509233\">\n<div class=\"wpb_column vc_column_container vc_col-sm-12 vc_col-has-fill\">\n<div class=\"vc_column-inner vc_custom_1545478117371\">\n<div class=\"wpb_wrapper\">\n<p>&nbsp;<\/p>\n<h1 class=\"vc_custom_heading vc_custom_1545745002198\">Post-Operation Process<\/h1>\n<p class=\"vc_custom_heading vc_custom_1545745012265\"><span style=\"font-size: 14pt;\">Initially implanted hair falls by the end of the first month. Following the implant date, 2nd or 3rd month hair starts to grow. Therefore, one should not get desperate and should keep taking care of the hair. Maybe the most significant stage on this process is this. The process will be compromised if the person loses motivation and hope once the implanted hair begins to fall. Whereas, the person should know that hair loss in the first stage is completely normal and should take precautions accordingly.<\/span><\/p>\n<p class=\"vc_custom_heading vc_custom_1545745022930\"><span style=\"font-size: 14pt;\">The micro motor tip, positioned to align with the hair shaft, is inserted into the skin at the angle of hair emergence and then pulled out. The hair is cut along with the follicle and surrounding tissue. This cutting process is done in a cylindrical manner. Afterward, using micro tweezers, the hair is gently pulled out without causing any damage to it.<\/span><\/p>\n<p class=\"vc_custom_heading vc_custom_1545745048788\"><span style=\"font-size: 14pt;\">System is managed by automatic processes to save time. Softly gathering and implanting of follicular units into bald area are made possible by micro pores. Each unit contains 2 or 3 follicles.<\/span><\/p>\n<\/div>\n<\/div>\n<\/div>\n<\/div>\n<div class=\"rt-separator element-one\" data-separator-width=\"100%\" data-separator-color=\"#000000\" data-separator-background=\"#ffffff\" data-separator-direction=\"center\">\n<div class=\"block\">\n<div class=\"gap\"><\/div>\n<div class=\"bar\"><\/div>\n<\/div>\n<\/div>\n<p>&nbsp;<\/p>\n<h1 class=\"vc_custom_heading font-weight-semibold vc_custom_1545745239925\">Technical Features of FUE Method<\/h1>\n<p class=\"vc_custom_heading vc_custom_1545745250765\"><span style=\"font-size: 14pt;\">There are some features of hair transplant operations done using this method;<\/span><\/p>\n<p class=\"vc_custom_heading vc_custom_1549532865260\"><span style=\"font-size: 14pt;\">\u2022In the area where the graft is gathered, the work is done over the root cell directly without a tissue sample.<\/span><br \/>\n<span style=\"font-size: 14pt;\">\u2022 There are no visible stitches or scars in the area where the hair is gathered. However, tiny sized scratches occur on the area where the roots are gathered. And the mentioned scratches disappears in few weeks and leaves no mark behind.<\/span><br \/>\n<span style=\"font-size: 14pt;\">\u2022While it is possible to use the grafts received from neck area on hair transplant, it is also possible to evaluate the same grafts for eyebrow, moustache or beard transplant.<\/span><br \/>\n<span style=\"font-size: 14pt;\">\u2022It is possible to gather 4000-6000 grafts in a session depending on the situation of donor area and the number of hair root to be implanted.<\/span><br \/>\n<span style=\"font-size: 14pt;\">\u2022Every graft contains hair between 1 and 3. Meaning that on average, 1 graft is equal to 2 hair.<\/span><br \/>\n<span style=\"font-size: 14pt;\">\u2022Depending on the number of extracted root and the opening, it is possible to implant 50-60 hair root per square centimeter.<\/span><br \/>\n<span style=\"font-size: 14pt;\">\u2022Having a less painful post-operation stage and shorter time to recover, this method stands out from the others.<\/span><\/p>\n<div class=\"rt-separator element-one\" data-separator-width=\"100%\" data-separator-color=\"#000000\" data-separator-background=\"#ffffff\" data-separator-direction=\"center\">\n<div class=\"block\">\n<div class=\"gap\"><\/div>\n<div class=\"bar\"><\/div>\n<\/div>\n<\/div>\n<p>&nbsp;<\/p>\n<h1 class=\"vc_custom_heading font-weight-semibold vc_custom_1545745310576\">What are the Points to Consider After Hair Transplant Operation?<\/h1>\n<p class=\"vc_custom_heading vc_custom_1545745326681\"><span style=\"font-size: 14pt;\">\u2022 Hair transplant operations require attention and neatness just as any other surgical operation.<\/span><br \/>\n<span style=\"font-size: 14pt;\">\u2022Hair implanted area is sensitive. Contact with any object should be avoided. Contact with any object should be avoided.<\/span><br \/>\n<span style=\"font-size: 14pt;\">\u2022 Unless the doctor recommends, sportive activities, sauna and Turkish bath should be avoided.<\/span><br \/>\n<span style=\"font-size: 14pt;\">\u2022Hair might be trimmed with a scissor. Razor should not be used for two weeks.<\/span><br \/>\n<span style=\"font-size: 14pt;\">\u2022Person should not bathe within the 2 days after the hair transplant. Next 2 weeks, hair should be dried using a hair dryer and towel should not be used.<\/span><br \/>\n<span style=\"font-size: 14pt;\">\u2022Smoking and consuming alcohol before and after the hair transplant operation are to be avoided.<\/span><br \/>\n<span style=\"font-size: 14pt;\">\u2022Too hot and too cold areas should be avoided.<\/span><\/p>\n<p>&nbsp;<\/p>","protected":false},"excerpt":{"rendered":"<p>Belirli sebeplerden dolay\u0131 sa\u00e7 kayb\u0131na u\u011fram\u0131\u015f ki\u015filere, do\u011fal g\u00f6r\u00fcn\u00fcml\u00fc, kal\u0131c\u0131 ve sa\u011fl\u0131kl\u0131 yeni sa\u00e7lar kazand\u0131rmak i\u00e7in yap\u0131lan i\u015flemlerdir. Sa\u00e7 ekiminde, d\u00f6k\u00fck olan b\u00f6lgeye ki\u015finin kendi sa\u011fl\u0131kl\u0131 ve do\u011fal sa\u00e7lar\u0131 ekilir. Sa\u00e7 ekimi yap\u0131lacak ki\u015fiden al\u0131nan sa\u00e7lar, d\u00f6k\u00fclme ya\u015fanmayan yerlerden al\u0131n\u0131r. Sa\u00e7 ekimi ki\u015fiye, do\u011fal ve hi\u00e7 d\u00f6k\u00fclmemi\u015f gibi kal\u0131c\u0131 ve orjinal bir g\u00f6r\u00fcnt\u00fc sa\u011flar. D\u00fcnyan\u0131n [&hellip;]<\/p>","protected":false},"author":2,"featured_media":0,"parent":1013,"menu_order":0,"comment_status":"closed","ping_status":"closed","template":"","meta":{"footnotes":""},"class_list":["post-1018","page","type-page","status-publish","hentry"],"acf":[],"_links":{"self":[{"href":"https:\/\/healthtourismcenterturkey.com\/en\/wp-json\/wp\/v2\/pages\/1018"}],"collection":[{"href":"https:\/\/healthtourismcenterturkey.com\/en\/wp-json\/wp\/v2\/pages"}],"about":[{"href":"https:\/\/healthtourismcenterturkey.com\/en\/wp-json\/wp\/v2\/types\/page"}],"author":[{"embeddable":true,"href":"https:\/\/healthtourismcenterturkey.com\/en\/wp-json\/wp\/v2\/users\/2"}],"replies":[{"embeddable":true,"href":"https:\/\/healthtourismcenterturkey.com\/en\/wp-json\/wp\/v2\/comments?post=1018"}],"version-history":[{"count":8,"href":"https:\/\/healthtourismcenterturkey.com\/en\/wp-json\/wp\/v2\/pages\/1018\/revisions"}],"predecessor-version":[{"id":2200,"href":"https:\/\/healthtourismcenterturkey.com\/en\/wp-json\/wp\/v2\/pages\/1018\/revisions\/2200"}],"up":[{"embeddable":true,"href":"https:\/\/healthtourismcenterturkey.com\/en\/wp-json\/wp\/v2\/pages\/1013"}],"wp:attachment":[{"href":"https:\/\/healthtourismcenterturkey.com\/en\/wp-json\/wp\/v2\/media?parent=1018"}],"curies":[{"name":"wp","href":"https:\/\/api.w.org\/{rel}","templated":true}]}}