{"id":1015,"date":"2020-07-30T18:18:46","date_gmt":"2020-07-30T18:18:46","guid":{"rendered":"http:\/\/healthtourismcenterturkey.com\/?page_id=1015"},"modified":"2022-03-24T19:03:25","modified_gmt":"2022-03-24T19:03:25","slug":"dhi-sac-ekimi","status":"publish","type":"page","link":"https:\/\/healthtourismcenterturkey.com\/en\/sac-ekimi\/dhi-sac-ekimi\/","title":{"rendered":"DHI Hair Transplant"},"content":{"rendered":"<h1 class=\"vc_custom_heading font-weight-bold letter-spacing-1 vc_custom_1545746301114\">What is DHI Method? How is It Operated?<\/h1>\n<p class=\"vc_custom_heading vc_custom_1545746324755\"><span style=\"font-size: 14pt;\">Hair gathered by this method is directly planted into the area. Tools called \"DHI Pen\" are used in this method where there is no need for a duct. Once the hair is placed in the pens, it is planted directly to the target area. In this method, as the ducts are created in the size of graft, there are less transplant scar and less bleeding.<\/span><\/p>\n<div class=\"vc_single_image-wrapper vc_box_border_grey\"><img loading=\"lazy\" decoding=\"async\" class=\"alignnone size-full wp-image-2198\" src=\"https:\/\/healthtourismcenterturkey.com\/wp-content\/uploads\/2022\/03\/fue.png\" alt=\"\" width=\"1000\" height=\"665\" srcset=\"https:\/\/healthtourismcenterturkey.com\/wp-content\/uploads\/2022\/03\/fue.png 1000w, https:\/\/healthtourismcenterturkey.com\/wp-content\/uploads\/2022\/03\/fue-300x200.png 300w, https:\/\/healthtourismcenterturkey.com\/wp-content\/uploads\/2022\/03\/fue-768x511.png 768w\" sizes=\"(max-width: 1000px) 100vw, 1000px\" \/><\/div>\n<p class=\"vc_custom_heading vc_custom_1545746356263\"><span style=\"font-size: 14pt;\">Hair transplant is done in a gradual way in this method. Stages of DHI are listed as such:<\/span><\/p>\n<p class=\"vc_custom_heading vc_custom_1545746463555\"><span style=\"font-size: 14pt;\"><b>Gathering:<\/b><\/span><br \/>\n<span style=\"font-size: 14pt;\">On this stage scalp with a diameter smaller than 1 diameter is removed and gathered with a special tool called \"micro motor\". It leaves no scar and the gathered hair is ready for immediate transplant.<\/span><\/p>\n<p class=\"vc_custom_heading vc_custom_1545746482099\"><span style=\"font-size: 14pt;\"><b>Arrangement:<\/b><\/span><br \/>\n<span style=\"font-size: 14pt;\">Hair is placed into pens that contains ducts appropriate for the hair length.<\/span><\/p>\n<p class=\"vc_custom_heading vc_custom_1545746496123\"><span style=\"font-size: 14pt;\"><b>Hair Transplant:<\/b><\/span><br \/>\n<span style=\"font-size: 14pt;\">Hair inside the pens are applied directly to bald area thus creating ducts allowing to plant all the hair at the same time. Hair is easily transferred according to the angle and depth in the area.<\/span><\/p>\n<div class=\"rt-separator element-one\" data-separator-width=\"100%\" data-separator-color=\"#000000\" data-separator-background=\"#ffffff\" data-separator-direction=\"center\">\n<div class=\"block\">\n<div class=\"gap\"><\/div>\n<div class=\"bar\"><\/div>\n<\/div>\n<\/div>\n<div class=\"vc_row wpb_row vc_inner vc_row-fluid vc_custom_1545478509233\">\n<div class=\"wpb_column vc_column_container vc_col-sm-12 vc_col-has-fill\">\n<div class=\"vc_column-inner vc_custom_1545478117371\">\n<div class=\"wpb_wrapper\">\n<p>&nbsp;<\/p>\n<h1 class=\"vc_custom_heading vc_custom_1545746643938\">What are the advantages of DHI method?<\/h1>\n<p class=\"vc_custom_heading vc_custom_1545746521083\"><span style=\"font-size: 14pt;\">\u2022 A special pen is used to precisely control the angle, depth and direction of the implanted follicle. This creates a completely natural hairline and a natural look. Pens are disposable.<\/span><br \/>\n<span style=\"font-size: 14pt;\">\u2022 In this method, the extracted grafts can be planted directly in the receiving area. There is no additional grooving stage.<\/span><br \/>\n<span style=\"font-size: 14pt;\">\u2022 No crusting, hollowing or postulation.<\/span><br \/>\n<span style=\"font-size: 14pt;\">\u2022 It is possible to implant 80-90 grafts per cm\u00b2 without affecting the blood supply to the scalp.<\/span><br \/>\n<span style=\"font-size: 14pt;\">\u2022 It is possible to implant 80-90 grafts per cm2 without affecting scalp blood supply.<\/span><br \/>\n<span style=\"font-size: 14pt;\">\u2022 The operation is performed with much less pain and bleeding.<\/span><br \/>\n<span style=\"font-size: 14pt;\">\u2022 Thanks to the proper genetics and sensitivity of the DHI method, the transplanted roots remain forever.<\/span><\/p>\n<\/div>\n<\/div>\n<\/div>\n<\/div>\n<div class=\"rt-separator element-one\" data-separator-width=\"100%\" data-separator-color=\"#000000\" data-separator-background=\"#ffffff\" data-separator-direction=\"center\">\n<div class=\"block\">\n<div class=\"gap\"><\/div>\n<div class=\"bar\"><\/div>\n<\/div>\n<\/div>\n<p>&nbsp;<\/p>\n<h1 class=\"vc_custom_heading font-weight-semibold vc_custom_1545746538583\">In which areas can DHI Method be applied?<\/h1>\n<p class=\"vc_custom_heading vc_custom_1545746552882\"><span style=\"font-size: 14pt;\">\u2022 Hair transplantation<\/span><br \/>\n<span style=\"font-size: 14pt;\">\u2022 Eyebrow planting,<\/span><br \/>\n<span style=\"font-size: 14pt;\">\u2022 Beard and mustache transplantation,<\/span><br \/>\n<span style=\"font-size: 14pt;\">\u2022 In people who do not prefer shaving,<\/span><br \/>\n<span style=\"font-size: 14pt;\">\u2022 It can be applied to people who want the hairless area to be more concentrated.<\/span><\/p>\n<p>&nbsp;<\/p>","protected":false},"excerpt":{"rendered":"<p>DHI Y\u00f6ntemi Nedir? Nas\u0131l Yap\u0131l\u0131r? Bu y\u00f6ntemle toplanan sa\u00e7lar do\u011frudan alana dikilir. \u201cDH\u0130 Kalemleri\u201d ad\u0131 verilen aletler, \u00f6nceden kanal a\u00e7\u0131lmas\u0131 gerektirmeyen bu y\u00f6ntemde kullan\u0131lmaktad\u0131r. Bu kalemlerin i\u00e7ine sa\u00e7 yerle\u015ftirildikten sonra, bunlar do\u011frudan b\u00f6lgeye yerle\u015ftirilir. Bununla, kanallar tam olarak greft boyutunda a\u00e7\u0131ld\u0131\u011f\u0131 i\u00e7in, daha az nakil izi ve kanama vard\u0131r. Bu y\u00f6ntemde kademeli olarak sa\u00e7 ekimi [&hellip;]<\/p>","protected":false},"author":2,"featured_media":0,"parent":1013,"menu_order":0,"comment_status":"closed","ping_status":"closed","template":"","meta":{"footnotes":""},"class_list":["post-1015","page","type-page","status-publish","hentry"],"acf":[],"_links":{"self":[{"href":"https:\/\/healthtourismcenterturkey.com\/en\/wp-json\/wp\/v2\/pages\/1015"}],"collection":[{"href":"https:\/\/healthtourismcenterturkey.com\/en\/wp-json\/wp\/v2\/pages"}],"about":[{"href":"https:\/\/healthtourismcenterturkey.com\/en\/wp-json\/wp\/v2\/types\/page"}],"author":[{"embeddable":true,"href":"https:\/\/healthtourismcenterturkey.com\/en\/wp-json\/wp\/v2\/users\/2"}],"replies":[{"embeddable":true,"href":"https:\/\/healthtourismcenterturkey.com\/en\/wp-json\/wp\/v2\/comments?post=1015"}],"version-history":[{"count":9,"href":"https:\/\/healthtourismcenterturkey.com\/en\/wp-json\/wp\/v2\/pages\/1015\/revisions"}],"predecessor-version":[{"id":2199,"href":"https:\/\/healthtourismcenterturkey.com\/en\/wp-json\/wp\/v2\/pages\/1015\/revisions\/2199"}],"up":[{"embeddable":true,"href":"https:\/\/healthtourismcenterturkey.com\/en\/wp-json\/wp\/v2\/pages\/1013"}],"wp:attachment":[{"href":"https:\/\/healthtourismcenterturkey.com\/en\/wp-json\/wp\/v2\/media?parent=1015"}],"curies":[{"name":"wp","href":"https:\/\/api.w.org\/{rel}","templated":true}]}}