{"id":969,"date":"2020-07-30T15:05:51","date_gmt":"2020-07-30T15:05:51","guid":{"rendered":"http:\/\/healthtourismcenterturkey.com\/?page_id=969"},"modified":"2022-03-24T18:32:05","modified_gmt":"2022-03-24T18:32:05","slug":"meme-ucu-problemleri","status":"publish","type":"page","link":"https:\/\/healthtourismcenterturkey.com\/de\/plastik-cerrahi\/meme-estetigi\/meme-ucu-problemleri\/","title":{"rendered":"Brustwarzenprobleme"},"content":{"rendered":"<h1 class=\"vc_custom_heading font-weight-bold letter-spacing-1 vc_custom_1545677078481\">Probleme mit der Brustwarze<\/h1>\n<p class=\"vc_custom_heading vc_custom_1545677111351\"><span style=\"font-size: 14pt;\">Es k\u00f6nnen grunds\u00e4tzlich drei Hauptprobleme mit der Brustwarze genannt werden:<\/span><\/p>\n<p class=\"vc_custom_heading vc_custom_1545677124667\"><span style=\"font-size: 14pt;\">\u2022 Mehrere Brustwarzen<\/span><br \/>\n<span style=\"font-size: 14pt;\">\u2022 Eingezogene Brustwarzen<\/span><br \/>\n<span style=\"font-size: 14pt;\">\u2022 Zu gro\u00dfe Brustwarzen<\/span><\/p>\n<p class=\"vc_custom_heading vc_custom_1545677138534\"><span style=\"font-size: 14pt;\">Die L\u00f6sung dieser Probleme ist in der Regel recht einfach. Allerdings ist es wichtig, erfahrene Teams zu konsultieren. So k\u00f6nnen die Probleme mit der Brustwarze durch praktische und gezielte Schritte behoben werden.<\/span><\/p>\n<div class=\"wpb_single_image wpb_content_element vc_align_left vc_custom_1545677278185\">\n<figure class=\"wpb_wrapper vc_figure\">\n<div class=\"vc_single_image-wrapper vc_box_border_grey\"><img loading=\"lazy\" decoding=\"async\" class=\"alignnone size-full wp-image-2156\" src=\"https:\/\/healthtourismcenterturkey.com\/wp-content\/uploads\/2022\/03\/meme-ucu.jpg\" alt=\"\" width=\"493\" height=\"331\" srcset=\"https:\/\/healthtourismcenterturkey.com\/wp-content\/uploads\/2022\/03\/meme-ucu.jpg 493w, https:\/\/healthtourismcenterturkey.com\/wp-content\/uploads\/2022\/03\/meme-ucu-300x201.jpg 300w\" sizes=\"(max-width: 493px) 100vw, 493px\" \/><\/div>\n<\/figure>\n<\/div>\n<p class=\"vc_custom_heading vc_custom_1545677150611\"><span style=\"font-size: 14pt;\">Bei Frauen ist der Brustbereich sowohl \u00e4sthetisch als auch funktional von gro\u00dfer Bedeutung. Er wird als ein entscheidender Faktor f\u00fcr das \u00e4u\u00dfere Erscheinungsbild angesehen und spielt auch eine funktionale Rolle, insbesondere beim Stillen und \u00e4hnlichen Situationen. Angesichts dieser Aspekte wird es wichtig, Probleme im Zusammenhang mit den Br\u00fcsten zu beheben. Besonders bei Problemen mit der Brustwarze k\u00f6nnen verschiedene L\u00f6sungsans\u00e4tze gefunden werden. Zuvor sollten jedoch die h\u00e4ufigsten Arten von Problemen identifiziert werden.<\/span><\/p>\n<div class=\"rt-separator element-one\" data-separator-width=\"100%\" data-separator-color=\"#000000\" data-separator-background=\"#ffffff\" data-separator-direction=\"center\">\n<div class=\"block\">\n<div class=\"gap\"><\/div>\n<div class=\"bar\"><\/div>\n<\/div>\n<\/div>\n<p>&nbsp;<\/p>\n<h1 class=\"vc_custom_heading font-weight-semibold vc_custom_1545677304748\">Was sind multiple Brustwarzen?<\/h1>\n<p class=\"vc_custom_heading vc_custom_1545677318258\"><span style=\"font-size: 14pt;\">Das Problem der multiplen Brustwarzen tritt auf, wenn Frauen mehrere Brustwarzen im Brustbereich haben. Obwohl es selten vorkommt, ist es wichtig, eine L\u00f6sung daf\u00fcr zu finden, und die St\u00f6rung wird durch chirurgische Eingriffe behoben. Dabei sind die Einsch\u00e4tzungen und Meinungen des Chirurgen von gro\u00dfer Bedeutung. Denn bei dem Eingriff besteht die M\u00f6glichkeit, dass die Milchg\u00e4nge besch\u00e4digt werden. Daher sollten der Schwangerschaftsstatus der Frau, ob sie stillt oder \u00e4hnliche Faktoren ber\u00fccksichtigt werden.<\/span><\/p>\n<div class=\"rt-separator element-one\" data-separator-width=\"100%\" data-separator-color=\"#000000\" data-separator-background=\"#ffffff\" data-separator-direction=\"center\">\n<div class=\"block\">\n<div class=\"gap\"><img loading=\"lazy\" decoding=\"async\" class=\"alignnone  wp-image-2165\" src=\"https:\/\/healthtourismcenterturkey.com\/wp-content\/uploads\/2022\/03\/cokuk-meme-ucu.jpg\" alt=\"\" width=\"678\" height=\"507\" srcset=\"https:\/\/healthtourismcenterturkey.com\/wp-content\/uploads\/2022\/03\/cokuk-meme-ucu.jpg 1200w, https:\/\/healthtourismcenterturkey.com\/wp-content\/uploads\/2022\/03\/cokuk-meme-ucu-300x225.jpg 300w, https:\/\/healthtourismcenterturkey.com\/wp-content\/uploads\/2022\/03\/cokuk-meme-ucu-1024x766.jpg 1024w, https:\/\/healthtourismcenterturkey.com\/wp-content\/uploads\/2022\/03\/cokuk-meme-ucu-768x575.jpg 768w\" sizes=\"(max-width: 678px) 100vw, 678px\" \/><\/div>\n<div class=\"bar\"><\/div>\n<\/div>\n<\/div>\n<div class=\"vc_row wpb_row vc_inner vc_row-fluid vc_custom_1545478509233\">\n<div class=\"wpb_column vc_column_container vc_col-sm-12 vc_col-has-fill\">\n<div class=\"vc_column-inner vc_custom_1545478117371\">\n<div class=\"wpb_wrapper\">\n<p>&nbsp;<\/p>\n<h1 class=\"vc_custom_heading vc_custom_1545677555636\">Das Problem zu gro\u00dfer Brustwarzen und seine Behandlung<\/h1>\n<p class=\"vc_custom_heading vc_custom_1545677419559\"><span style=\"font-size: 14pt;\">Das Problem der \u00fcbergro\u00dfen Brustwarzen kann dazu f\u00fchren, dass Frauen Schwierigkeiten haben, sich angemessen zu kleiden, und sich auch psychologisch unwohl f\u00fchlen. Diese Brustwarzen sind oft sehr auff\u00e4llig, und aus \u00e4sthetischer Sicht werden sie nicht als besonders ansprechend wahrgenommen. Daher w\u00fcnschen sich viele Frauen, dass diese Bereiche verkleinert und wieder in einen normalen Zustand versetzt werden. Hier kommt die \u00e4sthetische Chirurgie ins Spiel, die durch einen gezielten Eingriff helfen kann, dieses Problem zu beheben.<\/span><\/p>\n<p>&nbsp;<\/p>\n<h1 class=\"vc_custom_heading vc_custom_1545677564202\">Rekonstruktion der Brust mit Implantaten<\/h1>\n<p class=\"vc_custom_heading vc_custom_1545677449195\"><span style=\"font-size: 14pt;\">Die Anwendung von Implantaten zur Brustrekonstruktion tritt manchmal in den Vordergrund, um Probleme mit den Brustwarzen zu beheben. Insbesondere bei Brustvergr\u00f6\u00dferungen oder -verkleinerungen kann es notwendig sein, eine Symmetrie zu schaffen und die Brustwarzen \u00e4sthetisch hervorzuheben. Hierbei ist es wichtig, den richtigen Zeitpunkt und die geeignete Methode zu w\u00e4hlen, um optimale Ergebnisse zu erzielen.<\/span><\/p>\n<\/div>\n<\/div>\n<\/div>\n<\/div>\n<p>&nbsp;<\/p>","protected":false},"excerpt":{"rendered":"<p>Meme Ucu Problemleri Nelerdir? Temel olarak 3 ana meme ucu probleminden bahsedilebilir; \u2022 \u00c7oklu meme ucu \u2022 \u00c7\u00f6k\u00fck meme ucu \u2022 Fazla iri meme ucu S\u00f6z konusu problemlerin \u00e7\u00f6z\u00fcme kavu\u015fmas\u0131 olduk\u00e7a kolayd\u0131r. Ancak bunun i\u00e7in deneyimli ekiplere gereksinim duyulur. Bu sayede pratik ve do\u011fru ad\u0131mlar ile meme ucu problemleri giderilebilir. Kad\u0131nlarda g\u00f6\u011f\u00fcs b\u00f6lgesi hem estetik [&hellip;]<\/p>","protected":false},"author":2,"featured_media":0,"parent":959,"menu_order":0,"comment_status":"closed","ping_status":"closed","template":"","meta":{"footnotes":""},"class_list":["post-969","page","type-page","status-publish","hentry"],"acf":[],"_links":{"self":[{"href":"https:\/\/healthtourismcenterturkey.com\/de\/wp-json\/wp\/v2\/pages\/969"}],"collection":[{"href":"https:\/\/healthtourismcenterturkey.com\/de\/wp-json\/wp\/v2\/pages"}],"about":[{"href":"https:\/\/healthtourismcenterturkey.com\/de\/wp-json\/wp\/v2\/types\/page"}],"author":[{"embeddable":true,"href":"https:\/\/healthtourismcenterturkey.com\/de\/wp-json\/wp\/v2\/users\/2"}],"replies":[{"embeddable":true,"href":"https:\/\/healthtourismcenterturkey.com\/de\/wp-json\/wp\/v2\/comments?post=969"}],"version-history":[{"count":7,"href":"https:\/\/healthtourismcenterturkey.com\/de\/wp-json\/wp\/v2\/pages\/969\/revisions"}],"predecessor-version":[{"id":2166,"href":"https:\/\/healthtourismcenterturkey.com\/de\/wp-json\/wp\/v2\/pages\/969\/revisions\/2166"}],"up":[{"embeddable":true,"href":"https:\/\/healthtourismcenterturkey.com\/de\/wp-json\/wp\/v2\/pages\/959"}],"wp:attachment":[{"href":"https:\/\/healthtourismcenterturkey.com\/de\/wp-json\/wp\/v2\/media?parent=969"}],"curies":[{"name":"wp","href":"https:\/\/api.w.org\/{rel}","templated":true}]}}