{"id":967,"date":"2020-07-30T15:05:22","date_gmt":"2020-07-30T15:05:22","guid":{"rendered":"http:\/\/healthtourismcenterturkey.com\/?page_id=967"},"modified":"2022-03-24T18:30:19","modified_gmt":"2022-03-24T18:30:19","slug":"meme-esitsizlik","status":"publish","type":"page","link":"https:\/\/healthtourismcenterturkey.com\/de\/plastik-cerrahi\/meme-estetigi\/meme-esitsizlik\/","title":{"rendered":"Brustangleichung"},"content":{"rendered":"<h1 class=\"vc_custom_heading font-weight-bold letter-spacing-1 vc_custom_1545675449493\">Was sind die Anwendungen zur Brustangleichung?<\/h1>\n<p class=\"vc_custom_heading vc_custom_1545675464015\"><span style=\"font-size: 14pt;\">Standardm\u00e4\u00dfig geh\u00f6ren Brustangleichungsanwendungen zu den \u00e4sthetischen Brustoperationen. Diese Ungleichheiten, die entstehen, wenn eine Brust gr\u00f6\u00dfer, kleiner oder anders geformt ist als die andere, k\u00f6nnen auf diese Weise behoben werden. Dabei werden auch allgemeine Form- und Volumendifferenzen angegangen. W\u00e4hrend Brustungleichheiten im Allgemeinen nicht sehr st\u00f6rend sein m\u00fcssen, kann bei manchen Frauen das Problem so ausgepr\u00e4gt sein, dass es als unangenehm empfunden wird und eine Intervention erforderlich wird.<\/span><\/p>\n<div class=\"wpb_single_image wpb_content_element vc_align_left vc_custom_1545675546502\">\n<figure class=\"wpb_wrapper vc_figure\">\n<div class=\"vc_single_image-wrapper vc_box_border_grey\"><img loading=\"lazy\" decoding=\"async\" class=\"alignnone size-full wp-image-2155\" src=\"https:\/\/healthtourismcenterturkey.com\/wp-content\/uploads\/2022\/03\/esitsizlik.jpg\" alt=\"\" width=\"800\" height=\"332\" srcset=\"https:\/\/healthtourismcenterturkey.com\/wp-content\/uploads\/2022\/03\/esitsizlik.jpg 800w, https:\/\/healthtourismcenterturkey.com\/wp-content\/uploads\/2022\/03\/esitsizlik-300x125.jpg 300w, https:\/\/healthtourismcenterturkey.com\/wp-content\/uploads\/2022\/03\/esitsizlik-768x319.jpg 768w\" sizes=\"(max-width: 800px) 100vw, 800px\" \/><\/div>\n<\/figure>\n<\/div>\n<p class=\"vc_custom_heading vc_custom_1545675476310\"><span style=\"font-size: 14pt;\">Die Brustregion geh\u00f6rt zu den entscheidenden Aspekten, auf die Frauen achten, um \u00e4sthetisch ansprechend auszusehen. Aus einer externen Perspektive f\u00e4llt auf, dass die Br\u00fcste bei der Bewertung der allgemeinen Haltung und des Erscheinungsbildes von Frauen stark ins Auge fallen. Daher legen Frauen, die besonderen Wert auf diesen Bereich legen, gro\u00dfen Wert auf die Gr\u00f6\u00dfe, Form und Kontur ihrer Br\u00fcste. Wenn einer oder mehrere dieser Aspekte problematisch sind, k\u00f6nnen \u00e4sthetische Eingriffe in Betracht gezogen werden. Das Problem der Brustungleichheit und der Prozess der Angleichung der Br\u00fcste sind in diesem Zusammenhang wichtige Punkte.<\/span><\/p>\n<div class=\"rt-separator element-one\" data-separator-width=\"100%\" data-separator-color=\"#000000\" data-separator-background=\"#ffffff\" data-separator-direction=\"center\">\n<div class=\"block\">\n<div class=\"gap\"><\/div>\n<div class=\"bar\"><\/div>\n<\/div>\n<\/div>\n<p>&nbsp;<\/p>\n<h1 class=\"vc_custom_heading font-weight-semibold vc_custom_1545675580990\">Vorbereitende Punkte f\u00fcr die Operation<\/h1>\n<p class=\"vc_custom_heading vc_custom_1545675592143\"><span style=\"font-size: 14pt;\">Wenn ein allgemeines Asymmetrieproblem vorliegt, sollten Frauen ihre Anliegen klar identifizieren und ihre Erwartungen in dieser Hinsicht formulieren. Danach k\u00f6nnen sie einen Facharzt aufsuchen und ihre Probleme mitteilen. In diesem Gespr\u00e4ch wird er\u00f6rtert, wie die bestehenden Probleme angegangen werden k\u00f6nnen und welche Techniken angewendet werden sollen. In dieser Phase ist die Beziehung zwischen Patientin und Arzt ein \u00e4u\u00dferst wichtiger und kritischer Aspekt.<\/span><\/p>\n<div class=\"vc_row wpb_row vc_inner vc_row-fluid vc_custom_1545478509233\">\n<div class=\"wpb_column vc_column_container vc_col-sm-12 vc_col-has-fill\">\n<div class=\"vc_column-inner vc_custom_1545478117371\">\n<div class=\"wpb_wrapper\">\n<p>&nbsp;<\/p>\n<h1 class=\"vc_custom_heading vc_custom_1545675798746\">Wie wird die Brustasymmetrie behoben?<\/h1>\n<p class=\"vc_custom_heading vc_custom_1545675620156\"><span style=\"font-size: 14pt;\">Das Thema der Brustungleichheit ist auch als Brustasymmetrie bekannt. Daher sollte die Patientin vor dem Besuch bei Fach\u00e4rzten klar erkennen, was genau st\u00f6rend ist und welche Erwartungen sie hat. Folgende Punkte sind wichtig f\u00fcr die Brustasymmetrie:<\/span><\/p>\n<p class=\"vc_custom_heading vc_custom_1545675635908\"><span style=\"font-size: 14pt;\">\u2022 Wenn beide Br\u00fcste sehr gro\u00df sind, jedoch eine von ihnen noch gr\u00f6\u00dfer ist, werden beide Br\u00fcste in unterschiedlichen Proportionen verkleinert, um eine harmonische Form zu erzielen.<\/span><br \/>\n<span style=\"font-size: 14pt;\">\u2022 Wenn eine Brust im Vergleich zur anderen etwas kleiner ist und die gr\u00f6\u00dfere Brust normale Gr\u00f6\u00dfe hat, kann der kleineren Brust ein kleines Implantat hinzugef\u00fcgt werden.<\/span><br \/>\n<span style=\"font-size: 14pt;\">\u2022 Wenn eine Brust sehr gro\u00df und die andere sehr klein ist, wird die gro\u00dfe Brust verkleinert, w\u00e4hrend die kleine Brust durch ein Implantat vergr\u00f6\u00dfert wird, um Symmetrie zu erreichen.<\/span><br \/>\n<span style=\"font-size: 14pt;\">\u2022 Bei Br\u00fcsten, die in der Gr\u00f6\u00dfe gleich sind, aber visuell asymmetrisch erscheinen, k\u00f6nnen \u00e4hnliche Verfahren durchgef\u00fchrt werden, um sie symmetrisch zu gestalten.<\/span><\/p>\n<\/div>\n<\/div>\n<\/div>\n<\/div>\n<p class=\"vc_custom_heading vc_custom_1545675671625\"><span style=\"font-size: 14pt;\">Generell unterscheiden sich die Anwendungen zur Behebung der Brustungleichheit nicht wesentlich von Brustvergr\u00f6\u00dferungs-, Brustverkleinerungs- oder Verfahren zur Korrektur von Brustwarzenproblemen. Denn zur Sicherstellung der Symmetrie werden alle diese Verfahren in einer kombinierten Behandlung durchgef\u00fchrt. Die Angleichung der Brustwarzen, die Schaffung von Symmetrie und andere verschiedene Anwendungen finden in diesem Prozess statt.<\/span><\/p>\n<div class=\"rt-separator element-one\" data-separator-width=\"100%\" data-separator-color=\"#000000\" data-separator-background=\"#ffffff\" data-separator-direction=\"center\">\n<div class=\"block\">\n<div class=\"gap\"><\/div>\n<div class=\"bar\"><\/div>\n<\/div>\n<\/div>\n<p>&nbsp;<\/p>\n<h1 class=\"vc_custom_heading font-weight-semibold vc_custom_1545675687296\">\u00c4sthetische Operationen und Ergebnisse<\/h1>\n<p class=\"vc_custom_heading vc_custom_1545675699121\"><span style=\"font-size: 14pt;\">Damit Frauen sich besser f\u00fchlen und gesund sowie gl\u00fccklich ihr Leben fortsetzen k\u00f6nnen, sind erfolgreiche Eingriffe in diesem Bereich von gro\u00dfer Bedeutung. Die Gleichheit beider Br\u00fcste in Bezug auf Volumen und Position wird durch Brustangleichungsverfahren erreicht. Daher ist es ratsam, sich von Fach\u00e4rzten in diesem Bereich beraten und unterst\u00fctzen zu lassen. Letztendlich k\u00f6nnen alle Unebenheiten behoben und Brustangleichungen erzielt werden.<\/span><\/p>\n<p class=\"vc_custom_heading vc_custom_1545675710688\"><span style=\"font-size: 14pt;\">Diese Eingriffe stehen in direktem Zusammenhang mit dem Empfinden von Symmetrie und werden angewendet, wenn die beiden Br\u00fcste nicht vollst\u00e4ndig symmetrisch zueinander sind. Daher wird erwartet, dass die Ergebnisse \u00e4sthetisch ansprechend sind. Die Chirurgen, die diese Operationen durchf\u00fchren, zeigen in diesem Sinne sorgf\u00e4ltige und akribische Arbeitsweisen.<\/span><\/p>\n<div class=\"rt-separator element-one\" data-separator-width=\"100%\" data-separator-color=\"#000000\" data-separator-background=\"#ffffff\" data-separator-direction=\"center\">\n<div class=\"block\">\n<div class=\"gap\"><\/div>\n<div class=\"bar\"><\/div>\n<\/div>\n<\/div>\n<p>&nbsp;<\/p>\n<h1 class=\"vc_custom_heading font-weight-semibold vc_custom_1545675732451\">Wie werden die Schnittstellen bestimmt?<\/h1>\n<p class=\"vc_custom_heading vc_custom_1545675742523\"><span style=\"font-size: 14pt;\">Die Bestimmung der Schnittstellen an versteckten Stellen und die Durchf\u00fchrung des Eingriffs auf eine Weise, die keine sichtbaren Narben hinterl\u00e4sst, sind weitere wichtige Aspekte. Wenn Frauen mit Brustasymmetrie eine Angleichungsoperation durchf\u00fchren lassen, k\u00f6nnen sie diese Eingriffe auf die sauberste und ordentlichste Weise abschlie\u00dfen, sodass keine Operationsnarben sichtbar sind. Dies wird als Pluspunkt im Hinblick auf das allgemeine Erscheinungsbild, \u00c4sthetik und Sch\u00f6nheit gewertet.<\/span><\/p>\n<p class=\"vc_custom_heading vc_custom_1545675752467\"><span style=\"font-size: 14pt;\">Wie jede andere Frau k\u00f6nnen auch Sie sich \u00fcber Brustangleichungsoperationen bei Ihrem Spezialisten informieren. Wenn Sie mit der Symmetrie oder Form unzufrieden sind, k\u00f6nnen Sie die neuesten Methoden f\u00fcr diese Eingriffe in Anspruch nehmen.<\/span><\/p>\n<p>&nbsp;<\/p>","protected":false},"excerpt":{"rendered":"<p>Meme E\u015fitleme Uygulamalar\u0131 Nelerdir? Standart olarak uygulanan meme estetik operasyonlar\u0131 i\u00e7inde meme e\u015fitleme uygulamalar\u0131 da bulunur. \u0130ki memeden birinin di\u011ferine g\u00f6re daha b\u00fcy\u00fck, daha k\u00fc\u00e7\u00fck ya da daha farkl\u0131 olmas\u0131ndan kaynakl\u0131 olarak ortaya \u00e7\u0131kan bu e\u015fitsizlikler ancak bu sayede \u00e7\u00f6z\u00fcl\u00fcrken, genel form ve hacim farklar\u0131 da yine bu \u015fekilde halledilmektedir. Meme e\u015fitsizlik s\u0131k\u0131nt\u0131s\u0131 genel anlamda [&hellip;]<\/p>","protected":false},"author":2,"featured_media":0,"parent":959,"menu_order":0,"comment_status":"closed","ping_status":"closed","template":"","meta":{"footnotes":""},"class_list":["post-967","page","type-page","status-publish","hentry"],"acf":[],"_links":{"self":[{"href":"https:\/\/healthtourismcenterturkey.com\/de\/wp-json\/wp\/v2\/pages\/967"}],"collection":[{"href":"https:\/\/healthtourismcenterturkey.com\/de\/wp-json\/wp\/v2\/pages"}],"about":[{"href":"https:\/\/healthtourismcenterturkey.com\/de\/wp-json\/wp\/v2\/types\/page"}],"author":[{"embeddable":true,"href":"https:\/\/healthtourismcenterturkey.com\/de\/wp-json\/wp\/v2\/users\/2"}],"replies":[{"embeddable":true,"href":"https:\/\/healthtourismcenterturkey.com\/de\/wp-json\/wp\/v2\/comments?post=967"}],"version-history":[{"count":6,"href":"https:\/\/healthtourismcenterturkey.com\/de\/wp-json\/wp\/v2\/pages\/967\/revisions"}],"predecessor-version":[{"id":2163,"href":"https:\/\/healthtourismcenterturkey.com\/de\/wp-json\/wp\/v2\/pages\/967\/revisions\/2163"}],"up":[{"embeddable":true,"href":"https:\/\/healthtourismcenterturkey.com\/de\/wp-json\/wp\/v2\/pages\/959"}],"wp:attachment":[{"href":"https:\/\/healthtourismcenterturkey.com\/de\/wp-json\/wp\/v2\/media?parent=967"}],"curies":[{"name":"wp","href":"https:\/\/api.w.org\/{rel}","templated":true}]}}