{"id":965,"date":"2020-07-30T15:04:37","date_gmt":"2020-07-30T15:04:37","guid":{"rendered":"http:\/\/healthtourismcenterturkey.com\/?page_id=965"},"modified":"2022-03-24T18:29:52","modified_gmt":"2022-03-24T18:29:52","slug":"meme-diklestirme","status":"publish","type":"page","link":"https:\/\/healthtourismcenterturkey.com\/de\/plastik-cerrahi\/meme-estetigi\/meme-diklestirme\/","title":{"rendered":"Bruststraffung"},"content":{"rendered":"<h1 class=\"vc_custom_heading font-weight-bold letter-spacing-1 vc_custom_1545674769629\">Warum werden Bruststraffungsoperationen durchgef\u00fchrt?<\/h1>\n<p class=\"vc_custom_heading vc_custom_1545674793070\"><span style=\"font-size: 14pt;\">Frauen sind oft bestrebt, \u00e4sthetisch und sch\u00f6n zu sein, und nehmen daher im Laufe des Tages bewusst oder unbewusst an vielen Aktivit\u00e4ten teil, die dieses Ziel unterst\u00fctzen. Dennoch k\u00f6nnen gelegentlich sowohl gesundheitliche als auch \u00e4sthetische Probleme auftreten. In solchen F\u00e4llen sollten geeignete Ma\u00dfnahmen und Eingriffe ergriffen werden. Wenn \u00e4sthetische Anpassungen erforderlich sind, sollten diese ebenfalls durchgef\u00fchrt werden. Zum Beispiel k\u00f6nnen die Br\u00fcste, die einen direkten Einfluss auf das \u00e4u\u00dfere Erscheinungsbild der Frauen haben, bei Problemen von Fach\u00e4rzten entsprechend operiert werden. Dabei ist es entscheidend, welche Brustform die Frauen sich w\u00fcnschen und wie sie sich dadurch f\u00fchlen werden.<\/span><\/p>\n<div class=\"wpb_single_image wpb_content_element vc_align_left vc_custom_1545674893881\">\n<figure class=\"wpb_wrapper vc_figure\">\n<div class=\"vc_single_image-wrapper vc_box_border_grey\"><img loading=\"lazy\" decoding=\"async\" class=\"alignnone size-full wp-image-2154\" src=\"https:\/\/healthtourismcenterturkey.com\/wp-content\/uploads\/2022\/03\/diklestirme.jpg\" alt=\"\" width=\"750\" height=\"375\" srcset=\"https:\/\/healthtourismcenterturkey.com\/wp-content\/uploads\/2022\/03\/diklestirme.jpg 750w, https:\/\/healthtourismcenterturkey.com\/wp-content\/uploads\/2022\/03\/diklestirme-300x150.jpg 300w\" sizes=\"(max-width: 750px) 100vw, 750px\" \/><\/div>\n<\/figure>\n<\/div>\n<h1 class=\"vc_custom_heading font-weight-semibold vc_custom_1545674919949\">Warum h\u00e4ngen Br\u00fcste?<\/h1>\n<p class=\"vc_custom_heading vc_custom_1545674930357\"><span style=\"font-size: 14pt;\">Das Problem der Brusterschlaffung, das die Grundlage f\u00fcr Bruststraffungsoperationen bildet, kann aus verschiedenen Gr\u00fcnden auftreten:<\/span><\/p>\n<p class=\"vc_custom_heading vc_custom_1545674951392\"><span style=\"font-size: 14pt;\">\u2022 W\u00e4hrend und nach der Geburt k\u00f6nnen die Br\u00fcste gr\u00f6\u00dfer werden und ihre Form verlieren.<\/span><br \/>\n<span style=\"font-size: 14pt;\">\u2022 Bestimmte Medikamente k\u00f6nnen Hormone aktivieren und das Volumen im Brustbereich erh\u00f6hen.<\/span><br \/>\n<span style=\"font-size: 14pt;\">\u2022 Mit der Zeit verlieren die Br\u00fcste ihre Elastizit\u00e4t, und die Muskulatur schw\u00e4cht sich, wodurch sie sich in Richtung Bauch neigen.<\/span><br \/>\n<span style=\"font-size: 14pt;\">\u2022 \u00dcberm\u00e4\u00dfige Sonneneinstrahlung oder trockene Haut k\u00f6nnen dazu f\u00fchren, dass die Form der Br\u00fcste schnell leidet, was ebenfalls zu einer Schw\u00e4chung der Muskeln und B\u00e4nder f\u00fchrt.<\/span><\/p>\n<p class=\"vc_custom_heading vc_custom_1545674963824\"><span style=\"font-size: 14pt;\">Obwohl diese Faktoren verschiedene Ursachen zu sein scheinen, liegt der Hauptgrund in der Schw\u00e4chung und Lockerung der B\u00e4nder und Halterungen, die die Br\u00fcste an den Brustmuskeln befestigen. Denn das Brustgewebe, das Fettgewebe und die Haut h\u00e4ngen gemeinsam.<\/span><\/p>\n<div class=\"rt-separator element-one\" data-separator-width=\"100%\" data-separator-color=\"#000000\" data-separator-background=\"#ffffff\" data-separator-direction=\"center\">\n<div class=\"block\">\n<div class=\"gap\"><\/div>\n<div class=\"bar\"><\/div>\n<\/div>\n<\/div>\n<p>&nbsp;<\/p>\n<h1 class=\"vc_custom_heading font-weight-semibold vc_custom_1545675254509\">Der Prozess nach einer Bruststraffungsoperation<\/h1>\n<p class=\"vc_custom_heading vc_custom_1545675265263\"><span style=\"font-size: 14pt;\">Nach einer erfolgreichen Bruststraffungsoperation wird die Brust in eine straffere Form gebracht. In den folgenden Wochen ist es wichtig, dass die Patientinnen auf ihre Br\u00fcste achten, den Operationsbereich sauber halten und durch die richtige Pflege einen schnellen Heilungsprozess unterst\u00fctzen. Dadurch wird ein erfolgreicher Verlauf des Genesungsprozesses sichergestellt.<\/span><\/p>\n<p class=\"vc_custom_heading vc_custom_1545675276110\"><span style=\"font-size: 14pt;\">Es wird empfohlen, bis zu 6 Wochen nach der Operation einen St\u00fctz-BH zu tragen, um die Bewegungen der Br\u00fcste zu minimieren und eine gleichm\u00e4\u00dfige Heilung zu f\u00f6rdern. Au\u00dferdem sollten schwere Gegenst\u00e4nde vermieden und die betroffene Region nicht \u00fcberanstrengt werden. Im Allgemeinen k\u00f6nnen Patientinnen bereits 3 bis 4 Tage nach dem Eingriff wieder ins Berufsleben zur\u00fcckkehren.<\/span><\/p>\n<p class=\"vc_custom_heading vc_custom_1545675290437\"><span style=\"font-size: 14pt;\">Eine straffe, lebendige und volumin\u00f6se Brust steigert das Selbstbewusstsein der Frauen. Frauen, die ein attraktives und ansprechendes Erscheinungsbild erlangen, setzen ihr Leben in der besten und angenehmsten Weise fort.<\/span><\/p>\n<div class=\"rt-separator element-one\" data-separator-width=\"100%\" data-separator-color=\"#000000\" data-separator-background=\"#ffffff\" data-separator-direction=\"center\">\n<div class=\"block\">\n<div class=\"gap\"><\/div>\n<div class=\"bar\"><\/div>\n<\/div>\n<\/div>\n<div class=\"vc_row wpb_row vc_inner vc_row-fluid vc_custom_1545478509233\">\n<div class=\"wpb_column vc_column_container vc_col-sm-12 vc_col-has-fill\">\n<div class=\"vc_column-inner vc_custom_1545478117371\">\n<div class=\"wpb_wrapper\">\n<p>&nbsp;<\/p>\n<h1 class=\"vc_custom_heading vc_custom_1545675012656\">Techniken der Bruststraffung<\/h1>\n<p class=\"vc_custom_heading vc_custom_1545675024899\"><span style=\"font-size: 14pt;\">Die durchgef\u00fchrten Verfahren und die entstehenden kleinen Operationsnarben haben den Bruststraffungstechniken ihre Namen gegeben. Diese Techniken k\u00f6nnen wie folgt beschrieben werden:<\/span><\/p>\n<p class=\"vc_custom_heading vc_custom_1545675347020\"><span style=\"font-size: 14pt;\">\u2022 Dunat-Technik<\/span><\/p>\n<p class=\"vc_custom_heading vc_custom_1545675362417\"><span style=\"font-size: 14pt;\">\u2022 Anker-Technik<\/span><\/p>\n<p class=\"vc_custom_heading vc_custom_1545675374681\"><span style=\"font-size: 14pt;\">\u2022 Lollipop-Technik<\/span><\/p>\n<p class=\"vc_custom_heading vc_custom_1545675053946\"><span style=\"font-size: 14pt;\">Die Auswahl der Technik h\u00e4ngt vom geplanten Eingriff, den Vorstellungen des Patienten bez\u00fcglich der Narbenbildung und der gew\u00fcnschten Brustform ab.<\/span><\/p>\n<\/div>\n<\/div>\n<\/div>\n<\/div>\n<p>&nbsp;<\/p>","protected":false},"excerpt":{"rendered":"<p>Meme Dikle\u015ftirme Operasyonlar\u0131 Neden Yap\u0131l\u0131r? Kad\u0131nlar estetik ve g\u00fczel olma d\u00fc\u015f\u00fcncesi ile g\u00fcn i\u00e7inde istemli ya da istemsiz olarak pek \u00e7ok eylemin i\u00e7inde yer ald\u0131klar\u0131 i\u00e7in bu durum onlara daha da uygun d\u00fc\u015fmektedir. Ancak elbette ki zaman zaman sa\u011fl\u0131k a\u00e7\u0131s\u0131ndan olsun, estetik a\u00e7\u0131dan olsun bir tak\u0131m problemler ya\u015fanabilir. \u0130\u015fte bu problemlerin ya\u015fanmas\u0131 noktas\u0131nda da gerekli [&hellip;]<\/p>","protected":false},"author":2,"featured_media":0,"parent":959,"menu_order":0,"comment_status":"closed","ping_status":"closed","template":"","meta":{"footnotes":""},"class_list":["post-965","page","type-page","status-publish","hentry"],"acf":[],"_links":{"self":[{"href":"https:\/\/healthtourismcenterturkey.com\/de\/wp-json\/wp\/v2\/pages\/965"}],"collection":[{"href":"https:\/\/healthtourismcenterturkey.com\/de\/wp-json\/wp\/v2\/pages"}],"about":[{"href":"https:\/\/healthtourismcenterturkey.com\/de\/wp-json\/wp\/v2\/types\/page"}],"author":[{"embeddable":true,"href":"https:\/\/healthtourismcenterturkey.com\/de\/wp-json\/wp\/v2\/users\/2"}],"replies":[{"embeddable":true,"href":"https:\/\/healthtourismcenterturkey.com\/de\/wp-json\/wp\/v2\/comments?post=965"}],"version-history":[{"count":6,"href":"https:\/\/healthtourismcenterturkey.com\/de\/wp-json\/wp\/v2\/pages\/965\/revisions"}],"predecessor-version":[{"id":2164,"href":"https:\/\/healthtourismcenterturkey.com\/de\/wp-json\/wp\/v2\/pages\/965\/revisions\/2164"}],"up":[{"embeddable":true,"href":"https:\/\/healthtourismcenterturkey.com\/de\/wp-json\/wp\/v2\/pages\/959"}],"wp:attachment":[{"href":"https:\/\/healthtourismcenterturkey.com\/de\/wp-json\/wp\/v2\/media?parent=965"}],"curies":[{"name":"wp","href":"https:\/\/api.w.org\/{rel}","templated":true}]}}