{"id":963,"date":"2020-07-30T15:02:03","date_gmt":"2020-07-30T15:02:03","guid":{"rendered":"http:\/\/healthtourismcenterturkey.com\/?page_id=963"},"modified":"2022-03-24T18:29:18","modified_gmt":"2022-03-24T18:29:18","slug":"meme-kucultme","status":"publish","type":"page","link":"https:\/\/healthtourismcenterturkey.com\/de\/plastik-cerrahi\/meme-estetigi\/meme-kucultme\/","title":{"rendered":"Brustverkleinerung"},"content":{"rendered":"<h1 class=\"vc_custom_heading font-weight-bold letter-spacing-1 vc_custom_1545676527493\">Was ist eine Brustverkleinerungsoperation?<\/h1>\n<p class=\"vc_custom_heading vc_custom_1545676596935\"><span style=\"font-size: 14pt;\">Wie bekannt ist, spielen verschiedene Faktoren eine Rolle f\u00fcr das \u00e4sthetische Erscheinungsbild von Frauen. Eine sch\u00f6ne und wohlgeformte H\u00fcfte, die Brustregion, eine schlanke Figur und Beine sind Details, die Frauen attraktiv machen. Unter diesen Details nehmen die Br\u00fcste einen wichtigen Platz ein. Manchmal kann es jedoch vorkommen, dass Br\u00fcste in unvorteilhaften Gr\u00f6\u00dfen vorhanden sind, die \u00e4sthetisch nicht ansprechend sind. Sowohl sehr kleine als auch sehr gro\u00dfe Br\u00fcste k\u00f6nnen Frauen sowohl psychisch als auch physisch unzufrieden machen. Besonders bei Frauen mit sehr gro\u00dfen Br\u00fcsten treten h\u00e4ufig k\u00f6rperliche Beschwerden auf, wie Schwierigkeiten beim Sport, Probleme bei aktiven T\u00e4tigkeiten und allgemeine Einschr\u00e4nkungen.<\/span><\/p>\n<div class=\"wpb_single_image wpb_content_element vc_align_left vc_custom_1545676673011\">\n<div class=\"vc_single_image-wrapper vc_box_border_grey\"><\/div>\n<\/div>\n<p class=\"vc_custom_heading vc_custom_1545676608062\"><span style=\"font-size: 14pt;\">In solchen F\u00e4llen ist es offensichtlich, dass viele Frauen an Brustverkleinerungsoperationen interessiert sind. Brustverkleinerungsoperationen geh\u00f6ren zu den h\u00e4ufig durchgef\u00fchrten Eingriffen der letzten Zeit. Technische Studien, die verwendeten Materialien und die richtige Auswahl der Methoden vor der Operation sind entscheidende Aspekte. So wird die Verkleinerung \u00fcbergro\u00dfer oder unansehnlicher Br\u00fcste erm\u00f6glicht.<\/span><\/p>\n<div class=\"rt-separator element-one\" data-separator-width=\"100%\" data-separator-color=\"#000000\" data-separator-background=\"#ffffff\" data-separator-direction=\"center\">\n<div class=\"block\">\n<div class=\"gap\"><\/div>\n<div class=\"bar\"><img loading=\"lazy\" decoding=\"async\" class=\"alignnone  wp-image-2158\" src=\"https:\/\/healthtourismcenterturkey.com\/wp-content\/uploads\/2022\/03\/kucultme.jpg\" alt=\"\" width=\"1025\" height=\"448\" srcset=\"https:\/\/healthtourismcenterturkey.com\/wp-content\/uploads\/2022\/03\/kucultme.jpg 1600w, https:\/\/healthtourismcenterturkey.com\/wp-content\/uploads\/2022\/03\/kucultme-300x131.jpg 300w, https:\/\/healthtourismcenterturkey.com\/wp-content\/uploads\/2022\/03\/kucultme-1024x448.jpg 1024w, https:\/\/healthtourismcenterturkey.com\/wp-content\/uploads\/2022\/03\/kucultme-768x336.jpg 768w, https:\/\/healthtourismcenterturkey.com\/wp-content\/uploads\/2022\/03\/kucultme-1536x672.jpg 1536w\" sizes=\"(max-width: 1025px) 100vw, 1025px\" \/><\/div>\n<\/div>\n<\/div>\n<p>&nbsp;<\/p>\n<h1 class=\"vc_custom_heading font-weight-semibold vc_custom_1545676711742\">F\u00fcr wen sind Brustverkleinerungsoperationen geeignet?<\/h1>\n<p class=\"vc_custom_heading vc_custom_1545676725271\"><span style=\"font-size: 14pt;\">Nicht jeder kann eine Brustverkleinerungsoperation durchf\u00fchren lassen. Stattdessen sollten die folgenden Punkte beachtet werden, um ges\u00fcndere Entscheidungen zu treffen:<\/span><\/p>\n<p class=\"vc_custom_heading vc_custom_1545676742710\"><span style=\"font-size: 14pt;\">\u2022 Die Person muss \u00fcber 18 Jahre alt sein, da die Brustentwicklung bis zu diesem Alter andauert.<\/span><br \/>\n<span style=\"font-size: 14pt;\">\u2022 Bei Kandidatinnen unter 18 Jahren, die wegen virginaler Hypertrophie (\u00fcberm\u00e4\u00dfige Entwicklung) einen Facharzt aufsuchen, ist die Zustimmung der Eltern erforderlich.<\/span><br \/>\n<span style=\"font-size: 14pt;\">\u2022 Die Person sollte nicht in den Wechseljahren sein.<\/span><br \/>\n<span style=\"font-size: 14pt;\">\u2022 Bei Frauen, die gerade entbunden haben oder stillen, sollte nach dem Abstillen eine Wartezeit von 6 Monaten eingehalten werden.<\/span><br \/>\n<span style=\"font-size: 14pt;\">\u2022 Bei Personen mit festem und straffem Brustgewebe kann die Operation geeigneter durchgef\u00fchrt werden.<\/span><br \/>\n<span style=\"font-size: 14pt;\">\u2022 D\u00fcnnere Patienten mit nicht \u00fcberm\u00e4\u00dfigem Gewicht sind besser f\u00fcr den Eingriff geeignet.<\/span><\/p>\n<div class=\"vc_row wpb_row vc_inner vc_row-fluid vc_custom_1545478509233\">\n<div class=\"wpb_column vc_column_container vc_col-sm-12 vc_col-has-fill\">\n<div class=\"vc_column-inner vc_custom_1545478117371\">\n<div class=\"wpb_wrapper\">\n<p>&nbsp;<\/p>\n<h1 class=\"vc_custom_heading vc_custom_1545676989494\">Was sollte der Patient am Morgen des Operationstags tun?<\/h1>\n<p class=\"vc_custom_heading vc_custom_1545676772450\"><span style=\"font-size: 14pt;\">Wie bei jeder Operation gibt es auch f\u00fcr diesen Eingriff einige Punkte, auf die die Patienten im Voraus achten sollten:<\/span><\/p>\n<p class=\"vc_custom_heading vc_custom_1545676784315\"><span style=\"font-size: 14pt;\">\u2022 Vor der Operation muss etwa 6 Stunden lang nichts gegessen oder getrunken werden.<\/span><br \/>\n<span style=\"font-size: 14pt;\">\u2022 Da eine An\u00e4sthesie durchgef\u00fchrt wird, sollte der Patient mindestens 1 Stunde vor dem Operationstermin im Zentrum anwesend sein, um die An\u00e4sthesieuntersuchung durchf\u00fchren zu k\u00f6nnen.<\/span><br \/>\n<span style=\"font-size: 14pt;\">\u2022 Auch wenn es nicht zwingend erforderlich ist, sollte auf Make-up, Schmuck, Uhren usw. verzichtet werden, da dies die Abl\u00e4ufe erleichtert.<\/span><br \/>\n<span style=\"font-size: 14pt;\">\u2022 Es wird erwartet, dass der Patient genau wei\u00df, welche Brustform er m\u00f6chte, und mit dieser Klarheit zum Facharzt kommt, da Brustverkleinerungsoperationen individuell angepasst werden und pers\u00f6nliche Vorlieben und Zufriedenheit im Vordergrund stehen.<\/span><br \/>\n<span style=\"font-size: 14pt;\">\u2022 Eine Blutentnahme f\u00fcr diese Operation ist nicht zwingend erforderlich; jedoch sollte, falls gleichzeitig andere Eingriffe oder Behandlungen stattfinden und eine Blutuntersuchung notwendig ist, nach den Anweisungen des Arztes gehandelt werden.<\/span><\/p>\n<\/div>\n<\/div>\n<\/div>\n<\/div>\n<div class=\"rt-separator element-one\" data-separator-width=\"100%\" data-separator-color=\"#000000\" data-separator-background=\"#ffffff\" data-separator-direction=\"center\">\n<div class=\"block\">\n<div class=\"gap\"><\/div>\n<div class=\"bar\"><\/div>\n<\/div>\n<\/div>\n<p>&nbsp;<\/p>\n<h1 class=\"vc_custom_heading font-weight-semibold vc_custom_1545676802546\">Design und damit verbundene Verfahren vor der Operation<\/h1>\n<p class=\"vc_custom_heading vc_custom_1545676825004\"><span style=\"font-size: 14pt;\">Es ist von gro\u00dfer Bedeutung, welchen Designansatz der Facharzt vor dem Eingriff verfolgt. Daher wird eine Vorplanung durchgef\u00fchrt, w\u00e4hrend der Patient steht, und die Zeichnung wird in diesem Moment erstellt. Dieser Schritt ist entscheidend, um nach der Operation keine Narben zu hinterlassen.<\/span><br \/>\n<span style=\"font-size: 14pt;\">Zun\u00e4chst wird festgelegt, wohin die Brustwarze versetzt werden soll, und anschlie\u00dfend wird die Form, die gem\u00e4\u00df dem gew\u00fcnschten Design entstehen soll, mit einem chirurgischen Stift eingezeichnet. Auf diese Weise wird das erforderliche Design erstellt, um die perfekte Form zu erreichen.<\/span><\/p>\n<div class=\"rt-separator element-one\" data-separator-width=\"100%\" data-separator-color=\"#000000\" data-separator-background=\"#ffffff\" data-separator-direction=\"center\">\n<div class=\"block\">\n<div class=\"gap\"><\/div>\n<div class=\"bar\"><\/div>\n<\/div>\n<\/div>\n<p>&nbsp;<\/p>\n<h1 class=\"vc_custom_heading font-weight-semibold vc_custom_1545676839716\">Technische Details zur Operation<\/h1>\n<p class=\"vc_custom_heading vc_custom_1545676851388\"><span style=\"font-size: 14pt;\">Die Brustverkleinerungsoperationen (Mammareduktion) beginnen in der Regel nach der Vollnarkose, bei der der Patient in den Schlaf versetzt wird. Gelegentlich kann jedoch auch eine lokale An\u00e4sthesie angewendet werden, sodass die Operation ohne vollst\u00e4ndige Bet\u00e4ubung durchgef\u00fchrt werden kann.<\/span><\/p>\n<p class=\"vc_custom_heading vc_custom_1545676874844\"><span style=\"font-size: 14pt;\">Die Entscheidungen der Fach\u00e4rzte sind von gro\u00dfer Bedeutung, und es wird sichergestellt, dass die vor der Operation festgelegte allgemeine Form und die Designs befolgt werden, um ma\u00dfgeschneiderte \u00e4sthetische Eingriffe zu realisieren. Dabei wird in diesen Operationen, die zwischen 2 und 7 Stunden dauern k\u00f6nnen, \u00e4u\u00dferst sorgf\u00e4ltig gearbeitet, und es wird besonders darauf geachtet, keine Narben zu hinterlassen.<\/span><\/p>\n<div class=\"rt-separator element-one\" data-separator-width=\"100%\" data-separator-color=\"#000000\" data-separator-background=\"#ffffff\" data-separator-direction=\"center\">\n<div class=\"block\">\n<div class=\"gap\"><\/div>\n<div class=\"bar\"><\/div>\n<\/div>\n<\/div>\n<p>&nbsp;<\/p>\n<h1 class=\"vc_custom_heading font-weight-semibold vc_custom_1545676901614\">Die Bedeutung des Austauschs von Ideen mit Fachleuten vor und nach der Operation<\/h1>\n<p class=\"vc_custom_heading vc_custom_1545676921990\"><span style=\"font-size: 14pt;\">Es ist eine Tatsache, dass Frauen mit deutlich gr\u00f6\u00dferen und volumin\u00f6seren Br\u00fcsten oft kleinere Bruststrukturen ben\u00f6tigen, um ein angenehmeres Erscheinungsbild und eine bessere Beweglichkeit zu erreichen. Aus diesem Grund werden Brustverkleinerungsoperationen durchgef\u00fchrt. An diesem Punkt kommen spezialisierte und erfolgreiche plastische Chirurgen ins Spiel. Damit Frauen die gew\u00fcnschten Brustma\u00dfe erhalten, werden bereits zu Beginn des Operationsprozesses Ideen, Designs und Schritte der Durchf\u00fchrung zwischen Patientin und Arzt ausgetauscht. Anschlie\u00dfend wird die Operation durchgef\u00fchrt. Besonders vor der Operation werden verschiedene Fragen er\u00f6rtert, wie etwa ob die Patientin an anderen Erkrankungen leidet, welche Medikamente sie einnimmt und ob sie stillt. All diese Informationen sollten direkt mit den Fachleuten geteilt werden.<\/span><\/p>\n<div class=\"rt-separator element-one\" data-separator-width=\"100%\" data-separator-color=\"#000000\" data-separator-background=\"#ffffff\" data-separator-direction=\"center\">\n<div class=\"block\">\n<div class=\"gap\"><\/div>\n<div class=\"bar\"><\/div>\n<\/div>\n<\/div>\n<p>&nbsp;<\/p>\n<h1 class=\"vc_custom_heading font-weight-semibold vc_custom_1545676947226\">Was sind die Ursachen f\u00fcr eine Brustverkleinerungsoperation?<\/h1>\n<p class=\"vc_custom_heading vc_custom_1545676957753\"><span style=\"font-size: 14pt;\">Der Wunsch, gemocht zu werden, ist eine ganz nat\u00fcrliche und normale Empfindung, weshalb es nachvollziehbar ist, dass Menschen solche Gef\u00fchle und Begierden empfinden. Dabei ist es wichtig, das gelegentlich auftretende Gef\u00fchl, schlecht oder h\u00e4sslich zu sein, zu \u00fcberwinden. Denn je mehr sich Menschen unwohl f\u00fchlen, desto mehr sinkt ihr moralisches Empfinden, und alles wird f\u00fcr sie noch schwieriger. Menschen mit sinkendem Selbstvertrauen sind ungl\u00fccklich und unruhig. Aus diesem Grund gewinnen \u00e4sthetische Eingriffe und Operationen an Bedeutung. Wenn Menschen durch bestimmte K\u00f6rperteile oder Gliedma\u00dfen gest\u00f6rt sind, m\u00fcssen diese Unannehmlichkeiten auf irgendeine Weise behoben werden. Fach\u00e4rzte m\u00f6chten ihren Patienten aus diesem Grund helfen. Brustverkleinerungsoperationen bei Frauen und auch bei M\u00e4nnern r\u00fccken dabei in den Fokus. Obwohl dieses Thema haupts\u00e4chlich Frauen betrifft, ist es auch f\u00fcr M\u00e4nner von gewisser Bedeutung.<\/span><\/p>\n<p>&nbsp;<\/p>","protected":false},"excerpt":{"rendered":"<p>Meme K\u00fc\u00e7\u00fcltme Operasyonu Nedir? Bilindi\u011fi gibi kad\u0131nlar\u0131n estetik olarak g\u00fczel g\u00f6r\u00fcnmelerinde baz\u0131 unsurlar etkilidir. G\u00fczel ve ho\u015f bir kal\u00e7a, g\u00f6\u011f\u00fcs b\u00f6lgesi, d\u00fczg\u00fcn bir fizik, bacaklar gibi \u00e7e\u015fitli unsurlar kad\u0131nlar\u0131 \u00e7ekici yapan detaylard\u0131r. Bu detaylar aras\u0131nda g\u00f6\u011f\u00fcsler de \u00f6nemli bir yer tutar. Ancak zaman zaman estetik a\u00e7\u0131dan s\u0131n\u0131rlar\u0131 zorlad\u0131\u011f\u0131 i\u00e7in pek be\u011fenilmeyen boyutlarda g\u00f6\u011f\u00fcslerin olmas\u0131 durumu [&hellip;]<\/p>","protected":false},"author":2,"featured_media":0,"parent":959,"menu_order":0,"comment_status":"closed","ping_status":"closed","template":"","meta":{"footnotes":""},"class_list":["post-963","page","type-page","status-publish","hentry"],"acf":[],"_links":{"self":[{"href":"https:\/\/healthtourismcenterturkey.com\/de\/wp-json\/wp\/v2\/pages\/963"}],"collection":[{"href":"https:\/\/healthtourismcenterturkey.com\/de\/wp-json\/wp\/v2\/pages"}],"about":[{"href":"https:\/\/healthtourismcenterturkey.com\/de\/wp-json\/wp\/v2\/types\/page"}],"author":[{"embeddable":true,"href":"https:\/\/healthtourismcenterturkey.com\/de\/wp-json\/wp\/v2\/users\/2"}],"replies":[{"embeddable":true,"href":"https:\/\/healthtourismcenterturkey.com\/de\/wp-json\/wp\/v2\/comments?post=963"}],"version-history":[{"count":7,"href":"https:\/\/healthtourismcenterturkey.com\/de\/wp-json\/wp\/v2\/pages\/963\/revisions"}],"predecessor-version":[{"id":2162,"href":"https:\/\/healthtourismcenterturkey.com\/de\/wp-json\/wp\/v2\/pages\/963\/revisions\/2162"}],"up":[{"embeddable":true,"href":"https:\/\/healthtourismcenterturkey.com\/de\/wp-json\/wp\/v2\/pages\/959"}],"wp:attachment":[{"href":"https:\/\/healthtourismcenterturkey.com\/de\/wp-json\/wp\/v2\/media?parent=963"}],"curies":[{"name":"wp","href":"https:\/\/api.w.org\/{rel}","templated":true}]}}