{"id":961,"date":"2020-07-30T15:01:33","date_gmt":"2020-07-30T15:01:33","guid":{"rendered":"http:\/\/healthtourismcenterturkey.com\/?page_id=961"},"modified":"2022-03-24T18:28:38","modified_gmt":"2022-03-24T18:28:38","slug":"meme-buyultme","status":"publish","type":"page","link":"https:\/\/healthtourismcenterturkey.com\/de\/plastik-cerrahi\/meme-estetigi\/meme-buyultme\/","title":{"rendered":"Brustvergr\u00f6\u00dferung"},"content":{"rendered":"<h1 class=\"vc_custom_heading font-weight-bold letter-spacing-1 vc_custom_1545673789946\">Warum sind Brustvergr\u00f6\u00dferungsoperationen notwendig?<\/h1>\n<p class=\"vc_custom_heading vc_custom_1545673800218\"><span style=\"font-size: 14pt;\">Der Brustbereich ist f\u00fcr Frauen eine \u00e4u\u00dferst wichtige und auff\u00e4llige Zone, da er einen kritischen Punkt f\u00fcr das allgemeine Erscheinungsbild darstellt. Wenn es in diesem Bereich verschiedene Empfindlichkeiten oder Probleme gibt, k\u00f6nnen \u00e4sthetische Eingriffe helfen, diese Herausforderungen zu \u00fcberwinden. Es ist ganz normal, dass bei unzureichendem Volumen oder Gr\u00f6\u00dfe der Br\u00fcste zun\u00e4chst an Brustvergr\u00f6\u00dferungsoperationen gedacht wird. Daher ist es nicht ungew\u00f6hnlich, dass viele Frauen mit diesem Wunsch zu plastischen Chirurgen kommen.<\/span><\/p>\n<div class=\"wpb_single_image wpb_content_element vc_align_left vc_custom_1545673886369\">\n<div class=\"vc_single_image-wrapper vc_box_border_grey\"><\/div>\n<\/div>\n<p class=\"vc_custom_heading vc_custom_1545673810219\"><span style=\"font-size: 14pt;\">Nicht nur Frauen, sondern fast jeder Mensch achtet auf bestimmte Details, um ein sch\u00f6neres Erscheinungsbild zu erzielen. An diesem Punkt wird deutlich, dass einige \u00e4sthetische Eingriffe an Wert gewinnen. Denn die Gestaltung des menschlichen K\u00f6rpers in eine gew\u00fcnschte Form und das Hervorbringen einer bestimmten Haltung durch Eingriffe an bestimmten Regionen und Gliedma\u00dfen sind wichtige Themen. Daher ist zu beobachten, dass Frauen auch den Bedarf an \u00e4sthetischen Operationen und \u00e4hnlichen Eingriffen haben. Die Brustform, -gr\u00f6\u00dfe oder -verkleinerung k\u00f6nnen ebenfalls Gegenstand solcher \u00e4sthetischen Eingriffe sein.<\/span><\/p>\n<div class=\"rt-separator element-one\" data-separator-width=\"100%\" data-separator-color=\"#000000\" data-separator-background=\"#ffffff\" data-separator-direction=\"center\">\n<div class=\"block\">\n<div class=\"gap\"><\/div>\n<div class=\"bar\"><img loading=\"lazy\" decoding=\"async\" class=\"alignnone size-full wp-image-2157\" src=\"https:\/\/healthtourismcenterturkey.com\/wp-content\/uploads\/2022\/03\/buyutme.jpg\" alt=\"\" width=\"1024\" height=\"768\" srcset=\"https:\/\/healthtourismcenterturkey.com\/wp-content\/uploads\/2022\/03\/buyutme.jpg 1024w, https:\/\/healthtourismcenterturkey.com\/wp-content\/uploads\/2022\/03\/buyutme-300x225.jpg 300w, https:\/\/healthtourismcenterturkey.com\/wp-content\/uploads\/2022\/03\/buyutme-768x576.jpg 768w\" sizes=\"(max-width: 1024px) 100vw, 1024px\" \/><\/div>\n<\/div>\n<\/div>\n<p>&nbsp;<\/p>\n<h1 class=\"vc_custom_heading font-weight-semibold vc_custom_1545674032247\">Allgemeine Aspekte der Brustvergr\u00f6\u00dferungsoperationen<\/h1>\n<p class=\"vc_custom_heading vc_custom_1545674042967\"><span style=\"font-size: 14pt;\">Wie bei jeder Operation gibt es auch bei diesem Eingriff einige Aspekte, die besonders beachtet werden sollten. Die folgenden Punkte sollten bereits in der pr\u00e4operativen Phase bekannt sein:<\/span><\/p>\n<p class=\"vc_custom_heading vc_custom_1545674057377\"><span style=\"font-size: 14pt;\">\u2022 Eine Brustoperation steht einer Schwangerschaft nicht im Wege; jedoch ist es ges\u00fcnder, mindestens 6 Monate nach der Operation zu warten, bevor man schwanger wird.<\/span><br \/>\n<span style=\"font-size: 14pt;\">\u2022\tDie Brustvergr\u00f6\u00dferungsoperation kann vor\u00fcbergehend zu einem Verlust des Gef\u00fchls in der Brustwarze f\u00fchren; jedoch ist die Wahrscheinlichkeit eines dauerhaften Gef\u00fchlsverlusts mit nur 1 % sehr gering.<\/span><br \/>\n<span style=\"font-size: 14pt;\">\u2022 Wenn die Br\u00fcste sowohl klein als auch schlaff sind, k\u00f6nnen w\u00e4hrend des Vergr\u00f6\u00dferungsprozesses auch Straffungs- und Anhebungsoperationen durchgef\u00fchrt werden.<\/span><br \/>\n<span style=\"font-size: 14pt;\">\u2022 Der grundlegende Bestandteil dieser Operation ist die Platzierung des Brustimplantats, und der Eingriff dauert in der Regel etwa 2 Stunden.<\/span><br \/>\n<span style=\"font-size: 14pt;\">\u2022 Die verwendeten Brustimplantate sind meistens aus Silikon, manchmal werden jedoch auch Implantate bevorzugt, die mit einer physiologischen Kochsalzl\u00f6sung gef\u00fcllt sind.<\/span><br \/>\n<span style=\"font-size: 14pt;\">\u2022 Obwohl versucht wird, die Operation so durchzuf\u00fchren, dass keine sichtbaren Narben und Einschnitte entstehen, kann je nach Wunsch des Patienten und der Art des Implantats auch eine Schnittrichtungsbestimmung erforderlich sein.<\/span><br \/>\n<span style=\"font-size: 14pt;\">\u2022 Es wird empfohlen, mindestens 1 Stunde vor der Operation im \u00e4sthetischen Zentrum zu sein, um die Durchf\u00fchrung der Eingriffe zu erleichtern.<\/span><\/p>\n<div class=\"rt-separator element-one\" data-separator-width=\"100%\" data-separator-color=\"#000000\" data-separator-background=\"#ffffff\" data-separator-direction=\"center\">\n<div class=\"block\">\n<div class=\"gap\"><\/div>\n<div class=\"bar\"><\/div>\n<\/div>\n<\/div>\n<div class=\"vc_row wpb_row vc_inner vc_row-fluid vc_custom_1545478509233\">\n<div class=\"wpb_column vc_column_container vc_col-sm-12 vc_col-has-fill\">\n<div class=\"vc_column-inner vc_custom_1545478117371\">\n<div class=\"wpb_wrapper\">\n<p>&nbsp;<\/p>\n<h1 class=\"vc_custom_heading vc_custom_1545896249285\">Sind Brustvergr\u00f6\u00dferungsimplantate gesund?<\/h1>\n<p class=\"vc_custom_heading vc_custom_1545673945796\"><span style=\"font-size: 14pt;\">Bei der Brustvergr\u00f6\u00dferung kommen selbstverst\u00e4ndlich Brustimplantate zum Einsatz. \u00dcber diese Implantate gab es \u00fcber viele Jahre hinweg verschiedene Zweifel und Fragen. Es kann jedoch gesagt werden, dass diese Implantate gesund und unbedenklich sind, vorausgesetzt, es wird auf bestimmte Aspekte geachtet.<\/span><\/p>\n<p class=\"vc_custom_heading vc_custom_1545673959532\"><span style=\"font-size: 14pt;\">\u2022 Brustimplantate sind nach umfassenden Studien als gesund zertifiziert worden. Insbesondere die Bedenken hinsichtlich der Frage, ob sie Brustkrebs verursachen k\u00f6nnen, wurden durch diese Untersuchungen ausger\u00e4umt.<\/span><br \/>\n<span style=\"font-size: 14pt;\">\u2022 Der Hauptgrund f\u00fcr die Auswahl von Silikon als Material f\u00fcr Brustimplantate liegt darin, dass Allergien gegen Silikon sehr selten auftreten. Daher wird Silikon als eines der am besten geeigneten Materialien f\u00fcr die meisten Menschen angesehen, und die Implantate werden entsprechend hergestellt.<\/span><br \/>\n<span style=\"font-size: 14pt;\">\u2022 Obwohl Brustimplantate sicher und gesund sind, sollten unbedingt die besten Marken von Silikonimplantaten ausgew\u00e4hlt und verwendet werden.<\/span><\/p>\n<\/div>\n<\/div>\n<\/div>\n<\/div>\n<p>&nbsp;<\/p>","protected":false},"excerpt":{"rendered":"<p>Meme B\u00fcy\u00fctme Operasyonlar\u0131 Neden Gereklidir? G\u00f6\u011f\u00fcs b\u00f6lgesi, kad\u0131nlar i\u00e7in son derece \u00f6nemli ve dikkat \u00e7ekici bir b\u00f6lgedir. \u00c7\u00fcnk\u00fc buras\u0131 genel d\u0131\u015f g\u00f6r\u00fcn\u00fc\u015f\u00fcn de kritik bir noktas\u0131n\u0131 olu\u015fturmaktad\u0131r. \u0130\u015fte bu anlamda bu b\u00f6lgeye dair ya\u015fanan \u00e7e\u015fitli hassasiyetler ya da s\u0131k\u0131nt\u0131lar varsa, estetik m\u00fcdahaleler ile bu sorunlar\u0131n a\u015f\u0131lmas\u0131 m\u00fcmk\u00fcn olacakt\u0131r. Memelerin hacim ve b\u00fcy\u00fckl\u00fck olarak ki\u015fiyi tatmin [&hellip;]<\/p>","protected":false},"author":2,"featured_media":0,"parent":959,"menu_order":0,"comment_status":"closed","ping_status":"closed","template":"","meta":{"footnotes":""},"class_list":["post-961","page","type-page","status-publish","hentry"],"acf":[],"_links":{"self":[{"href":"https:\/\/healthtourismcenterturkey.com\/de\/wp-json\/wp\/v2\/pages\/961"}],"collection":[{"href":"https:\/\/healthtourismcenterturkey.com\/de\/wp-json\/wp\/v2\/pages"}],"about":[{"href":"https:\/\/healthtourismcenterturkey.com\/de\/wp-json\/wp\/v2\/types\/page"}],"author":[{"embeddable":true,"href":"https:\/\/healthtourismcenterturkey.com\/de\/wp-json\/wp\/v2\/users\/2"}],"replies":[{"embeddable":true,"href":"https:\/\/healthtourismcenterturkey.com\/de\/wp-json\/wp\/v2\/comments?post=961"}],"version-history":[{"count":7,"href":"https:\/\/healthtourismcenterturkey.com\/de\/wp-json\/wp\/v2\/pages\/961\/revisions"}],"predecessor-version":[{"id":2160,"href":"https:\/\/healthtourismcenterturkey.com\/de\/wp-json\/wp\/v2\/pages\/961\/revisions\/2160"}],"up":[{"embeddable":true,"href":"https:\/\/healthtourismcenterturkey.com\/de\/wp-json\/wp\/v2\/pages\/959"}],"wp:attachment":[{"href":"https:\/\/healthtourismcenterturkey.com\/de\/wp-json\/wp\/v2\/media?parent=961"}],"curies":[{"name":"wp","href":"https:\/\/api.w.org\/{rel}","templated":true}]}}