{"id":959,"date":"2020-07-30T14:57:59","date_gmt":"2020-07-30T14:57:59","guid":{"rendered":"http:\/\/healthtourismcenterturkey.com\/?page_id=959"},"modified":"2020-09-20T19:22:55","modified_gmt":"2020-09-20T19:22:55","slug":"meme-estetigi","status":"publish","type":"page","link":"https:\/\/healthtourismcenterturkey.com\/de\/plastik-cerrahi\/meme-estetigi\/","title":{"rendered":"Brust\u00e4sthetik"},"content":{"rendered":"<p><section class=\"fw-main-row\"   >\n\t<div class=\"fw-container-fluid no-padding\">\n\t\t<div class=\"fw-row\">\n\t\n<div class=\"fw-col-xs-12\" style=\"\">\n\t<section class=\"banner-block banner-block-69f54412de0c8 fw-main-row\" style=\"height:450px;\">\n\t\t<div class=\"item\"  style=\"height:450px;background-image: url(\/\/healthtourismcenterturkey.com\/wp-content\/uploads\/2020\/09\/MEME_ESNETIGI_1-scaled.jpg);\">\n\t\t<div class=\"fw-container centered-container tac\">\n\t\t\t\t\t<\/div>\n\t<\/div>\n\t<\/section><\/div>\n<\/div>\n\n\t<\/div>\n<\/section><section class=\"fw-main-row\"  style=\"padding-top:40px;\" >\n\t<div class=\"fw-container\">\n\t\t<div class=\"fw-row\">\n\t\n<div class=\"fw-col-xs-12\" style=\"\">\n\t<h2 class='fw-special-title heading-decor tac' style='margin-bottom:55px;'>\n\t<span>Unsere Dienstleistungen<\/span>\n\t<\/h2><\/div>\n<\/div>\n\n<div class=\"fw-row\">\n\t\n<div class=\"fw-col-xs-12\" style=\"\">\n\t<div class=\"fw-row\">\n\t\t<div class=\"fw-col-sm-4\">\n\t\t<!-- Category item -->\n\t\t<div class=\"category-item\" style=\"background-image: url(\/\/healthtourismcenterturkey.com\/wp-content\/uploads\/2020\/09\/meme-buyutme.jpg)\">\n\t\t\t<div class=\"centered-container\">\n\t\t\t\t<a href=\"http:\/\/healthtourismcenterturkey.com\/de\/plastik-cerrahi\/meme-estetigi\/meme-buyultme\/\" class=\"button-style2 white big\"><span>MEME B\u00dcY\u00dcLTME<\/span><\/a>\n\t\t\t<\/div>\n\t\t<\/div>\n\t\t<!-- END Category item -->\n\t<\/div>\n\t\t<div class=\"fw-col-sm-4\">\n\t\t<!-- Category item -->\n\t\t<div class=\"category-item\" style=\"background-image: url(\/\/healthtourismcenterturkey.com\/wp-content\/uploads\/2020\/09\/meme-kucultme.jpg)\">\n\t\t\t<div class=\"centered-container\">\n\t\t\t\t<a href=\"http:\/\/healthtourismcenterturkey.com\/de\/plastik-cerrahi\/meme-estetigi\/meme-kucultme\/\" class=\"button-style2 white big\"><span>MEME K\u00dc\u00c7\u00dcLTME<\/span><\/a>\n\t\t\t<\/div>\n\t\t<\/div>\n\t\t<!-- END Category item -->\n\t<\/div>\n\t\t<div class=\"fw-col-sm-4\">\n\t\t<!-- Category item -->\n\t\t<div class=\"category-item\" style=\"background-image: url(\/\/healthtourismcenterturkey.com\/wp-content\/uploads\/2020\/09\/meme-diklestirme.jpg)\">\n\t\t\t<div class=\"centered-container\">\n\t\t\t\t<a href=\"http:\/\/healthtourismcenterturkey.com\/de\/plastik-cerrahi\/meme-estetigi\/meme-diklestirme\/\" class=\"button-style2 white big\"><span>MEME D\u0130KLE\u015eT\u0130RME<\/span><\/a>\n\t\t\t<\/div>\n\t\t<\/div>\n\t\t<!-- END Category item -->\n\t<\/div>\n\t\t<div class=\"fw-col-sm-4\">\n\t\t<!-- Category item -->\n\t\t<div class=\"category-item\" style=\"background-image: url(\/\/healthtourismcenterturkey.com\/wp-content\/uploads\/2020\/09\/meme-esitsizligi.jpg)\">\n\t\t\t<div class=\"centered-container\">\n\t\t\t\t<a href=\"http:\/\/healthtourismcenterturkey.com\/de\/plastik-cerrahi\/meme-estetigi\/meme-esitsizlik\/\" class=\"button-style2 white big\"><span>MEME E\u015e\u0130TS\u0130ZL\u0130K<\/span><\/a>\n\t\t\t<\/div>\n\t\t<\/div>\n\t\t<!-- END Category item -->\n\t<\/div>\n\t\t<div class=\"fw-col-sm-4\">\n\t\t<!-- Category item -->\n\t\t<div class=\"category-item\" style=\"background-image: url(\/\/healthtourismcenterturkey.com\/wp-content\/uploads\/2020\/09\/meme-ucu-problemi.jpg)\">\n\t\t\t<div class=\"centered-container\">\n\t\t\t\t<a href=\"http:\/\/healthtourismcenterturkey.com\/de\/plastik-cerrahi\/meme-estetigi\/meme-ucu-problemleri\/\" class=\"button-style2 white big\"><span>MEME UCU PROBLEMLER\u0130<\/span><\/a>\n\t\t\t<\/div>\n\t\t<\/div>\n\t\t<!-- END Category item -->\n\t<\/div>\n\t<\/div><\/div>\n<\/div>\n\n\t<\/div>\n<\/section><\/p>","protected":false},"excerpt":{"rendered":"<p>Hizmetlerimiz MEME B\u00dcY\u00dcLTME MEME K\u00dc\u00c7\u00dcLTME MEME D\u0130KLE\u015eT\u0130RME MEME E\u015e\u0130TS\u0130ZL\u0130K MEME UCU PROBLEMLER\u0130<\/p>","protected":false},"author":2,"featured_media":0,"parent":721,"menu_order":0,"comment_status":"closed","ping_status":"closed","template":"","meta":{"footnotes":""},"class_list":["post-959","page","type-page","status-publish","hentry"],"acf":[],"_links":{"self":[{"href":"https:\/\/healthtourismcenterturkey.com\/de\/wp-json\/wp\/v2\/pages\/959"}],"collection":[{"href":"https:\/\/healthtourismcenterturkey.com\/de\/wp-json\/wp\/v2\/pages"}],"about":[{"href":"https:\/\/healthtourismcenterturkey.com\/de\/wp-json\/wp\/v2\/types\/page"}],"author":[{"embeddable":true,"href":"https:\/\/healthtourismcenterturkey.com\/de\/wp-json\/wp\/v2\/users\/2"}],"replies":[{"embeddable":true,"href":"https:\/\/healthtourismcenterturkey.com\/de\/wp-json\/wp\/v2\/comments?post=959"}],"version-history":[{"count":10,"href":"https:\/\/healthtourismcenterturkey.com\/de\/wp-json\/wp\/v2\/pages\/959\/revisions"}],"predecessor-version":[{"id":1969,"href":"https:\/\/healthtourismcenterturkey.com\/de\/wp-json\/wp\/v2\/pages\/959\/revisions\/1969"}],"up":[{"embeddable":true,"href":"https:\/\/healthtourismcenterturkey.com\/de\/wp-json\/wp\/v2\/pages\/721"}],"wp:attachment":[{"href":"https:\/\/healthtourismcenterturkey.com\/de\/wp-json\/wp\/v2\/media?parent=959"}],"curies":[{"name":"wp","href":"https:\/\/api.w.org\/{rel}","templated":true}]}}