{"id":957,"date":"2020-07-30T14:57:21","date_gmt":"2020-07-30T14:57:21","guid":{"rendered":"http:\/\/healthtourismcenterturkey.com\/?page_id=957"},"modified":"2022-03-24T19:47:01","modified_gmt":"2022-03-24T19:47:01","slug":"uyluk-germe","status":"publish","type":"page","link":"https:\/\/healthtourismcenterturkey.com\/de\/plastik-cerrahi\/vucut-estetigi\/uyluk-germe\/","title":{"rendered":"Oberschenkelstraffung"},"content":{"rendered":"<h1 class=\"vc_custom_heading font-weight-bold letter-spacing-1 vc_custom_1545678667469\">Was ist eine Oberschenkelstraffung? Wie wird sie durchgef\u00fchrt?<\/h1>\n<p class=\"vc_custom_heading vc_custom_1545678685350\"><span style=\"font-size: 14pt;\">Im Laufe der Zeit entstehen an der Innenseite der Beine Wellen, Deformationen und Erschlaffungen. St\u00e4ndiges Schwanken des Gewichts, unregelm\u00e4\u00dfiger und ineffizienter Sport, Schwangerschaft und das \u00c4lterwerden beschleunigen das Erschlaffen an der Innenseite des Beins. Die Bindegewebsfasern der Haut k\u00f6nnen stark gedehnt werden, was zu Rissen und damit zu Narben f\u00fchren kann.<\/span><\/p>\n<div class=\"wpb_single_image wpb_content_element vc_align_left vc_custom_1545678750130\">\n<figure class=\"wpb_wrapper vc_figure\">\n<div class=\"vc_single_image-wrapper vc_box_border_grey\"><img loading=\"lazy\" decoding=\"async\" class=\"alignnone  wp-image-2221\" src=\"https:\/\/healthtourismcenterturkey.com\/wp-content\/uploads\/2022\/03\/vucut-estetigi-2.jpg\" alt=\"\" width=\"625\" height=\"625\" srcset=\"https:\/\/healthtourismcenterturkey.com\/wp-content\/uploads\/2022\/03\/vucut-estetigi-2.jpg 1320w, https:\/\/healthtourismcenterturkey.com\/wp-content\/uploads\/2022\/03\/vucut-estetigi-2-300x300.jpg 300w, https:\/\/healthtourismcenterturkey.com\/wp-content\/uploads\/2022\/03\/vucut-estetigi-2-1024x1024.jpg 1024w, https:\/\/healthtourismcenterturkey.com\/wp-content\/uploads\/2022\/03\/vucut-estetigi-2-150x150.jpg 150w, https:\/\/healthtourismcenterturkey.com\/wp-content\/uploads\/2022\/03\/vucut-estetigi-2-768x768.jpg 768w\" sizes=\"(max-width: 625px) 100vw, 625px\" \/><\/div>\n<\/figure>\n<\/div>\n<p class=\"vc_custom_heading vc_custom_1545678698085\"><span style=\"font-size: 14pt;\">Insbesondere in den Sommermonaten kann \u00fcbersch\u00fcssige Haut durch Reibung zu Wunden und bei andauerndem Kontakt zu Pilzinfektionen f\u00fchren. Dieses Problem kann problemlos durch eine Oberschenkelstraffung behoben werden.<\/span><\/p>\n<div class=\"rt-separator element-one\" data-separator-width=\"100%\" data-separator-color=\"#000000\" data-separator-background=\"#ffffff\" data-separator-direction=\"center\">\n<div class=\"block\">\n<div class=\"gap\"><\/div>\n<div class=\"bar\"><\/div>\n<\/div>\n<\/div>\n<h1 class=\"vc_custom_heading font-weight-semibold vc_custom_1545678983845\">Wie wird eine Oberschenkelstraffung durchgef\u00fchrt?<\/h1>\n<p class=\"vc_custom_heading vc_custom_1545678992821\"><span style=\"font-size: 14pt;\">Vor der Operation ist, wie bei allen anderen chirurgischen Eingriffen, ein Vorbereitungsprozess erforderlich. Der Patient sollte vor der Operation die blutverd\u00fcnnenden Medikamente gem\u00e4\u00df der Anweisung des Arztes absetzen. Auch der Konsum von Zigaretten sollte eingestellt werden. Diese \u00e4sthetische Operation dauert im Durchschnitt 2,5-3 Stunden. Unter Allgemeinan\u00e4sthesie werden detaillierte Untersuchungen, Techniken, Materialien und \u00e4sthetische Aspekte festgelegt. Im Oberschenkelbereich werden Einschnitte unterhalb der H\u00fcftoval und von der Innenseite des Genitalbereichs gemacht, um den Eingriff zu beginnen. Wenn n\u00f6tig, k\u00f6nnen die Einschnitte entsprechend der Form der deformierten Haut verl\u00e4ngert werden. Nach den Einschnitten werden die Fette und deren Derivate, die das Absacken verursachen, aus dem Bereich entfernt. Nach dem Anbringen der medizinischen N\u00e4hte endet die \u00e4sthetische Operation.<\/span><\/p>\n<div class=\"rt-separator element-one\" data-separator-width=\"100%\" data-separator-color=\"#000000\" data-separator-background=\"#ffffff\" data-separator-direction=\"center\">\n<div class=\"block\">\n<div class=\"gap\"><\/div>\n<div class=\"bar\"><\/div>\n<\/div>\n<\/div>\n<div class=\"vc_row wpb_row vc_inner vc_row-fluid vc_custom_1545478509233\">\n<div class=\"wpb_column vc_column_container vc_col-sm-12 vc_col-has-fill\">\n<div class=\"vc_column-inner vc_custom_1545478117371\">\n<div class=\"wpb_wrapper\">\n<p>&nbsp;<\/p>\n<h1 class=\"vc_custom_heading font-weight-semibold vc_custom_1545678816299\">Was sollte nach der Oberschenkelstraffung getan werden?<\/h1>\n<p class=\"vc_custom_heading vc_custom_1545678829299\"><span style=\"font-size: 14pt;\">Die postoperative Pflege beginnt unmittelbar nach der Operation. Sie dauert w\u00e4hrend des Krankenhausaufenthalts an und setzt sich auch nach der Entlassung fort. Nach der Entlassung aus dem Krankenhaus ist es sehr wichtig, den Anweisungen des Arztes zu folgen. Die Medikamente sollten wie vorgesehen eingenommen werden, m\u00f6gliche Komplikationen sollten beachtet und die Nachsorgetermine eingehalten werden. Viel Ruhe tr\u00e4gt zum erfolgreichen Verlauf der Operation bei. Von schweren und anstrengenden Aktivit\u00e4ten sollte eine Zeitlang Abstand gehalten werden.<\/span><\/p>\n<p class=\"vc_custom_heading vc_custom_1545678843435\"><span style=\"font-size: 14pt;\">Wie bei allen chirurgischen Eingriffen ist es auch bei der Oberschenkelstraffung von entscheidender Bedeutung, die Hygieneregeln und Empfehlungen zu befolgen. Andernfalls kann sich der Heilungsprozess erheblich verl\u00e4ngern und an den Schnittstellen k\u00f6nnen Entz\u00fcndungen auftreten. Die Narben der Einschnitte werden nach der Operation im Laufe der Zeit verblassen.<\/span><\/p>\n<p class=\"vc_custom_heading vc_custom_1545678854447\"><span style=\"font-size: 14pt;\">Die Oberschenkelstraffung wird eine dauerhafte L\u00f6sung f\u00fcr das Absacken, \u00fcbersch\u00fcssiges Fett und Deformationen im Oberschenkelbereich sein.<\/span><\/p>\n<\/div>\n<\/div>\n<\/div>\n<\/div>\n<p>&nbsp;<\/p>","protected":false},"excerpt":{"rendered":"<p>Uyluk (\u00dcst Bacak) Germe Nedir? Nas\u0131l Yap\u0131l\u0131r? Zamanla bacaklar\u0131n i\u00e7 taraf\u0131nda, dalgalanmalar, deformasyonlar ve sarkmalar olu\u015fur. S\u00fcrekli al\u0131p verilen kilolar, d\u00fczensiz ve verimsiz sporlar, gebelik ve ya\u015f ilerlemesi ile baca\u011f\u0131n i\u00e7 taraf\u0131nda gev\u015femeler h\u0131zlan\u0131r. Cildin ba\u011f lifleri \u00e7ok gerildi\u011fin y\u0131rt\u0131lmalar ve y\u0131rt\u0131lman\u0131n neticesinde izler b\u0131rakabilir. \u00d6zellikle yaz aylar\u0131nda sarkan deri s\u00fcrt\u00fcnerek pi\u015fi\u011fe ve s\u00fcrekli olmas\u0131 [&hellip;]<\/p>","protected":false},"author":2,"featured_media":0,"parent":938,"menu_order":0,"comment_status":"closed","ping_status":"closed","template":"","meta":{"footnotes":""},"class_list":["post-957","page","type-page","status-publish","hentry"],"acf":[],"_links":{"self":[{"href":"https:\/\/healthtourismcenterturkey.com\/de\/wp-json\/wp\/v2\/pages\/957"}],"collection":[{"href":"https:\/\/healthtourismcenterturkey.com\/de\/wp-json\/wp\/v2\/pages"}],"about":[{"href":"https:\/\/healthtourismcenterturkey.com\/de\/wp-json\/wp\/v2\/types\/page"}],"author":[{"embeddable":true,"href":"https:\/\/healthtourismcenterturkey.com\/de\/wp-json\/wp\/v2\/users\/2"}],"replies":[{"embeddable":true,"href":"https:\/\/healthtourismcenterturkey.com\/de\/wp-json\/wp\/v2\/comments?post=957"}],"version-history":[{"count":7,"href":"https:\/\/healthtourismcenterturkey.com\/de\/wp-json\/wp\/v2\/pages\/957\/revisions"}],"predecessor-version":[{"id":2222,"href":"https:\/\/healthtourismcenterturkey.com\/de\/wp-json\/wp\/v2\/pages\/957\/revisions\/2222"}],"up":[{"embeddable":true,"href":"https:\/\/healthtourismcenterturkey.com\/de\/wp-json\/wp\/v2\/pages\/938"}],"wp:attachment":[{"href":"https:\/\/healthtourismcenterturkey.com\/de\/wp-json\/wp\/v2\/media?parent=957"}],"curies":[{"name":"wp","href":"https:\/\/api.w.org\/{rel}","templated":true}]}}