{"id":955,"date":"2020-07-30T14:56:22","date_gmt":"2020-07-30T14:56:22","guid":{"rendered":"http:\/\/healthtourismcenterturkey.com\/?page_id=955"},"modified":"2022-03-24T19:40:20","modified_gmt":"2022-03-24T19:40:20","slug":"obezite-cerrahisi","status":"publish","type":"page","link":"https:\/\/healthtourismcenterturkey.com\/de\/plastik-cerrahi\/vucut-estetigi\/obezite-cerrahisi\/","title":{"rendered":"Adipositaschirurgie"},"content":{"rendered":"<h1 class=\"vc_custom_heading font-weight-bold letter-spacing-1 vc_custom_1545743474705\">Was ist Adipositaschirurgie?<\/h1>\n<p class=\"vc_custom_heading vc_custom_1545743490022\"><span style=\"font-size: 14pt;\">Adipositas ist ein bedeutendes Gesundheitsproblem, das in vielen Gesellschaften weltweit aufgrund unregelm\u00e4\u00dfiger und ungesunder Ern\u00e4hrungsgewohnheiten zunehmend verbreitet ist. Personen mit \u00dcbergewicht, die Schwierigkeiten haben, Gewicht zu verlieren, suchen nach verschiedenen L\u00f6sungen f\u00fcr ihr Problem. Es ist jedoch wichtig, die richtige und effektive Methode zu finden. An diesem Punkt r\u00fcckt eine Reihe von Verfahren in den Vordergrund, wobei insbesondere die \"Adipositaschirurgie\" als eines der am h\u00e4ufigsten diskutierten Verfahren der letzten Zeit hervorzuheben ist.<\/span><\/p>\n<div class=\"wpb_single_image wpb_content_element vc_align_left vc_custom_1545743531852\">\n<figure class=\"wpb_wrapper vc_figure\">\n<div class=\"vc_single_image-wrapper vc_box_border_grey\"><img loading=\"lazy\" decoding=\"async\" class=\"alignnone size-full wp-image-2218\" src=\"https:\/\/healthtourismcenterturkey.com\/wp-content\/uploads\/2022\/03\/abdomen_liposuction.jpg\" alt=\"\" width=\"1204\" height=\"720\" srcset=\"https:\/\/healthtourismcenterturkey.com\/wp-content\/uploads\/2022\/03\/abdomen_liposuction.jpg 1204w, https:\/\/healthtourismcenterturkey.com\/wp-content\/uploads\/2022\/03\/abdomen_liposuction-300x179.jpg 300w, https:\/\/healthtourismcenterturkey.com\/wp-content\/uploads\/2022\/03\/abdomen_liposuction-1024x612.jpg 1024w, https:\/\/healthtourismcenterturkey.com\/wp-content\/uploads\/2022\/03\/abdomen_liposuction-768x459.jpg 768w\" sizes=\"(max-width: 1204px) 100vw, 1204px\" \/><\/div>\n<\/figure>\n<\/div>\n<p class=\"vc_custom_heading vc_custom_1545743499865\"><span style=\"font-size: 14pt;\">Weltweit gibt es viele adip\u00f6se Patienten. Diese Patienten versuchen auf verschiedene Weisen, Gewicht zu verlieren. Um den Patienten beim Abnehmen zu helfen, kann eine Intervention im Verdauungssystem erforderlich sein, wobei alle Eingriffe, die darauf abzielen, die Nahrungsaufnahme oder die Nahrungsaufnahme zu reduzieren, als Adipositaschirurgie bezeichnet werden. In einigen Regionen wird dieser Eingriff, wie bereits erw\u00e4hnt, auch als bariatrische Chirurgie bezeichnet.<\/span><\/p>\n<div class=\"rt-separator element-one\" data-separator-width=\"100%\" data-separator-color=\"#000000\" data-separator-background=\"#ffffff\" data-separator-direction=\"center\">\n<div class=\"block\">\n<div class=\"gap\"><\/div>\n<div class=\"bar\"><\/div>\n<\/div>\n<\/div>\n<p>&nbsp;<\/p>\n<h1 class=\"vc_custom_heading font-weight-semibold vc_custom_1545743568631\">Wichtige Punkte zur Adipositaschirurgie<\/h1>\n<p class=\"vc_custom_heading vc_custom_1545743579031\"><span style=\"font-size: 14pt;\">Wie jede Operation ist auch die Adipositaschirurgie ein ernsthafter chirurgischer Eingriff. Daher m\u00fcssen die Patienten auf verschiedene Aspekte besonders achten:<\/span><\/p>\n<p class=\"vc_custom_heading vc_custom_1545743594230\"><span style=\"font-size: 14pt;\">\u2022 Dauerhafte und eindeutige Effekte: Durch die Adipositaschirurgie k\u00f6nnen signifikante und dauerhafte Gewichtsverluste erzielt werden. Es ist wichtig, dass der Patient sich der Schwere des Eingriffs bewusst ist und entsprechend handelt.<\/span><br \/>\n<span style=\"font-size: 14pt;\">\u2022 Befolgung der Anweisungen: Nach der Operation m\u00fcssen die Patienten unbedingt den Anweisungen der Experten folgen, insbesondere in Bezug auf Ern\u00e4hrung und Bewegung.<\/span><br \/>\n<span style=\"font-size: 14pt;\">\u2022 Hohe Gewichtsabnahme: Nach diesem chirurgischen Eingriff verlieren die Patienten oft schnell Gewicht. Um das erreichte Gewicht zu halten, ist es jedoch notwendig, dass der Patient seinen Lebensstil in gewissem Ma\u00dfe anpasst. Langfristiger Erfolg sollte nicht von sp\u00e4teren schlechten Gewohnheiten \u00fcberschattet werden.<\/span><br \/>\n<span style=\"font-size: 14pt;\">\u2022 Technologischer Fortschritt: Die Adipositaschirurgie profitiert von technologischen Entwicklungen. Insbesondere neue Verfahren und Methoden erm\u00f6glichen qualitativ hochwertige Eingriffe. Die laparoskopische Technik wird in den letzten Jahren h\u00e4ufiger angewendet, was zu schnelleren Heilungsprozessen und einer einfacheren R\u00fcckkehr zum Alltag f\u00fchrt.<\/span><br \/>\n<span style=\"font-size: 14pt;\">\u2022 Zunehmende Popularit\u00e4t: Die Adipositaschirurgie hat in letzter Zeit an Popularit\u00e4t gewonnen. Die Risiken nach der Operation sind gesunken, und der Eingriff kann relativ problemlos durchgef\u00fchrt werden. Dar\u00fcber hinaus k\u00f6nnen nach einem erfolgreichen Eingriff auch gesundheitliche Probleme, die durch \u00dcbergewicht und Adipositas verursacht wurden, beseitigt werden.<\/span><\/p>\n<div class=\"vc_row wpb_row vc_inner vc_row-fluid vc_custom_1545478509233\">\n<div class=\"wpb_column vc_column_container vc_col-sm-12 vc_col-has-fill\">\n<div class=\"vc_column-inner vc_custom_1545478117371\">\n<div class=\"wpb_wrapper\">\n<p>&nbsp;<\/p>\n<h1 class=\"vc_custom_heading vc_custom_1545743642230\">Wie viele Arten von Adipositaschirurgie gibt es?<\/h1>\n<p class=\"vc_custom_heading vc_custom_1545743652396\"><span style=\"font-size: 14pt;\">Die in diesem Bereich durchgef\u00fchrten Operationen werden grunds\u00e4tzlich in zwei Arten unterteilt. Diese Operationstypen k\u00f6nnen wie folgt erkl\u00e4rt werden:<\/span><\/p>\n<p class=\"vc_custom_heading vc_custom_1545743675051\"><span style=\"font-size: 14pt;\">1. Der erste Operationstyp bezieht sich haupts\u00e4chlich auf die Verringerung des Volumens des Magens bei restriktiven Operationen. Es geht darum, sowohl die Menge der Nahrungsmittel, die den Magen erreichen, zu reduzieren, als auch die insgesamt konsumierten Nahrungsmittel zu verringern.<\/span><br \/>\n<span style=\"font-size: 14pt;\">2. Der zweite Operationstyp betrifft die Resorption. Bei Operationen, bei denen die Resorption reduziert wird, wird ein Teil des Darms abgeschnitten und entfernt, um die Nahrungsaufnahme zu verringern. Dies ist ebenfalls eine bevorzugte Methode.<\/span><\/p>\n<\/div>\n<\/div>\n<\/div>\n<\/div>\n<p class=\"vc_custom_heading vc_custom_1545743686498\"><span style=\"font-size: 14pt;\">Adipositas ist ein ernsthaftes und wichtiges Gesundheitsproblem. Es geht nicht nur um das \u00e4u\u00dfere Erscheinungsbild, sondern auch um das Empfinden von k\u00f6rperlichen Beschwerden. Beispielsweise k\u00f6nnen Bluthochdruck, Depressionen, Impotenz, Insulinresistenz, Schlafapnoe, hoher Cholesterinspiegel und Atemst\u00f6rungen mit Adipositas in Verbindung stehen.<\/span><\/p>\n<div class=\"rt-separator element-one\" data-separator-width=\"100%\" data-separator-color=\"#000000\" data-separator-background=\"#ffffff\" data-separator-direction=\"center\">\n<div class=\"block\">\n<div class=\"gap\"><\/div>\n<div class=\"bar\"><\/div>\n<\/div>\n<\/div>\n<p>&nbsp;<\/p>\n<h1 class=\"vc_custom_heading font-weight-semibold vc_custom_1545743715312\">Was ist eine Magenband-Operation?<\/h1>\n<p class=\"vc_custom_heading vc_custom_1545743725869\"><span style=\"font-size: 14pt;\">Diese Operation, die etwa 1 bis 2 Stunden dauert, wird durchgef\u00fchrt, um die Nahrungsaufnahme zu beschr\u00e4nken. Die Magenband-Operation, die zur L\u00f6sung von Adipositas durchgef\u00fchrt wird, erfolgt durch laparoskopische Methode. Nach der Vollnarkose des Patienten ist das Risiko einer Verletzung sehr gering.<\/span><\/p>\n<p class=\"vc_custom_heading vc_custom_1545743739606\"><span style=\"font-size: 14pt;\">Im Rahmen dieser Operation wird ein dehnbares Band an der Oberseite des Magens angebracht. Auf diese Weise wird der Magen in zwei Teile unterteilt. W\u00e4hrend des Eingriffs wird der obere Teil klein und der untere Teil gro\u00df, wobei zwischen den Abschnitten ein kleines Kanal verbleibt.<\/span><\/p>\n<p class=\"vc_custom_heading vc_custom_1545743751253\"><span style=\"font-size: 14pt;\">Nach der Magenband-Operation ist die Wahrscheinlichkeit, dass Komplikationen auftreten oder Infektionen auftreten, \u00e4u\u00dferst gering. Tats\u00e4chlich k\u00f6nnte es sogar m\u00f6glich sein, dass das Band sp\u00e4ter wieder entfernt wird, um den Komfort der Operation zu betonen.<\/span><\/p>\n<p class=\"vc_custom_heading vc_custom_1545743767106\"><span style=\"font-size: 14pt;\">Der Aufenthalt im Krankenhaus wird nach der Operation ebenfalls nicht sehr lang sein. Sobald die Anzeichen der Genesung beginnen, wird der Patient entlassen.<\/span><\/p>\n<p class=\"vc_custom_heading vc_custom_1545743783120\"><span style=\"font-size: 14pt;\">Nach dem Einsetzen des Magenbandes wird beobachtet, dass der Patient deutlich schneller und einfacher satt wird. Tats\u00e4chlich kann der Patient bis zu ein Viertel, sogar die H\u00e4lfte oder etwas mehr seines Gesamtk\u00f6rpergewichts verlieren. Auf diese Weise wird auch das Problem der Adipositas gel\u00f6st.<\/span><\/p>\n<div class=\"rt-separator element-one\" data-separator-width=\"100%\" data-separator-color=\"#000000\" data-separator-background=\"#ffffff\" data-separator-direction=\"center\">\n<div class=\"block\">\n<div class=\"gap\"><\/div>\n<div class=\"bar\"><\/div>\n<\/div>\n<\/div>\n<p>&nbsp;<\/p>\n<h1 class=\"vc_custom_heading font-weight-semibold vc_custom_1545743793856\">Was ist eine Schlauchmagen-Operation?<\/h1>\n<p class=\"vc_custom_heading vc_custom_1545743807776\"><span style=\"font-size: 14pt;\">Die Schlauchmagen-Operation, die allgemein auch als Magenverkleinerung bekannt ist, wird durchgef\u00fchrt, um die Nahrungsaufnahme zu beschr\u00e4nken. Bei diesem Eingriff wird etwa 75 % des Magens chirurgisch entfernt. Der verbleibende Teil des Magens wird mit dem Darm verbunden und bildet einen d\u00fcnnen, langen Abschnitt.<\/span><\/p>\n<p class=\"vc_custom_heading vc_custom_1545743828571\"><span style=\"font-size: 14pt;\">Der wesentliche Unterschied zwischen dieser Operation und der Magenband-Operation besteht darin, dass die Schlauchmagen-Operation nicht umkehrbar ist. W\u00e4hrend bei der Magenband-Operation das Band in Zukunft entfernt werden kann, wird hier der Magen direkt geschnitten und entfernt. Daher ist es wichtig, sich sicher zu sein und eine endg\u00fcltige Entscheidung zu treffen.<\/span><\/p>\n<p class=\"vc_custom_heading vc_custom_1545743846724\"><span style=\"font-size: 14pt;\">Nach der Operation muss der Patient in der ersten Woche unbedingt gut ruhen, um den K\u00f6rper nicht zu belasten und ihm die n\u00f6tige Erholung zu g\u00f6nnen. Dar\u00fcber hinaus treten nach diesem Eingriff keine schweren Komplikationen auf. Die Methode ist jedoch relativ neu, und langfristige Beobachtungen sind noch nicht ausreichend.<\/span><\/p>\n<p>&nbsp;<\/p>","protected":false},"excerpt":{"rendered":"<p>Obezite Cerrahisi Nedir? Obezite, d\u00fczensiz ve sa\u011fl\u0131ks\u0131z beslenmenin giderek yayg\u0131nla\u015fmas\u0131 ile beraber d\u00fcnyadaki pek \u00e7ok toplumda g\u00f6r\u00fclmeye ba\u015flayan, \u00f6nemli bir sa\u011fl\u0131k sorunudur. Kilo vermekte zorlanan, a\u015f\u0131r\u0131 kilolu ki\u015filerin bu s\u0131k\u0131nt\u0131s\u0131 \u00e7e\u015fitli \u015fekillerde giderilmek istenir. Ancak net ve do\u011fru y\u00f6ntemi bulmak gereklidir. Bu noktada bir tak\u0131m uygulamalar di\u011ferlerinin aras\u0131ndan s\u0131yr\u0131larak g\u00fcndeme gelirken, \u00f6zellikle de son d\u00f6nemlerde [&hellip;]<\/p>","protected":false},"author":2,"featured_media":0,"parent":938,"menu_order":0,"comment_status":"closed","ping_status":"closed","template":"","meta":{"footnotes":""},"class_list":["post-955","page","type-page","status-publish","hentry"],"acf":[],"_links":{"self":[{"href":"https:\/\/healthtourismcenterturkey.com\/de\/wp-json\/wp\/v2\/pages\/955"}],"collection":[{"href":"https:\/\/healthtourismcenterturkey.com\/de\/wp-json\/wp\/v2\/pages"}],"about":[{"href":"https:\/\/healthtourismcenterturkey.com\/de\/wp-json\/wp\/v2\/types\/page"}],"author":[{"embeddable":true,"href":"https:\/\/healthtourismcenterturkey.com\/de\/wp-json\/wp\/v2\/users\/2"}],"replies":[{"embeddable":true,"href":"https:\/\/healthtourismcenterturkey.com\/de\/wp-json\/wp\/v2\/comments?post=955"}],"version-history":[{"count":6,"href":"https:\/\/healthtourismcenterturkey.com\/de\/wp-json\/wp\/v2\/pages\/955\/revisions"}],"predecessor-version":[{"id":2219,"href":"https:\/\/healthtourismcenterturkey.com\/de\/wp-json\/wp\/v2\/pages\/955\/revisions\/2219"}],"up":[{"embeddable":true,"href":"https:\/\/healthtourismcenterturkey.com\/de\/wp-json\/wp\/v2\/pages\/938"}],"wp:attachment":[{"href":"https:\/\/healthtourismcenterturkey.com\/de\/wp-json\/wp\/v2\/media?parent=955"}],"curies":[{"name":"wp","href":"https:\/\/api.w.org\/{rel}","templated":true}]}}