{"id":950,"date":"2020-07-30T14:54:37","date_gmt":"2020-07-30T14:54:37","guid":{"rendered":"http:\/\/healthtourismcenterturkey.com\/?page_id=950"},"modified":"2022-03-24T19:38:19","modified_gmt":"2022-03-24T19:38:19","slug":"kol-germe","status":"publish","type":"page","link":"https:\/\/healthtourismcenterturkey.com\/de\/plastik-cerrahi\/vucut-estetigi\/kol-germe\/","title":{"rendered":"Armlifting"},"content":{"rendered":"<h1 class=\"vc_custom_heading font-weight-bold letter-spacing-1 vc_custom_1545740673227\">Warum ist eine Armstraffung notwendig?<\/h1>\n<p class=\"vc_custom_heading vc_custom_1545740687762\"><span style=\"font-size: 14pt;\">Im Laufe der Zeit k\u00f6nnen an den Oberarmen Erschlaffungen auftreten. Dieses Erscheinungsbild ist f\u00fcr viele Menschen sehr unangenehm. Um diese Erschlaffungen in einem der am meisten sichtbaren K\u00f6rperbereiche zu beseitigen, bietet die Armstraffung die besten Ergebnisse.<\/span><\/p>\n<div class=\"wpb_single_image wpb_content_element vc_align_left vc_custom_1545740795867\">\n<figure class=\"wpb_wrapper vc_figure\">\n<div class=\"vc_single_image-wrapper vc_box_border_grey\"><img loading=\"lazy\" decoding=\"async\" class=\"alignnone wp-image-2213\" src=\"https:\/\/healthtourismcenterturkey.com\/wp-content\/uploads\/2022\/03\/arm-aesthetic.jpg\" alt=\"\" width=\"790\" height=\"525\" srcset=\"https:\/\/healthtourismcenterturkey.com\/wp-content\/uploads\/2022\/03\/arm-aesthetic.jpg 1084w, https:\/\/healthtourismcenterturkey.com\/wp-content\/uploads\/2022\/03\/arm-aesthetic-300x199.jpg 300w, https:\/\/healthtourismcenterturkey.com\/wp-content\/uploads\/2022\/03\/arm-aesthetic-1024x680.jpg 1024w, https:\/\/healthtourismcenterturkey.com\/wp-content\/uploads\/2022\/03\/arm-aesthetic-768x510.jpg 768w\" sizes=\"(max-width: 790px) 100vw, 790px\" \/><\/div>\n<\/figure>\n<\/div>\n<h1 class=\"vc_custom_heading font-weight-semibold vc_custom_1545740716045\">Warum kommt es zu Erschlaffungen an den Armen?<\/h1>\n<p class=\"vc_custom_heading vc_custom_1545740726188\"><span style=\"font-size: 14pt;\">Es gibt viele Gr\u00fcnde f\u00fcr das Erschlaffen der Arme. Der bekannteste Grund ist das Altern. Mit zunehmendem Alter verliert die Haut ihre elastische Struktur, was zu einem schlaffen Erscheinungsbild f\u00fchrt. Dar\u00fcber hinaus k\u00f6nnen auch Ver\u00e4nderungen des Gewichts zu Erschlaffungen an den Armen f\u00fchren. Besonders pl\u00f6tzliche Gewichtszunahmen und -abnahmen sind h\u00e4ufige Ursachen f\u00fcr dieses Problem.<\/span><\/p>\n<div class=\"rt-separator element-one\" data-separator-width=\"100%\" data-separator-color=\"#000000\" data-separator-background=\"#ffffff\" data-separator-direction=\"center\">\n<div class=\"block\">\n<div class=\"gap\"><\/div>\n<div class=\"bar\"><\/div>\n<\/div>\n<\/div>\n<div class=\"vc_row wpb_row vc_inner vc_row-fluid vc_custom_1545478509233\">\n<div class=\"wpb_column vc_column_container vc_col-sm-12 vc_col-has-fill\">\n<div class=\"vc_column-inner vc_custom_1545478117371\">\n<div class=\"wpb_wrapper\">\n<h1 class=\"vc_custom_heading vc_custom_1545741024409\">Wie wird eine Oberarmstraffungsoperation durchgef\u00fchrt?<\/h1>\n<p class=\"vc_custom_heading vc_custom_1545740850236\"><span style=\"font-size: 14pt;\">Vor der Oberarmstraffungsoperation wird eine Entscheidung getroffen, die auf der individuellen Beschaffenheit des Patienten basiert. Je nach Fettgewebe unter der Haut und dem Grad der Erschlaffung wird der Operationsstil festgelegt. In F\u00e4llen mit dickerer Haut kann eine Liposuktion durchgef\u00fchrt werden. Nach diesem Eingriff wird das \u00fcbersch\u00fcssige Hautgewebe chirurgisch entfernt.<\/span><\/p>\n<p class=\"vc_custom_heading vc_custom_1545740864419\"><span style=\"font-size: 14pt;\">Es sollte erw\u00e4hnt werden, dass der Eingriff unter den heutigen Bedingungen sehr schnell und mit einfachen Schritten durchgef\u00fchrt wird. Nach einem Eingriff, der im Durchschnitt 1 bis 3 Stunden dauert, ist es m\u00f6glich, sehr straffe und \u00e4sthetisch ansprechende Arme zu erhalten.<\/span><\/p>\n<\/div>\n<\/div>\n<\/div>\n<\/div>\n<p>&nbsp;<\/p>\n<p><img loading=\"lazy\" decoding=\"async\" class=\"alignnone wp-image-2214\" src=\"https:\/\/healthtourismcenterturkey.com\/wp-content\/uploads\/2022\/03\/arm_stretching4.jpg\" alt=\"\" width=\"863\" height=\"575\" srcset=\"https:\/\/healthtourismcenterturkey.com\/wp-content\/uploads\/2022\/03\/arm_stretching4.jpg 1080w, https:\/\/healthtourismcenterturkey.com\/wp-content\/uploads\/2022\/03\/arm_stretching4-300x200.jpg 300w, https:\/\/healthtourismcenterturkey.com\/wp-content\/uploads\/2022\/03\/arm_stretching4-1024x683.jpg 1024w, https:\/\/healthtourismcenterturkey.com\/wp-content\/uploads\/2022\/03\/arm_stretching4-768x512.jpg 768w\" sizes=\"(max-width: 863px) 100vw, 863px\" \/><\/p>\n<h1 class=\"vc_custom_heading font-weight-semibold vc_custom_1545740899904\">Worauf sollte man nach der Operation achten?<\/h1>\n<p class=\"vc_custom_heading vc_custom_1545740910728\"><span style=\"font-size: 14pt;\">Bei der Oberarmstraffungsanwendung wird entweder eine allgemeine oder eine lokale An\u00e4sthesie gew\u00e4hlt. Personen, die den Eingriff unter lokaler An\u00e4sthesie durchf\u00fchren lassen, k\u00f6nnen am selben Tag entlassen werden. Patienten, die eine allgemeine An\u00e4sthesie erhalten, werden mindestens 6 Stunden lang \u00fcberwacht.<\/span><\/p>\n<p class=\"vc_custom_heading vc_custom_1545740922005\"><span style=\"font-size: 14pt;\">Nach dem Eingriff sollte auf einige Punkte geachtet werden, um eine angenehmere Heilungsphase zu erm\u00f6glichen. Es wird empfohlen, die Operationsstelle 2 Tage lang nicht zu benetzen und den Verband zu sch\u00fctzen. Elastische Verb\u00e4nde helfen, Schwellungen zu vermeiden, sollten aber vorsichtig angelegt werden. Wenn die Arme zu fest eingewickelt werden, kann die Blutzirkulation negativ beeintr\u00e4chtigt werden. Es wird empfohlen, sich von schweren sportlichen Aktivit\u00e4ten fernzuhalten. Um mit solchen Aktivit\u00e4ten wieder zu beginnen, sollte mindestens ein Zeitraum von 6 Wochen abgewartet werden. Wenn Sie auf diese Punkte achten, wird der Heilungsprozess schnell voranschreiten.<\/span><\/p>\n<p>&nbsp;<\/p>","protected":false},"excerpt":{"rendered":"<p>Kol Germe Esteti\u011fi Neden Gereklidir? Kol b\u00f6lgesinde zamana ba\u011fl\u0131 olarak sarkmalar meydana gelebilir. Bu g\u00f6r\u00fcnt\u00fc insanlar i\u00e7in olduk\u00e7a rahats\u0131z edicidir. V\u00fccudun en \u00e7ok g\u00f6r\u00fcnen b\u00f6lgesinde meydana gelen bu sarkmalar\u0131 bitirmek i\u00e7in kol germe esteti\u011fi en iyi sonu\u00e7lar\u0131 verecektir Kollarda Sarkma Neden Olur? Kol sarkmas\u0131n\u0131n nedenleri aras\u0131nda pek \u00e7ok durumu saymak m\u00fcmk\u00fcnd\u00fcr. Ama en \u00e7ok bilinen [&hellip;]<\/p>","protected":false},"author":2,"featured_media":0,"parent":938,"menu_order":0,"comment_status":"closed","ping_status":"closed","template":"","meta":{"footnotes":""},"class_list":["post-950","page","type-page","status-publish","hentry"],"acf":[],"_links":{"self":[{"href":"https:\/\/healthtourismcenterturkey.com\/de\/wp-json\/wp\/v2\/pages\/950"}],"collection":[{"href":"https:\/\/healthtourismcenterturkey.com\/de\/wp-json\/wp\/v2\/pages"}],"about":[{"href":"https:\/\/healthtourismcenterturkey.com\/de\/wp-json\/wp\/v2\/types\/page"}],"author":[{"embeddable":true,"href":"https:\/\/healthtourismcenterturkey.com\/de\/wp-json\/wp\/v2\/users\/2"}],"replies":[{"embeddable":true,"href":"https:\/\/healthtourismcenterturkey.com\/de\/wp-json\/wp\/v2\/comments?post=950"}],"version-history":[{"count":6,"href":"https:\/\/healthtourismcenterturkey.com\/de\/wp-json\/wp\/v2\/pages\/950\/revisions"}],"predecessor-version":[{"id":2215,"href":"https:\/\/healthtourismcenterturkey.com\/de\/wp-json\/wp\/v2\/pages\/950\/revisions\/2215"}],"up":[{"embeddable":true,"href":"https:\/\/healthtourismcenterturkey.com\/de\/wp-json\/wp\/v2\/pages\/938"}],"wp:attachment":[{"href":"https:\/\/healthtourismcenterturkey.com\/de\/wp-json\/wp\/v2\/media?parent=950"}],"curies":[{"name":"wp","href":"https:\/\/api.w.org\/{rel}","templated":true}]}}