{"id":948,"date":"2020-07-30T14:54:23","date_gmt":"2020-07-30T14:54:23","guid":{"rendered":"http:\/\/healthtourismcenterturkey.com\/?page_id=948"},"modified":"2022-03-24T19:26:56","modified_gmt":"2022-03-24T19:26:56","slug":"karin-germe","status":"publish","type":"page","link":"https:\/\/healthtourismcenterturkey.com\/de\/plastik-cerrahi\/vucut-estetigi\/karin-germe\/","title":{"rendered":"Bauchstraffung"},"content":{"rendered":"<h1 class=\"vc_custom_heading font-weight-bold letter-spacing-1 vc_custom_1545739532632\">Bauchstraffung Warum ist eine Bauchstraffungs\u00e4sthetik notwendig?<\/h1>\n<p class=\"vc_custom_heading vc_custom_1545739545544\"><span style=\"font-size: 14pt;\">Nach Schwangerschaften oder Gewichtsverlust treten im Bauchbereich viele \u00e4sthetische Probleme auf. Die Bauchhaut h\u00e4ngt und deformiert sich. Daher werden teilweise oder vollst\u00e4ndige Bauchstraffungsoperationen durchgef\u00fchrt. Bei Bedarf werden auch Fettabsaugung (Liposuktion) oder Fettformung (Liposchaping) durchgef\u00fchrt.<\/span><\/p>\n<div class=\"wpb_single_image wpb_content_element vc_align_left vc_custom_1545740334402\">\n<div class=\"vc_single_image-wrapper vc_box_border_grey\"><img loading=\"lazy\" decoding=\"async\" class=\"alignnone size-full wp-image-2206\" src=\"https:\/\/healthtourismcenterturkey.com\/wp-content\/uploads\/2022\/03\/karingermeameliyatinedirnedenvenasilyapilir_1613547104.jpg\" alt=\"\" width=\"1300\" height=\"600\" srcset=\"https:\/\/healthtourismcenterturkey.com\/wp-content\/uploads\/2022\/03\/karingermeameliyatinedirnedenvenasilyapilir_1613547104.jpg 1300w, https:\/\/healthtourismcenterturkey.com\/wp-content\/uploads\/2022\/03\/karingermeameliyatinedirnedenvenasilyapilir_1613547104-300x138.jpg 300w, https:\/\/healthtourismcenterturkey.com\/wp-content\/uploads\/2022\/03\/karingermeameliyatinedirnedenvenasilyapilir_1613547104-1024x473.jpg 1024w, https:\/\/healthtourismcenterturkey.com\/wp-content\/uploads\/2022\/03\/karingermeameliyatinedirnedenvenasilyapilir_1613547104-768x354.jpg 768w\" sizes=\"(max-width: 1300px) 100vw, 1300px\" \/><\/div>\n<\/div>\n<h1 class=\"vc_custom_heading font-weight-semibold vc_custom_1545739800086\">Wie wird eine Bauchstraffungsoperation durchgef\u00fchrt?<\/h1>\n<p class=\"vc_custom_heading vc_custom_1545739812383\"><span style=\"font-size: 14pt;\">Die heutzutage durchgef\u00fchrte Bauchstraffungsoperation liefert \u00e4u\u00dferst effektive und schnelle Ergebnisse. Durch die Entfernung des angesammelten Fetts im Bauchbereich wird eine straffere Region erreicht. Nach der Straffung der \u00fcbersch\u00fcssigen Haut erh\u00e4lt die Hautoberfl\u00e4che eine ges\u00fcndere und \u00e4sthetischere Struktur als zuvor. Vor der Operation wird die Hautbeschaffenheit und der Bauchbereich des Patienten untersucht, um die bestm\u00f6gliche Entscheidung zu treffen. Es handelt sich um einen Prozess, der mit relativ einfachen Schritten abgeschlossen wird. Nach der Operation werden Schmerzmittel \u00fcber die Infusion verabreicht, um die Schmerzen des Patienten zu lindern. Der Patient kann durchschnittlich nach 1-2 Tagen entlassen werden.<\/span><\/p>\n<div class=\"rt-separator element-one\" data-separator-width=\"100%\" data-separator-color=\"#000000\" data-separator-background=\"#ffffff\" data-separator-direction=\"center\">\n<div class=\"block\">\n<div class=\"gap\"><\/div>\n<div class=\"bar\"><\/div>\n<\/div>\n<\/div>\n<div class=\"vc_row wpb_row vc_inner vc_row-fluid vc_custom_1545478509233\">\n<div class=\"wpb_column vc_column_container vc_col-sm-12 vc_col-has-fill\">\n<div class=\"vc_column-inner vc_custom_1545478117371\">\n<div class=\"wpb_wrapper\">\n<h1 class=\"vc_custom_heading vc_custom_1545740462324\">Wichtige Informationen zur Bauchstraffungsoperation<\/h1>\n<p class=\"vc_custom_heading vc_custom_1545739844496\"><span style=\"font-size: 14pt;\">Mit den heutigen fortschrittlichen Techniken ist es m\u00f6glich, die Erwartungen der Patienten bei diesem Eingriff zu erf\u00fcllen. Die Operation wird in der Regel unter Vollnarkose durchgef\u00fchrt und dauert etwa 1-2 Stunden. W\u00e4hrend des Eingriffs werden die Bauchmuskeln gen\u00e4ht, um den Bauchumfang zu verengen. Mit dem als Rektusplikation bezeichneten Verfahren ver\u00e4ndert sich das postoperative Erscheinungsbild des Patienten positiv. Wenn vorhanden, werden im gleichen Eingriff auch Bauch- und Nabelhernien repariert. Das bedeutet, dass dem Patienten in einer Sitzung viele detaillierte Eingriffe angeboten werden.<\/span><\/p>\n<\/div>\n<\/div>\n<\/div>\n<\/div>\n<p>&nbsp;<\/p>\n<h1 class=\"vc_custom_heading font-weight-semibold vc_custom_1545739865664\">Nach der Bauchstraffungsoperation<\/h1>\n<p class=\"vc_custom_heading vc_custom_1545739878880\"><span style=\"font-size: 14pt;\">Nach dem Bauchstraffungsantrag m\u00fcssen die Patienten auf einige Dinge achten. So kann die postoperative Phase angenehmer verlaufen. Der Patient sollte insbesondere f\u00fcr eine Weile das Heben schwerer Gegenst\u00e4nde vermeiden. Um sich vollst\u00e4ndig zu erholen und die Ver\u00e4nderungen zu sp\u00fcren, sollte eine durchschnittliche Dauer von 6 Monaten abgewartet werden. Nach dieser Zeit erholt sich der K\u00f6rper schnell und erh\u00e4lt ein straffes Erscheinungsbild.<\/span><\/p>\n<p>&nbsp;<\/p>","protected":false},"excerpt":{"rendered":"<p>Kar\u0131n Germe Esteti\u011fi Neden Gerekli Kar\u0131n b\u00f6lgesinde hamilelik sonras\u0131 veya kilo kayb\u0131 sonras\u0131 \u00e7ok fazla estetik sorun ortaya \u00e7\u0131kmaktad\u0131r. Kar\u0131n cildi sarkmakta ve deforme olmaktad\u0131r. Bu nedenle k\u0131smi veya tam kar\u0131n germe ameliyatlar\u0131 yap\u0131lmaktad\u0131r. Ayr\u0131ca gerek oldu\u011funda ya\u011f alma (liposak\u015f\u0131n) veya ya\u011f \u015fekillendirme (liposhaping) i\u015flemleri yap\u0131lmaktad\u0131r. Kar\u0131n Germe Ameliyat\u0131 Nas\u0131l Yap\u0131l\u0131r? G\u00fcn\u00fcm\u00fczde yap\u0131lan kar\u0131n germe [&hellip;]<\/p>","protected":false},"author":2,"featured_media":0,"parent":938,"menu_order":0,"comment_status":"closed","ping_status":"closed","template":"","meta":{"footnotes":""},"class_list":["post-948","page","type-page","status-publish","hentry"],"acf":[],"_links":{"self":[{"href":"https:\/\/healthtourismcenterturkey.com\/de\/wp-json\/wp\/v2\/pages\/948"}],"collection":[{"href":"https:\/\/healthtourismcenterturkey.com\/de\/wp-json\/wp\/v2\/pages"}],"about":[{"href":"https:\/\/healthtourismcenterturkey.com\/de\/wp-json\/wp\/v2\/types\/page"}],"author":[{"embeddable":true,"href":"https:\/\/healthtourismcenterturkey.com\/de\/wp-json\/wp\/v2\/users\/2"}],"replies":[{"embeddable":true,"href":"https:\/\/healthtourismcenterturkey.com\/de\/wp-json\/wp\/v2\/comments?post=948"}],"version-history":[{"count":8,"href":"https:\/\/healthtourismcenterturkey.com\/de\/wp-json\/wp\/v2\/pages\/948\/revisions"}],"predecessor-version":[{"id":2207,"href":"https:\/\/healthtourismcenterturkey.com\/de\/wp-json\/wp\/v2\/pages\/948\/revisions\/2207"}],"up":[{"embeddable":true,"href":"https:\/\/healthtourismcenterturkey.com\/de\/wp-json\/wp\/v2\/pages\/938"}],"wp:attachment":[{"href":"https:\/\/healthtourismcenterturkey.com\/de\/wp-json\/wp\/v2\/media?parent=948"}],"curies":[{"name":"wp","href":"https:\/\/api.w.org\/{rel}","templated":true}]}}