{"id":943,"date":"2020-07-30T14:52:57","date_gmt":"2020-07-30T14:52:57","guid":{"rendered":"http:\/\/healthtourismcenterturkey.com\/?page_id=943"},"modified":"2022-03-24T19:37:12","modified_gmt":"2022-03-24T19:37:12","slug":"bacak-estetigi","status":"publish","type":"page","link":"https:\/\/healthtourismcenterturkey.com\/de\/plastik-cerrahi\/vucut-estetigi\/bacak-estetigi\/","title":{"rendered":"Bein\u00e4sthetik"},"content":{"rendered":"<h1 class=\"vc_custom_heading font-weight-bold letter-spacing-1 vc_custom_1545738576795\">Warum werden Bein\u00e4sthetik-Operationen durchgef\u00fchrt?<\/h1>\n<p class=\"vc_custom_heading vc_custom_1545738599619\"><span style=\"font-size: 14pt;\">Die Beine geh\u00f6ren zu den am meisten betonten K\u00f6rperbereichen. Daher ist das Aussehen der Beine f\u00fcr Frauen ein sehr wichtiges Thema. Im Laufe der Zeit k\u00f6nnen in der Beinumgebung aus \u00e4sthetischer Sicht verschiedene Probleme auftreten. Besonders h\u00e4ngen und Fettansammlungen geh\u00f6ren zu den gr\u00f6\u00dften dieser Probleme. Diese Situation kann nicht allein durch sportliche Aktivit\u00e4ten behoben werden. Um dieses Problem zu beseitigen, ist die beste Methode die Bein\u00e4sthetik. Die Bein\u00e4sthetik ist ein schneller und effektiver Weg, um straffere und \u00e4sthetischere Beine zu erhalten.<\/span><\/p>\n<div class=\"wpb_single_image wpb_content_element vc_align_left vc_custom_1545738736151\">\n<figure class=\"wpb_wrapper vc_figure\">\n<div class=\"vc_single_image-wrapper vc_box_border_grey\"><img loading=\"lazy\" decoding=\"async\" class=\"alignnone size-full wp-image-2211\" src=\"https:\/\/healthtourismcenterturkey.com\/wp-content\/uploads\/2022\/03\/bacak_estetigi-1024x768-1.jpg\" alt=\"\" width=\"1024\" height=\"768\" srcset=\"https:\/\/healthtourismcenterturkey.com\/wp-content\/uploads\/2022\/03\/bacak_estetigi-1024x768-1.jpg 1024w, https:\/\/healthtourismcenterturkey.com\/wp-content\/uploads\/2022\/03\/bacak_estetigi-1024x768-1-300x225.jpg 300w, https:\/\/healthtourismcenterturkey.com\/wp-content\/uploads\/2022\/03\/bacak_estetigi-1024x768-1-768x576.jpg 768w\" sizes=\"(max-width: 1024px) 100vw, 1024px\" \/><\/div>\n<\/figure>\n<\/div>\n<h1 class=\"vc_custom_heading font-weight-bold letter-spacing-1 vc_custom_1545738822138\">Fettinjektion zur Bein\u00e4sthetik<\/h1>\n<p class=\"vc_custom_heading vc_custom_1545738791370\"><span style=\"font-size: 14pt;\">Die Bein\u00e4sthetik wird heute auf zwei verschiedene Weisen durchgef\u00fchrt. Je nach der Struktur der Beine der Personen kann zwischen diesen beiden Methoden entschieden werden. Die erste Methode ist die Fettinjektion, eine der am h\u00e4ufigsten verwendeten Optionen. Es handelt sich um eine Anwendung, die einen nat\u00fcrlichen und schnellen Prozess umfasst. Da Fett im Grunde in nahezu jedem Bereich des K\u00f6rpers vorhanden ist, kann es \u00fcbertragen werden. Nach dem \u00dcbertragungsprozess wird es m\u00f6glich sein, ges\u00fcndere und \u00e4sthetischere Beine zu haben.<\/span><\/p>\n<div class=\"rt-separator element-one\" data-separator-width=\"100%\" data-separator-color=\"#000000\" data-separator-background=\"#ffffff\" data-separator-direction=\"center\">\n<div class=\"block\">\n<div class=\"gap\"><\/div>\n<div class=\"bar\"><\/div>\n<\/div>\n<\/div>\n<div class=\"vc_row wpb_row vc_inner vc_row-fluid vc_custom_1545478509233\">\n<div class=\"wpb_column vc_column_container vc_col-sm-12 vc_col-has-fill\">\n<div class=\"vc_column-inner vc_custom_1545478117371\">\n<div class=\"wpb_wrapper\">\n<h1 class=\"vc_custom_heading vc_custom_1545738887283\">Silikon f\u00fcr die Bein\u00e4sthetik<\/h1>\n<p class=\"vc_custom_heading vc_custom_1545738897607\"><span style=\"font-size: 14pt;\">Beinsilikone werden aus speziell f\u00fcr die Bein\u00e4sthetik vorbereiteten Silikonen hergestellt. Diese Silikone k\u00f6nnen mit allgemeiner oder lokaler An\u00e4sthesie in die Beine eingesetzt werden. So wird die Operation so schmerzfrei und schnell wie m\u00f6glich abgeschlossen. Die Qualit\u00e4t und Konsistenz der Silikone sind von gro\u00dfer Bedeutung, da sie das Ergebnis der Operation direkt beeinflussen.<\/span><\/p>\n<\/div>\n<\/div>\n<\/div>\n<\/div>\n<div class=\"rt-separator element-one\" data-separator-width=\"100%\" data-separator-color=\"#000000\" data-separator-background=\"#ffffff\" data-separator-direction=\"center\">\n<div class=\"block\">\n<div class=\"gap\"><\/div>\n<div class=\"bar\"><\/div>\n<\/div>\n<\/div>\n<p>&nbsp;<\/p>\n<h1 class=\"vc_custom_heading font-weight-semibold vc_custom_1545738916016\">Nach der Bein\u00e4sthetik<\/h1>\n<p class=\"vc_custom_heading vc_custom_1545738935785\"><span style=\"font-size: 14pt;\">Die Bein\u00e4sthetik hat sich auch nach der Anwendung als angenehm f\u00fcr die Patienten erwiesen. Die Patienten k\u00f6nnen nach diesem Eingriff ihren t\u00e4glichen Aktivit\u00e4ten nachgehen. Entlassene Patienten k\u00f6nnen am Tag nach ihrer Entlassung duschen. Um die Erholung in den ersten drei Wochen zu unterst\u00fctzen, wird den Patienten geraten, eine enge Strumpfhose zu tragen. Die Wahl der Bockorsetts oder -str\u00fcmpfe ist ebenfalls wichtig, um Schwellungen zu vermeiden und sicherzustellen, dass sich das Silikon vollst\u00e4ndig an den K\u00f6rper anpasst. Nach der Fettformung k\u00f6nnen im K\u00f6rper kleine Bluterg\u00fcsse auftreten. Diese verschwinden jedoch in kurzer Zeit. Am Ende der dreiw\u00f6chigen Phase sind auch diese Bluterg\u00fcsse verschwunden und der Patient hat vollst\u00e4ndig zu seiner fr\u00fcheren Gesundheit zur\u00fcckgekehrt.<\/span><\/p>\n<p>&nbsp;<\/p>","protected":false},"excerpt":{"rendered":"<p>Bacak Esteti\u011fi Operasyonlar\u0131 Neden Yap\u0131l\u0131r? Bacaklar v\u00fccutta en \u00e7ok \u00f6n plana \u00e7\u0131kan b\u00f6lgelerden biridir. Bu nedenle bacaklar\u0131n g\u00f6r\u00fcnt\u00fcs\u00fc kad\u0131nlar i\u00e7in \u00e7ok \u00f6nemli bir konudur. Zamana ba\u011fl\u0131 olarak bacaklarda estetik a\u00e7\u0131dan baz\u0131 sorunlar ortaya \u00e7\u0131kabilir. \u00d6zellikle sarkmalar ve ya\u011flanmalar bu sorunun en b\u00fcy\u00fckleri aras\u0131ndad\u0131r. Bu durum spor aktiviteleri ile ortadan kald\u0131r\u0131lacak bir durum de\u011fildir. Bu durumu [&hellip;]<\/p>","protected":false},"author":2,"featured_media":0,"parent":938,"menu_order":0,"comment_status":"closed","ping_status":"closed","template":"","meta":{"footnotes":""},"class_list":["post-943","page","type-page","status-publish","hentry"],"acf":[],"_links":{"self":[{"href":"https:\/\/healthtourismcenterturkey.com\/de\/wp-json\/wp\/v2\/pages\/943"}],"collection":[{"href":"https:\/\/healthtourismcenterturkey.com\/de\/wp-json\/wp\/v2\/pages"}],"about":[{"href":"https:\/\/healthtourismcenterturkey.com\/de\/wp-json\/wp\/v2\/types\/page"}],"author":[{"embeddable":true,"href":"https:\/\/healthtourismcenterturkey.com\/de\/wp-json\/wp\/v2\/users\/2"}],"replies":[{"embeddable":true,"href":"https:\/\/healthtourismcenterturkey.com\/de\/wp-json\/wp\/v2\/comments?post=943"}],"version-history":[{"count":7,"href":"https:\/\/healthtourismcenterturkey.com\/de\/wp-json\/wp\/v2\/pages\/943\/revisions"}],"predecessor-version":[{"id":2212,"href":"https:\/\/healthtourismcenterturkey.com\/de\/wp-json\/wp\/v2\/pages\/943\/revisions\/2212"}],"up":[{"embeddable":true,"href":"https:\/\/healthtourismcenterturkey.com\/de\/wp-json\/wp\/v2\/pages\/938"}],"wp:attachment":[{"href":"https:\/\/healthtourismcenterturkey.com\/de\/wp-json\/wp\/v2\/media?parent=943"}],"curies":[{"name":"wp","href":"https:\/\/api.w.org\/{rel}","templated":true}]}}