{"id":940,"date":"2020-07-30T14:52:19","date_gmt":"2020-07-30T14:52:19","guid":{"rendered":"http:\/\/healthtourismcenterturkey.com\/?page_id=940"},"modified":"2022-03-24T19:33:03","modified_gmt":"2022-03-24T19:33:03","slug":"popo-estetigi","status":"publish","type":"page","link":"https:\/\/healthtourismcenterturkey.com\/de\/plastik-cerrahi\/vucut-estetigi\/popo-estetigi\/","title":{"rendered":"\u00c4sthetische Ges\u00e4\u00dfoperation"},"content":{"rendered":"<h1 class=\"vc_custom_heading font-weight-bold letter-spacing-1 vc_custom_1545736621511\">\u00dcber \u00e4sthetische Ges\u00e4\u00dfoperationen<\/h1>\n<p class=\"vc_custom_heading vc_custom_1545736627175\"><span style=\"font-size: 14pt;\">Der Traum jeder Frau ist es, \u00e4sthetische H\u00fcften zu haben. Nat\u00fcrlich kann es in einigen F\u00e4llen aufgrund bestimmter Probleme schwierig sein, diesen Traum zu verwirklichen. In solchen F\u00e4llen r\u00fcckt die Ges\u00e4\u00dfstraffungsoperation in den Vordergrund. Mit diesem Eingriff, der Ihnen die schnellsten und unkompliziertesten Ergebnisse liefert, k\u00f6nnen Sie auf einfache und komfortable Weise straffe H\u00fcften erhalten.<\/span><\/p>\n<div class=\"wpb_single_image wpb_content_element vc_align_left vc_custom_1545736741286\">\n<figure class=\"wpb_wrapper vc_figure\">\n<div class=\"vc_single_image-wrapper vc_box_border_grey\"><img loading=\"lazy\" decoding=\"async\" class=\"alignnone size-full wp-image-2208\" src=\"https:\/\/healthtourismcenterturkey.com\/wp-content\/uploads\/2022\/03\/brezxilya.png\" alt=\"\" width=\"730\" height=\"550\" srcset=\"https:\/\/healthtourismcenterturkey.com\/wp-content\/uploads\/2022\/03\/brezxilya.png 730w, https:\/\/healthtourismcenterturkey.com\/wp-content\/uploads\/2022\/03\/brezxilya-300x226.png 300w\" sizes=\"(max-width: 730px) 100vw, 730px\" \/><\/div>\n<\/figure>\n<\/div>\n<p class=\"vc_custom_heading vc_custom_1545736640191\"><span style=\"font-size: 14pt;\">Die Ges\u00e4\u00dfstraffungsoperation wird heutzutage mit verschiedenen Techniken durchgef\u00fchrt. Je nach der individuellen Anatomie kann eine der Techniken ausgew\u00e4hlt werden. Es ist wichtig zu erw\u00e4hnen, dass die Ges\u00e4\u00dfstraffungsoperation in der Regel etwa 2-3 Stunden dauert. In Verbindung mit einem Implantat wird dieser Eingriff durchgef\u00fchrt, um den H\u00fcften ein nat\u00fcrliches Aussehen zu verleihen. Mit diesem Verfahren ist es m\u00f6glich, das h\u00e4ngende und abgesunkene Erscheinungsbild vollst\u00e4ndig loszuwerden.<\/span><\/p>\n<div class=\"vc_row wpb_row vc_inner vc_row-fluid vc_custom_1545478509233\">\n<div class=\"wpb_column vc_column_container vc_col-sm-12 vc_col-has-fill\">\n<div class=\"vc_column-inner vc_custom_1545478117371\">\n<div class=\"wpb_wrapper\">\n<h1 class=\"vc_custom_heading vc_custom_1545736928090\">Wer sollte eine Ges\u00e4\u00dfstraffungsoperation in Betracht ziehen?<\/h1>\n<p class=\"vc_custom_heading vc_custom_1545736783146\"><span style=\"font-size: 14pt;\">\u2022 Frauen mit einem schwachen und h\u00e4ngenden Ges\u00e4\u00df m\u00f6chten besonders eine definiertere K\u00f6rperkontur haben. In diesem Fall ist es vorteilhaft, von dieser Art von Operation zu profitieren. D\u00fcnne Personen k\u00f6nnen mit der Silikonmethode dieses Erscheinungsbild erreichen, wodurch die H\u00fcften formsch\u00f6ner und harmonischer zum K\u00f6rper gestaltet werden.<\/span><br \/>\n<span style=\"font-size: 14pt;\">\u2022 Menschen, die Gewicht verlieren und zunehmen, zeigen h\u00e4ufig Deformationen in ihrem K\u00f6rper. Besonders betroffen sind h\u00e4ufig die H\u00fcften. Um die H\u00e4ngungen an den H\u00fcften zu beseitigen, liefert die Ges\u00e4\u00dfstraffung gute Ergebnisse. Auf diese Weise wird das unerw\u00fcnschte Erscheinungsbild, das durch schnelles Gewichtsschwanken entstanden ist, vollst\u00e4ndig korrigiert.<\/span><br \/>\n<span style=\"font-size: 14pt;\">\u2022 Bei einigen Frauen ist der Ges\u00e4\u00dfbereich im Verh\u00e4ltnis zum restlichen K\u00f6rper unproportional. Ein zu gro\u00dfer oder zu kleiner Ges\u00e4\u00dfbereich kann das Gesamtbild negativ beeinflussen. F\u00fcr Personen mit diesem Problem ist die Ges\u00e4\u00df\u00e4sthetik-Operation daher geeignet.<\/span><\/p>\n<\/div>\n<\/div>\n<\/div>\n<\/div>\n<p>&nbsp;<\/p>\n<h1 class=\"vc_custom_heading font-weight-semibold vc_custom_1545736839808\">Nach der Ges\u00e4\u00dfstraffungsoperation<\/h1>\n<p class=\"vc_custom_heading vc_custom_1545736849524\"><span style=\"font-size: 14pt;\">Nach der Ges\u00e4\u00dfstraffungsoperation muss der Patient einige Schritte befolgen. Wenn diese beachtet werden, wird der Heilungsprozess schneller und reibungsloser verlaufen. W\u00e4hrend eines Zeitraums von 2 Wochen ist das Tragen eines Mieders erforderlich. Nachdem das Mieder regelm\u00e4\u00dfig getragen wurde, wird die R\u00fcckkehr des Patienten in den normalen Alltag etwa 3-5 Tage in Anspruch nehmen. Nach diesem Zeitraum gibt es keine Probleme, die t\u00e4glichen Aktivit\u00e4ten fortzusetzen. Die Schnitte dieser Operation, die mit minimalen Narben durchgef\u00fchrt werden, sind in der Regel nicht sichtbar.<\/span><\/p>\n<p>&nbsp;<\/p>","protected":false},"excerpt":{"rendered":"<p>Popo Esteti\u011fi Hakk\u0131nda Her kad\u0131n\u0131n hayali estetik kal\u00e7alara sahip olmakt\u0131r. Tabi bu hayalin baz\u0131 sorunlardan dolay\u0131 ger\u00e7e\u011fe d\u00f6nd\u00fcr\u00fclmesi m\u00fcmk\u00fcn olmayabilir. \u0130\u015fte bu durumlarda popo dikle\u015ftirme ameliyat\u0131 \u00f6n plana \u00e7\u0131kar. En h\u0131zl\u0131 ve sorunsuz sonu\u00e7lar\u0131 alman\u0131za neden olan bu ameliyat sayesinde, basit ve rahat ad\u0131mlarla dik kal\u00e7alara sahip olursunuz. Popo dikle\u015ftirme ameliyat\u0131 g\u00fcn\u00fcm\u00fczde farkl\u0131 teknikler ile [&hellip;]<\/p>","protected":false},"author":2,"featured_media":0,"parent":938,"menu_order":0,"comment_status":"closed","ping_status":"closed","template":"","meta":{"footnotes":""},"class_list":["post-940","page","type-page","status-publish","hentry"],"acf":[],"_links":{"self":[{"href":"https:\/\/healthtourismcenterturkey.com\/de\/wp-json\/wp\/v2\/pages\/940"}],"collection":[{"href":"https:\/\/healthtourismcenterturkey.com\/de\/wp-json\/wp\/v2\/pages"}],"about":[{"href":"https:\/\/healthtourismcenterturkey.com\/de\/wp-json\/wp\/v2\/types\/page"}],"author":[{"embeddable":true,"href":"https:\/\/healthtourismcenterturkey.com\/de\/wp-json\/wp\/v2\/users\/2"}],"replies":[{"embeddable":true,"href":"https:\/\/healthtourismcenterturkey.com\/de\/wp-json\/wp\/v2\/comments?post=940"}],"version-history":[{"count":8,"href":"https:\/\/healthtourismcenterturkey.com\/de\/wp-json\/wp\/v2\/pages\/940\/revisions"}],"predecessor-version":[{"id":2209,"href":"https:\/\/healthtourismcenterturkey.com\/de\/wp-json\/wp\/v2\/pages\/940\/revisions\/2209"}],"up":[{"embeddable":true,"href":"https:\/\/healthtourismcenterturkey.com\/de\/wp-json\/wp\/v2\/pages\/938"}],"wp:attachment":[{"href":"https:\/\/healthtourismcenterturkey.com\/de\/wp-json\/wp\/v2\/media?parent=940"}],"curies":[{"name":"wp","href":"https:\/\/api.w.org\/{rel}","templated":true}]}}