{"id":936,"date":"2020-07-30T14:50:46","date_gmt":"2020-07-30T14:50:46","guid":{"rendered":"http:\/\/healthtourismcenterturkey.com\/?page_id=936"},"modified":"2022-03-24T18:13:10","modified_gmt":"2022-03-24T18:13:10","slug":"kulak-estetigi","status":"publish","type":"page","link":"https:\/\/healthtourismcenterturkey.com\/de\/plastik-cerrahi\/yuz-estetigi\/kulak-estetigi\/","title":{"rendered":"Ohr\u00e4sthetik"},"content":{"rendered":"<h1 class=\"vc_custom_heading font-weight-bold letter-spacing-1 vc_custom_1545673176370\">Die Beziehung zwischen \u00e4sthetischem Aussehen und Ohrenanomalien<\/h1>\n<p class=\"vc_custom_heading vc_custom_1545673190323\"><span style=\"font-size: 14pt;\">Das \u00e4sthetische Erscheinungsbild ist f\u00fcr viele Menschen ein wichtiges und wertvolles Thema. Menschen m\u00f6chten nicht nur gesund sein, sondern auch ein ansprechendes und sch\u00f6nes Erscheinungsbild haben. Daher ist es f\u00fcr viele notwendig, dass das \u00e4u\u00dfere Erscheinungsbild an den entsprechenden Stellen die n\u00f6tigen Eingriffe erh\u00e4lt. Beispielsweise stellt die Beseitigung eines Problems im Gesicht, das Entfernen eines sichtbaren Makels oder die Korrektur un\u00e4sthetischer Merkmale eines K\u00f6rperteils Beispiele f\u00fcr solche Situationen dar. An diesem Punkt spielt die Struktur der Ohren eine \u00e4u\u00dferst wichtige Rolle. Denn Schwierigkeiten mit den Ohren k\u00f6nnen eine unangenehme Situation sein, und wenn eine St\u00f6rung vorliegt, sollte diese behoben werden. Die Ohrenanomalie, auch als \"stehempfindliche Ohren\" bekannt, kann ebenfalls zu diesen Problemen geh\u00f6ren.<\/span><\/p>\n<div class=\"wpb_single_image wpb_content_element vc_align_left vc_custom_1545673325228\">\n<figure class=\"wpb_wrapper vc_figure\">\n<div class=\"vc_single_image-wrapper vc_box_border_grey\"><img loading=\"lazy\" decoding=\"async\" class=\"alignnone size-full wp-image-2147\" src=\"https:\/\/healthtourismcenterturkey.com\/wp-content\/uploads\/2022\/03\/kepce-kulak.png\" alt=\"\" width=\"900\" height=\"400\" srcset=\"https:\/\/healthtourismcenterturkey.com\/wp-content\/uploads\/2022\/03\/kepce-kulak.png 900w, https:\/\/healthtourismcenterturkey.com\/wp-content\/uploads\/2022\/03\/kepce-kulak-300x133.png 300w, https:\/\/healthtourismcenterturkey.com\/wp-content\/uploads\/2022\/03\/kepce-kulak-768x341.png 768w\" sizes=\"(max-width: 900px) 100vw, 900px\" \/><\/div>\n<\/figure>\n<\/div>\n<h1 class=\"vc_custom_heading font-weight-bold letter-spacing-1 vc_custom_1545673205648\">Was ist das Problem mit abstehenden Ohren?<\/h1>\n<p class=\"vc_custom_heading vc_custom_1545673219766\"><span style=\"font-size: 14pt;\">Es ist eigentlich nicht ganz richtig, diese Situation direkt als Problem zu bezeichnen. Denn die Bezeichnung des betreffenden Aussehens als Problem h\u00e4ngt damit zusammen, ob sich die Person selbst gef\u00e4llt oder nicht. Wenn die Person jedoch mit diesem Aussehen unzufrieden ist, kann eine Otoplastik mit grundlegenden Anpassungen und Eingriffen durchgef\u00fchrt werden. Dabei ist es wichtig, dass der Chirurg eine korrekte Einsch\u00e4tzung vornimmt, die Eingriffe grob skizziert und alle Details mit dem Patienten teilt. Auf diese Weise wird die L\u00f6sung aller Probleme einfacher, und da die Beziehung zwischen Patient und Arzt stark bleibt, entsteht ein gegenseitiges Vertrauensverh\u00e4ltnis.<\/span><\/p>\n<div class=\"rt-separator element-one\" data-separator-width=\"100%\" data-separator-color=\"#000000\" data-separator-background=\"#ffffff\" data-separator-direction=\"center\">\n<div class=\"block\">\n<div class=\"gap\"><\/div>\n<div class=\"bar\"><\/div>\n<\/div>\n<\/div>\n<p>&nbsp;<\/p>\n<h1 class=\"vc_custom_heading font-weight-semibold vc_custom_1545673342702\">Die \"abstehende\" Form des Ohrs<\/h1>\n<p class=\"vc_custom_heading vc_custom_1545673353309\"><span style=\"font-size: 14pt;\">Das Problem der abstehenden Ohren tritt haupts\u00e4chlich auf, wenn die Ohren eine nach au\u00dfen gerichtete und volumin\u00f6se Struktur aufweisen. Bei dieser Art von Ohren wird die Formver\u00e4nderung erreicht, indem sie nach hinten angelegt werden. Bei diesen Operationen ist es wichtig, dass der Arzt einen gegenseitigen Austausch von Ideen mit dem Patienten durchf\u00fchrt und schlie\u00dflich die erforderlichen Eingriffe einleitet. Das Zur\u00fcckziehen der Ohren in die hintere Position und das Erreichen des gew\u00fcnschten \u00e4sthetischen Erscheinungsbildes durch einen erfolgreichen chirurgischen Eingriff sind dabei von gro\u00dfer Bedeutung.<\/span><\/p>\n<p>&nbsp;<\/p>\n<h1 class=\"vc_custom_heading font-weight-semibold vc_custom_1545673392887\">Geeignetes Altersniveau f\u00fcr die Otoplastik<\/h1>\n<p class=\"vc_custom_heading vc_custom_1545673409208\"><span style=\"font-size: 14pt;\">Die Ohrform der Menschen ist bis zum 6. Lebensjahr vollst\u00e4ndig entwickelt. Daher sind fr\u00fchzeitige Operationen, insbesondere im Vorschulalter, in diesem Zusammenhang von Bedeutung. Dar\u00fcber hinaus sorgt eine fr\u00fchere Operation daf\u00fcr, dass das Kind w\u00e4hrend der Schulzeit psychologisch entspannter ist. Wenn in diesem Alter keine Operation durchgef\u00fchrt wurde, k\u00f6nnen diese Eingriffe auch in sp\u00e4teren Jahren ohne Einschr\u00e4nkung oder Begrenzung erfolgen.<\/span><\/p>\n<div class=\"vc_row wpb_row vc_inner vc_row-fluid vc_custom_1545478509233\">\n<div class=\"wpb_column vc_column_container vc_col-sm-12 vc_col-has-fill\">\n<div class=\"vc_column-inner vc_custom_1545478117371\">\n<div class=\"wpb_wrapper\">\n<p>&nbsp;<\/p>\n<h1 class=\"vc_custom_heading vc_custom_1545673660232\">Vorbereitungszeit vor der Operation<\/h1>\n<p class=\"vc_custom_heading vc_custom_1545673441291\"><span style=\"font-size: 14pt;\">Eine Woche vor der Operation d\u00fcrfen keine Aspirin oder \u00e4hnliche Medikamente eingenommen werden. Lebenswichtige Medikamente, die regelm\u00e4\u00dfig eingenommen werden, k\u00f6nnen jedoch in Absprache mit dem Arzt weiterhin genommen oder in bestimmten Abst\u00e4nden eingenommen werden. Der Arzt kann entscheiden, diese Medikamente abzusetzen.<\/span><\/p>\n<p class=\"vc_custom_heading vc_custom_1545673455050\"><span style=\"font-size: 14pt;\">Obwohl es keine strikte Pflicht ist, wird empfohlen, sowohl vor als auch nach der Operation eine Zeit lang nicht zu rauchen. Dadurch wird ein reibungsloserer und angenehmerer Operationsverlauf gew\u00e4hrleistet.<\/span><\/p>\n<p class=\"vc_custom_heading vc_custom_1545673467834\"><span style=\"font-size: 14pt;\">Es sollte darauf geachtet werden, dass zur Operation bequeme Kleidung getragen wird, kein Schmuck angelegt und keine Gels oder andere Produkte aufgetragen werden, die den Eingriff behindern k\u00f6nnten.<\/span><\/p>\n<p class=\"vc_custom_heading vc_custom_1545673482387\"><span style=\"font-size: 14pt;\">Der Patient sollte mindestens eine Stunde vor der Operation im Krankenhaus sein, um einen vorbereiteten und sicheren Prozess zu gew\u00e4hrleisten.<\/span><\/p>\n<\/div>\n<\/div>\n<\/div>\n<\/div>\n<p class=\"vc_custom_heading vc_custom_1545749689292\"><span style=\"font-size: 14pt;\">Jeder, der mit seinem Arzt sprechen m\u00f6chte, sollte seine Beschwerden bez\u00fcglich der abstehenden Ohren und die Erwartungen nach der Operation schildern. Zudem sollten Fotos des Ohrs aus sechs verschiedenen Perspektiven gemacht werden, um das Problem genau zu identifizieren. Anschlie\u00dfend werden Prognosen und Zeichnungen dar\u00fcber pr\u00e4sentiert, wie die Ohren nach der Operation aussehen werden. Diese Bilder k\u00f6nnen sogar am Computer angepasst werden, um wie ein echtes Foto auszusehen. Nach gegenseitiger Zustimmung wird der Operationsprozess eingeleitet und alle notwendigen Vorbereitungen getroffen.<\/span><\/p>\n<div class=\"rt-separator element-one\" data-separator-width=\"100%\" data-separator-color=\"#000000\" data-separator-background=\"#ffffff\" data-separator-direction=\"center\">\n<div class=\"block\">\n<div class=\"gap\"><\/div>\n<div class=\"bar\"><\/div>\n<\/div>\n<\/div>\n<p>&nbsp;<\/p>\n<h1 class=\"vc_custom_heading font-weight-semibold vc_custom_1545673514149\">Technische Details zur \u00e4sthetischen Ohr-Operation<\/h1>\n<p class=\"vc_custom_heading vc_custom_1545673524357\"><span style=\"font-size: 14pt;\">Einige Details zu diesem Eingriff sollten sowohl vor der Operation bekannt sein als auch die Anwendungen sollten in diesem Rahmen gestaltet werden:<\/span><\/p>\n<p class=\"vc_custom_heading vc_custom_1545673538148\"><span style=\"font-size: 14pt;\">\u2022 An sichtbaren Stellen des Ohrs sind keine Operationsnarben, Schnitte oder N\u00e4hte vorhanden.<\/span><br \/>\n<span style=\"font-size: 14pt;\">\u2022 Es wird lediglich ein vertikaler Schnitt von etwa 3 cm an der R\u00fcckseite des Ohrs angelegt, und die Operation wird von dort aus durchgef\u00fchrt.<\/span><br \/>\n<span style=\"font-size: 14pt;\">\u2022 Dem Knorpel wird die gew\u00fcnschte Form gegeben, die entworfen wurde, und diese Form wird dann mit dauerhaften N\u00e4hten fixiert.<\/span><br \/>\n<span style=\"font-size: 14pt;\">\u2022 Die Ohrhaut wird mit aufl\u00f6sbaren N\u00e4hten gen\u00e4ht, und dieser Bereich wird anschlie\u00dfend mit einem Verband versehen.<\/span><br \/>\n<span style=\"font-size: 14pt;\">\u2022 Der Eingriff dauert in der Regel zwischen 30 Minuten und 2 Stunden (Details wie Art, Intensit\u00e4t und Anzahl der durchgef\u00fchrten Verfahren beeinflussen die Dauer).<\/span><br \/>\n<span style=\"font-size: 14pt;\">\u2022 Die Operation kann unter Vollnarkose durchgef\u00fchrt werden, kann aber je nach Zustand des Patienten und Entscheidung des Arztes auch unter Lokalan\u00e4sthesie erfolgen.<\/span><br \/>\n<span style=\"font-size: 14pt;\">\u2022 Der Patient kann direkt nach der Operation nach Hause gehen.<\/span><\/p>\n<div class=\"rt-separator element-one\" data-separator-width=\"100%\" data-separator-color=\"#000000\" data-separator-background=\"#ffffff\" data-separator-direction=\"center\">\n<div class=\"block\">\n<div class=\"gap\"><\/div>\n<div class=\"bar\"><\/div>\n<\/div>\n<\/div>\n<p>&nbsp;<\/p>\n<h1 class=\"vc_custom_heading font-weight-semibold vc_custom_1545673552948\">Die postoperative Phase nach der Otoplastik<\/h1>\n<p class=\"vc_custom_heading vc_custom_1545673569321\"><span style=\"font-size: 14pt;\">Dar\u00fcber hinaus ist die Pflege der Ohren des Patienten nach der Operation von gro\u00dfer Bedeutung. Jeder Patient sollte die Anweisungen seines Arztes bez\u00fcglich der Pflege befolgen und nach der Operation regelm\u00e4\u00dfige Kontrollen durchf\u00fchren lassen. Deshalb ist der Dialog zwischen Patient und Arzt bei \u00e4sthetischen Eingriffen von gro\u00dfer Wichtigkeit. Besonders in F\u00e4llen, die das \u00e4u\u00dfere Erscheinungsbild direkt beeinflussen, sollte jeder Patient seinen Teil beitragen.<\/span><\/p>\n<div class=\"rt-separator element-one\" data-separator-width=\"100%\" data-separator-color=\"#000000\" data-separator-background=\"#ffffff\" data-separator-direction=\"center\">\n<div class=\"block\">\n<div class=\"gap\"><\/div>\n<div class=\"bar\"><\/div>\n<\/div>\n<\/div>\n<p>&nbsp;<\/p>\n<h1 class=\"vc_custom_heading font-weight-semibold vc_custom_1545673601226\">Otoplastik und erfolgreiche Ergebnisse<\/h1>\n<p class=\"vc_custom_heading vc_custom_1545673610401\"><span style=\"font-size: 14pt;\">Andererseits f\u00fchrt die Durchf\u00fchrung von Arbeiten im Bereich der Otoplastik oft zu Ergebnissen, die zu einer Steigerung des Selbstbewusstseins bei den Betroffenen f\u00fchren. Denn das \u00e4u\u00dfere Erscheinungsbild hat einen gro\u00dfen Einfluss auf das soziale Leben und das Selbstbewusstsein einer Person. Daher erleichtert die Erreichung eines sch\u00f6nen und ansprechenden Aussehens die L\u00f6sung des Problems der abstehenden Ohren, was zu gl\u00fccklicheren, friedlicheren und selbstbewussteren Pers\u00f6nlichkeiten f\u00fchrt. Jeder, der m\u00f6chte, kann sich in diesem Bereich an Fach\u00e4rzte wenden.<\/span><\/p>\n<p>&nbsp;<\/p>","protected":false},"excerpt":{"rendered":"<p>Estetik ve Kep\u00e7e Kulak Sorununun \u0130li\u015fkisi Estetik g\u00f6r\u00fcn\u00fcm herkes a\u00e7\u0131s\u0131ndan \u00f6nemli ve de\u011ferli bir konudur. \u0130nsanlar sa\u011fl\u0131kl\u0131 olmak istedikleri kadar g\u00f6r\u00fcnt\u00fc olarak da iyi ve ho\u015f bir duru\u015fa sahip olmak isterler. Bu nedenle de pek \u00e7ok kimse a\u00e7\u0131s\u0131ndan d\u0131\u015f g\u00f6r\u00fcn\u00fc\u015f\u00fcn gerekli yerlerde gereken m\u00fcdahaleleri almas\u0131 \u015fartt\u0131r. \u00d6rne\u011fin y\u00fczde yer alan bir s\u0131k\u0131nt\u0131n\u0131n giderilmesi, do\u011frudan g\u00f6r\u00fcnen [&hellip;]<\/p>","protected":false},"author":2,"featured_media":0,"parent":926,"menu_order":0,"comment_status":"closed","ping_status":"closed","template":"","meta":{"footnotes":""},"class_list":["post-936","page","type-page","status-publish","hentry"],"acf":[],"_links":{"self":[{"href":"https:\/\/healthtourismcenterturkey.com\/de\/wp-json\/wp\/v2\/pages\/936"}],"collection":[{"href":"https:\/\/healthtourismcenterturkey.com\/de\/wp-json\/wp\/v2\/pages"}],"about":[{"href":"https:\/\/healthtourismcenterturkey.com\/de\/wp-json\/wp\/v2\/types\/page"}],"author":[{"embeddable":true,"href":"https:\/\/healthtourismcenterturkey.com\/de\/wp-json\/wp\/v2\/users\/2"}],"replies":[{"embeddable":true,"href":"https:\/\/healthtourismcenterturkey.com\/de\/wp-json\/wp\/v2\/comments?post=936"}],"version-history":[{"count":21,"href":"https:\/\/healthtourismcenterturkey.com\/de\/wp-json\/wp\/v2\/pages\/936\/revisions"}],"predecessor-version":[{"id":2148,"href":"https:\/\/healthtourismcenterturkey.com\/de\/wp-json\/wp\/v2\/pages\/936\/revisions\/2148"}],"up":[{"embeddable":true,"href":"https:\/\/healthtourismcenterturkey.com\/de\/wp-json\/wp\/v2\/pages\/926"}],"wp:attachment":[{"href":"https:\/\/healthtourismcenterturkey.com\/de\/wp-json\/wp\/v2\/media?parent=936"}],"curies":[{"name":"wp","href":"https:\/\/api.w.org\/{rel}","templated":true}]}}